{"id":5822,"date":"2024-12-27T20:13:58","date_gmt":"2024-12-27T18:13:58","guid":{"rendered":"https:\/\/talkingtochatbots.com\/bing\/technology-and-ai\/who-are-the-current-most-followed-accounts-on-x-formerly-twitter\/"},"modified":"2024-12-30T11:55:32","modified_gmt":"2024-12-30T09:55:32","slug":"who-are-the-current-most-followed-accounts-on-x-formerly-twitter","status":"publish","type":"page","link":"https:\/\/talkingtochatbots.com\/es\/bing\/technology-and-ai\/who-are-the-current-most-followed-accounts-on-x-formerly-twitter\/","title":{"rendered":"\u00bfCu\u00e1les son las cuentas m\u00e1s seguidas actualmente en X (antes Twitter)?"},"content":{"rendered":"\r\n<div id=\"output\" style=\"margin-top:20px; padding:10px; border:1px solid #ccc; background:#e4e4e4;\">\r\n    Loading data from <a href=\"https:\/\/huggingface.co\/datasets\/reddgr\/talking-to-chatbots-chats\" target=\"_blank\" rel=\"noopener\" title=\"\">reddgr\/talking-to-chatbots-chats<\/a> &#8230;\r\n<\/div>\r\n\r\n<script>\r\n    document.addEventListener(\"DOMContentLoaded\", () => {\r\n        const args = {\r\n            dataset: \"reddgr\/talking-to-chatbots-chats\",\r\n            config: \"default\",\r\n            split: \"train\",\r\n            conversation_id: \"a2960fe2-fddb-43dc-9932-21c89b691c2f\",\r\n            offset: 0,\r\n            length: 1\r\n        };\r\n        window.apiCallArgs = args;\r\n    });\r\n<\/script>\r\n\r\n<script src=\"\/wp-content\/uploads\/js\/chat_header_v04.js\"><\/script>\r\n\r\n\r\n\r\n<hr class=\"wp-block-separator has-alpha-channel-opacity\"\/>\r\n\r\n\ud83d\ude0e Who are the current X (former Twitter) accounts with more followers?\r\n<blockquote>\ud83e\udd16 According to the web search results, the current X (former Twitter) accounts with the most followers are:<br><br>\u2022  Elon Musk (@elonmusk), the business magnate and owner of X, with over 151 million followers <a href=\"https:\/\/en.wikipedia.org\" target=\"_blank\" rel=\"nofollow noopener\"><a href=\"https:\/\/en.wikipedia.org\" target=\"_blank\" rel=\"nofollow noopener\"><a href=\"https:\/\/en.wikipedia.org\" target=\"_blank\" rel=\"nofollow noopener\"><a href=\"https:\/\/en.wikipedia.org\" target=\"_blank\" rel=\"nofollow noopener\"><a href=\"https:\/\/en.wikipedia.org\" target=\"_blank\" rel=\"nofollow noopener\"><a href=\"https:\/\/en.wikipedia.org\" target=\"_blank\" rel=\"nofollow noopener\"><a href=\"https:\/\/en.wikipedia.org\" target=\"_blank\" rel=\"nofollow noopener\"><a href=\"https:\/\/en.wikipedia.org\" target=\"_blank\" rel=\"nofollow noopener\">[en.wikipedia.org]<\/a><\/a><\/a><\/a><\/a><\/a><\/a><\/a> <br><br>\u2022  Barack Obama (@BarackObama), the 44th President of the United States, with over 131 million followers <a href=\"https:\/\/en.wikipedia.org\" target=\"_blank\" rel=\"nofollow noopener\"><a href=\"https:\/\/en.wikipedia.org\" target=\"_blank\" rel=\"nofollow noopener\"><a href=\"https:\/\/en.wikipedia.org\" target=\"_blank\" rel=\"nofollow noopener\"><a href=\"https:\/\/en.wikipedia.org\" target=\"_blank\" rel=\"nofollow noopener\"><a href=\"https:\/\/en.wikipedia.org\" target=\"_blank\" rel=\"nofollow noopener\"><a href=\"https:\/\/en.wikipedia.org\" target=\"_blank\" rel=\"nofollow noopener\"><a href=\"https:\/\/en.wikipedia.org\" target=\"_blank\" rel=\"nofollow noopener\"><a href=\"https:\/\/en.wikipedia.org\" target=\"_blank\" rel=\"nofollow noopener\">[en.wikipedia.org]<\/a><\/a><\/a><\/a><\/a><\/a><\/a><\/a> <br><br>\u2022  Justin Bieber (@justinbieber), the Canadian musician, with over 111 million followers <a href=\"https:\/\/en.wikipedia.org\" target=\"_blank\" rel=\"nofollow noopener\"><a href=\"https:\/\/en.wikipedia.org\" target=\"_blank\" rel=\"nofollow noopener\"><a href=\"https:\/\/en.wikipedia.org\" target=\"_blank\" rel=\"nofollow noopener\"><a href=\"https:\/\/en.wikipedia.org\" target=\"_blank\" rel=\"nofollow noopener\"><a href=\"https:\/\/en.wikipedia.org\" target=\"_blank\" rel=\"nofollow noopener\"><a href=\"https:\/\/en.wikipedia.org\" target=\"_blank\" rel=\"nofollow noopener\"><a href=\"https:\/\/en.wikipedia.org\" target=\"_blank\" rel=\"nofollow noopener\"><a href=\"https:\/\/en.wikipedia.org\" target=\"_blank\" rel=\"nofollow noopener\">[en.wikipedia.org]<\/a><\/a><\/a><\/a><\/a><\/a><\/a><\/a> <br><br>\u2022  Cristiano Ronaldo (@Cristiano), the Portuguese football player, with over 109 million followers <a href=\"https:\/\/en.wikipedia.org\" target=\"_blank\" rel=\"nofollow noopener\"><a href=\"https:\/\/en.wikipedia.org\" target=\"_blank\" rel=\"nofollow noopener\"><a href=\"https:\/\/en.wikipedia.org\" target=\"_blank\" rel=\"nofollow noopener\"><a href=\"https:\/\/en.wikipedia.org\" target=\"_blank\" rel=\"nofollow noopener\"><a href=\"https:\/\/en.wikipedia.org\" target=\"_blank\" rel=\"nofollow noopener\"><a href=\"https:\/\/en.wikipedia.org\" target=\"_blank\" rel=\"nofollow noopener\"><a href=\"https:\/\/en.wikipedia.org\" target=\"_blank\" rel=\"nofollow noopener\"><a href=\"https:\/\/en.wikipedia.org\" target=\"_blank\" rel=\"nofollow noopener\">[en.wikipedia.org]<\/a><\/a><\/a><\/a><\/a><\/a><\/a><\/a> <br><br>\u2022  Rihanna (@rihanna), the Barbadian musician, with over 108 million followers <a href=\"https:\/\/en.wikipedia.org\" target=\"_blank\" rel=\"nofollow noopener\"><a href=\"https:\/\/en.wikipedia.org\" target=\"_blank\" rel=\"nofollow noopener\"><a href=\"https:\/\/en.wikipedia.org\" target=\"_blank\" rel=\"nofollow noopener\"><a href=\"https:\/\/en.wikipedia.org\" target=\"_blank\" rel=\"nofollow noopener\"><a href=\"https:\/\/en.wikipedia.org\" target=\"_blank\" rel=\"nofollow noopener\"><a href=\"https:\/\/en.wikipedia.org\" target=\"_blank\" rel=\"nofollow noopener\"><a href=\"https:\/\/en.wikipedia.org\" target=\"_blank\" rel=\"nofollow noopener\"><a href=\"https:\/\/en.wikipedia.org\" target=\"_blank\" rel=\"nofollow noopener\">[en.wikipedia.org]<\/a><\/a><\/a><\/a><\/a><\/a><\/a><\/a> <br><br>\u2022  Katy Perry (@katyperry), the American musician, with over 107 million followers <a href=\"https:\/\/en.wikipedia.org\" target=\"_blank\" rel=\"nofollow noopener\"><a href=\"https:\/\/en.wikipedia.org\" target=\"_blank\" rel=\"nofollow noopener\"><a href=\"https:\/\/en.wikipedia.org\" target=\"_blank\" rel=\"nofollow noopener\"><a href=\"https:\/\/en.wikipedia.org\" target=\"_blank\" rel=\"nofollow noopener\"><a href=\"https:\/\/en.wikipedia.org\" target=\"_blank\" rel=\"nofollow noopener\"><a href=\"https:\/\/en.wikipedia.org\" target=\"_blank\" rel=\"nofollow noopener\"><a href=\"https:\/\/en.wikipedia.org\" target=\"_blank\" rel=\"nofollow noopener\"><a href=\"https:\/\/en.wikipedia.org\" target=\"_blank\" rel=\"nofollow noopener\">[en.wikipedia.org]<\/a><\/a><\/a><\/a><\/a><\/a><\/a><\/a> <br><br>These six accounts are the only ones that have surpassed 100 million followers on X as of January 2023 <a href=\"https:\/\/www.statista.com\" target=\"_blank\" rel=\"nofollow noopener\"><a href=\"https:\/\/www.statista.com\" target=\"_blank\" rel=\"nofollow noopener\">[www.statista.com]<\/a><\/a>  They are followed by other celebrities, politicians, sports personalities, and media outlets. You can see the full list of the top 50 most-followed accounts on X on Wikipedia <a href=\"https:\/\/en.wikipedia.org\" target=\"_blank\" rel=\"nofollow noopener\"><a href=\"https:\/\/en.wikipedia.org\" target=\"_blank\" rel=\"nofollow noopener\"><a href=\"https:\/\/en.wikipedia.org\" target=\"_blank\" rel=\"nofollow noopener\"><a href=\"https:\/\/en.wikipedia.org\" target=\"_blank\" rel=\"nofollow noopener\"><a href=\"https:\/\/en.wikipedia.org\" target=\"_blank\" rel=\"nofollow noopener\"><a href=\"https:\/\/en.wikipedia.org\" target=\"_blank\" rel=\"nofollow noopener\"><a href=\"https:\/\/en.wikipedia.org\" target=\"_blank\" rel=\"nofollow noopener\"><a href=\"https:\/\/en.wikipedia.org\" target=\"_blank\" rel=\"nofollow noopener\">[en.wikipedia.org]<\/a><\/a><\/a><\/a><\/a><\/a><\/a><\/a> <br><br>Do you follow any of these accounts? \ud83d\ude0a <a href=\"https:\/\/en.wikipedia.org\" target=\"_blank\" rel=\"nofollow noopener\"><a href=\"https:\/\/en.wikipedia.org\" target=\"_blank\" rel=\"nofollow noopener\"><a href=\"https:\/\/en.wikipedia.org\" target=\"_blank\" rel=\"nofollow noopener\"><a href=\"https:\/\/en.wikipedia.org\" target=\"_blank\" rel=\"nofollow noopener\"><a href=\"https:\/\/en.wikipedia.org\" target=\"_blank\" rel=\"nofollow noopener\"><a href=\"https:\/\/en.wikipedia.org\" target=\"_blank\" rel=\"nofollow noopener\"><a href=\"https:\/\/en.wikipedia.org\" target=\"_blank\" rel=\"nofollow noopener\"><a href=\"https:\/\/en.wikipedia.org\" target=\"_blank\" rel=\"nofollow noopener\">[en.wikipedia.org]<\/a><\/a><\/a><\/a><\/a><\/a><\/a><\/a>  <a href=\"https:\/\/www.statista.com\" target=\"_blank\" rel=\"nofollow noopener\"><a href=\"https:\/\/www.statista.com\" target=\"_blank\" rel=\"nofollow noopener\">[www.statista.com]<\/a><\/a><\/blockquote>\r\n\r\n<hr class=\"wp-block-separator has-alpha-channel-opacity\"\/>\r\n\r\n\r\n\r\n<h2 class=\"wp-block-heading\">Hugging Face Dataset Metrics<\/h2>\r\n\r\n\r\n\r\n<p>All the conversation prompts, responses, and metrics are available to download and explore on Hugging Face dataset <a href=\"https:\/\/huggingface.co\/datasets\/reddgr\/talking-to-chatbots-chats\" target=\"_blank\" rel=\"noopener\" title=\"\">reddgr\/talking-to-chatbots-chats<\/a>:<\/p>\r\n\r\n\r\n\r\n<iframe\r\n  src=\"https:\/\/huggingface.co\/datasets\/reddgr\/talking-to-chatbots-chats\/embed\/viewer\/default\/train?f[conversation_id][value]=%27a2960fe2-fddb-43dc-9932-21c89b691c2f%27\"\r\n  frameborder=\"0\"\r\n  width=\"100%\"\r\n  height=\"390px\"\r\n><\/iframe>\r\n\r\n\r\n\r\n<iframe\r\n  src=\"https:\/\/huggingface.co\/datasets\/reddgr\/talking-to-chatbots-unwrapped-chats\/embed\/viewer\/default\/train?f[conversation_id][value]=%27a2960fe2-fddb-43dc-9932-21c89b691c2f%27&#038;sort[column]=turn&#038;sort[direction]=asc\"\r\n  frameborder=\"0\"\r\n  width=\"100%\"\r\n  height=\"460px\"\r\n><\/iframe>\r\n","protected":false},"excerpt":{"rendered":"<p>Cargando datos de reddgr\/talking-to-chatbots-chats\u2026 \ud83d\ude0e \u00bfCu\u00e1les son las cuentas de X (antiguamente Twitter) con m\u00e1s seguidores? \ud83e\udd16 Seg\u00fan los resultados de la b\u00fasqueda web, las cuentas de X (antiguamente Twitter) con m\u00e1s seguidores son: \u2022 Elon Musk (@elonmusk), \u2026<\/p>\n<p class=\"read-more\"> <a class=\"more-link\" href=\"https:\/\/talkingtochatbots.com\/es\/bing\/technology-and-ai\/who-are-the-current-most-followed-accounts-on-x-formerly-twitter\/\"> <span class=\"screen-reader-text\">\u00bfCu\u00e1les son las cuentas m\u00e1s seguidas actualmente en X (antes Twitter)?<\/span> Leer m\u00e1s \u00bb<\/a><\/p>","protected":false},"author":0,"featured_media":0,"parent":5678,"menu_order":0,"comment_status":"closed","ping_status":"closed","template":"","meta":{"_monsterinsights_skip_tracking":false,"_monsterinsights_sitenote_active":false,"_monsterinsights_sitenote_note":"","_monsterinsights_sitenote_category":0,"footnotes":""},"class_list":["post-5822","page","type-page","status-publish","hentry"],"aioseo_notices":[],"_links":{"self":[{"href":"https:\/\/talkingtochatbots.com\/es\/wp-json\/wp\/v2\/pages\/5822","targetHints":{"allow":["GET"]}}],"collection":[{"href":"https:\/\/talkingtochatbots.com\/es\/wp-json\/wp\/v2\/pages"}],"about":[{"href":"https:\/\/talkingtochatbots.com\/es\/wp-json\/wp\/v2\/types\/page"}],"replies":[{"embeddable":true,"href":"https:\/\/talkingtochatbots.com\/es\/wp-json\/wp\/v2\/comments?post=5822"}],"version-history":[{"count":2,"href":"https:\/\/talkingtochatbots.com\/es\/wp-json\/wp\/v2\/pages\/5822\/revisions"}],"predecessor-version":[{"id":6047,"href":"https:\/\/talkingtochatbots.com\/es\/wp-json\/wp\/v2\/pages\/5822\/revisions\/6047"}],"up":[{"embeddable":true,"href":"https:\/\/talkingtochatbots.com\/es\/wp-json\/wp\/v2\/pages\/5678"}],"wp:attachment":[{"href":"https:\/\/talkingtochatbots.com\/es\/wp-json\/wp\/v2\/media?parent=5822"}],"curies":[{"name":"gracias","href":"https:\/\/api.w.org\/{rel}","templated":true}]}}