{"id":5819,"date":"2024-12-27T20:13:56","date_gmt":"2024-12-27T18:13:56","guid":{"rendered":"https:\/\/talkingtochatbots.com\/bing\/technology-and-ai\/what-mobile-communication-technology-replaced-gsm\/"},"modified":"2025-01-28T17:15:27","modified_gmt":"2025-01-28T15:15:27","slug":"what-mobile-communication-technology-replaced-gsm","status":"publish","type":"page","link":"https:\/\/talkingtochatbots.com\/es\/bing\/technology-and-ai\/what-mobile-communication-technology-replaced-gsm\/","title":{"rendered":"\u00bfQu\u00e9 tecnolog\u00eda de comunicaci\u00f3n m\u00f3vil reemplaz\u00f3 a GSM?"},"content":{"rendered":"\r\n<div id=\"output\" style=\"margin-top:20px; padding:10px; border:1px solid #ccc; background:#e4e4e4;\">\r\n    Loading data from <a href=\"https:\/\/huggingface.co\/datasets\/reddgr\/talking-to-chatbots-chats\" target=\"_blank\" rel=\"noopener\" title=\"\">reddgr\/talking-to-chatbots-chats<\/a> &#8230;\r\n<\/div>\r\n\r\n<script>\r\n    document.addEventListener(\"DOMContentLoaded\", () => {\r\n        const args = {\r\n            dataset: \"reddgr\/talking-to-chatbots-chats\",\r\n            config: \"default\",\r\n            split: \"train\",\r\n            conversation_id: \"72eb6231-d0b0-4095-a1fd-2a3cfbee00e6\",\r\n            offset: 0,\r\n            length: 1\r\n        };\r\n        window.apiCallArgs = args;\r\n    });\r\n<\/script>\r\n\r\n<script src=\"\/wp-content\/uploads\/js\/chat_header_v04.js\"><\/script>\r\n\r\n\r\n\r\n<hr class=\"wp-block-separator has-alpha-channel-opacity\"\/>\r\n\r\n\ud83d\ude0e Which mobile communication technology replaced GSM?\r\n<blockquote>\ud83e\udd16 According to the search results, CDMA (Code Division Multiple Access) and GSM (Global System for Mobile communication) are two competing 2G (second-generation) digital mobile standards that replaced the first-generation analog standards <a href=\"https:\/\/www.educba.com\" target=\"_blank\" rel=\"nofollow noopener\"><a href=\"https:\/\/www.educba.com\" target=\"_blank\" rel=\"nofollow noopener\"><a href=\"https:\/\/www.educba.com\" target=\"_blank\" rel=\"nofollow noopener\">[www.educba.com]<\/a><\/a><\/a>  However, both CDMA and GSM have been superseded by 3G\/4G technologies that use the basic concepts of CDMA and GSM but offer higher data speeds and more efficient use of the spectrum <a href=\"https:\/\/www.educba.com\" target=\"_blank\" rel=\"nofollow noopener\"><a href=\"https:\/\/www.educba.com\" target=\"_blank\" rel=\"nofollow noopener\"><a href=\"https:\/\/www.educba.com\" target=\"_blank\" rel=\"nofollow noopener\">[www.educba.com]<\/a><\/a><\/a>  <a href=\"https:\/\/www.pcmag.com\" target=\"_blank\" rel=\"nofollow noopener\"><a href=\"https:\/\/www.pcmag.com\" target=\"_blank\" rel=\"nofollow noopener\">[www.pcmag.com]<\/a><\/a>  Therefore, there is no single technology that replaced GSM, but rather a family of technologies that evolved from it. <a href=\"https:\/\/www.educba.com\" target=\"_blank\" rel=\"nofollow noopener\"><a href=\"https:\/\/www.educba.com\" target=\"_blank\" rel=\"nofollow noopener\"><a href=\"https:\/\/www.educba.com\" target=\"_blank\" rel=\"nofollow noopener\">[www.educba.com]<\/a><\/a><\/a>  <a href=\"https:\/\/www.pcmag.com\" target=\"_blank\" rel=\"nofollow noopener\"><a href=\"https:\/\/www.pcmag.com\" target=\"_blank\" rel=\"nofollow noopener\">[www.pcmag.com]<\/a><\/a><\/blockquote>\r\n\r\n<hr class=\"wp-block-separator has-alpha-channel-opacity\"\/>\r\n\r\n\r\n\r\n<h2 class=\"wp-block-heading\">Hugging Face Dataset Metrics<\/h2>\r\n\r\n\r\n\r\n<p>All the conversation prompts, responses, and metrics are available to download and explore on Hugging Face dataset <a href=\"https:\/\/huggingface.co\/datasets\/reddgr\/talking-to-chatbots-chats\" target=\"_blank\" rel=\"noopener\" title=\"\">reddgr\/talking-to-chatbots-chats<\/a>:<\/p>\r\n\r\n\r\n\r\n<iframe\r\n  src=\"https:\/\/huggingface.co\/datasets\/reddgr\/talking-to-chatbots-chats\/embed\/viewer\/default\/train?f[conversation_id][value]=%2772eb6231-d0b0-4095-a1fd-2a3cfbee00e6%27\"\r\n  frameborder=\"0\"\r\n  width=\"100%\"\r\n  height=\"390px\"\r\n><\/iframe>\r\n\r\n\r\n\r\n<iframe\r\n  src=\"https:\/\/huggingface.co\/datasets\/reddgr\/talking-to-chatbots-unwrapped-chats\/embed\/viewer\/default\/train?f[conversation_id][value]=%2772eb6231-d0b0-4095-a1fd-2a3cfbee00e6%27&#038;sort[column]=turn&#038;sort[direction]=asc\"\r\n  frameborder=\"0\"\r\n  width=\"100%\"\r\n  height=\"460px\"\r\n><\/iframe>\r\n","protected":false},"excerpt":{"rendered":"<p>Cargando datos de reddgr\/talking-to-chatbots-chats\u2026 \ud83d\ude0e \u00bfQu\u00e9 tecnolog\u00eda de comunicaci\u00f3n m\u00f3vil reemplaz\u00f3 a GSM? \ud83e\udd16 Seg\u00fan los resultados de la b\u00fasqueda, CDMA (Acceso M\u00faltiple por Divisi\u00f3n de C\u00f3digo) y GSM (Sistema Global para Comunicaciones M\u00f3viles) son dos est\u00e1ndares m\u00f3viles digitales 2G (segunda generaci\u00f3n) que compiten entre s\u00ed y que reemplazaron\u2026<\/p>\n<p class=\"read-more\"> <a class=\"more-link\" href=\"https:\/\/talkingtochatbots.com\/es\/bing\/technology-and-ai\/what-mobile-communication-technology-replaced-gsm\/\"> <span class=\"screen-reader-text\">\u00bfQu\u00e9 tecnolog\u00eda de comunicaci\u00f3n m\u00f3vil reemplaz\u00f3 a GSM?<\/span> Leer m\u00e1s \u00bb<\/a><\/p>","protected":false},"author":2,"featured_media":0,"parent":5678,"menu_order":0,"comment_status":"closed","ping_status":"closed","template":"","meta":{"_monsterinsights_skip_tracking":false,"_monsterinsights_sitenote_active":false,"_monsterinsights_sitenote_note":"","_monsterinsights_sitenote_category":0,"footnotes":""},"class_list":["post-5819","page","type-page","status-publish","hentry"],"aioseo_notices":[],"_links":{"self":[{"href":"https:\/\/talkingtochatbots.com\/es\/wp-json\/wp\/v2\/pages\/5819","targetHints":{"allow":["GET"]}}],"collection":[{"href":"https:\/\/talkingtochatbots.com\/es\/wp-json\/wp\/v2\/pages"}],"about":[{"href":"https:\/\/talkingtochatbots.com\/es\/wp-json\/wp\/v2\/types\/page"}],"author":[{"embeddable":true,"href":"https:\/\/talkingtochatbots.com\/es\/wp-json\/wp\/v2\/users\/2"}],"replies":[{"embeddable":true,"href":"https:\/\/talkingtochatbots.com\/es\/wp-json\/wp\/v2\/comments?post=5819"}],"version-history":[{"count":2,"href":"https:\/\/talkingtochatbots.com\/es\/wp-json\/wp\/v2\/pages\/5819\/revisions"}],"predecessor-version":[{"id":6457,"href":"https:\/\/talkingtochatbots.com\/es\/wp-json\/wp\/v2\/pages\/5819\/revisions\/6457"}],"up":[{"embeddable":true,"href":"https:\/\/talkingtochatbots.com\/es\/wp-json\/wp\/v2\/pages\/5678"}],"wp:attachment":[{"href":"https:\/\/talkingtochatbots.com\/es\/wp-json\/wp\/v2\/media?parent=5819"}],"curies":[{"name":"gracias","href":"https:\/\/api.w.org\/{rel}","templated":true}]}}