{"id":5817,"date":"2024-12-27T20:13:54","date_gmt":"2024-12-27T18:13:54","guid":{"rendered":"https:\/\/talkingtochatbots.com\/bing\/technology-and-ai\/what-is-the-most-popular-rss-reader\/"},"modified":"2025-01-28T17:16:15","modified_gmt":"2025-01-28T15:16:15","slug":"what-is-the-most-popular-rss-reader","status":"publish","type":"page","link":"https:\/\/talkingtochatbots.com\/es\/bing\/technology-and-ai\/what-is-the-most-popular-rss-reader\/","title":{"rendered":"\u00bfCu\u00e1l es el lector RSS m\u00e1s popular?"},"content":{"rendered":"\r\n<div id=\"output\" style=\"margin-top:20px; padding:10px; border:1px solid #ccc; background:#e4e4e4;\">\r\n    Loading data from <a href=\"https:\/\/huggingface.co\/datasets\/reddgr\/talking-to-chatbots-chats\" target=\"_blank\" rel=\"noopener\" title=\"\">reddgr\/talking-to-chatbots-chats<\/a> &#8230;\r\n<\/div>\r\n\r\n<script>\r\n    document.addEventListener(\"DOMContentLoaded\", () => {\r\n        const args = {\r\n            dataset: \"reddgr\/talking-to-chatbots-chats\",\r\n            config: \"default\",\r\n            split: \"train\",\r\n            conversation_id: \"1beb9b21-66e2-4e30-b172-de9234679b1b\",\r\n            offset: 0,\r\n            length: 1\r\n        };\r\n        window.apiCallArgs = args;\r\n    });\r\n<\/script>\r\n\r\n<script src=\"\/wp-content\/uploads\/js\/chat_header_v04.js\"><\/script>\r\n\r\n\r\n\r\n<hr class=\"wp-block-separator has-alpha-channel-opacity\"\/>\r\n\r\n\ud83d\ude0e what&#8217;s the most popular RSS reader?\r\n<blockquote>\ud83e\udd16 According to various sources, some of the most popular RSS reader apps are:<br><br>\u2022  Feedly: a well-designed and easy-to-use app that offers great search options and integrations with other services. It has a free plan that lets you follow up to 100 sources and organize them into three feeds <a href=\"https:\/\/www.wired.com\" target=\"_blank\" rel=\"nofollow noopener\"><a href=\"https:\/\/www.wired.com\" target=\"_blank\" rel=\"nofollow noopener\"><a href=\"https:\/\/www.wired.com\" target=\"_blank\" rel=\"nofollow noopener\"><a href=\"https:\/\/www.wired.com\" target=\"_blank\" rel=\"nofollow noopener\"><a href=\"https:\/\/www.wired.com\" target=\"_blank\" rel=\"nofollow noopener\">[www.wired.com]<\/a><\/a><\/a><\/a><\/a> <br><br>\u2022  Inoreader: a feature-rich app that handles more than just RSS feeds, such as email newsletters, podcasts, and social media. It has a powerful search and filtering system, as well as automation tools and offline mode. It also has a free plan that lets you follow unlimited sources and organize them into unlimited feeds <a href=\"https:\/\/www.wired.com\" target=\"_blank\" rel=\"nofollow noopener\"><a href=\"https:\/\/www.wired.com\" target=\"_blank\" rel=\"nofollow noopener\"><a href=\"https:\/\/www.wired.com\" target=\"_blank\" rel=\"nofollow noopener\"><a href=\"https:\/\/www.wired.com\" target=\"_blank\" rel=\"nofollow noopener\"><a href=\"https:\/\/www.wired.com\" target=\"_blank\" rel=\"nofollow noopener\">[www.wired.com]<\/a><\/a><\/a><\/a><\/a> <br><br>\u2022  NewsBlur: a good app for filtering your RSS feeds and hiding stories you don&#8217;t want to see. It also has a social aspect that lets you share stories with other users and discover new sources. It has a free plan that lets you follow up to 64 sites <a href=\"https:\/\/www.wired.com\" target=\"_blank\" rel=\"nofollow noopener\"><a href=\"https:\/\/www.wired.com\" target=\"_blank\" rel=\"nofollow noopener\"><a href=\"https:\/\/www.wired.com\" target=\"_blank\" rel=\"nofollow noopener\"><a href=\"https:\/\/www.wired.com\" target=\"_blank\" rel=\"nofollow noopener\"><a href=\"https:\/\/www.wired.com\" target=\"_blank\" rel=\"nofollow noopener\">[www.wired.com]<\/a><\/a><\/a><\/a><\/a> <br><br>There are also other RSS reader apps worth checking out, such as Feedbin, Feedbro, and Reeder <a href=\"https:\/\/www.wired.com\" target=\"_blank\" rel=\"nofollow noopener\"><a href=\"https:\/\/www.wired.com\" target=\"_blank\" rel=\"nofollow noopener\"><a href=\"https:\/\/www.wired.com\" target=\"_blank\" rel=\"nofollow noopener\"><a href=\"https:\/\/www.wired.com\" target=\"_blank\" rel=\"nofollow noopener\"><a href=\"https:\/\/www.wired.com\" target=\"_blank\" rel=\"nofollow noopener\">[www.wired.com]<\/a><\/a><\/a><\/a><\/a>  <a href=\"https:\/\/zapier.com\" target=\"_blank\" rel=\"nofollow noopener\"><a href=\"https:\/\/zapier.com\" target=\"_blank\" rel=\"nofollow noopener\">[zapier.com]<\/a><\/a>  You can find more details and comparisons of these apps in the links below. <a href=\"https:\/\/www.wired.com\" target=\"_blank\" rel=\"nofollow noopener\"><a href=\"https:\/\/www.wired.com\" target=\"_blank\" rel=\"nofollow noopener\"><a href=\"https:\/\/www.wired.com\" target=\"_blank\" rel=\"nofollow noopener\"><a href=\"https:\/\/www.wired.com\" target=\"_blank\" rel=\"nofollow noopener\"><a href=\"https:\/\/www.wired.com\" target=\"_blank\" rel=\"nofollow noopener\">[www.wired.com]<\/a><\/a><\/a><\/a><\/a>  <a href=\"https:\/\/zapier.com\" target=\"_blank\" rel=\"nofollow noopener\"><a href=\"https:\/\/zapier.com\" target=\"_blank\" rel=\"nofollow noopener\">[zapier.com]<\/a><\/a><\/blockquote>\r\n\r\n<hr class=\"wp-block-separator has-alpha-channel-opacity\"\/>\r\n\r\n\r\n\r\n<h2 class=\"wp-block-heading\">Hugging Face Dataset Metrics<\/h2>\r\n\r\n\r\n\r\n<p>All the conversation prompts, responses, and metrics are available to download and explore on Hugging Face dataset <a href=\"https:\/\/huggingface.co\/datasets\/reddgr\/talking-to-chatbots-chats\" target=\"_blank\" rel=\"noopener\" title=\"\">reddgr\/talking-to-chatbots-chats<\/a>:<\/p>\r\n\r\n\r\n\r\n<iframe\r\n  src=\"https:\/\/huggingface.co\/datasets\/reddgr\/talking-to-chatbots-chats\/embed\/viewer\/default\/train?f[conversation_id][value]=%271beb9b21-66e2-4e30-b172-de9234679b1b%27\"\r\n  frameborder=\"0\"\r\n  width=\"100%\"\r\n  height=\"390px\"\r\n><\/iframe>\r\n\r\n\r\n\r\n<iframe\r\n  src=\"https:\/\/huggingface.co\/datasets\/reddgr\/talking-to-chatbots-unwrapped-chats\/embed\/viewer\/default\/train?f[conversation_id][value]=%271beb9b21-66e2-4e30-b172-de9234679b1b%27&#038;sort[column]=turn&#038;sort[direction]=asc\"\r\n  frameborder=\"0\"\r\n  width=\"100%\"\r\n  height=\"460px\"\r\n><\/iframe>\r\n","protected":false},"excerpt":{"rendered":"<p>Cargando datos de reddgr\/talking-to-chatbots-chats\u2026 \ud83d\ude0e \u00bfCu\u00e1l es el lector RSS m\u00e1s popular? \ud83e\udd16 Seg\u00fan diversas fuentes, algunas de las apps de lectura RSS m\u00e1s populares son: \u2022 Feedly: una app bien dise\u00f1ada y f\u00e1cil de usar que ofrece excelentes opciones de b\u00fasqueda e integraciones\u2026<\/p>\n<p class=\"read-more\"> <a class=\"more-link\" href=\"https:\/\/talkingtochatbots.com\/es\/bing\/technology-and-ai\/what-is-the-most-popular-rss-reader\/\"> <span class=\"screen-reader-text\">\u00bfCu\u00e1l es el lector RSS m\u00e1s popular?<\/span> Leer m\u00e1s \u00bb<\/a><\/p>","protected":false},"author":2,"featured_media":0,"parent":5678,"menu_order":0,"comment_status":"closed","ping_status":"closed","template":"","meta":{"_monsterinsights_skip_tracking":false,"_monsterinsights_sitenote_active":false,"_monsterinsights_sitenote_note":"","_monsterinsights_sitenote_category":0,"footnotes":""},"class_list":["post-5817","page","type-page","status-publish","hentry"],"aioseo_notices":[],"_links":{"self":[{"href":"https:\/\/talkingtochatbots.com\/es\/wp-json\/wp\/v2\/pages\/5817","targetHints":{"allow":["GET"]}}],"collection":[{"href":"https:\/\/talkingtochatbots.com\/es\/wp-json\/wp\/v2\/pages"}],"about":[{"href":"https:\/\/talkingtochatbots.com\/es\/wp-json\/wp\/v2\/types\/page"}],"author":[{"embeddable":true,"href":"https:\/\/talkingtochatbots.com\/es\/wp-json\/wp\/v2\/users\/2"}],"replies":[{"embeddable":true,"href":"https:\/\/talkingtochatbots.com\/es\/wp-json\/wp\/v2\/comments?post=5817"}],"version-history":[{"count":4,"href":"https:\/\/talkingtochatbots.com\/es\/wp-json\/wp\/v2\/pages\/5817\/revisions"}],"predecessor-version":[{"id":6461,"href":"https:\/\/talkingtochatbots.com\/es\/wp-json\/wp\/v2\/pages\/5817\/revisions\/6461"}],"up":[{"embeddable":true,"href":"https:\/\/talkingtochatbots.com\/es\/wp-json\/wp\/v2\/pages\/5678"}],"wp:attachment":[{"href":"https:\/\/talkingtochatbots.com\/es\/wp-json\/wp\/v2\/media?parent=5817"}],"curies":[{"name":"gracias","href":"https:\/\/api.w.org\/{rel}","templated":true}]}}