{"id":5813,"date":"2024-12-27T20:13:51","date_gmt":"2024-12-27T18:13:51","guid":{"rendered":"https:\/\/talkingtochatbots.com\/bing\/technology-and-ai\/what-is-cuda\/"},"modified":"2025-01-28T17:16:02","modified_gmt":"2025-01-28T15:16:02","slug":"what-is-cuda","status":"publish","type":"page","link":"https:\/\/talkingtochatbots.com\/es\/bing\/technology-and-ai\/what-is-cuda\/","title":{"rendered":"\u00bfQu\u00e9 es CUDA?"},"content":{"rendered":"\r\n<div id=\"output\" style=\"margin-top:20px; padding:10px; border:1px solid #ccc; background:#e4e4e4;\">\r\n    Loading data from <a href=\"https:\/\/huggingface.co\/datasets\/reddgr\/talking-to-chatbots-chats\" target=\"_blank\" rel=\"noopener\" title=\"\">reddgr\/talking-to-chatbots-chats<\/a> &#8230;\r\n<\/div>\r\n\r\n<script>\r\n    document.addEventListener(\"DOMContentLoaded\", () => {\r\n        const args = {\r\n            dataset: \"reddgr\/talking-to-chatbots-chats\",\r\n            config: \"default\",\r\n            split: \"train\",\r\n            conversation_id: \"1b6406eb-e5ed-407a-a6cc-0f6dc7515b52\",\r\n            offset: 0,\r\n            length: 1\r\n        };\r\n        window.apiCallArgs = args;\r\n    });\r\n<\/script>\r\n\r\n<script src=\"\/wp-content\/uploads\/js\/chat_header_v04.js\"><\/script>\r\n\r\n\r\n\r\n<hr class=\"wp-block-separator has-alpha-channel-opacity\"\/>\r\n\r\n\ud83d\ude0e What is CUDA?\r\n<blockquote>\ud83e\udd16 CUDA is a platform and API that enables software to use certain types of GPUs for general purpose computing, such as accelerating scientific and engineering applications. CUDA was developed by NVIDIA and supports C, C++, Fortran, Python and other languages. CUDA is compatible with various operating systems, such as Linux, Windows and MacOS. You can download the CUDA Toolkit to develop, optimize and deploy CUDA applications <a href=\"https:\/\/developer.nvidia.com\" target=\"_blank\" rel=\"nofollow noopener\"><a href=\"https:\/\/developer.nvidia.com\" target=\"_blank\" rel=\"nofollow noopener\"><a href=\"https:\/\/developer.nvidia.com\" target=\"_blank\" rel=\"nofollow noopener\"><a href=\"https:\/\/developer.nvidia.com\" target=\"_blank\" rel=\"nofollow noopener\">[developer.nvidia.com]<\/a><\/a><\/a><\/a>  You can also learn more about CUDA features, webinars, resources and examples on the NVIDIA Developer website <a href=\"https:\/\/developer.nvidia.com\" target=\"_blank\" rel=\"nofollow noopener\"><a href=\"https:\/\/developer.nvidia.com\" target=\"_blank\" rel=\"nofollow noopener\"><a href=\"https:\/\/developer.nvidia.com\" target=\"_blank\" rel=\"nofollow noopener\"><a href=\"https:\/\/developer.nvidia.com\" target=\"_blank\" rel=\"nofollow noopener\">[developer.nvidia.com]<\/a><\/a><\/a><\/a>  or on Wikipedia <a href=\"https:\/\/en.wikipedia.org\" target=\"_blank\" rel=\"nofollow noopener\"><a href=\"https:\/\/en.wikipedia.org\" target=\"_blank\" rel=\"nofollow noopener\">[en.wikipedia.org]<\/a><\/a>  <a href=\"https:\/\/developer.nvidia.com\" target=\"_blank\" rel=\"nofollow noopener\"><a href=\"https:\/\/developer.nvidia.com\" target=\"_blank\" rel=\"nofollow noopener\"><a href=\"https:\/\/developer.nvidia.com\" target=\"_blank\" rel=\"nofollow noopener\"><a href=\"https:\/\/developer.nvidia.com\" target=\"_blank\" rel=\"nofollow noopener\">[developer.nvidia.com]<\/a><\/a><\/a><\/a>  <a href=\"https:\/\/developer.nvidia.com\" target=\"_blank\" rel=\"nofollow noopener\"><a href=\"https:\/\/developer.nvidia.com\" target=\"_blank\" rel=\"nofollow noopener\"><a href=\"https:\/\/developer.nvidia.com\" target=\"_blank\" rel=\"nofollow noopener\"><a href=\"https:\/\/developer.nvidia.com\" target=\"_blank\" rel=\"nofollow noopener\">[developer.nvidia.com]<\/a><\/a><\/a><\/a>  <a href=\"https:\/\/en.wikipedia.org\" target=\"_blank\" rel=\"nofollow noopener\"><a href=\"https:\/\/en.wikipedia.org\" target=\"_blank\" rel=\"nofollow noopener\">[en.wikipedia.org]<\/a><\/a><\/blockquote>\r\n\r\n<hr class=\"wp-block-separator has-alpha-channel-opacity\"\/>\r\n\r\n\r\n\r\n<h2 class=\"wp-block-heading\">Hugging Face Dataset Metrics<\/h2>\r\n\r\n\r\n\r\n<p>All the conversation prompts, responses, and metrics are available to download and explore on Hugging Face dataset <a href=\"https:\/\/huggingface.co\/datasets\/reddgr\/talking-to-chatbots-chats\" target=\"_blank\" rel=\"noopener\" title=\"\">reddgr\/talking-to-chatbots-chats<\/a>:<\/p>\r\n\r\n\r\n\r\n<iframe\r\n  src=\"https:\/\/huggingface.co\/datasets\/reddgr\/talking-to-chatbots-chats\/embed\/viewer\/default\/train?f[conversation_id][value]=%271b6406eb-e5ed-407a-a6cc-0f6dc7515b52%27\"\r\n  frameborder=\"0\"\r\n  width=\"100%\"\r\n  height=\"390px\"\r\n><\/iframe>\r\n\r\n\r\n\r\n<iframe\r\n  src=\"https:\/\/huggingface.co\/datasets\/reddgr\/talking-to-chatbots-unwrapped-chats\/embed\/viewer\/default\/train?f[conversation_id][value]=%271b6406eb-e5ed-407a-a6cc-0f6dc7515b52%27&#038;sort[column]=turn&#038;sort[direction]=asc\"\r\n  frameborder=\"0\"\r\n  width=\"100%\"\r\n  height=\"460px\"\r\n><\/iframe>\r\n","protected":false},"excerpt":{"rendered":"<p>Cargando datos de reddgr\/talking-to-chatbots-chats\u2026 \ud83d\ude0e \u00bfQu\u00e9 es CUDA? \ud83e\udd16 CUDA es una plataforma y API que permite que el software utilice ciertos tipos de GPU para computaci\u00f3n de prop\u00f3sito general, como la aceleraci\u00f3n de aplicaciones cient\u00edficas y de ingenier\u00eda. CUDA fue desarrollado por\u2026<\/p>\n<p class=\"read-more\"> <a class=\"more-link\" href=\"https:\/\/talkingtochatbots.com\/es\/bing\/technology-and-ai\/what-is-cuda\/\"> <span class=\"screen-reader-text\">\u00bfQu\u00e9 es CUDA?<\/span> Leer m\u00e1s \u00bb<\/a><\/p>","protected":false},"author":2,"featured_media":0,"parent":5678,"menu_order":0,"comment_status":"closed","ping_status":"closed","template":"","meta":{"_monsterinsights_skip_tracking":false,"_monsterinsights_sitenote_active":false,"_monsterinsights_sitenote_note":"","_monsterinsights_sitenote_category":0,"footnotes":""},"class_list":["post-5813","page","type-page","status-publish","hentry"],"aioseo_notices":[],"_links":{"self":[{"href":"https:\/\/talkingtochatbots.com\/es\/wp-json\/wp\/v2\/pages\/5813","targetHints":{"allow":["GET"]}}],"collection":[{"href":"https:\/\/talkingtochatbots.com\/es\/wp-json\/wp\/v2\/pages"}],"about":[{"href":"https:\/\/talkingtochatbots.com\/es\/wp-json\/wp\/v2\/types\/page"}],"author":[{"embeddable":true,"href":"https:\/\/talkingtochatbots.com\/es\/wp-json\/wp\/v2\/users\/2"}],"replies":[{"embeddable":true,"href":"https:\/\/talkingtochatbots.com\/es\/wp-json\/wp\/v2\/comments?post=5813"}],"version-history":[{"count":3,"href":"https:\/\/talkingtochatbots.com\/es\/wp-json\/wp\/v2\/pages\/5813\/revisions"}],"predecessor-version":[{"id":6460,"href":"https:\/\/talkingtochatbots.com\/es\/wp-json\/wp\/v2\/pages\/5813\/revisions\/6460"}],"up":[{"embeddable":true,"href":"https:\/\/talkingtochatbots.com\/es\/wp-json\/wp\/v2\/pages\/5678"}],"wp:attachment":[{"href":"https:\/\/talkingtochatbots.com\/es\/wp-json\/wp\/v2\/media?parent=5813"}],"curies":[{"name":"gracias","href":"https:\/\/api.w.org\/{rel}","templated":true}]}}