{"id":5807,"date":"2024-12-27T20:13:46","date_gmt":"2024-12-27T18:13:46","guid":{"rendered":"https:\/\/talkingtochatbots.com\/bing\/technology-and-ai\/what-are-the-countries-where-starlik-internet-service-is-currently\/"},"modified":"2025-01-20T17:59:43","modified_gmt":"2025-01-20T15:59:43","slug":"what-are-the-countries-where-starlik-internet-service-is-currently","status":"publish","type":"page","link":"https:\/\/talkingtochatbots.com\/es\/bing\/technology-and-ai\/what-are-the-countries-where-starlik-internet-service-is-currently\/","title":{"rendered":"\u00bfCu\u00e1les son los pa\u00edses donde est\u00e1 disponible el servicio de Internet Starlink?"},"content":{"rendered":"\n<div id=\"output\" style=\"margin-top:20px; padding:10px; border:1px solid #ccc; background:#e4e4e4;\">\r\n    Loading data from <a href=\"https:\/\/huggingface.co\/datasets\/reddgr\/talking-to-chatbots-chats\" target=\"_blank\" rel=\"noopener\" title=\"\">reddgr\/talking-to-chatbots-chats<\/a> &#8230;\r\n<\/div>\r\n\r\n<script>\r\n    document.addEventListener(\"DOMContentLoaded\", () => {\r\n        const args = {\r\n            dataset: \"reddgr\/talking-to-chatbots-chats\",\r\n            config: \"default\",\r\n            split: \"train\",\r\n            conversation_id: \"bcef143e-8db5-4499-928f-e6b55d1b0059\",\r\n            offset: 0,\r\n            length: 1\r\n        };\r\n        window.apiCallArgs = args;\r\n    });\r\n<\/script>\r\n\r\n<script src=\"\/wp-content\/uploads\/js\/chat_header_v04.js\"><\/script>\n\n\n\n<hr class=\"wp-block-separator has-alpha-channel-opacity\"\/>\n\n\n<p>\ud83d\ude0e what is the current list of countries where Starlink Internet service is available?<\/p>\n<blockquote>\n<p>\ud83e\udd16 According to the web search results, Starlink internet service is now available in 48 countries around the world. These countries are:<\/p>\n<p>\u2022 United States<\/p>\n<p>\u2022 Canada<\/p>\n<p>\u2022 United Kingdom<\/p>\n<p>\u2022 Germany<\/p>\n<p>\u2022 New Zealand<\/p>\n<p>\u2022 Australia<\/p>\n<p>\u2022 France<\/p>\n<p>\u2022 Chile<\/p>\n<p>\u2022 Brazil<\/p>\n<p>\u2022 Mexico<\/p>\n<p>\u2022 Argentina<\/p>\n<p>\u2022 Colombia<\/p>\n<p>\u2022 Ireland<\/p>\n<p>\u2022 Netherlands<\/p>\n<p>\u2022 Belgium<\/p>\n<p>\u2022 Switzerland<\/p>\n<p>\u2022 Austria<\/p>\n<p>\u2022 Denmark<\/p>\n<p>\u2022 Norway<\/p>\n<p>\u2022 Sweden<\/p>\n<p>\u2022 Finland<\/p>\n<p>\u2022 Estonia<\/p>\n<p>\u2022 Latvia<\/p>\n<p>\u2022 Lithuania<\/p>\n<p>\u2022 Poland<\/p>\n<p>\u2022 Czech Republic<\/p>\n<p>\u2022 Slovakia<\/p>\n<p>\u2022 Hungary<\/p>\n<p>\u2022 Romania<\/p>\n<p>\u2022 Bulgaria<\/p>\n<p>\u2022 Greece<\/p>\n<p>\u2022 Italy<\/p>\n<p>\u2022 Spain<\/p>\n<p>\u2022 Portugal<\/p>\n<p>\u2022 Luxembourg<\/p>\n<p>\u2022 Iceland<\/p>\n<p>\u2022 South Africa<\/p>\n<p>\u2022 India<\/p>\n<p>\u2022 Japan<\/p>\n<p>\u2022 Philippines<\/p>\n<p>\u2022 Indonesia<\/p>\n<p>\u2022 Singapore<\/p>\n<p>\u2022 Malaysia<\/p>\n<p>\u2022 Thailand<\/p>\n<p>\u2022 Taiwan<\/p>\n<p>\u2022 Israel<\/p>\n<p>\u2022 Ukraine<\/p>\n<p>\u2022 Russia<\/p>\n<p>You can find more information about Starlink&#8217;s availability and pricing from these sources: Starlink Is Now Available In 48 Countries (Full List) <a href=\"https:\/\/infomediang.com\" target=\"_blank\" rel=\"nofollow noopener\">[infomediang.com]<\/a> or Starlink Availability Map <a href=\"https:\/\/www.cnet.com\" target=\"_blank\" rel=\"nofollow noopener\">[www.cnet.com]<\/a> I hope this helps you. \ud83d\ude0a <a href=\"https:\/\/infomediang.com\" target=\"_blank\" rel=\"nofollow noopener\">[infomediang.com]<\/a> <a href=\"https:\/\/www.cnet.com\" target=\"_blank\" rel=\"nofollow noopener\">[www.cnet.com]<\/a><\/p>\n<\/blockquote>\n\n\n<hr class=\"wp-block-separator has-alpha-channel-opacity\"\/>\n\n\n\n<h2 class=\"wp-block-heading\">Hugging Face Dataset Metrics<\/h2>\n\n\n\n<p>All the conversation prompts, responses, and metrics are available to download and explore on Hugging Face dataset <a href=\"https:\/\/huggingface.co\/datasets\/reddgr\/talking-to-chatbots-chats\" target=\"_blank\" rel=\"noopener\" title=\"\">reddgr\/talking-to-chatbots-chats<\/a>:<\/p>\n\n\n\n<iframe\r\n  src=\"https:\/\/huggingface.co\/datasets\/reddgr\/talking-to-chatbots-chats\/embed\/viewer\/default\/train?f[conversation_id][value]=%27bcef143e-8db5-4499-928f-e6b55d1b0059%27\"\r\n  frameborder=\"0\"\r\n  width=\"100%\"\r\n  height=\"390px\"\r\n><\/iframe>\n\n\n\n<iframe\r\n  src=\"https:\/\/huggingface.co\/datasets\/reddgr\/talking-to-chatbots-unwrapped-chats\/embed\/viewer\/default\/train?f[conversation_id][value]=%27bcef143e-8db5-4499-928f-e6b55d1b0059%27&#038;sort[column]=turn&#038;sort[direction]=asc\"\r\n  frameborder=\"0\"\r\n  width=\"100%\"\r\n  height=\"460px\"\r\n><\/iframe>\n","protected":false},"excerpt":{"rendered":"<p>Cargando datos de reddgr\/talking-to-chatbots-chats\u2026 \ud83d\ude0e \u00bfCu\u00e1l es la lista actual de pa\u00edses donde est\u00e1 disponible el servicio de internet de Starlink? \ud83e\udd16 Seg\u00fan los resultados de la b\u00fasqueda web, el servicio de internet de Starlink ya est\u00e1 disponible en 48 pa\u00edses de todo el mundo. Estos pa\u00edses\u2026<\/p>\n<p class=\"read-more\"> <a class=\"more-link\" href=\"https:\/\/talkingtochatbots.com\/es\/bing\/technology-and-ai\/what-are-the-countries-where-starlik-internet-service-is-currently\/\"> <span class=\"screen-reader-text\">\u00bfCu\u00e1les son los pa\u00edses donde est\u00e1 disponible el servicio de Internet Starlink?<\/span> Leer m\u00e1s \u00bb<\/a><\/p>","protected":false},"author":2,"featured_media":0,"parent":5678,"menu_order":0,"comment_status":"closed","ping_status":"closed","template":"","meta":{"_monsterinsights_skip_tracking":false,"_monsterinsights_sitenote_active":false,"_monsterinsights_sitenote_note":"","_monsterinsights_sitenote_category":0,"footnotes":""},"class_list":["post-5807","page","type-page","status-publish","hentry"],"aioseo_notices":[],"_links":{"self":[{"href":"https:\/\/talkingtochatbots.com\/es\/wp-json\/wp\/v2\/pages\/5807","targetHints":{"allow":["GET"]}}],"collection":[{"href":"https:\/\/talkingtochatbots.com\/es\/wp-json\/wp\/v2\/pages"}],"about":[{"href":"https:\/\/talkingtochatbots.com\/es\/wp-json\/wp\/v2\/types\/page"}],"author":[{"embeddable":true,"href":"https:\/\/talkingtochatbots.com\/es\/wp-json\/wp\/v2\/users\/2"}],"replies":[{"embeddable":true,"href":"https:\/\/talkingtochatbots.com\/es\/wp-json\/wp\/v2\/comments?post=5807"}],"version-history":[{"count":4,"href":"https:\/\/talkingtochatbots.com\/es\/wp-json\/wp\/v2\/pages\/5807\/revisions"}],"predecessor-version":[{"id":6293,"href":"https:\/\/talkingtochatbots.com\/es\/wp-json\/wp\/v2\/pages\/5807\/revisions\/6293"}],"up":[{"embeddable":true,"href":"https:\/\/talkingtochatbots.com\/es\/wp-json\/wp\/v2\/pages\/5678"}],"wp:attachment":[{"href":"https:\/\/talkingtochatbots.com\/es\/wp-json\/wp\/v2\/media?parent=5807"}],"curies":[{"name":"gracias","href":"https:\/\/api.w.org\/{rel}","templated":true}]}}