{"id":5806,"date":"2024-12-27T20:13:45","date_gmt":"2024-12-27T18:13:45","guid":{"rendered":"https:\/\/talkingtochatbots.com\/bing\/technology-and-ai\/what-are-popular-company-profiles-on-mastodon-and-how-to-identify-my\/"},"modified":"2024-12-30T12:20:38","modified_gmt":"2024-12-30T10:20:38","slug":"what-are-popular-company-profiles-on-mastodon-and-how-to-identify-my","status":"publish","type":"page","link":"https:\/\/talkingtochatbots.com\/es\/bing\/technology-and-ai\/what-are-popular-company-profiles-on-mastodon-and-how-to-identify-my\/","title":{"rendered":"\u00bfCu\u00e1les son los perfiles de empresas m\u00e1s populares en Mastodon y c\u00f3mo identificarlos?"},"content":{"rendered":"\r\n<div id=\"output\" style=\"margin-top:20px; padding:10px; border:1px solid #ccc; background:#e4e4e4;\">\r\n    Loading data from <a href=\"https:\/\/huggingface.co\/datasets\/reddgr\/talking-to-chatbots-chats\" target=\"_blank\" rel=\"noopener\" title=\"\">reddgr\/talking-to-chatbots-chats<\/a> &#8230;\r\n<\/div>\r\n\r\n<script>\r\n    document.addEventListener(\"DOMContentLoaded\", () => {\r\n        const args = {\r\n            dataset: \"reddgr\/talking-to-chatbots-chats\",\r\n            config: \"default\",\r\n            split: \"train\",\r\n            conversation_id: \"0c743d3f-236e-4e12-8490-d94c86577713\",\r\n            offset: 0,\r\n            length: 1\r\n        };\r\n        window.apiCallArgs = args;\r\n    });\r\n<\/script>\r\n\r\n<script src=\"\/wp-content\/uploads\/js\/chat_header_v04.js\"><\/script>\r\n\r\n\r\n\r\n<hr class=\"wp-block-separator has-alpha-channel-opacity\"\/>\r\n\r\n\ud83d\ude0e which are some popular company profiles on Mastodon?\r\n<blockquote>\ud83e\udd16 Mastodon is a decentralized, open source social network that allows users to join different servers or instances based on their interests, preferences, and values. Unlike Twitter, Mastodon does not have ads, algorithms, or tracking, and gives users more control over their content and privacy <a href=\"https:\/\/www.windowscentral.com\" target=\"_blank\" rel=\"nofollow noopener\"><a href=\"https:\/\/www.windowscentral.com\" target=\"_blank\" rel=\"nofollow noopener\">[www.windowscentral.com]<\/a><\/a> <br><br>Some popular company profiles on Mastodon are:<br><br>\u2022  Windows Central: @windowscentral@mastodon.cloud &#8211; A website that covers news, reviews, tips, and opinions about Windows, Microsoft, Xbox, Surface, and more <a href=\"https:\/\/techcrunch.com\" target=\"_blank\" rel=\"nofollow noopener\"><a href=\"https:\/\/techcrunch.com\" target=\"_blank\" rel=\"nofollow noopener\"><a href=\"https:\/\/techcrunch.com\" target=\"_blank\" rel=\"nofollow noopener\"><a href=\"https:\/\/techcrunch.com\" target=\"_blank\" rel=\"nofollow noopener\"><a href=\"https:\/\/techcrunch.com\" target=\"_blank\" rel=\"nofollow noopener\"><a href=\"https:\/\/techcrunch.com\" target=\"_blank\" rel=\"nofollow noopener\"><a href=\"https:\/\/techcrunch.com\" target=\"_blank\" rel=\"nofollow noopener\"><a href=\"https:\/\/techcrunch.com\" target=\"_blank\" rel=\"nofollow noopener\"><a href=\"https:\/\/techcrunch.com\" target=\"_blank\" rel=\"nofollow noopener\">[techcrunch.com]<\/a><\/a><\/a><\/a><\/a><\/a><\/a><\/a><\/a> <br><br>\u2022  9to5Mac: @9to5Mac@mastodon.online &#8211; A website that covers news, rumors, tips, and reviews about Apple products and services <a href=\"https:\/\/techcrunch.com\" target=\"_blank\" rel=\"nofollow noopener\"><a href=\"https:\/\/techcrunch.com\" target=\"_blank\" rel=\"nofollow noopener\"><a href=\"https:\/\/techcrunch.com\" target=\"_blank\" rel=\"nofollow noopener\"><a href=\"https:\/\/techcrunch.com\" target=\"_blank\" rel=\"nofollow noopener\"><a href=\"https:\/\/techcrunch.com\" target=\"_blank\" rel=\"nofollow noopener\"><a href=\"https:\/\/techcrunch.com\" target=\"_blank\" rel=\"nofollow noopener\"><a href=\"https:\/\/techcrunch.com\" target=\"_blank\" rel=\"nofollow noopener\"><a href=\"https:\/\/techcrunch.com\" target=\"_blank\" rel=\"nofollow noopener\"><a href=\"https:\/\/techcrunch.com\" target=\"_blank\" rel=\"nofollow noopener\">[techcrunch.com]<\/a><\/a><\/a><\/a><\/a><\/a><\/a><\/a><\/a> <br><br>\u2022  9to5Google: @9to5google@home.social &#8211; A website that covers news, rumors, tips, and reviews about Google products and services <a href=\"https:\/\/techcrunch.com\" target=\"_blank\" rel=\"nofollow noopener\"><a href=\"https:\/\/techcrunch.com\" target=\"_blank\" rel=\"nofollow noopener\"><a href=\"https:\/\/techcrunch.com\" target=\"_blank\" rel=\"nofollow noopener\"><a href=\"https:\/\/techcrunch.com\" target=\"_blank\" rel=\"nofollow noopener\"><a href=\"https:\/\/techcrunch.com\" target=\"_blank\" rel=\"nofollow noopener\"><a href=\"https:\/\/techcrunch.com\" target=\"_blank\" rel=\"nofollow noopener\"><a href=\"https:\/\/techcrunch.com\" target=\"_blank\" rel=\"nofollow noopener\"><a href=\"https:\/\/techcrunch.com\" target=\"_blank\" rel=\"nofollow noopener\"><a href=\"https:\/\/techcrunch.com\" target=\"_blank\" rel=\"nofollow noopener\">[techcrunch.com]<\/a><\/a><\/a><\/a><\/a><\/a><\/a><\/a><\/a> <br><br>\u2022  TWiT Podcasts: @TWiT@mastodon.social &#8211; A network of podcasts that cover technology news, reviews, commentary, and analysis <a href=\"https:\/\/techcrunch.com\" target=\"_blank\" rel=\"nofollow noopener\"><a href=\"https:\/\/techcrunch.com\" target=\"_blank\" rel=\"nofollow noopener\"><a href=\"https:\/\/techcrunch.com\" target=\"_blank\" rel=\"nofollow noopener\"><a href=\"https:\/\/techcrunch.com\" target=\"_blank\" rel=\"nofollow noopener\"><a href=\"https:\/\/techcrunch.com\" target=\"_blank\" rel=\"nofollow noopener\"><a href=\"https:\/\/techcrunch.com\" target=\"_blank\" rel=\"nofollow noopener\"><a href=\"https:\/\/techcrunch.com\" target=\"_blank\" rel=\"nofollow noopener\"><a href=\"https:\/\/techcrunch.com\" target=\"_blank\" rel=\"nofollow noopener\"><a href=\"https:\/\/techcrunch.com\" target=\"_blank\" rel=\"nofollow noopener\">[techcrunch.com]<\/a><\/a><\/a><\/a><\/a><\/a><\/a><\/a><\/a> <br><br>\u2022  The Verge (bot): @verge@wuff.space &#8211; A bot that posts links to articles from The Verge, a website that covers technology, science, culture, and entertainment <a href=\"https:\/\/techcrunch.com\" target=\"_blank\" rel=\"nofollow noopener\"><a href=\"https:\/\/techcrunch.com\" target=\"_blank\" rel=\"nofollow noopener\"><a href=\"https:\/\/techcrunch.com\" target=\"_blank\" rel=\"nofollow noopener\"><a href=\"https:\/\/techcrunch.com\" target=\"_blank\" rel=\"nofollow noopener\"><a href=\"https:\/\/techcrunch.com\" target=\"_blank\" rel=\"nofollow noopener\"><a href=\"https:\/\/techcrunch.com\" target=\"_blank\" rel=\"nofollow noopener\"><a href=\"https:\/\/techcrunch.com\" target=\"_blank\" rel=\"nofollow noopener\"><a href=\"https:\/\/techcrunch.com\" target=\"_blank\" rel=\"nofollow noopener\"><a href=\"https:\/\/techcrunch.com\" target=\"_blank\" rel=\"nofollow noopener\">[techcrunch.com]<\/a><\/a><\/a><\/a><\/a><\/a><\/a><\/a><\/a> <br><br>\u2022  Techmeme (bot): @Techmeme@techhub.social &#8211; A bot that posts links to the most essential tech news of the day from Techmeme, a website that aggregates technology news from various sources <a href=\"https:\/\/techcrunch.com\" target=\"_blank\" rel=\"nofollow noopener\"><a href=\"https:\/\/techcrunch.com\" target=\"_blank\" rel=\"nofollow noopener\"><a href=\"https:\/\/techcrunch.com\" target=\"_blank\" rel=\"nofollow noopener\"><a href=\"https:\/\/techcrunch.com\" target=\"_blank\" rel=\"nofollow noopener\"><a href=\"https:\/\/techcrunch.com\" target=\"_blank\" rel=\"nofollow noopener\"><a href=\"https:\/\/techcrunch.com\" target=\"_blank\" rel=\"nofollow noopener\"><a href=\"https:\/\/techcrunch.com\" target=\"_blank\" rel=\"nofollow noopener\"><a href=\"https:\/\/techcrunch.com\" target=\"_blank\" rel=\"nofollow noopener\"><a href=\"https:\/\/techcrunch.com\" target=\"_blank\" rel=\"nofollow noopener\">[techcrunch.com]<\/a><\/a><\/a><\/a><\/a><\/a><\/a><\/a><\/a> <br><br>\u2022  TechAltar: @Techaltar@mas.to &#8211; A YouTube channel that produces videos about technology trends, business models, and strategies <a href=\"https:\/\/techcrunch.com\" target=\"_blank\" rel=\"nofollow noopener\"><a href=\"https:\/\/techcrunch.com\" target=\"_blank\" rel=\"nofollow noopener\"><a href=\"https:\/\/techcrunch.com\" target=\"_blank\" rel=\"nofollow noopener\"><a href=\"https:\/\/techcrunch.com\" target=\"_blank\" rel=\"nofollow noopener\"><a href=\"https:\/\/techcrunch.com\" target=\"_blank\" rel=\"nofollow noopener\"><a href=\"https:\/\/techcrunch.com\" target=\"_blank\" rel=\"nofollow noopener\"><a href=\"https:\/\/techcrunch.com\" target=\"_blank\" rel=\"nofollow noopener\"><a href=\"https:\/\/techcrunch.com\" target=\"_blank\" rel=\"nofollow noopener\"><a href=\"https:\/\/techcrunch.com\" target=\"_blank\" rel=\"nofollow noopener\">[techcrunch.com]<\/a><\/a><\/a><\/a><\/a><\/a><\/a><\/a><\/a> <br><br>\u2022  Lisa Gade: @lisagade@mastodon.social &#8211; A YouTube reviewer and editor-in-chief of MobileTechReview, a website that covers laptops, tablets, smartphones, and other gadgets <a href=\"https:\/\/techcrunch.com\" target=\"_blank\" rel=\"nofollow noopener\"><a href=\"https:\/\/techcrunch.com\" target=\"_blank\" rel=\"nofollow noopener\"><a href=\"https:\/\/techcrunch.com\" target=\"_blank\" rel=\"nofollow noopener\"><a href=\"https:\/\/techcrunch.com\" target=\"_blank\" rel=\"nofollow noopener\"><a href=\"https:\/\/techcrunch.com\" target=\"_blank\" rel=\"nofollow noopener\"><a href=\"https:\/\/techcrunch.com\" target=\"_blank\" rel=\"nofollow noopener\"><a href=\"https:\/\/techcrunch.com\" target=\"_blank\" rel=\"nofollow noopener\"><a href=\"https:\/\/techcrunch.com\" target=\"_blank\" rel=\"nofollow noopener\"><a href=\"https:\/\/techcrunch.com\" target=\"_blank\" rel=\"nofollow noopener\">[techcrunch.com]<\/a><\/a><\/a><\/a><\/a><\/a><\/a><\/a><\/a> <br><br>These are just some examples of popular company profiles on Mastodon. You can find more by searching for keywords or hashtags related to your interests or topics. You can also follow people who share similar views or passions as you.<br><br>If you want to learn more about Mastodon and how to use it effectively, you can visit these websites:<br><br>\u2022  What is Mastodon? &#8211; JoinMastodon.org<br><br>\u2022  A beginner&#8217;s guide to Mastodon &#8211; TechCrunch<br><br>\u2022  What Is Mastodon and Why Is Everyone Going There? &#8211; Hootsuite<br><br>I hope this helps you discover some interesting and useful company profiles on Mastodon. If you have any other questions, please let me know. \ud83d\ude0a <a href=\"https:\/\/www.windowscentral.com\" target=\"_blank\" rel=\"nofollow noopener\"><a href=\"https:\/\/www.windowscentral.com\" target=\"_blank\" rel=\"nofollow noopener\">[www.windowscentral.com]<\/a><\/a>  <a href=\"https:\/\/techcrunch.com\" target=\"_blank\" rel=\"nofollow noopener\"><a href=\"https:\/\/techcrunch.com\" target=\"_blank\" rel=\"nofollow noopener\"><a href=\"https:\/\/techcrunch.com\" target=\"_blank\" rel=\"nofollow noopener\"><a href=\"https:\/\/techcrunch.com\" target=\"_blank\" rel=\"nofollow noopener\"><a href=\"https:\/\/techcrunch.com\" target=\"_blank\" rel=\"nofollow noopener\"><a href=\"https:\/\/techcrunch.com\" target=\"_blank\" rel=\"nofollow noopener\"><a href=\"https:\/\/techcrunch.com\" target=\"_blank\" rel=\"nofollow noopener\"><a href=\"https:\/\/techcrunch.com\" target=\"_blank\" rel=\"nofollow noopener\"><a href=\"https:\/\/techcrunch.com\" target=\"_blank\" rel=\"nofollow noopener\">[techcrunch.com]<\/a><\/a><\/a><\/a><\/a><\/a><\/a><\/a><\/a><\/blockquote>\r\n\ud83d\ude0e how do I know which is my Mastodon server?\r\n<blockquote>\ud83e\udd16 Your Mastodon server is the provider or instance that you signed up with to create your Mastodon account. It is the part of your username that comes after the @ symbol. For example, if your username is @alice@mastodon.social, then your Mastodon server is mastodon.social.<br><br>You can find your Mastodon server by looking at your profile page or by checking the URL of the web interface. Your Mastodon server is also the domain name of the website that you use to access Mastodon. For example, if you use  <a href=\"https:\/\/mastodon.social\" target=\"_blank\" rel=\"nofollow noopener\">[mastodon.social]<\/a>  to log in and post, then your Mastodon server is mastodon.social.<br><br>If you are not sure which Mastodon server to join or want to switch to a different one, you can use some tools and resources to help you find one that suits your interests, preferences, and values. Here are some tips:<br><br>\u2022  Use the official list of servers at  <a href=\"https:\/\/joinmastodon.org\" target=\"_blank\" rel=\"nofollow noopener\"><a href=\"https:\/\/joinmastodon.org\" target=\"_blank\" rel=\"nofollow noopener\"><a href=\"https:\/\/joinmastodon.org\" target=\"_blank\" rel=\"nofollow noopener\">[joinmastodon.org]<\/a><\/a><\/a>  This list shows servers that are committed to moderation against racism, sexism, and transphobia, and lets you filter them by language, sign-up process, legal structure, region, and topic <a href=\"https:\/\/www.pcmag.com\" target=\"_blank\" rel=\"nofollow noopener\"><a href=\"https:\/\/www.pcmag.com\" target=\"_blank\" rel=\"nofollow noopener\">[www.pcmag.com]<\/a><\/a> <br><br>\u2022  Use the server search tool at  <a href=\"https:\/\/instances.social\" target=\"_blank\" rel=\"nofollow noopener\">[instances.social]<\/a>  This tool lets you browse and compare servers by various criteria, such as uptime, user count, rules, features, languages, categories, etc. You can also see the timelines and profiles of each server <a href=\"https:\/\/joinmastodon.org\" target=\"_blank\" rel=\"nofollow noopener\"><a href=\"https:\/\/joinmastodon.org\" target=\"_blank\" rel=\"nofollow noopener\"><a href=\"https:\/\/joinmastodon.org\" target=\"_blank\" rel=\"nofollow noopener\">[joinmastodon.org]<\/a><\/a><\/a> <br><br>\u2022  Use the server quiz at  <a href=\"https:\/\/instances.noct.zone\" target=\"_blank\" rel=\"nofollow noopener\"><a href=\"https:\/\/instances.noct.zone\" target=\"_blank\" rel=\"nofollow noopener\">[instances.noct.zone]<\/a><\/a>  This quiz asks you a few questions about your preferences and expectations, and then suggests some servers that match your answers <a href=\"https:\/\/nerdschalk.com\" target=\"_blank\" rel=\"nofollow noopener\"><a href=\"https:\/\/nerdschalk.com\" target=\"_blank\" rel=\"nofollow noopener\">[nerdschalk.com]<\/a><\/a> <br><br>\u2022  Look for people you follow or admire on other platforms and see what server they are on. You can also ask your friends or online communities for recommendations.<br><br>\u2022  Join a random server and see if you like it. You can use  <a href=\"https:\/\/instances.noct.zone\" target=\"_blank\" rel=\"nofollow noopener\"><a href=\"https:\/\/instances.noct.zone\" target=\"_blank\" rel=\"nofollow noopener\">[instances.noct.zone]<\/a><\/a>  to get a random server from the list of active servers. You can also use  <a href=\"https:\/\/instances.fediverse.space\" target=\"_blank\" rel=\"nofollow noopener\">[instances.fediverse.space]<\/a>  to see a map of servers and their connections.<br><br>Remember that you can follow and interact with people from any Mastodon server, regardless of where your account is hosted. You can also move your profile to a different server at any time without losing any followers. To do so, you need to export your data from your old server and import it to your new server using the settings menu.<br><br>I hope this helps you know which is your Mastodon server and how to find a new one if you want. If you have any other questions, please let me know. \ud83d\ude0a <a href=\"https:\/\/www.pcmag.com\" target=\"_blank\" rel=\"nofollow noopener\"><a href=\"https:\/\/www.pcmag.com\" target=\"_blank\" rel=\"nofollow noopener\">[www.pcmag.com]<\/a><\/a>  <a href=\"https:\/\/joinmastodon.org\" target=\"_blank\" rel=\"nofollow noopener\"><a href=\"https:\/\/joinmastodon.org\" target=\"_blank\" rel=\"nofollow noopener\"><a href=\"https:\/\/joinmastodon.org\" target=\"_blank\" rel=\"nofollow noopener\">[joinmastodon.org]<\/a><\/a><\/a>  <a href=\"https:\/\/nerdschalk.com\" target=\"_blank\" rel=\"nofollow noopener\"><a href=\"https:\/\/nerdschalk.com\" target=\"_blank\" rel=\"nofollow noopener\">[nerdschalk.com]<\/a><\/a><\/blockquote>\r\n\r\n<hr class=\"wp-block-separator has-alpha-channel-opacity\"\/>\r\n\r\n\r\n\r\n<h2 class=\"wp-block-heading\">Hugging Face Dataset Metrics<\/h2>\r\n\r\n\r\n\r\n<p>All the conversation prompts, responses, and metrics are available to download and explore on Hugging Face dataset <a href=\"https:\/\/huggingface.co\/datasets\/reddgr\/talking-to-chatbots-chats\" target=\"_blank\" rel=\"noopener\" title=\"\">reddgr\/talking-to-chatbots-chats<\/a>:<\/p>\r\n\r\n\r\n\r\n<iframe\r\n  src=\"https:\/\/huggingface.co\/datasets\/reddgr\/talking-to-chatbots-chats\/embed\/viewer\/default\/train?f[conversation_id][value]=%270c743d3f-236e-4e12-8490-d94c86577713%27\"\r\n  frameborder=\"0\"\r\n  width=\"100%\"\r\n  height=\"390px\"\r\n><\/iframe>\r\n\r\n\r\n\r\n<iframe\r\n  src=\"https:\/\/huggingface.co\/datasets\/reddgr\/talking-to-chatbots-unwrapped-chats\/embed\/viewer\/default\/train?f[conversation_id][value]=%270c743d3f-236e-4e12-8490-d94c86577713%27&#038;sort[column]=turn&#038;sort[direction]=asc\"\r\n  frameborder=\"0\"\r\n  width=\"100%\"\r\n  height=\"460px\"\r\n><\/iframe>\r\n","protected":false},"excerpt":{"rendered":"<p>Cargando datos de reddgr\/talking-to-chatbots-chats\u2026 \ud83d\ude0e \u00bfCu\u00e1les son algunos perfiles de empresas populares en Mastodon? \ud83e\udd16 Mastodon es una red social descentralizada y de c\u00f3digo abierto que permite a los usuarios unirse a diferentes servidores o instancias seg\u00fan sus intereses, preferencias y valores. A diferencia de\u2026<\/p>\n<p class=\"read-more\"> <a class=\"more-link\" href=\"https:\/\/talkingtochatbots.com\/es\/bing\/technology-and-ai\/what-are-popular-company-profiles-on-mastodon-and-how-to-identify-my\/\"> <span class=\"screen-reader-text\">\u00bfCu\u00e1les son los perfiles de empresas m\u00e1s populares en Mastodon y c\u00f3mo identificarlos?<\/span> Leer m\u00e1s \u00bb<\/a><\/p>","protected":false},"author":0,"featured_media":0,"parent":5678,"menu_order":0,"comment_status":"closed","ping_status":"closed","template":"","meta":{"_monsterinsights_skip_tracking":false,"_monsterinsights_sitenote_active":false,"_monsterinsights_sitenote_note":"","_monsterinsights_sitenote_category":0,"footnotes":""},"class_list":["post-5806","page","type-page","status-publish","hentry"],"aioseo_notices":[],"_links":{"self":[{"href":"https:\/\/talkingtochatbots.com\/es\/wp-json\/wp\/v2\/pages\/5806","targetHints":{"allow":["GET"]}}],"collection":[{"href":"https:\/\/talkingtochatbots.com\/es\/wp-json\/wp\/v2\/pages"}],"about":[{"href":"https:\/\/talkingtochatbots.com\/es\/wp-json\/wp\/v2\/types\/page"}],"replies":[{"embeddable":true,"href":"https:\/\/talkingtochatbots.com\/es\/wp-json\/wp\/v2\/comments?post=5806"}],"version-history":[{"count":5,"href":"https:\/\/talkingtochatbots.com\/es\/wp-json\/wp\/v2\/pages\/5806\/revisions"}],"predecessor-version":[{"id":6230,"href":"https:\/\/talkingtochatbots.com\/es\/wp-json\/wp\/v2\/pages\/5806\/revisions\/6230"}],"up":[{"embeddable":true,"href":"https:\/\/talkingtochatbots.com\/es\/wp-json\/wp\/v2\/pages\/5678"}],"wp:attachment":[{"href":"https:\/\/talkingtochatbots.com\/es\/wp-json\/wp\/v2\/media?parent=5806"}],"curies":[{"name":"gracias","href":"https:\/\/api.w.org\/{rel}","templated":true}]}}