{"id":5783,"date":"2024-12-27T20:13:26","date_gmt":"2024-12-27T18:13:26","guid":{"rendered":"https:\/\/talkingtochatbots.com\/bing\/technology-and-ai\/identifying-terms-for-information-overload-and-improving-a-comment\/"},"modified":"2024-12-30T12:08:05","modified_gmt":"2024-12-30T10:08:05","slug":"identifying-terms-for-information-overload-and-improving-a-comment","status":"publish","type":"page","link":"https:\/\/talkingtochatbots.com\/es\/bing\/technology-and-ai\/identifying-terms-for-information-overload-and-improving-a-comment\/","title":{"rendered":"C\u00f3mo identificar t\u00e9rminos de sobrecarga de informaci\u00f3n y mejorar un comentario"},"content":{"rendered":"\r\n<div id=\"output\" style=\"margin-top:20px; padding:10px; border:1px solid #ccc; background:#e4e4e4;\">\r\n    Loading data from <a href=\"https:\/\/huggingface.co\/datasets\/reddgr\/talking-to-chatbots-chats\" target=\"_blank\" rel=\"noopener\" title=\"\">reddgr\/talking-to-chatbots-chats<\/a> &#8230;\r\n<\/div>\r\n\r\n<script>\r\n    document.addEventListener(\"DOMContentLoaded\", () => {\r\n        const args = {\r\n            dataset: \"reddgr\/talking-to-chatbots-chats\",\r\n            config: \"default\",\r\n            split: \"train\",\r\n            conversation_id: \"4a3e8da2-5c28-4fe6-a2ed-99a3dd825a02\",\r\n            offset: 0,\r\n            length: 1\r\n        };\r\n        window.apiCallArgs = args;\r\n    });\r\n<\/script>\r\n\r\n<script src=\"\/wp-content\/uploads\/js\/chat_header_v04.js\"><\/script>\r\n\r\n\r\n\r\n<hr class=\"wp-block-separator has-alpha-channel-opacity\"\/>\r\n\r\n\ud83d\ude0e Is there a name for the habit of spending time scrolling through social media feeds, seeing information very quickly and without obtaining any relevant learning?\r\n<blockquote>\ud83e\udd16 One term that has been used to describe the habit of scrolling through social media feeds and consuming a lot of negative or distressing news is doomscrolling <a href=\"https:\/\/mashable.com\" target=\"_blank\" rel=\"nofollow noopener\"><a href=\"https:\/\/mashable.com\" target=\"_blank\" rel=\"nofollow noopener\"><a href=\"https:\/\/mashable.com\" target=\"_blank\" rel=\"nofollow noopener\"><a href=\"https:\/\/mashable.com\" target=\"_blank\" rel=\"nofollow noopener\"><a href=\"https:\/\/mashable.com\" target=\"_blank\" rel=\"nofollow noopener\">[mashable.com]<\/a><\/a><\/a><\/a><\/a>  <a href=\"https:\/\/www.merriam-webster.com\" target=\"_blank\" rel=\"nofollow noopener\"><a href=\"https:\/\/www.merriam-webster.com\" target=\"_blank\" rel=\"nofollow noopener\"><a href=\"https:\/\/www.merriam-webster.com\" target=\"_blank\" rel=\"nofollow noopener\">[www.merriam-webster.com]<\/a><\/a><\/a>  This term gained popularity after people began quarantining to help stop the spread of the coronavirus <a href=\"https:\/\/mashable.com\" target=\"_blank\" rel=\"nofollow noopener\"><a href=\"https:\/\/mashable.com\" target=\"_blank\" rel=\"nofollow noopener\"><a href=\"https:\/\/mashable.com\" target=\"_blank\" rel=\"nofollow noopener\"><a href=\"https:\/\/mashable.com\" target=\"_blank\" rel=\"nofollow noopener\"><a href=\"https:\/\/mashable.com\" target=\"_blank\" rel=\"nofollow noopener\">[mashable.com]<\/a><\/a><\/a><\/a><\/a>  Doomscrolling was recently added as a word to Merriam-Webster\u2019s \u201cWords We\u2019re Watching\u201d list, suggesting the phenomenon is here to stay <a href=\"https:\/\/www.merriam-webster.com\" target=\"_blank\" rel=\"nofollow noopener\"><a href=\"https:\/\/www.merriam-webster.com\" target=\"_blank\" rel=\"nofollow noopener\"><a href=\"https:\/\/www.merriam-webster.com\" target=\"_blank\" rel=\"nofollow noopener\">[www.merriam-webster.com]<\/a><\/a><\/a> <br><br>Doomscrolling can have negative effects on our mental health and well-being, such as increasing anxiety, stress, and sadness. It can also interfere with our productivity and focus, as we spend more time on social media than on our work or other activities <a href=\"https:\/\/mashable.com\" target=\"_blank\" rel=\"nofollow noopener\"><a href=\"https:\/\/mashable.com\" target=\"_blank\" rel=\"nofollow noopener\"><a href=\"https:\/\/mashable.com\" target=\"_blank\" rel=\"nofollow noopener\"><a href=\"https:\/\/mashable.com\" target=\"_blank\" rel=\"nofollow noopener\"><a href=\"https:\/\/mashable.com\" target=\"_blank\" rel=\"nofollow noopener\">[mashable.com]<\/a><\/a><\/a><\/a><\/a> <br><br>Some practical ways to cut back on doomscrolling are:<br><br>\u2022  Set a timer or use an app to limit your social media usage<br><br>\u2022  Turn off notifications or mute certain keywords that trigger doomscrolling<br><br>\u2022  Follow accounts that post positive or uplifting content<br><br>\u2022  Engage in other hobbies or interests that bring you joy<br><br>\u2022  Seek support from friends, family, or professionals if you feel overwhelmed by the news <a href=\"https:\/\/mashable.com\" target=\"_blank\" rel=\"nofollow noopener\"><a href=\"https:\/\/mashable.com\" target=\"_blank\" rel=\"nofollow noopener\"><a href=\"https:\/\/mashable.com\" target=\"_blank\" rel=\"nofollow noopener\"><a href=\"https:\/\/mashable.com\" target=\"_blank\" rel=\"nofollow noopener\"><a href=\"https:\/\/mashable.com\" target=\"_blank\" rel=\"nofollow noopener\">[mashable.com]<\/a><\/a><\/a><\/a><\/a>  <a href=\"https:\/\/mashable.com\" target=\"_blank\" rel=\"nofollow noopener\"><a href=\"https:\/\/mashable.com\" target=\"_blank\" rel=\"nofollow noopener\"><a href=\"https:\/\/mashable.com\" target=\"_blank\" rel=\"nofollow noopener\"><a href=\"https:\/\/mashable.com\" target=\"_blank\" rel=\"nofollow noopener\"><a href=\"https:\/\/mashable.com\" target=\"_blank\" rel=\"nofollow noopener\">[mashable.com]<\/a><\/a><\/a><\/a><\/a>  <a href=\"https:\/\/www.merriam-webster.com\" target=\"_blank\" rel=\"nofollow noopener\"><a href=\"https:\/\/www.merriam-webster.com\" target=\"_blank\" rel=\"nofollow noopener\"><a href=\"https:\/\/www.merriam-webster.com\" target=\"_blank\" rel=\"nofollow noopener\">[www.merriam-webster.com]<\/a><\/a><\/a><\/blockquote>\r\n\ud83d\ude0e Is there another term that doesn\u2019t necessarily refer to negative news, but to information overload or irrelevant content in general?\r\n<blockquote>\ud83e\udd16 Another term that can be used to describe the situation of having too much information or irrelevant content is information overload <a href=\"https:\/\/en.wikipedia.org\" target=\"_blank\" rel=\"nofollow noopener\"><a href=\"https:\/\/en.wikipedia.org\" target=\"_blank\" rel=\"nofollow noopener\"><a href=\"https:\/\/en.wikipedia.org\" target=\"_blank\" rel=\"nofollow noopener\"><a href=\"https:\/\/en.wikipedia.org\" target=\"_blank\" rel=\"nofollow noopener\"><a href=\"https:\/\/en.wikipedia.org\" target=\"_blank\" rel=\"nofollow noopener\"><a href=\"https:\/\/en.wikipedia.org\" target=\"_blank\" rel=\"nofollow noopener\">[en.wikipedia.org]<\/a><\/a><\/a><\/a><\/a><\/a>  This term is generally associated with the excessive quantity of daily information that can make it difficult to understand an issue and make effective decisions <a href=\"https:\/\/en.wikipedia.org\" target=\"_blank\" rel=\"nofollow noopener\"><a href=\"https:\/\/en.wikipedia.org\" target=\"_blank\" rel=\"nofollow noopener\"><a href=\"https:\/\/en.wikipedia.org\" target=\"_blank\" rel=\"nofollow noopener\"><a href=\"https:\/\/en.wikipedia.org\" target=\"_blank\" rel=\"nofollow noopener\"><a href=\"https:\/\/en.wikipedia.org\" target=\"_blank\" rel=\"nofollow noopener\"><a href=\"https:\/\/en.wikipedia.org\" target=\"_blank\" rel=\"nofollow noopener\">[en.wikipedia.org]<\/a><\/a><\/a><\/a><\/a><\/a>  Information overload can also reduce the quality of the decisions, as the individual has limited resources to process all the information and optimally make the best choice <a href=\"https:\/\/en.wikipedia.org\" target=\"_blank\" rel=\"nofollow noopener\"><a href=\"https:\/\/en.wikipedia.org\" target=\"_blank\" rel=\"nofollow noopener\"><a href=\"https:\/\/en.wikipedia.org\" target=\"_blank\" rel=\"nofollow noopener\"><a href=\"https:\/\/en.wikipedia.org\" target=\"_blank\" rel=\"nofollow noopener\"><a href=\"https:\/\/en.wikipedia.org\" target=\"_blank\" rel=\"nofollow noopener\"><a href=\"https:\/\/en.wikipedia.org\" target=\"_blank\" rel=\"nofollow noopener\">[en.wikipedia.org]<\/a><\/a><\/a><\/a><\/a><\/a>  .<br><br>Information overload can have negative effects on our cognitive abilities, such as attention, memory, and comprehension. It can also cause stress, frustration, and confusion. It can interfere with our productivity and creativity, as we spend more time on filtering and organizing information than on using it for meaningful purposes <a href=\"https:\/\/en.wikipedia.org\" target=\"_blank\" rel=\"nofollow noopener\"><a href=\"https:\/\/en.wikipedia.org\" target=\"_blank\" rel=\"nofollow noopener\"><a href=\"https:\/\/en.wikipedia.org\" target=\"_blank\" rel=\"nofollow noopener\"><a href=\"https:\/\/en.wikipedia.org\" target=\"_blank\" rel=\"nofollow noopener\"><a href=\"https:\/\/en.wikipedia.org\" target=\"_blank\" rel=\"nofollow noopener\"><a href=\"https:\/\/en.wikipedia.org\" target=\"_blank\" rel=\"nofollow noopener\">[en.wikipedia.org]<\/a><\/a><\/a><\/a><\/a><\/a> <br><br>Some practical ways to cope with information overload are:<br><br>\u2022  Set clear goals and priorities for what information you need and why<br><br>\u2022  Use filters and tools to sort and categorize information according to relevance and importance<br><br>\u2022  Avoid multitasking and focus on one task or source of information at a time<br><br>\u2022  Take breaks and rest your mind from information processing<br><br>\u2022  Seek feedback and guidance from others if you feel overwhelmed or uncertain about the information <a href=\"https:\/\/en.wikipedia.org\" target=\"_blank\" rel=\"nofollow noopener\"><a href=\"https:\/\/en.wikipedia.org\" target=\"_blank\" rel=\"nofollow noopener\"><a href=\"https:\/\/en.wikipedia.org\" target=\"_blank\" rel=\"nofollow noopener\"><a href=\"https:\/\/en.wikipedia.org\" target=\"_blank\" rel=\"nofollow noopener\"><a href=\"https:\/\/en.wikipedia.org\" target=\"_blank\" rel=\"nofollow noopener\"><a href=\"https:\/\/en.wikipedia.org\" target=\"_blank\" rel=\"nofollow noopener\">[en.wikipedia.org]<\/a><\/a><\/a><\/a><\/a><\/a>  <a href=\"https:\/\/en.wikipedia.org\" target=\"_blank\" rel=\"nofollow noopener\"><a href=\"https:\/\/en.wikipedia.org\" target=\"_blank\" rel=\"nofollow noopener\"><a href=\"https:\/\/en.wikipedia.org\" target=\"_blank\" rel=\"nofollow noopener\"><a href=\"https:\/\/en.wikipedia.org\" target=\"_blank\" rel=\"nofollow noopener\"><a href=\"https:\/\/en.wikipedia.org\" target=\"_blank\" rel=\"nofollow noopener\"><a href=\"https:\/\/en.wikipedia.org\" target=\"_blank\" rel=\"nofollow noopener\">[en.wikipedia.org]<\/a><\/a><\/a><\/a><\/a><\/a><\/blockquote>\r\n\ud83d\ude0e Can you help me improve the writing of this comment? \u201cI believe the main problem with long-form content on LinkedIn and on most other social media platforms is that people tend to follow and connect with too many sources. This creates a habit of scrolling through feeds that become quickly flooded with information that for the most part does not create value to the reader (information overload) and, in the worst cases, creates negative impact on people\u2019s well-being and mental health (doomscrolling). This creates a vicious circle that either discourages people from joining and participating in some social media platforms or, in most cases, creates a habit of ignoring long content because there\u2019s too much information that can be consumed very quickly. On LinkedIn specifically, here\u2019s a interesting parody about that kind of content. I found it precisely on one of the social networks that have done the most to incentivize the short-lived, short-form content creation:  <a href=\"https:\/\/www.instagram.com\" target=\"_blank\" rel=\"nofollow noopener\"><a href=\"https:\/\/www.instagram.com\" target=\"_blank\" rel=\"nofollow noopener\"><a href=\"https:\/\/www.instagram.com\" target=\"_blank\" rel=\"nofollow noopener\"><a href=\"https:\/\/www.instagram.com\" target=\"_blank\" rel=\"nofollow noopener\">[www.instagram.com]<\/a><\/a><\/a><\/a>  \u2022 Instagram <a href=\"https:\/\/www.instagram.com\" target=\"_blank\" rel=\"nofollow noopener\"><a href=\"https:\/\/www.instagram.com\" target=\"_blank\" rel=\"nofollow noopener\"><a href=\"https:\/\/www.instagram.com\" target=\"_blank\" rel=\"nofollow noopener\"><a href=\"https:\/\/www.instagram.com\" target=\"_blank\" rel=\"nofollow noopener\">[www.instagram.com]<\/a><\/a><\/a><\/a>\r\n<blockquote>\ud83e\udd16 Here is a possible way to rewrite the comment:<br><br>\u201cI think long-form content on LinkedIn and other social media platforms suffers from two problems: information overload and doomscrolling. People follow and connect with too many sources, so their feeds are full of irrelevant or negative information that doesn&#8217;t add value or harms their well-being. This makes them either avoid or ignore long content, because they prefer to consume information quickly. LinkedIn is notorious for this kind of content, as this hilarious parody shows:  <a href=\"https:\/\/www.instagram.com\" target=\"_blank\" rel=\"nofollow noopener\"><a href=\"https:\/\/www.instagram.com\" target=\"_blank\" rel=\"nofollow noopener\"><a href=\"https:\/\/www.instagram.com\" target=\"_blank\" rel=\"nofollow noopener\"><a href=\"https:\/\/www.instagram.com\" target=\"_blank\" rel=\"nofollow noopener\">[www.instagram.com]<\/a><\/a><\/a><\/a><\/blockquote>\r\n\ud83d\ude0e Can you suggest another way of rewriting it making fewer changes? I don\u2019t want so many changes, I just want to identify style or grammar errors\r\n<blockquote>\ud83e\udd16 Here is another possible way to rewrite the comment:<br><br>\u201cI believe the main problem with long-form content on LinkedIn and on most other social media platforms is that people tend to follow and connect with too many sources. This creates a habit of scrolling through feeds that quickly become flooded with information that, for the most part, does not create value for the reader (information overload) and, in the worst cases, has a negative impact on people\u2019s well-being and mental health (doomscrolling). This creates a vicious circle that either discourages people from joining and participating in some social media platforms or, in most cases, makes them ignore long content because there is too much information that can be consumed quickly. On LinkedIn specifically, here is an interesting parody about that kind of content. I found it precisely on one of the social networks that have done the most to incentivize short-lived, short-form content creation:  <a href=\"https:\/\/www.instagram.com\" target=\"_blank\" rel=\"nofollow noopener\"><a href=\"https:\/\/www.instagram.com\" target=\"_blank\" rel=\"nofollow noopener\"><a href=\"https:\/\/www.instagram.com\" target=\"_blank\" rel=\"nofollow noopener\"><a href=\"https:\/\/www.instagram.com\" target=\"_blank\" rel=\"nofollow noopener\">[www.instagram.com]<\/a><\/a><\/a><\/a><\/blockquote>\r\n\r\n<hr class=\"wp-block-separator has-alpha-channel-opacity\"\/>\r\n\r\n\r\n\r\n<h2 class=\"wp-block-heading\">Hugging Face Dataset Metrics<\/h2>\r\n\r\n\r\n\r\n<p>All the conversation prompts, responses, and metrics are available to download and explore on Hugging Face dataset <a href=\"https:\/\/huggingface.co\/datasets\/reddgr\/talking-to-chatbots-chats\" target=\"_blank\" rel=\"noopener\" title=\"\">reddgr\/talking-to-chatbots-chats<\/a>:<\/p>\r\n\r\n\r\n\r\n<iframe\r\n  src=\"https:\/\/huggingface.co\/datasets\/reddgr\/talking-to-chatbots-chats\/embed\/viewer\/default\/train?f[conversation_id][value]=%274a3e8da2-5c28-4fe6-a2ed-99a3dd825a02%27\"\r\n  frameborder=\"0\"\r\n  width=\"100%\"\r\n  height=\"390px\"\r\n><\/iframe>\r\n\r\n\r\n\r\n<iframe\r\n  src=\"https:\/\/huggingface.co\/datasets\/reddgr\/talking-to-chatbots-unwrapped-chats\/embed\/viewer\/default\/train?f[conversation_id][value]=%274a3e8da2-5c28-4fe6-a2ed-99a3dd825a02%27&#038;sort[column]=turn&#038;sort[direction]=asc\"\r\n  frameborder=\"0\"\r\n  width=\"100%\"\r\n  height=\"460px\"\r\n><\/iframe>\r\n","protected":false},"excerpt":{"rendered":"<p>Cargando datos de reddgr\/talking-to-chatbots-chats\u2026 \ud83d\ude0e \u00bfExiste un nombre para el h\u00e1bito de pasar tiempo navegando por las redes sociales, viendo informaci\u00f3n muy r\u00e1pido y sin obtener ning\u00fan aprendizaje relevante? \ud83e\udd16 Un t\u00e9rmino que se ha usado para describir\u2026<\/p>\n<p class=\"read-more\"> <a class=\"more-link\" href=\"https:\/\/talkingtochatbots.com\/es\/bing\/technology-and-ai\/identifying-terms-for-information-overload-and-improving-a-comment\/\"> <span class=\"screen-reader-text\">C\u00f3mo identificar t\u00e9rminos de sobrecarga de informaci\u00f3n y mejorar un comentario<\/span> Leer m\u00e1s \u00bb<\/a><\/p>","protected":false},"author":0,"featured_media":0,"parent":5678,"menu_order":0,"comment_status":"closed","ping_status":"closed","template":"","meta":{"_monsterinsights_skip_tracking":false,"_monsterinsights_sitenote_active":false,"_monsterinsights_sitenote_note":"","_monsterinsights_sitenote_category":0,"footnotes":""},"class_list":["post-5783","page","type-page","status-publish","hentry"],"aioseo_notices":[],"_links":{"self":[{"href":"https:\/\/talkingtochatbots.com\/es\/wp-json\/wp\/v2\/pages\/5783","targetHints":{"allow":["GET"]}}],"collection":[{"href":"https:\/\/talkingtochatbots.com\/es\/wp-json\/wp\/v2\/pages"}],"about":[{"href":"https:\/\/talkingtochatbots.com\/es\/wp-json\/wp\/v2\/types\/page"}],"replies":[{"embeddable":true,"href":"https:\/\/talkingtochatbots.com\/es\/wp-json\/wp\/v2\/comments?post=5783"}],"version-history":[{"count":3,"href":"https:\/\/talkingtochatbots.com\/es\/wp-json\/wp\/v2\/pages\/5783\/revisions"}],"predecessor-version":[{"id":6173,"href":"https:\/\/talkingtochatbots.com\/es\/wp-json\/wp\/v2\/pages\/5783\/revisions\/6173"}],"up":[{"embeddable":true,"href":"https:\/\/talkingtochatbots.com\/es\/wp-json\/wp\/v2\/pages\/5678"}],"wp:attachment":[{"href":"https:\/\/talkingtochatbots.com\/es\/wp-json\/wp\/v2\/media?parent=5783"}],"curies":[{"name":"gracias","href":"https:\/\/api.w.org\/{rel}","templated":true}]}}