{"id":5781,"date":"2024-12-27T20:13:24","date_gmt":"2024-12-27T18:13:24","guid":{"rendered":"https:\/\/talkingtochatbots.com\/bing\/technology-and-ai\/htri-software-s-consideration-of-outer-diameter-correction-in-tube\/"},"modified":"2024-12-30T12:31:20","modified_gmt":"2024-12-30T10:31:20","slug":"htri-software-s-consideration-of-outer-diameter-correction-in-tube","status":"publish","type":"page","link":"https:\/\/talkingtochatbots.com\/es\/bing\/technology-and-ai\/htri-software-s-consideration-of-outer-diameter-correction-in-tube\/","title":{"rendered":"Consideraci\u00f3n del software HTRI sobre la correcci\u00f3n del di\u00e1metro exterior en tubos..."},"content":{"rendered":"\r\n<div id=\"output\" style=\"margin-top:20px; padding:10px; border:1px solid #ccc; background:#e4e4e4;\">\r\n    Loading data from <a href=\"https:\/\/huggingface.co\/datasets\/reddgr\/talking-to-chatbots-chats\" target=\"_blank\" rel=\"noopener\" title=\"\">reddgr\/talking-to-chatbots-chats<\/a> &#8230;\r\n<\/div>\r\n\r\n<script>\r\n    document.addEventListener(\"DOMContentLoaded\", () => {\r\n        const args = {\r\n            dataset: \"reddgr\/talking-to-chatbots-chats\",\r\n            config: \"default\",\r\n            split: \"train\",\r\n            conversation_id: \"94088707-b7e8-4947-a247-6ad00e1fd491\",\r\n            offset: 0,\r\n            length: 1\r\n        };\r\n        window.apiCallArgs = args;\r\n    });\r\n<\/script>\r\n\r\n<script src=\"\/wp-content\/uploads\/js\/chat_header_v04.js\"><\/script>\r\n\r\n\r\n\r\n<hr class=\"wp-block-separator has-alpha-channel-opacity\"\/>\r\n\r\n\ud83d\ude0e Does HTRI software consider the correction of the outer diameter in the fouling factor of tube side\r\n<blockquote>\ud83e\udd16 I&#8217;m sorry, but I could not find any information about whether HTRI software considers the correction of the outer diameter in the fouling factor of tube side. You may want to contact the HTRI support team or consult the HTRI Design Manual for more details.<\/blockquote>\r\n\r\n<hr class=\"wp-block-separator has-alpha-channel-opacity\"\/>\r\n\r\n\r\n\r\n<h2 class=\"wp-block-heading\">Hugging Face Dataset Metrics<\/h2>\r\n\r\n\r\n\r\n<p>All the conversation prompts, responses, and metrics are available to download and explore on Hugging Face dataset <a href=\"https:\/\/huggingface.co\/datasets\/reddgr\/talking-to-chatbots-chats\" target=\"_blank\" rel=\"noopener\" title=\"\">reddgr\/talking-to-chatbots-chats<\/a>:<\/p>\r\n\r\n\r\n\r\n<iframe loading=\"lazy\"\r\n  src=\"https:\/\/huggingface.co\/datasets\/reddgr\/talking-to-chatbots-chats\/embed\/viewer\/default\/train?f[conversation_id][value]=%2794088707-b7e8-4947-a247-6ad00e1fd491%27\"\r\n  frameborder=\"0\"\r\n  width=\"100%\"\r\n  height=\"390px\"\r\n><\/iframe>\r\n\r\n\r\n\r\n<iframe loading=\"lazy\"\r\n  src=\"https:\/\/huggingface.co\/datasets\/reddgr\/talking-to-chatbots-unwrapped-chats\/embed\/viewer\/default\/train?f[conversation_id][value]=%2794088707-b7e8-4947-a247-6ad00e1fd491%27&#038;sort[column]=turn&#038;sort[direction]=asc\"\r\n  frameborder=\"0\"\r\n  width=\"100%\"\r\n  height=\"460px\"\r\n><\/iframe>\r\n","protected":false},"excerpt":{"rendered":"<p>Cargando datos de reddgr\/talking-to-chatbots-chats \u2026 \ud83d\ude0e \u00bfEl software HTRI considera la correcci\u00f3n del di\u00e1metro exterior en el factor de ensuciamiento del lado del tubo? \ud83e\udd16 Lo siento, pero no pude encontrar ninguna informaci\u00f3n sobre si el software HTRI considera la correcci\u00f3n \u2026<\/p>\n<p class=\"read-more\"> <a class=\"more-link\" href=\"https:\/\/talkingtochatbots.com\/es\/bing\/technology-and-ai\/htri-software-s-consideration-of-outer-diameter-correction-in-tube\/\"> <span class=\"screen-reader-text\">Consideraci\u00f3n del software HTRI sobre la correcci\u00f3n del di\u00e1metro exterior en tubos...<\/span> Leer m\u00e1s \u00bb<\/a><\/p>","protected":false},"author":0,"featured_media":0,"parent":5678,"menu_order":0,"comment_status":"closed","ping_status":"closed","template":"","meta":{"_monsterinsights_skip_tracking":false,"_monsterinsights_sitenote_active":false,"_monsterinsights_sitenote_note":"","_monsterinsights_sitenote_category":0,"footnotes":""},"class_list":["post-5781","page","type-page","status-publish","hentry"],"aioseo_notices":[],"_links":{"self":[{"href":"https:\/\/talkingtochatbots.com\/es\/wp-json\/wp\/v2\/pages\/5781","targetHints":{"allow":["GET"]}}],"collection":[{"href":"https:\/\/talkingtochatbots.com\/es\/wp-json\/wp\/v2\/pages"}],"about":[{"href":"https:\/\/talkingtochatbots.com\/es\/wp-json\/wp\/v2\/types\/page"}],"replies":[{"embeddable":true,"href":"https:\/\/talkingtochatbots.com\/es\/wp-json\/wp\/v2\/comments?post=5781"}],"version-history":[{"count":4,"href":"https:\/\/talkingtochatbots.com\/es\/wp-json\/wp\/v2\/pages\/5781\/revisions"}],"predecessor-version":[{"id":6252,"href":"https:\/\/talkingtochatbots.com\/es\/wp-json\/wp\/v2\/pages\/5781\/revisions\/6252"}],"up":[{"embeddable":true,"href":"https:\/\/talkingtochatbots.com\/es\/wp-json\/wp\/v2\/pages\/5678"}],"wp:attachment":[{"href":"https:\/\/talkingtochatbots.com\/es\/wp-json\/wp\/v2\/media?parent=5781"}],"curies":[{"name":"gracias","href":"https:\/\/api.w.org\/{rel}","templated":true}]}}