{"id":5771,"date":"2024-12-27T20:13:16","date_gmt":"2024-12-27T18:13:16","guid":{"rendered":"https:\/\/talkingtochatbots.com\/bing\/technology-and-ai\/compare-preferences-between-two-versions-of-a-statement-about-crh\/"},"modified":"2024-12-30T12:08:21","modified_gmt":"2024-12-30T10:08:21","slug":"compare-preferences-between-two-versions-of-a-statement-about-crh","status":"publish","type":"page","link":"https:\/\/talkingtochatbots.com\/es\/bing\/technology-and-ai\/compare-preferences-between-two-versions-of-a-statement-about-crh\/","title":{"rendered":"Comparar preferencias entre dos versiones de una declaraci\u00f3n sobre Crh"},"content":{"rendered":"\r\n<div id=\"output\" style=\"margin-top:20px; padding:10px; border:1px solid #ccc; background:#e4e4e4;\">\r\n    Loading data from <a href=\"https:\/\/huggingface.co\/datasets\/reddgr\/talking-to-chatbots-chats\" target=\"_blank\" rel=\"noopener\" title=\"\">reddgr\/talking-to-chatbots-chats<\/a> &#8230;\r\n<\/div>\r\n\r\n<script>\r\n    document.addEventListener(\"DOMContentLoaded\", () => {\r\n        const args = {\r\n            dataset: \"reddgr\/talking-to-chatbots-chats\",\r\n            config: \"default\",\r\n            split: \"train\",\r\n            conversation_id: \"6cb1d306-d247-43d2-96ef-5ec55ce6e96d\",\r\n            offset: 0,\r\n            length: 1\r\n        };\r\n        window.apiCallArgs = args;\r\n    });\r\n<\/script>\r\n\r\n<script src=\"\/wp-content\/uploads\/js\/chat_header_v04.js\"><\/script>\r\n\r\n\r\n\r\n<hr class=\"wp-block-separator has-alpha-channel-opacity\"\/>\r\n\r\n\ud83d\ude0e which version do you like more, a) or b)? a) &#8220;Empowering CRH companies to adopt profitable and competitive pricing strategies and promotions backed by EUV software as a service (SaaS) solutions and data science.&#8221; b) &#8220;Empowering CRH companies to adopt profitable, competitive pricing strategies and promotions backed by EUV software as a service (SaaS) solutions and data science.&#8221;\r\n<blockquote>\ud83e\udd16 I like version b) more. It is more concise and avoids the repetition of &#8220;and&#8221;. Version a) has two &#8220;and&#8221;s in a row, which can make the sentence sound less smooth and clear. Version b) uses a comma to separate the adjectives &#8220;profitable&#8221; and &#8220;competitive&#8221;, which makes the sentence easier to read and understand.<\/blockquote>\r\n\r\n<hr class=\"wp-block-separator has-alpha-channel-opacity\"\/>\r\n\r\n\r\n\r\n<h2 class=\"wp-block-heading\">Hugging Face Dataset Metrics<\/h2>\r\n\r\n\r\n\r\n<p>All the conversation prompts, responses, and metrics are available to download and explore on Hugging Face dataset <a href=\"https:\/\/huggingface.co\/datasets\/reddgr\/talking-to-chatbots-chats\" target=\"_blank\" rel=\"noopener\" title=\"\">reddgr\/talking-to-chatbots-chats<\/a>:<\/p>\r\n\r\n\r\n\r\n<iframe\r\n  src=\"https:\/\/huggingface.co\/datasets\/reddgr\/talking-to-chatbots-chats\/embed\/viewer\/default\/train?f[conversation_id][value]=%276cb1d306-d247-43d2-96ef-5ec55ce6e96d%27\"\r\n  frameborder=\"0\"\r\n  width=\"100%\"\r\n  height=\"390px\"\r\n><\/iframe>\r\n\r\n\r\n\r\n<iframe\r\n  src=\"https:\/\/huggingface.co\/datasets\/reddgr\/talking-to-chatbots-unwrapped-chats\/embed\/viewer\/default\/train?f[conversation_id][value]=%276cb1d306-d247-43d2-96ef-5ec55ce6e96d%27&#038;sort[column]=turn&#038;sort[direction]=asc\"\r\n  frameborder=\"0\"\r\n  width=\"100%\"\r\n  height=\"460px\"\r\n><\/iframe>\r\n","protected":false},"excerpt":{"rendered":"<p>Cargando datos de reddgr\/talking-to-chatbots-chats\u2026 \ud83d\ude0e \u00bfQu\u00e9 versi\u00f3n te gusta m\u00e1s, a) o b)? a) \u201cCapacitar a las empresas de CRH para que adopten estrategias de precios y promociones rentables y competitivas, respaldadas por soluciones de software como servicio (SaaS) EUV y ciencia de datos.\u201d\u2026<\/p>\n<p class=\"read-more\"> <a class=\"more-link\" href=\"https:\/\/talkingtochatbots.com\/es\/bing\/technology-and-ai\/compare-preferences-between-two-versions-of-a-statement-about-crh\/\"> <span class=\"screen-reader-text\">Comparar preferencias entre dos versiones de una declaraci\u00f3n sobre Crh<\/span> Leer m\u00e1s \u00bb<\/a><\/p>","protected":false},"author":0,"featured_media":0,"parent":5678,"menu_order":0,"comment_status":"closed","ping_status":"closed","template":"","meta":{"_monsterinsights_skip_tracking":false,"_monsterinsights_sitenote_active":false,"_monsterinsights_sitenote_note":"","_monsterinsights_sitenote_category":0,"footnotes":""},"class_list":["post-5771","page","type-page","status-publish","hentry"],"aioseo_notices":[],"_links":{"self":[{"href":"https:\/\/talkingtochatbots.com\/es\/wp-json\/wp\/v2\/pages\/5771","targetHints":{"allow":["GET"]}}],"collection":[{"href":"https:\/\/talkingtochatbots.com\/es\/wp-json\/wp\/v2\/pages"}],"about":[{"href":"https:\/\/talkingtochatbots.com\/es\/wp-json\/wp\/v2\/types\/page"}],"replies":[{"embeddable":true,"href":"https:\/\/talkingtochatbots.com\/es\/wp-json\/wp\/v2\/comments?post=5771"}],"version-history":[{"count":3,"href":"https:\/\/talkingtochatbots.com\/es\/wp-json\/wp\/v2\/pages\/5771\/revisions"}],"predecessor-version":[{"id":6183,"href":"https:\/\/talkingtochatbots.com\/es\/wp-json\/wp\/v2\/pages\/5771\/revisions\/6183"}],"up":[{"embeddable":true,"href":"https:\/\/talkingtochatbots.com\/es\/wp-json\/wp\/v2\/pages\/5678"}],"wp:attachment":[{"href":"https:\/\/talkingtochatbots.com\/es\/wp-json\/wp\/v2\/media?parent=5771"}],"curies":[{"name":"gracias","href":"https:\/\/api.w.org\/{rel}","templated":true}]}}