{"id":5768,"date":"2024-12-27T20:13:13","date_gmt":"2024-12-27T18:13:13","guid":{"rendered":"https:\/\/talkingtochatbots.com\/bing\/technology-and-ai\/are-microsoft-and-google-using-nvidia-chips-for-ai-and-who-has-a\/"},"modified":"2024-12-30T12:21:16","modified_gmt":"2024-12-30T10:21:16","slug":"are-microsoft-and-google-using-nvidia-chips-for-ai-and-who-has-a","status":"publish","type":"page","link":"https:\/\/talkingtochatbots.com\/es\/bing\/technology-and-ai\/are-microsoft-and-google-using-nvidia-chips-for-ai-and-who-has-a\/","title":{"rendered":"\u00bfMicrosoft y Google est\u00e1n usando chips Nvidia para IA y qui\u00e9n tiene uno?"},"content":{"rendered":"\r\n<div id=\"output\" style=\"margin-top:20px; padding:10px; border:1px solid #ccc; background:#e4e4e4;\">\r\n    Loading data from <a href=\"https:\/\/huggingface.co\/datasets\/reddgr\/talking-to-chatbots-chats\" target=\"_blank\" rel=\"noopener\" title=\"\">reddgr\/talking-to-chatbots-chats<\/a> &#8230;\r\n<\/div>\r\n\r\n<script>\r\n    document.addEventListener(\"DOMContentLoaded\", () => {\r\n        const args = {\r\n            dataset: \"reddgr\/talking-to-chatbots-chats\",\r\n            config: \"default\",\r\n            split: \"train\",\r\n            conversation_id: \"398fe1ea-2982-41a0-9980-8880956a8dba\",\r\n            offset: 0,\r\n            length: 1\r\n        };\r\n        window.apiCallArgs = args;\r\n    });\r\n<\/script>\r\n\r\n<script src=\"\/wp-content\/uploads\/js\/chat_header_v04.js\"><\/script>\r\n\r\n\r\n\r\n<hr class=\"wp-block-separator has-alpha-channel-opacity\"\/>\r\n\r\n\ud83d\ude0e Are both Microsoft and Google intensively using Nvidia chips nowadays for their AI developments and services? Is any of the two companies known to have a stronger partnership or synergy with Nvidia. If so, is the other company relying more on other chipmaker for AI?\r\n<blockquote>\ud83e\udd16 According to the web search results, both Microsoft and Google are using Nvidia chips for their AI developments and services, but they are also working on their own AI chips or collaborating with other chipmakers.<br><br>Microsoft has a multi-year collaboration with Nvidia to build one of the most powerful AI supercomputers in the world, powered by Microsoft Azure\u2019s advanced supercomputing infrastructure combined with Nvidia GPUs, networking and full stack of AI software <a href=\"https:\/\/nvidianews.nvidia.com\" target=\"_blank\" rel=\"nofollow noopener\"><a href=\"https:\/\/nvidianews.nvidia.com\" target=\"_blank\" rel=\"nofollow noopener\"><a href=\"https:\/\/nvidianews.nvidia.com\" target=\"_blank\" rel=\"nofollow noopener\">[nvidianews.nvidia.com]<\/a><\/a><\/a>  Microsoft also uses Nvidia GPUs to train and deploy large language models like ChatGPT <a href=\"https:\/\/www.cnbc.com\" target=\"_blank\" rel=\"nofollow noopener\"><a href=\"https:\/\/www.cnbc.com\" target=\"_blank\" rel=\"nofollow noopener\">[www.cnbc.com]<\/a><\/a>  However, Microsoft is also reportedly working on its own AI chips that can be used to train large language models and avoid a costly reliance on Nvidia <a href=\"https:\/\/www.theverge.com\" target=\"_blank\" rel=\"nofollow noopener\">[www.theverge.com]<\/a>  Microsoft has also collaborated with Intel to integrate its AI Enterprise software into Azure Machine Learning <a href=\"https:\/\/nvidianews.nvidia.com\" target=\"_blank\" rel=\"nofollow noopener\"><a href=\"https:\/\/nvidianews.nvidia.com\" target=\"_blank\" rel=\"nofollow noopener\"><a href=\"https:\/\/nvidianews.nvidia.com\" target=\"_blank\" rel=\"nofollow noopener\">[nvidianews.nvidia.com]<\/a><\/a><\/a> <br><br>Google is also a major customer of Nvidia, using its GPUs to power its cloud services and AI products. Google has also integrated Nvidia\u2019s AI Enterprise software into its Google Duet plug-in, which allows users to translate their documents into various Google apps <a href=\"https:\/\/www.digitaltrends.com\" target=\"_blank\" rel=\"nofollow noopener\">[www.digitaltrends.com]<\/a>  However, Google has also developed its own AI chips, such as the Tensor Processing Units (TPUs), which are specialized for machine learning workloads <a href=\"https:\/\/www.bbc.com\" target=\"_blank\" rel=\"nofollow noopener\">[www.bbc.com]<\/a>  Google has also partnered with Samsung to produce a new chip called Exynos, which will power its upcoming Pixel 6 smartphone and enable advanced AI features <a href=\"https:\/\/www.wired.com\" target=\"_blank\" rel=\"nofollow noopener\">[www.wired.com]<\/a> <br><br>Therefore, it seems that both Microsoft and Google have a strong partnership with Nvidia, but they are also exploring alternative chipmakers for AI. It is hard to say which company has a stronger synergy with Nvidia, as they both use its products extensively, but they also have their own interests and strategies. <a href=\"https:\/\/nvidianews.nvidia.com\" target=\"_blank\" rel=\"nofollow noopener\"><a href=\"https:\/\/nvidianews.nvidia.com\" target=\"_blank\" rel=\"nofollow noopener\"><a href=\"https:\/\/nvidianews.nvidia.com\" target=\"_blank\" rel=\"nofollow noopener\">[nvidianews.nvidia.com]<\/a><\/a><\/a>  <a href=\"https:\/\/www.cnbc.com\" target=\"_blank\" rel=\"nofollow noopener\"><a href=\"https:\/\/www.cnbc.com\" target=\"_blank\" rel=\"nofollow noopener\">[www.cnbc.com]<\/a><\/a><\/blockquote>\r\n\r\n<hr class=\"wp-block-separator has-alpha-channel-opacity\"\/>\r\n\r\n\r\n\r\n<h2 class=\"wp-block-heading\">Hugging Face Dataset Metrics<\/h2>\r\n\r\n\r\n\r\n<p>All the conversation prompts, responses, and metrics are available to download and explore on Hugging Face dataset <a href=\"https:\/\/huggingface.co\/datasets\/reddgr\/talking-to-chatbots-chats\" target=\"_blank\" rel=\"noopener\" title=\"\">reddgr\/talking-to-chatbots-chats<\/a>:<\/p>\r\n\r\n\r\n\r\n<iframe\r\n  src=\"https:\/\/huggingface.co\/datasets\/reddgr\/talking-to-chatbots-chats\/embed\/viewer\/default\/train?f[conversation_id][value]=%27398fe1ea-2982-41a0-9980-8880956a8dba%27\"\r\n  frameborder=\"0\"\r\n  width=\"100%\"\r\n  height=\"390px\"\r\n><\/iframe>\r\n\r\n\r\n\r\n<iframe\r\n  src=\"https:\/\/huggingface.co\/datasets\/reddgr\/talking-to-chatbots-unwrapped-chats\/embed\/viewer\/default\/train?f[conversation_id][value]=%27398fe1ea-2982-41a0-9980-8880956a8dba%27&#038;sort[column]=turn&#038;sort[direction]=asc\"\r\n  frameborder=\"0\"\r\n  width=\"100%\"\r\n  height=\"460px\"\r\n><\/iframe>\r\n","protected":false},"excerpt":{"rendered":"<p>Cargando datos de reddgr\/talking-to-chatbots-chats\u2026 \ud83d\ude0e \u00bfMicrosoft y Google utilizan intensivamente chips Nvidia para sus desarrollos y servicios de IA? \u00bfSe sabe de alguna de las dos compa\u00f1\u00edas que tenga una colaboraci\u00f3n o sinergia m\u00e1s s\u00f3lida con Nvidia? De ser as\u00ed,\u2026<\/p>\n<p class=\"read-more\"> <a class=\"more-link\" href=\"https:\/\/talkingtochatbots.com\/es\/bing\/technology-and-ai\/are-microsoft-and-google-using-nvidia-chips-for-ai-and-who-has-a\/\"> <span class=\"screen-reader-text\">\u00bfMicrosoft y Google est\u00e1n usando chips Nvidia para IA y qui\u00e9n tiene uno?<\/span> Leer m\u00e1s \u00bb<\/a><\/p>","protected":false},"author":0,"featured_media":0,"parent":5678,"menu_order":0,"comment_status":"closed","ping_status":"closed","template":"","meta":{"_monsterinsights_skip_tracking":false,"_monsterinsights_sitenote_active":false,"_monsterinsights_sitenote_note":"","_monsterinsights_sitenote_category":0,"footnotes":""},"class_list":["post-5768","page","type-page","status-publish","hentry"],"aioseo_notices":[],"_links":{"self":[{"href":"https:\/\/talkingtochatbots.com\/es\/wp-json\/wp\/v2\/pages\/5768","targetHints":{"allow":["GET"]}}],"collection":[{"href":"https:\/\/talkingtochatbots.com\/es\/wp-json\/wp\/v2\/pages"}],"about":[{"href":"https:\/\/talkingtochatbots.com\/es\/wp-json\/wp\/v2\/types\/page"}],"replies":[{"embeddable":true,"href":"https:\/\/talkingtochatbots.com\/es\/wp-json\/wp\/v2\/comments?post=5768"}],"version-history":[{"count":5,"href":"https:\/\/talkingtochatbots.com\/es\/wp-json\/wp\/v2\/pages\/5768\/revisions"}],"predecessor-version":[{"id":6238,"href":"https:\/\/talkingtochatbots.com\/es\/wp-json\/wp\/v2\/pages\/5768\/revisions\/6238"}],"up":[{"embeddable":true,"href":"https:\/\/talkingtochatbots.com\/es\/wp-json\/wp\/v2\/pages\/5678"}],"wp:attachment":[{"href":"https:\/\/talkingtochatbots.com\/es\/wp-json\/wp\/v2\/media?parent=5768"}],"curies":[{"name":"gracias","href":"https:\/\/api.w.org\/{rel}","templated":true}]}}