{"id":5767,"date":"2024-12-27T20:13:12","date_gmt":"2024-12-27T18:13:12","guid":{"rendered":"https:\/\/talkingtochatbots.com\/bing\/technology-and-ai\/alternatives-to-rephrase-sentences-about-aaa-bbb-quantum-computing\/"},"modified":"2024-12-30T12:08:27","modified_gmt":"2024-12-30T10:08:27","slug":"alternatives-to-rephrase-sentences-about-aaa-bbb-quantum-computing","status":"publish","type":"page","link":"https:\/\/talkingtochatbots.com\/es\/bing\/technology-and-ai\/alternatives-to-rephrase-sentences-about-aaa-bbb-quantum-computing\/","title":{"rendered":"Alternativas para reformular oraciones sobre Aaa Bbb Computaci\u00f3n cu\u00e1ntica"},"content":{"rendered":"\r\n<div id=\"output\" style=\"margin-top:20px; padding:10px; border:1px solid #ccc; background:#e4e4e4;\">\r\n    Loading data from <a href=\"https:\/\/huggingface.co\/datasets\/reddgr\/talking-to-chatbots-chats\" target=\"_blank\" rel=\"noopener\" title=\"\">reddgr\/talking-to-chatbots-chats<\/a> &#8230;\r\n<\/div>\r\n\r\n<script>\r\n    document.addEventListener(\"DOMContentLoaded\", () => {\r\n        const args = {\r\n            dataset: \"reddgr\/talking-to-chatbots-chats\",\r\n            config: \"default\",\r\n            split: \"train\",\r\n            conversation_id: \"e033f048-efa4-48d5-b2f3-1e3fe35bc386\",\r\n            offset: 0,\r\n            length: 1\r\n        };\r\n        window.apiCallArgs = args;\r\n    });\r\n<\/script>\r\n\r\n<script src=\"\/wp-content\/uploads\/js\/chat_header_v04.js\"><\/script>\r\n\r\n\r\n\r\n<hr class=\"wp-block-separator has-alpha-channel-opacity\"\/>\r\n\r\n\ud83d\ude0e Can you give me a few alternatives to rephrase? \u201cAAA is taking quantum computing seriously. Is it actually taking the lead over BBB? AAA is a firm candidate to be part of the $EHS* indexes, an alternative tool for investors who want to separate the signal from the noise of social media information overload\u201d\r\n<blockquote>\ud83e\udd16 Sure, I can help you with that. Here are some possible ways to rephrase your sentence:<br><br>\u2022  Quantum computing is a serious business for AAA. But does it have an edge over BBB? AAA could join the $EHS* indexes, a useful tool for investors who want to filter out the noise of social media overload.<br><br>\u2022  AAA is not joking about quantum computing. But can it beat BBB? AAA has a chance to be in the $EHS* indexes, a handy tool for investors who want to avoid the clutter of social media information overload.<br><br>\u2022  AAA is committed to quantum computing. But is it ahead of BBB? AAA may become part of the $EHS* indexes, a helpful tool for investors who want to ignore the noise of social media overload.<br><br>I hope this helps. \ud83d\ude0a<\/blockquote>\r\n\ud83d\ude0e Help me fix this sentence if there is anything incorrect: \u201cQuantum is serious business for AAA. Do they really have an edge over BBB? AAA will likely be joining the $EHS* indexes, a helpful tool for investors willing to beat the social media information overload.\u201d\r\n<blockquote>\ud83e\udd16 Your sentence is mostly correct, but I would suggest a few minor changes:<br><br>\u2022  Use &#8220;a serious&#8221; instead of &#8220;serious&#8221; before &#8220;business&#8221; to make it more grammatical.<br><br>\u2022  Use &#8220;it&#8221; instead of &#8220;they&#8221; to refer to AAA, since it is a singular entity.<br><br>\u2022  Use &#8220;who&#8221; instead of &#8220;willing&#8221; to introduce the relative clause for &#8220;investors&#8221;.<br><br>So the revised sentence would be:<br><br>Quantum is a serious business for AAA. Does it really have an edge over BBB? AAA will likely be joining the $EHS* indexes, a helpful tool for investors who want to beat the social media information overload.<br><br>I hope this helps. \ud83d\ude0a<\/blockquote>\r\n\ud83d\ude0e Can you guess which real companies are AAA and BBB?\r\n<blockquote>\ud83e\udd16 That&#8217;s an interesting question. Based on the web search results <a href=\"https:\/\/thequantuminsider.com\" target=\"_blank\" rel=\"nofollow noopener\"><a href=\"https:\/\/thequantuminsider.com\" target=\"_blank\" rel=\"nofollow noopener\">[thequantuminsider.com]<\/a><\/a>  <a href=\"https:\/\/www.greyb.com\" target=\"_blank\" rel=\"nofollow noopener\"><a href=\"https:\/\/www.greyb.com\" target=\"_blank\" rel=\"nofollow noopener\">[www.greyb.com]<\/a><\/a>  <a href=\"https:\/\/en.wikipedia.org\" target=\"_blank\" rel=\"nofollow noopener\"><a href=\"https:\/\/en.wikipedia.org\" target=\"_blank\" rel=\"nofollow noopener\"><a href=\"https:\/\/en.wikipedia.org\" target=\"_blank\" rel=\"nofollow noopener\"><a href=\"https:\/\/en.wikipedia.org\" target=\"_blank\" rel=\"nofollow noopener\"><a href=\"https:\/\/en.wikipedia.org\" target=\"_blank\" rel=\"nofollow noopener\"><a href=\"https:\/\/en.wikipedia.org\" target=\"_blank\" rel=\"nofollow noopener\"><a href=\"https:\/\/en.wikipedia.org\" target=\"_blank\" rel=\"nofollow noopener\">[en.wikipedia.org]<\/a><\/a><\/a><\/a><\/a><\/a><\/a>  some of the possible real companies that are involved in quantum computing are:<br><br>\u2022  IBM<br><br>\u2022  Microsoft<br><br>\u2022  Google<br><br>\u2022  Amazon<br><br>\u2022  Intel<br><br>\u2022  Toshiba<br><br>\u2022  Honeywell<br><br>\u2022  D-Wave<br><br>\u2022  Rigetti Computing<br><br>\u2022  QC Ware<br><br>However, I cannot be sure which ones are AAA and BBB without more context. Do you have any clues or hints? <a href=\"https:\/\/thequantuminsider.com\" target=\"_blank\" rel=\"nofollow noopener\"><a href=\"https:\/\/thequantuminsider.com\" target=\"_blank\" rel=\"nofollow noopener\">[thequantuminsider.com]<\/a><\/a>  <a href=\"https:\/\/www.greyb.com\" target=\"_blank\" rel=\"nofollow noopener\"><a href=\"https:\/\/www.greyb.com\" target=\"_blank\" rel=\"nofollow noopener\">[www.greyb.com]<\/a><\/a>  <a href=\"https:\/\/en.wikipedia.org\" target=\"_blank\" rel=\"nofollow noopener\"><a href=\"https:\/\/en.wikipedia.org\" target=\"_blank\" rel=\"nofollow noopener\"><a href=\"https:\/\/en.wikipedia.org\" target=\"_blank\" rel=\"nofollow noopener\"><a href=\"https:\/\/en.wikipedia.org\" target=\"_blank\" rel=\"nofollow noopener\"><a href=\"https:\/\/en.wikipedia.org\" target=\"_blank\" rel=\"nofollow noopener\"><a href=\"https:\/\/en.wikipedia.org\" target=\"_blank\" rel=\"nofollow noopener\"><a href=\"https:\/\/en.wikipedia.org\" target=\"_blank\" rel=\"nofollow noopener\">[en.wikipedia.org]<\/a><\/a><\/a><\/a><\/a><\/a><\/a><\/blockquote>\r\n\ud83d\ude0e AAA just used a quantum processor with 127 qubits to simulate the behavior of 127 atom-scale bar magnets in a magnetic field.\r\n<blockquote>\ud83e\udd16 Based on the news search results <a href=\"https:\/\/www.electronicsweekly.com\" target=\"_blank\" rel=\"nofollow noopener\"><a href=\"https:\/\/www.electronicsweekly.com\" target=\"_blank\" rel=\"nofollow noopener\">[www.electronicsweekly.com]<\/a><\/a>  <a href=\"https:\/\/insidehpc.com\" target=\"_blank\" rel=\"nofollow noopener\"><a href=\"https:\/\/insidehpc.com\" target=\"_blank\" rel=\"nofollow noopener\">[insidehpc.com]<\/a><\/a>  it seems that IBM is the only company that has announced a quantum processor with 127 qubits so far. So I would guess that AAA is IBM. However, I don&#8217;t know which company is BBB. Do you have any more information about BBB? <a href=\"https:\/\/www.electronicsweekly.com\" target=\"_blank\" rel=\"nofollow noopener\"><a href=\"https:\/\/www.electronicsweekly.com\" target=\"_blank\" rel=\"nofollow noopener\">[www.electronicsweekly.com]<\/a><\/a>  <a href=\"https:\/\/insidehpc.com\" target=\"_blank\" rel=\"nofollow noopener\"><a href=\"https:\/\/insidehpc.com\" target=\"_blank\" rel=\"nofollow noopener\">[insidehpc.com]<\/a><\/a><\/blockquote>\r\n\ud83d\ude0e BBB claimed in 2019 they had achieved quantum supremacy\r\n<blockquote>\ud83e\udd16 Based on the web search results <a href=\"https:\/\/en.wikipedia.org\" target=\"_blank\" rel=\"nofollow noopener\"><a href=\"https:\/\/en.wikipedia.org\" target=\"_blank\" rel=\"nofollow noopener\"><a href=\"https:\/\/en.wikipedia.org\" target=\"_blank\" rel=\"nofollow noopener\"><a href=\"https:\/\/en.wikipedia.org\" target=\"_blank\" rel=\"nofollow noopener\"><a href=\"https:\/\/en.wikipedia.org\" target=\"_blank\" rel=\"nofollow noopener\"><a href=\"https:\/\/en.wikipedia.org\" target=\"_blank\" rel=\"nofollow noopener\"><a href=\"https:\/\/en.wikipedia.org\" target=\"_blank\" rel=\"nofollow noopener\">[en.wikipedia.org]<\/a><\/a><\/a><\/a><\/a><\/a><\/a>  <a href=\"https:\/\/www.nature.com\" target=\"_blank\" rel=\"nofollow noopener\"><a href=\"https:\/\/www.nature.com\" target=\"_blank\" rel=\"nofollow noopener\"><a href=\"https:\/\/www.nature.com\" target=\"_blank\" rel=\"nofollow noopener\"><a href=\"https:\/\/www.nature.com\" target=\"_blank\" rel=\"nofollow noopener\">[www.nature.com]<\/a><\/a><\/a><\/a>  <a href=\"https:\/\/www.sciencenews.org\" target=\"_blank\" rel=\"nofollow noopener\">[www.sciencenews.org]<\/a>  <a href=\"https:\/\/www.vox.com\" target=\"_blank\" rel=\"nofollow noopener\">[www.vox.com]<\/a>  it seems that Google is the only company that claimed to have achieved quantum supremacy in 2019. They reported that their quantum processor Sycamore performed a calculation that would take thousands of years with a classical supercomputer. So I would guess that BBB is Google. However, I don&#8217;t know if this claim is universally accepted or disputed by other experts. Do you have any more information about that? <a href=\"https:\/\/en.wikipedia.org\" target=\"_blank\" rel=\"nofollow noopener\"><a href=\"https:\/\/en.wikipedia.org\" target=\"_blank\" rel=\"nofollow noopener\"><a href=\"https:\/\/en.wikipedia.org\" target=\"_blank\" rel=\"nofollow noopener\"><a href=\"https:\/\/en.wikipedia.org\" target=\"_blank\" rel=\"nofollow noopener\"><a href=\"https:\/\/en.wikipedia.org\" target=\"_blank\" rel=\"nofollow noopener\"><a href=\"https:\/\/en.wikipedia.org\" target=\"_blank\" rel=\"nofollow noopener\"><a href=\"https:\/\/en.wikipedia.org\" target=\"_blank\" rel=\"nofollow noopener\">[en.wikipedia.org]<\/a><\/a><\/a><\/a><\/a><\/a><\/a>  <a href=\"https:\/\/www.nature.com\" target=\"_blank\" rel=\"nofollow noopener\"><a href=\"https:\/\/www.nature.com\" target=\"_blank\" rel=\"nofollow noopener\"><a href=\"https:\/\/www.nature.com\" target=\"_blank\" rel=\"nofollow noopener\"><a href=\"https:\/\/www.nature.com\" target=\"_blank\" rel=\"nofollow noopener\">[www.nature.com]<\/a><\/a><\/a><\/a><\/blockquote>\r\n\ud83d\ude0e Can you explain what quantum supremacy is?\r\n<blockquote>\ud83e\udd16 Quantum supremacy is the goal of demonstrating that a programmable quantum device can solve a problem that no classical computer can solve in any feasible amount of time <a href=\"https:\/\/en.wikipedia.org\" target=\"_blank\" rel=\"nofollow noopener\"><a href=\"https:\/\/en.wikipedia.org\" target=\"_blank\" rel=\"nofollow noopener\"><a href=\"https:\/\/en.wikipedia.org\" target=\"_blank\" rel=\"nofollow noopener\"><a href=\"https:\/\/en.wikipedia.org\" target=\"_blank\" rel=\"nofollow noopener\"><a href=\"https:\/\/en.wikipedia.org\" target=\"_blank\" rel=\"nofollow noopener\"><a href=\"https:\/\/en.wikipedia.org\" target=\"_blank\" rel=\"nofollow noopener\"><a href=\"https:\/\/en.wikipedia.org\" target=\"_blank\" rel=\"nofollow noopener\">[en.wikipedia.org]<\/a><\/a><\/a><\/a><\/a><\/a><\/a>  It means that quantum computers can perform some tasks much faster than classical computers, using the principles of quantum mechanics <a href=\"https:\/\/en.wikipedia.org\" target=\"_blank\" rel=\"nofollow noopener\"><a href=\"https:\/\/en.wikipedia.org\" target=\"_blank\" rel=\"nofollow noopener\"><a href=\"https:\/\/en.wikipedia.org\" target=\"_blank\" rel=\"nofollow noopener\"><a href=\"https:\/\/en.wikipedia.org\" target=\"_blank\" rel=\"nofollow noopener\"><a href=\"https:\/\/en.wikipedia.org\" target=\"_blank\" rel=\"nofollow noopener\"><a href=\"https:\/\/en.wikipedia.org\" target=\"_blank\" rel=\"nofollow noopener\"><a href=\"https:\/\/en.wikipedia.org\" target=\"_blank\" rel=\"nofollow noopener\">[en.wikipedia.org]<\/a><\/a><\/a><\/a><\/a><\/a><\/a> <br><br>One example of quantum supremacy is the experiment done by Google, in partnership with NASA and Oak Ridge National Laboratory, using a superconducting processor called Sycamore. They claimed that their quantum processor took about 200 seconds to sample one instance of a quantum circuit a million times, while a state-of-the-art classical supercomputer would take approximately 10,000 years to do the same task <a href=\"https:\/\/www.nature.com\" target=\"_blank\" rel=\"nofollow noopener\"><a href=\"https:\/\/www.nature.com\" target=\"_blank\" rel=\"nofollow noopener\"><a href=\"https:\/\/www.nature.com\" target=\"_blank\" rel=\"nofollow noopener\"><a href=\"https:\/\/www.nature.com\" target=\"_blank\" rel=\"nofollow noopener\">[www.nature.com]<\/a><\/a><\/a><\/a>  <a href=\"https:\/\/www.nasa.gov\" target=\"_blank\" rel=\"nofollow noopener\"><a href=\"https:\/\/www.nasa.gov\" target=\"_blank\" rel=\"nofollow noopener\">[www.nasa.gov]<\/a><\/a>  This was a huge achievement for quantum computing research. <a href=\"https:\/\/en.wikipedia.org\" target=\"_blank\" rel=\"nofollow noopener\"><a href=\"https:\/\/en.wikipedia.org\" target=\"_blank\" rel=\"nofollow noopener\"><a href=\"https:\/\/en.wikipedia.org\" target=\"_blank\" rel=\"nofollow noopener\"><a href=\"https:\/\/en.wikipedia.org\" target=\"_blank\" rel=\"nofollow noopener\"><a href=\"https:\/\/en.wikipedia.org\" target=\"_blank\" rel=\"nofollow noopener\"><a href=\"https:\/\/en.wikipedia.org\" target=\"_blank\" rel=\"nofollow noopener\"><a href=\"https:\/\/en.wikipedia.org\" target=\"_blank\" rel=\"nofollow noopener\">[en.wikipedia.org]<\/a><\/a><\/a><\/a><\/a><\/a><\/a>  <a href=\"https:\/\/www.nature.com\" target=\"_blank\" rel=\"nofollow noopener\"><a href=\"https:\/\/www.nature.com\" target=\"_blank\" rel=\"nofollow noopener\"><a href=\"https:\/\/www.nature.com\" target=\"_blank\" rel=\"nofollow noopener\"><a href=\"https:\/\/www.nature.com\" target=\"_blank\" rel=\"nofollow noopener\">[www.nature.com]<\/a><\/a><\/a><\/a>  <a href=\"https:\/\/www.nasa.gov\" target=\"_blank\" rel=\"nofollow noopener\"><a href=\"https:\/\/www.nasa.gov\" target=\"_blank\" rel=\"nofollow noopener\">[www.nasa.gov]<\/a><\/a><\/blockquote>\r\n\r\n<hr class=\"wp-block-separator has-alpha-channel-opacity\"\/>\r\n\r\n\r\n\r\n<h2 class=\"wp-block-heading\">Hugging Face Dataset Metrics<\/h2>\r\n\r\n\r\n\r\n<p>All the conversation prompts, responses, and metrics are available to download and explore on Hugging Face dataset <a href=\"https:\/\/huggingface.co\/datasets\/reddgr\/talking-to-chatbots-chats\" target=\"_blank\" rel=\"noopener\" title=\"\">reddgr\/talking-to-chatbots-chats<\/a>:<\/p>\r\n\r\n\r\n\r\n<iframe\r\n  src=\"https:\/\/huggingface.co\/datasets\/reddgr\/talking-to-chatbots-chats\/embed\/viewer\/default\/train?f[conversation_id][value]=%27e033f048-efa4-48d5-b2f3-1e3fe35bc386%27\"\r\n  frameborder=\"0\"\r\n  width=\"100%\"\r\n  height=\"390px\"\r\n><\/iframe>\r\n\r\n\r\n\r\n<iframe\r\n  src=\"https:\/\/huggingface.co\/datasets\/reddgr\/talking-to-chatbots-unwrapped-chats\/embed\/viewer\/default\/train?f[conversation_id][value]=%27e033f048-efa4-48d5-b2f3-1e3fe35bc386%27&#038;sort[column]=turn&#038;sort[direction]=asc\"\r\n  frameborder=\"0\"\r\n  width=\"100%\"\r\n  height=\"460px\"\r\n><\/iframe>\r\n","protected":false},"excerpt":{"rendered":"<p>Cargando datos de reddgr\/talking-to-chatbots-chats\u2026 \ud83d\ude0e \u00bfPodr\u00edan darme algunas alternativas para reformularlo? \u00abAAA se est\u00e1 tomando en serio la computaci\u00f3n cu\u00e1ntica. \u00bfDe verdad est\u00e1 superando a BBB? AAA es un firme candidato para formar parte del $EHS*\u2026\u00bb<\/p>\n<p class=\"read-more\"> <a class=\"more-link\" href=\"https:\/\/talkingtochatbots.com\/es\/bing\/technology-and-ai\/alternatives-to-rephrase-sentences-about-aaa-bbb-quantum-computing\/\"> <span class=\"screen-reader-text\">Alternativas para reformular oraciones sobre Aaa Bbb Computaci\u00f3n cu\u00e1ntica<\/span> Leer m\u00e1s \u00bb<\/a><\/p>","protected":false},"author":0,"featured_media":0,"parent":5678,"menu_order":0,"comment_status":"closed","ping_status":"closed","template":"","meta":{"_monsterinsights_skip_tracking":false,"_monsterinsights_sitenote_active":false,"_monsterinsights_sitenote_note":"","_monsterinsights_sitenote_category":0,"footnotes":""},"class_list":["post-5767","page","type-page","status-publish","hentry"],"aioseo_notices":[],"_links":{"self":[{"href":"https:\/\/talkingtochatbots.com\/es\/wp-json\/wp\/v2\/pages\/5767","targetHints":{"allow":["GET"]}}],"collection":[{"href":"https:\/\/talkingtochatbots.com\/es\/wp-json\/wp\/v2\/pages"}],"about":[{"href":"https:\/\/talkingtochatbots.com\/es\/wp-json\/wp\/v2\/types\/page"}],"replies":[{"embeddable":true,"href":"https:\/\/talkingtochatbots.com\/es\/wp-json\/wp\/v2\/comments?post=5767"}],"version-history":[{"count":2,"href":"https:\/\/talkingtochatbots.com\/es\/wp-json\/wp\/v2\/pages\/5767\/revisions"}],"predecessor-version":[{"id":6186,"href":"https:\/\/talkingtochatbots.com\/es\/wp-json\/wp\/v2\/pages\/5767\/revisions\/6186"}],"up":[{"embeddable":true,"href":"https:\/\/talkingtochatbots.com\/es\/wp-json\/wp\/v2\/pages\/5678"}],"wp:attachment":[{"href":"https:\/\/talkingtochatbots.com\/es\/wp-json\/wp\/v2\/media?parent=5767"}],"curies":[{"name":"gracias","href":"https:\/\/api.w.org\/{rel}","templated":true}]}}