{"id":5765,"date":"2024-12-27T20:13:10","date_gmt":"2024-12-27T18:13:10","guid":{"rendered":"https:\/\/talkingtochatbots.com\/bing\/science-and-general-knowledge\/who-is-david-gonz-lez-romero-and-what-are-his-skills-compared-to\/"},"modified":"2024-12-30T12:30:14","modified_gmt":"2024-12-30T10:30:14","slug":"who-is-david-gonz-lez-romero-and-what-are-his-skills-compared-to","status":"publish","type":"page","link":"https:\/\/talkingtochatbots.com\/es\/bing\/science-and-general-knowledge\/who-is-david-gonz-lez-romero-and-what-are-his-skills-compared-to\/","title":{"rendered":"\u00bfQui\u00e9n es David Gonz\u00e1lez Romero y cu\u00e1les son sus habilidades en comparaci\u00f3n con\u2026"},"content":{"rendered":"\r\n<div id=\"output\" style=\"margin-top:20px; padding:10px; border:1px solid #ccc; background:#e4e4e4;\">\r\n    Loading data from <a href=\"https:\/\/huggingface.co\/datasets\/reddgr\/talking-to-chatbots-chats\" target=\"_blank\" rel=\"noopener\" title=\"\">reddgr\/talking-to-chatbots-chats<\/a> &#8230;\r\n<\/div>\r\n\r\n<script>\r\n    document.addEventListener(\"DOMContentLoaded\", () => {\r\n        const args = {\r\n            dataset: \"reddgr\/talking-to-chatbots-chats\",\r\n            config: \"default\",\r\n            split: \"train\",\r\n            conversation_id: \"1e53f16f-6636-48ba-a434-1966d357e9a4\",\r\n            offset: 0,\r\n            length: 1\r\n        };\r\n        window.apiCallArgs = args;\r\n    });\r\n<\/script>\r\n\r\n<script src=\"\/wp-content\/uploads\/js\/chat_header_v04.js\"><\/script>\r\n\r\n\r\n\r\n<hr class=\"wp-block-separator has-alpha-channel-opacity\"\/>\r\n\r\n\ud83d\ude0e Who is David Gonz\u00e1lez Romero?\r\n<blockquote>\ud83e\udd16 David Gonz\u00e1lez Romero is a name that can refer to different people, depending on the context. Based on the search results, some possible candidates are:<br><br>\u2022  David Gonz\u00e1lez Romero, the son of the former Spanish president Felipe Gonz\u00e1lez and a painter <a href=\"https:\/\/www.divinity.es\" target=\"_blank\" rel=\"nofollow noopener\"><a href=\"https:\/\/www.divinity.es\" target=\"_blank\" rel=\"nofollow noopener\">[www.divinity.es]<\/a><\/a>  <a href=\"https:\/\/www.revistavanityfair.es\" target=\"_blank\" rel=\"nofollow noopener\"><a href=\"https:\/\/www.revistavanityfair.es\" target=\"_blank\" rel=\"nofollow noopener\"><a href=\"https:\/\/www.revistavanityfair.es\" target=\"_blank\" rel=\"nofollow noopener\"><a href=\"https:\/\/www.revistavanityfair.es\" target=\"_blank\" rel=\"nofollow noopener\">[www.revistavanityfair.es]<\/a><\/a><\/a><\/a> <br><br>\u2022  David Gonz\u00e1lez Romero, a partnership and events manager at BeSafe Group and a sales manager <a href=\"https:\/\/es.linkedin.com\" target=\"_blank\" rel=\"nofollow noopener\"><a href=\"https:\/\/es.linkedin.com\" target=\"_blank\" rel=\"nofollow noopener\"><a href=\"https:\/\/es.linkedin.com\" target=\"_blank\" rel=\"nofollow noopener\"><a href=\"https:\/\/es.linkedin.com\" target=\"_blank\" rel=\"nofollow noopener\"><a href=\"https:\/\/es.linkedin.com\" target=\"_blank\" rel=\"nofollow noopener\"><a href=\"https:\/\/es.linkedin.com\" target=\"_blank\" rel=\"nofollow noopener\"><a href=\"https:\/\/es.linkedin.com\" target=\"_blank\" rel=\"nofollow noopener\"><a href=\"https:\/\/es.linkedin.com\" target=\"_blank\" rel=\"nofollow noopener\"><a href=\"https:\/\/es.linkedin.com\" target=\"_blank\" rel=\"nofollow noopener\"><a href=\"https:\/\/es.linkedin.com\" target=\"_blank\" rel=\"nofollow noopener\">[es.linkedin.com]<\/a><\/a><\/a><\/a><\/a><\/a><\/a><\/a><\/a><\/a> <br><br>\u2022  David Gonz\u00e1lez Romero, an editor and literary critic who founded and directs El Paseo editorial <a href=\"https:\/\/twitter.com\" target=\"_blank\" rel=\"nofollow noopener\">[twitter.com]<\/a> <br><br>Which one are you interested in? <a href=\"https:\/\/www.divinity.es\" target=\"_blank\" rel=\"nofollow noopener\"><a href=\"https:\/\/www.divinity.es\" target=\"_blank\" rel=\"nofollow noopener\">[www.divinity.es]<\/a><\/a>  <a href=\"https:\/\/www.revistavanityfair.es\" target=\"_blank\" rel=\"nofollow noopener\"><a href=\"https:\/\/www.revistavanityfair.es\" target=\"_blank\" rel=\"nofollow noopener\"><a href=\"https:\/\/www.revistavanityfair.es\" target=\"_blank\" rel=\"nofollow noopener\"><a href=\"https:\/\/www.revistavanityfair.es\" target=\"_blank\" rel=\"nofollow noopener\">[www.revistavanityfair.es]<\/a><\/a><\/a><\/a><\/blockquote>\r\n\ud83d\ude0e Can you list other people?\r\n<blockquote>\ud83e\udd16 Here are some other people with the name David Gonz\u00e1lez Romero:<br><br>\u2022  David Gonz\u00e1lez Romero, a food technologist at Bel <a href=\"https:\/\/www.revistavanityfair.es\" target=\"_blank\" rel=\"nofollow noopener\"><a href=\"https:\/\/www.revistavanityfair.es\" target=\"_blank\" rel=\"nofollow noopener\"><a href=\"https:\/\/www.revistavanityfair.es\" target=\"_blank\" rel=\"nofollow noopener\"><a href=\"https:\/\/www.revistavanityfair.es\" target=\"_blank\" rel=\"nofollow noopener\">[www.revistavanityfair.es]<\/a><\/a><\/a><\/a> <br><br>\u2022  David Gonz\u00e1lez Romero, a principal consultant at Acoustic <a href=\"https:\/\/es.linkedin.com\" target=\"_blank\" rel=\"nofollow noopener\"><a href=\"https:\/\/es.linkedin.com\" target=\"_blank\" rel=\"nofollow noopener\"><a href=\"https:\/\/es.linkedin.com\" target=\"_blank\" rel=\"nofollow noopener\"><a href=\"https:\/\/es.linkedin.com\" target=\"_blank\" rel=\"nofollow noopener\"><a href=\"https:\/\/es.linkedin.com\" target=\"_blank\" rel=\"nofollow noopener\"><a href=\"https:\/\/es.linkedin.com\" target=\"_blank\" rel=\"nofollow noopener\"><a href=\"https:\/\/es.linkedin.com\" target=\"_blank\" rel=\"nofollow noopener\"><a href=\"https:\/\/es.linkedin.com\" target=\"_blank\" rel=\"nofollow noopener\"><a href=\"https:\/\/es.linkedin.com\" target=\"_blank\" rel=\"nofollow noopener\"><a href=\"https:\/\/es.linkedin.com\" target=\"_blank\" rel=\"nofollow noopener\">[es.linkedin.com]<\/a><\/a><\/a><\/a><\/a><\/a><\/a><\/a><\/a><\/a> <br><br>\u2022  David Gonz\u00e1lez Romero, a photographer at fresnell <a href=\"https:\/\/es.linkedin.com\" target=\"_blank\" rel=\"nofollow noopener\"><a href=\"https:\/\/es.linkedin.com\" target=\"_blank\" rel=\"nofollow noopener\"><a href=\"https:\/\/es.linkedin.com\" target=\"_blank\" rel=\"nofollow noopener\"><a href=\"https:\/\/es.linkedin.com\" target=\"_blank\" rel=\"nofollow noopener\"><a href=\"https:\/\/es.linkedin.com\" target=\"_blank\" rel=\"nofollow noopener\"><a href=\"https:\/\/es.linkedin.com\" target=\"_blank\" rel=\"nofollow noopener\"><a href=\"https:\/\/es.linkedin.com\" target=\"_blank\" rel=\"nofollow noopener\"><a href=\"https:\/\/es.linkedin.com\" target=\"_blank\" rel=\"nofollow noopener\"><a href=\"https:\/\/es.linkedin.com\" target=\"_blank\" rel=\"nofollow noopener\"><a href=\"https:\/\/es.linkedin.com\" target=\"_blank\" rel=\"nofollow noopener\">[es.linkedin.com]<\/a><\/a><\/a><\/a><\/a><\/a><\/a><\/a><\/a><\/a> <br><br>Do you want to know more about any of them? <a href=\"https:\/\/www.revistavanityfair.es\" target=\"_blank\" rel=\"nofollow noopener\"><a href=\"https:\/\/www.revistavanityfair.es\" target=\"_blank\" rel=\"nofollow noopener\"><a href=\"https:\/\/www.revistavanityfair.es\" target=\"_blank\" rel=\"nofollow noopener\"><a href=\"https:\/\/www.revistavanityfair.es\" target=\"_blank\" rel=\"nofollow noopener\">[www.revistavanityfair.es]<\/a><\/a><\/a><\/a>  <a href=\"https:\/\/es.linkedin.com\" target=\"_blank\" rel=\"nofollow noopener\"><a href=\"https:\/\/es.linkedin.com\" target=\"_blank\" rel=\"nofollow noopener\"><a href=\"https:\/\/es.linkedin.com\" target=\"_blank\" rel=\"nofollow noopener\"><a href=\"https:\/\/es.linkedin.com\" target=\"_blank\" rel=\"nofollow noopener\"><a href=\"https:\/\/es.linkedin.com\" target=\"_blank\" rel=\"nofollow noopener\"><a href=\"https:\/\/es.linkedin.com\" target=\"_blank\" rel=\"nofollow noopener\"><a href=\"https:\/\/es.linkedin.com\" target=\"_blank\" rel=\"nofollow noopener\"><a href=\"https:\/\/es.linkedin.com\" target=\"_blank\" rel=\"nofollow noopener\"><a href=\"https:\/\/es.linkedin.com\" target=\"_blank\" rel=\"nofollow noopener\"><a href=\"https:\/\/es.linkedin.com\" target=\"_blank\" rel=\"nofollow noopener\">[es.linkedin.com]<\/a><\/a><\/a><\/a><\/a><\/a><\/a><\/a><\/a><\/a><\/blockquote>\r\n\ud83d\ude0e Can you let me know more about the second in the list?\r\n<blockquote>[Message flagged as <mark>hallucination<\/mark>]<br>\ud83e\udd16 David Gonz\u00e1lez Romero is a principal consultant at Acoustic <a href=\"https:\/\/www.linkedin.com\" target=\"_blank\" rel=\"nofollow noopener\"><a href=\"https:\/\/www.linkedin.com\" target=\"_blank\" rel=\"nofollow noopener\"><a href=\"https:\/\/www.linkedin.com\" target=\"_blank\" rel=\"nofollow noopener\"><a href=\"https:\/\/www.linkedin.com\" target=\"_blank\" rel=\"nofollow noopener\">[www.linkedin.com]<\/a><\/a><\/a><\/a>  a company that provides marketing and advertising solutions. He has a degree in telecommunications engineering from the Universidad Polit\u00e9cnica de Madrid <a href=\"https:\/\/www.linkedin.com\" target=\"_blank\" rel=\"nofollow noopener\"><a href=\"https:\/\/www.linkedin.com\" target=\"_blank\" rel=\"nofollow noopener\"><a href=\"https:\/\/www.linkedin.com\" target=\"_blank\" rel=\"nofollow noopener\"><a href=\"https:\/\/www.linkedin.com\" target=\"_blank\" rel=\"nofollow noopener\">[www.linkedin.com]<\/a><\/a><\/a><\/a>  He has also worked as a senior consultant at IBM and as a technical leader at Telef\u00f3nica <a href=\"https:\/\/www.linkedin.com\" target=\"_blank\" rel=\"nofollow noopener\"><a href=\"https:\/\/www.linkedin.com\" target=\"_blank\" rel=\"nofollow noopener\"><a href=\"https:\/\/www.linkedin.com\" target=\"_blank\" rel=\"nofollow noopener\"><a href=\"https:\/\/www.linkedin.com\" target=\"_blank\" rel=\"nofollow noopener\">[www.linkedin.com]<\/a><\/a><\/a><\/a>  Some of his colleagues at Acoustic are Janine Bj\u00f6rkman, Dean Aldinger, Elmer Lai, Frank Ledo and Augustyn Chmiel <a href=\"https:\/\/revonect.com\" target=\"_blank\" rel=\"nofollow noopener\"><a href=\"https:\/\/revonect.com\" target=\"_blank\" rel=\"nofollow noopener\">[revonect.com]<\/a><\/a>  <a href=\"https:\/\/www.linkedin.com\" target=\"_blank\" rel=\"nofollow noopener\"><a href=\"https:\/\/www.linkedin.com\" target=\"_blank\" rel=\"nofollow noopener\"><a href=\"https:\/\/www.linkedin.com\" target=\"_blank\" rel=\"nofollow noopener\"><a href=\"https:\/\/www.linkedin.com\" target=\"_blank\" rel=\"nofollow noopener\">[www.linkedin.com]<\/a><\/a><\/a><\/a>  <a href=\"https:\/\/revonect.com\" target=\"_blank\" rel=\"nofollow noopener\"><a href=\"https:\/\/revonect.com\" target=\"_blank\" rel=\"nofollow noopener\">[revonect.com]<\/a><\/a><\/blockquote>\r\n\ud83d\ude0e What are some of the skills he has?\r\n<blockquote>[Message flagged as <mark>hallucination<\/mark>]<br>\ud83e\udd16 Some of the skills that David Gonz\u00e1lez Romero has are:<br><br>\u2022  Telecommunications engineering <a href=\"https:\/\/es.linkedin.com\" target=\"_blank\" rel=\"nofollow noopener\"><a href=\"https:\/\/es.linkedin.com\" target=\"_blank\" rel=\"nofollow noopener\"><a href=\"https:\/\/es.linkedin.com\" target=\"_blank\" rel=\"nofollow noopener\"><a href=\"https:\/\/es.linkedin.com\" target=\"_blank\" rel=\"nofollow noopener\"><a href=\"https:\/\/es.linkedin.com\" target=\"_blank\" rel=\"nofollow noopener\"><a href=\"https:\/\/es.linkedin.com\" target=\"_blank\" rel=\"nofollow noopener\"><a href=\"https:\/\/es.linkedin.com\" target=\"_blank\" rel=\"nofollow noopener\"><a href=\"https:\/\/es.linkedin.com\" target=\"_blank\" rel=\"nofollow noopener\"><a href=\"https:\/\/es.linkedin.com\" target=\"_blank\" rel=\"nofollow noopener\"><a href=\"https:\/\/es.linkedin.com\" target=\"_blank\" rel=\"nofollow noopener\">[es.linkedin.com]<\/a><\/a><\/a><\/a><\/a><\/a><\/a><\/a><\/a><\/a> <br>\u2022  Marketing and advertising <a href=\"https:\/\/es.linkedin.com\" target=\"_blank\" rel=\"nofollow noopener\"><a href=\"https:\/\/es.linkedin.com\" target=\"_blank\" rel=\"nofollow noopener\"><a href=\"https:\/\/es.linkedin.com\" target=\"_blank\" rel=\"nofollow noopener\"><a href=\"https:\/\/es.linkedin.com\" target=\"_blank\" rel=\"nofollow noopener\"><a href=\"https:\/\/es.linkedin.com\" target=\"_blank\" rel=\"nofollow noopener\"><a href=\"https:\/\/es.linkedin.com\" target=\"_blank\" rel=\"nofollow noopener\"><a href=\"https:\/\/es.linkedin.com\" target=\"_blank\" rel=\"nofollow noopener\"><a href=\"https:\/\/es.linkedin.com\" target=\"_blank\" rel=\"nofollow noopener\"><a href=\"https:\/\/es.linkedin.com\" target=\"_blank\" rel=\"nofollow noopener\"><a href=\"https:\/\/es.linkedin.com\" target=\"_blank\" rel=\"nofollow noopener\">[es.linkedin.com]<\/a><\/a><\/a><\/a><\/a><\/a><\/a><\/a><\/a><\/a> <br>\u2022  Customer relationship management <a href=\"https:\/\/es.linkedin.com\" target=\"_blank\" rel=\"nofollow noopener\"><a href=\"https:\/\/es.linkedin.com\" target=\"_blank\" rel=\"nofollow noopener\"><a href=\"https:\/\/es.linkedin.com\" target=\"_blank\" rel=\"nofollow noopener\"><a href=\"https:\/\/es.linkedin.com\" target=\"_blank\" rel=\"nofollow noopener\"><a href=\"https:\/\/es.linkedin.com\" target=\"_blank\" rel=\"nofollow noopener\"><a href=\"https:\/\/es.linkedin.com\" target=\"_blank\" rel=\"nofollow noopener\"><a href=\"https:\/\/es.linkedin.com\" target=\"_blank\" rel=\"nofollow noopener\"><a href=\"https:\/\/es.linkedin.com\" target=\"_blank\" rel=\"nofollow noopener\"><a href=\"https:\/\/es.linkedin.com\" target=\"_blank\" rel=\"nofollow noopener\"><a href=\"https:\/\/es.linkedin.com\" target=\"_blank\" rel=\"nofollow noopener\">[es.linkedin.com]<\/a><\/a><\/a><\/a><\/a><\/a><\/a><\/a><\/a><\/a> <br>\u2022  Project management <a href=\"https:\/\/es.linkedin.com\" target=\"_blank\" rel=\"nofollow noopener\"><a href=\"https:\/\/es.linkedin.com\" target=\"_blank\" rel=\"nofollow noopener\"><a href=\"https:\/\/es.linkedin.com\" target=\"_blank\" rel=\"nofollow noopener\"><a href=\"https:\/\/es.linkedin.com\" target=\"_blank\" rel=\"nofollow noopener\"><a href=\"https:\/\/es.linkedin.com\" target=\"_blank\" rel=\"nofollow noopener\"><a href=\"https:\/\/es.linkedin.com\" target=\"_blank\" rel=\"nofollow noopener\"><a href=\"https:\/\/es.linkedin.com\" target=\"_blank\" rel=\"nofollow noopener\"><a href=\"https:\/\/es.linkedin.com\" target=\"_blank\" rel=\"nofollow noopener\"><a href=\"https:\/\/es.linkedin.com\" target=\"_blank\" rel=\"nofollow noopener\"><a href=\"https:\/\/es.linkedin.com\" target=\"_blank\" rel=\"nofollow noopener\">[es.linkedin.com]<\/a><\/a><\/a><\/a><\/a><\/a><\/a><\/a><\/a><\/a> <br>\u2022  Business development <a href=\"https:\/\/es.linkedin.com\" target=\"_blank\" rel=\"nofollow noopener\"><a href=\"https:\/\/es.linkedin.com\" target=\"_blank\" rel=\"nofollow noopener\"><a href=\"https:\/\/es.linkedin.com\" target=\"_blank\" rel=\"nofollow noopener\"><a href=\"https:\/\/es.linkedin.com\" target=\"_blank\" rel=\"nofollow noopener\"><a href=\"https:\/\/es.linkedin.com\" target=\"_blank\" rel=\"nofollow noopener\"><a href=\"https:\/\/es.linkedin.com\" target=\"_blank\" rel=\"nofollow noopener\"><a href=\"https:\/\/es.linkedin.com\" target=\"_blank\" rel=\"nofollow noopener\"><a href=\"https:\/\/es.linkedin.com\" target=\"_blank\" rel=\"nofollow noopener\"><a href=\"https:\/\/es.linkedin.com\" target=\"_blank\" rel=\"nofollow noopener\"><a href=\"https:\/\/es.linkedin.com\" target=\"_blank\" rel=\"nofollow noopener\">[es.linkedin.com]<\/a><\/a><\/a><\/a><\/a><\/a><\/a><\/a><\/a><\/a>  <a href=\"https:\/\/es.linkedin.com\" target=\"_blank\" rel=\"nofollow noopener\"><a href=\"https:\/\/es.linkedin.com\" target=\"_blank\" rel=\"nofollow noopener\"><a href=\"https:\/\/es.linkedin.com\" target=\"_blank\" rel=\"nofollow noopener\"><a href=\"https:\/\/es.linkedin.com\" target=\"_blank\" rel=\"nofollow noopener\"><a href=\"https:\/\/es.linkedin.com\" target=\"_blank\" rel=\"nofollow noopener\"><a href=\"https:\/\/es.linkedin.com\" target=\"_blank\" rel=\"nofollow noopener\"><a href=\"https:\/\/es.linkedin.com\" target=\"_blank\" rel=\"nofollow noopener\"><a href=\"https:\/\/es.linkedin.com\" target=\"_blank\" rel=\"nofollow noopener\"><a href=\"https:\/\/es.linkedin.com\" target=\"_blank\" rel=\"nofollow noopener\"><a href=\"https:\/\/es.linkedin.com\" target=\"_blank\" rel=\"nofollow noopener\">[es.linkedin.com]<\/a><\/a><\/a><\/a><\/a><\/a><\/a><\/a><\/a><\/a><\/blockquote>\r\n\r\n<hr class=\"wp-block-separator has-alpha-channel-opacity\"\/>\r\n\r\n\r\n\r\n<h2 class=\"wp-block-heading\">Hugging Face Dataset Metrics<\/h2>\r\n\r\n\r\n\r\n<p>All the conversation prompts, responses, and metrics are available to download and explore on Hugging Face dataset <a href=\"https:\/\/huggingface.co\/datasets\/reddgr\/talking-to-chatbots-chats\" target=\"_blank\" rel=\"noopener\" title=\"\">reddgr\/talking-to-chatbots-chats<\/a>:<\/p>\r\n\r\n\r\n\r\n<iframe\r\n  src=\"https:\/\/huggingface.co\/datasets\/reddgr\/talking-to-chatbots-chats\/embed\/viewer\/default\/train?f[conversation_id][value]=%271e53f16f-6636-48ba-a434-1966d357e9a4%27\"\r\n  frameborder=\"0\"\r\n  width=\"100%\"\r\n  height=\"390px\"\r\n><\/iframe>\r\n\r\n\r\n\r\n<iframe\r\n  src=\"https:\/\/huggingface.co\/datasets\/reddgr\/talking-to-chatbots-unwrapped-chats\/embed\/viewer\/default\/train?f[conversation_id][value]=%271e53f16f-6636-48ba-a434-1966d357e9a4%27&#038;sort[column]=turn&#038;sort[direction]=asc\"\r\n  frameborder=\"0\"\r\n  width=\"100%\"\r\n  height=\"460px\"\r\n><\/iframe>\r\n","protected":false},"excerpt":{"rendered":"<p>Cargando datos de reddgr\/talking-to-chatbots-chats\u2026 \ud83d\ude0e \u00bfQui\u00e9n es David Gonz\u00e1lez Romero? \ud83e\udd16 David Gonz\u00e1lez Romero es un nombre que puede referirse a diferentes personas, seg\u00fan el contexto. Seg\u00fan los resultados de la b\u00fasqueda, algunos posibles candidatos son: \u2022 David Gonz\u00e1lez\u2026<\/p>\n<p class=\"read-more\"> <a class=\"more-link\" href=\"https:\/\/talkingtochatbots.com\/es\/bing\/science-and-general-knowledge\/who-is-david-gonz-lez-romero-and-what-are-his-skills-compared-to\/\"> <span class=\"screen-reader-text\">\u00bfQui\u00e9n es David Gonz\u00e1lez Romero y cu\u00e1les son sus habilidades en comparaci\u00f3n con\u2026<\/span> Leer m\u00e1s \u00bb<\/a><\/p>","protected":false},"author":0,"featured_media":0,"parent":5675,"menu_order":0,"comment_status":"closed","ping_status":"closed","template":"","meta":{"_monsterinsights_skip_tracking":false,"_monsterinsights_sitenote_active":false,"_monsterinsights_sitenote_note":"","_monsterinsights_sitenote_category":0,"footnotes":""},"class_list":["post-5765","page","type-page","status-publish","hentry"],"aioseo_notices":[],"_links":{"self":[{"href":"https:\/\/talkingtochatbots.com\/es\/wp-json\/wp\/v2\/pages\/5765","targetHints":{"allow":["GET"]}}],"collection":[{"href":"https:\/\/talkingtochatbots.com\/es\/wp-json\/wp\/v2\/pages"}],"about":[{"href":"https:\/\/talkingtochatbots.com\/es\/wp-json\/wp\/v2\/types\/page"}],"replies":[{"embeddable":true,"href":"https:\/\/talkingtochatbots.com\/es\/wp-json\/wp\/v2\/comments?post=5765"}],"version-history":[{"count":5,"href":"https:\/\/talkingtochatbots.com\/es\/wp-json\/wp\/v2\/pages\/5765\/revisions"}],"predecessor-version":[{"id":6243,"href":"https:\/\/talkingtochatbots.com\/es\/wp-json\/wp\/v2\/pages\/5765\/revisions\/6243"}],"up":[{"embeddable":true,"href":"https:\/\/talkingtochatbots.com\/es\/wp-json\/wp\/v2\/pages\/5675"}],"wp:attachment":[{"href":"https:\/\/talkingtochatbots.com\/es\/wp-json\/wp\/v2\/media?parent=5765"}],"curies":[{"name":"gracias","href":"https:\/\/api.w.org\/{rel}","templated":true}]}}