{"id":5764,"date":"2024-12-27T20:13:10","date_gmt":"2024-12-27T18:13:10","guid":{"rendered":"https:\/\/talkingtochatbots.com\/bing\/science-and-general-knowledge\/which-book-by-stanislaw-lem-should-i-read-next-after-solaris\/"},"modified":"2024-12-30T11:54:51","modified_gmt":"2024-12-30T09:54:51","slug":"which-book-by-stanislaw-lem-should-i-read-next-after-solaris","status":"publish","type":"page","link":"https:\/\/talkingtochatbots.com\/es\/bing\/science-and-general-knowledge\/which-book-by-stanislaw-lem-should-i-read-next-after-solaris\/","title":{"rendered":"\u00bfQu\u00e9 libro de Stanislaw Lem deber\u00eda leer despu\u00e9s de Solaris?"},"content":{"rendered":"\r\n<div id=\"output\" style=\"margin-top:20px; padding:10px; border:1px solid #ccc; background:#e4e4e4;\">\r\n    Loading data from <a href=\"https:\/\/huggingface.co\/datasets\/reddgr\/talking-to-chatbots-chats\" target=\"_blank\" rel=\"noopener\" title=\"\">reddgr\/talking-to-chatbots-chats<\/a> &#8230;\r\n<\/div>\r\n\r\n<script>\r\n    document.addEventListener(\"DOMContentLoaded\", () => {\r\n        const args = {\r\n            dataset: \"reddgr\/talking-to-chatbots-chats\",\r\n            config: \"default\",\r\n            split: \"train\",\r\n            conversation_id: \"a21062da-d3a6-4f1c-bba6-7e881b41b15b\",\r\n            offset: 0,\r\n            length: 1\r\n        };\r\n        window.apiCallArgs = args;\r\n    });\r\n<\/script>\r\n\r\n<script src=\"\/wp-content\/uploads\/js\/chat_header_v04.js\"><\/script>\r\n\r\n\r\n\r\n<hr class=\"wp-block-separator has-alpha-channel-opacity\"\/>\r\n\r\n\ud83d\ude0e The only book I have read by Stanislaw Lem is Solaris. Which one could I read next?\r\n<blockquote>\ud83e\udd16 I&#8217;m glad you have read Solaris by Stanis\u0142aw Lem, one of the most influential and acclaimed science fiction novels of all time. Solaris is a story of human contact with a mysterious and incomprehensible alien intelligence, and the psychological and philosophical implications of this encounter. If you enjoyed Solaris, you might like to read some of Lem&#8217;s other works, which explore similar themes of the limits of human knowledge, the nature of consciousness, and the role of technology in society. Here are some suggestions for you:<br><br>\u2022  The Cyberiad: This is a collection of humorous and witty stories about two ingenious robots, Trurl and Klaupacius, who can create anything with their machines. The stories are full of clever wordplay, satire, and parodies of various genres and tropes. The Cyberiad is a celebration of creativity and imagination, as well as a critique of the absurdities and dangers of science and civilization. You can find more information about this book in the web search results <a href=\"https:\/\/www.bookseriesinorder.com\" target=\"_blank\" rel=\"nofollow noopener\"><a href=\"https:\/\/www.bookseriesinorder.com\" target=\"_blank\" rel=\"nofollow noopener\"><a href=\"https:\/\/www.bookseriesinorder.com\" target=\"_blank\" rel=\"nofollow noopener\"><a href=\"https:\/\/www.bookseriesinorder.com\" target=\"_blank\" rel=\"nofollow noopener\">[www.bookseriesinorder.com]<\/a><\/a><\/a><\/a>  <a href=\"https:\/\/en.wikipedia.org\" target=\"_blank\" rel=\"nofollow noopener\"><a href=\"https:\/\/en.wikipedia.org\" target=\"_blank\" rel=\"nofollow noopener\"><a href=\"https:\/\/en.wikipedia.org\" target=\"_blank\" rel=\"nofollow noopener\"><a href=\"https:\/\/en.wikipedia.org\" target=\"_blank\" rel=\"nofollow noopener\">[en.wikipedia.org]<\/a><\/a><\/a><\/a> <br><br>\u2022  The Invincible: This is a novel about a spaceship crew that lands on a planet inhabited by a swarm of self-replicating micro-robots, which form a hostile and unstoppable force. The novel explores the themes of evolution, intelligence, communication, and survival, as well as the ethical dilemmas faced by the humans in their confrontation with the alien threat. You can find more information about this book in the web search results <a href=\"https:\/\/www.goodreads.com\" target=\"_blank\" rel=\"nofollow noopener\"><a href=\"https:\/\/www.goodreads.com\" target=\"_blank\" rel=\"nofollow noopener\"><a href=\"https:\/\/www.goodreads.com\" target=\"_blank\" rel=\"nofollow noopener\"><a href=\"https:\/\/www.goodreads.com\" target=\"_blank\" rel=\"nofollow noopener\">[www.goodreads.com]<\/a><\/a><\/a><\/a>  <a href=\"https:\/\/en.wikipedia.org\" target=\"_blank\" rel=\"nofollow noopener\"><a href=\"https:\/\/en.wikipedia.org\" target=\"_blank\" rel=\"nofollow noopener\"><a href=\"https:\/\/en.wikipedia.org\" target=\"_blank\" rel=\"nofollow noopener\"><a href=\"https:\/\/en.wikipedia.org\" target=\"_blank\" rel=\"nofollow noopener\">[en.wikipedia.org]<\/a><\/a><\/a><\/a> <br><br>\u2022  His Master&#8217;s Voice: This is a novel about a secret scientific project that tries to decipher a mysterious signal from outer space, which may or may not contain a message from an extraterrestrial civilization. The novel is a philosophical and epistemological inquiry into the nature and limits of human understanding, as well as a reflection on the social and political implications of scientific research. You can find more information about this book in the web search results <a href=\"https:\/\/www.goodreads.com\" target=\"_blank\" rel=\"nofollow noopener\"><a href=\"https:\/\/www.goodreads.com\" target=\"_blank\" rel=\"nofollow noopener\"><a href=\"https:\/\/www.goodreads.com\" target=\"_blank\" rel=\"nofollow noopener\"><a href=\"https:\/\/www.goodreads.com\" target=\"_blank\" rel=\"nofollow noopener\">[www.goodreads.com]<\/a><\/a><\/a><\/a>  <a href=\"https:\/\/www.bookseriesinorder.com\" target=\"_blank\" rel=\"nofollow noopener\"><a href=\"https:\/\/www.bookseriesinorder.com\" target=\"_blank\" rel=\"nofollow noopener\"><a href=\"https:\/\/www.bookseriesinorder.com\" target=\"_blank\" rel=\"nofollow noopener\"><a href=\"https:\/\/www.bookseriesinorder.com\" target=\"_blank\" rel=\"nofollow noopener\">[www.bookseriesinorder.com]<\/a><\/a><\/a><\/a> <br><br>These are just some of the possible books by Stanis\u0142aw Lem that you could read next. You can find more books by him in the web search results <a href=\"https:\/\/www.goodreads.com\" target=\"_blank\" rel=\"nofollow noopener\"><a href=\"https:\/\/www.goodreads.com\" target=\"_blank\" rel=\"nofollow noopener\"><a href=\"https:\/\/www.goodreads.com\" target=\"_blank\" rel=\"nofollow noopener\"><a href=\"https:\/\/www.goodreads.com\" target=\"_blank\" rel=\"nofollow noopener\">[www.goodreads.com]<\/a><\/a><\/a><\/a>  <a href=\"https:\/\/www.bookseriesinorder.com\" target=\"_blank\" rel=\"nofollow noopener\"><a href=\"https:\/\/www.bookseriesinorder.com\" target=\"_blank\" rel=\"nofollow noopener\"><a href=\"https:\/\/www.bookseriesinorder.com\" target=\"_blank\" rel=\"nofollow noopener\"><a href=\"https:\/\/www.bookseriesinorder.com\" target=\"_blank\" rel=\"nofollow noopener\">[www.bookseriesinorder.com]<\/a><\/a><\/a><\/a>  <a href=\"https:\/\/en.wikipedia.org\" target=\"_blank\" rel=\"nofollow noopener\"><a href=\"https:\/\/en.wikipedia.org\" target=\"_blank\" rel=\"nofollow noopener\"><a href=\"https:\/\/en.wikipedia.org\" target=\"_blank\" rel=\"nofollow noopener\"><a href=\"https:\/\/en.wikipedia.org\" target=\"_blank\" rel=\"nofollow noopener\">[en.wikipedia.org]<\/a><\/a><\/a><\/a>  I hope you find something that interests you and that you enjoy reading it. \ud83d\ude0a <a href=\"https:\/\/www.bookseriesinorder.com\" target=\"_blank\" rel=\"nofollow noopener\"><a href=\"https:\/\/www.bookseriesinorder.com\" target=\"_blank\" rel=\"nofollow noopener\"><a href=\"https:\/\/www.bookseriesinorder.com\" target=\"_blank\" rel=\"nofollow noopener\"><a href=\"https:\/\/www.bookseriesinorder.com\" target=\"_blank\" rel=\"nofollow noopener\">[www.bookseriesinorder.com]<\/a><\/a><\/a><\/a>  <a href=\"https:\/\/en.wikipedia.org\" target=\"_blank\" rel=\"nofollow noopener\"><a href=\"https:\/\/en.wikipedia.org\" target=\"_blank\" rel=\"nofollow noopener\"><a href=\"https:\/\/en.wikipedia.org\" target=\"_blank\" rel=\"nofollow noopener\"><a href=\"https:\/\/en.wikipedia.org\" target=\"_blank\" rel=\"nofollow noopener\">[en.wikipedia.org]<\/a><\/a><\/a><\/a>  <a href=\"https:\/\/www.goodreads.com\" target=\"_blank\" rel=\"nofollow noopener\"><a href=\"https:\/\/www.goodreads.com\" target=\"_blank\" rel=\"nofollow noopener\"><a href=\"https:\/\/www.goodreads.com\" target=\"_blank\" rel=\"nofollow noopener\"><a href=\"https:\/\/www.goodreads.com\" target=\"_blank\" rel=\"nofollow noopener\">[www.goodreads.com]<\/a><\/a><\/a><\/a><\/blockquote>\r\n\r\n<hr class=\"wp-block-separator has-alpha-channel-opacity\"\/>\r\n\r\n\r\n\r\n<h2 class=\"wp-block-heading\">Hugging Face Dataset Metrics<\/h2>\r\n\r\n\r\n\r\n<p>All the conversation prompts, responses, and metrics are available to download and explore on Hugging Face dataset <a href=\"https:\/\/huggingface.co\/datasets\/reddgr\/talking-to-chatbots-chats\" target=\"_blank\" rel=\"noopener\" title=\"\">reddgr\/talking-to-chatbots-chats<\/a>:<\/p>\r\n\r\n\r\n\r\n<iframe\r\n  src=\"https:\/\/huggingface.co\/datasets\/reddgr\/talking-to-chatbots-chats\/embed\/viewer\/default\/train?f[conversation_id][value]=%27a21062da-d3a6-4f1c-bba6-7e881b41b15b%27\"\r\n  frameborder=\"0\"\r\n  width=\"100%\"\r\n  height=\"390px\"\r\n><\/iframe>\r\n\r\n\r\n\r\n<iframe\r\n  src=\"https:\/\/huggingface.co\/datasets\/reddgr\/talking-to-chatbots-unwrapped-chats\/embed\/viewer\/default\/train?f[conversation_id][value]=%27a21062da-d3a6-4f1c-bba6-7e881b41b15b%27&#038;sort[column]=turn&#038;sort[direction]=asc\"\r\n  frameborder=\"0\"\r\n  width=\"100%\"\r\n  height=\"460px\"\r\n><\/iframe>\r\n","protected":false},"excerpt":{"rendered":"<p>Cargando datos de reddgr\/talking-to-chatbots-chats\u2026 \ud83d\ude0e El \u00fanico libro que he le\u00eddo de Stanislaw Lem es Solaris. \u00bfCu\u00e1l podr\u00eda leer despu\u00e9s? \ud83e\udd16 Me alegra que hayas le\u00eddo Solaris de Stanis\u0142aw Lem, uno de los m\u00e1s influyentes y aclamados\u2026<\/p>\n<p class=\"read-more\"> <a class=\"more-link\" href=\"https:\/\/talkingtochatbots.com\/es\/bing\/science-and-general-knowledge\/which-book-by-stanislaw-lem-should-i-read-next-after-solaris\/\"> <span class=\"screen-reader-text\">\u00bfQu\u00e9 libro de Stanislaw Lem deber\u00eda leer despu\u00e9s de Solaris?<\/span> Leer m\u00e1s \u00bb<\/a><\/p>","protected":false},"author":0,"featured_media":0,"parent":5675,"menu_order":0,"comment_status":"closed","ping_status":"closed","template":"","meta":{"_monsterinsights_skip_tracking":false,"_monsterinsights_sitenote_active":false,"_monsterinsights_sitenote_note":"","_monsterinsights_sitenote_category":0,"footnotes":""},"class_list":["post-5764","page","type-page","status-publish","hentry"],"aioseo_notices":[],"_links":{"self":[{"href":"https:\/\/talkingtochatbots.com\/es\/wp-json\/wp\/v2\/pages\/5764","targetHints":{"allow":["GET"]}}],"collection":[{"href":"https:\/\/talkingtochatbots.com\/es\/wp-json\/wp\/v2\/pages"}],"about":[{"href":"https:\/\/talkingtochatbots.com\/es\/wp-json\/wp\/v2\/types\/page"}],"replies":[{"embeddable":true,"href":"https:\/\/talkingtochatbots.com\/es\/wp-json\/wp\/v2\/comments?post=5764"}],"version-history":[{"count":2,"href":"https:\/\/talkingtochatbots.com\/es\/wp-json\/wp\/v2\/pages\/5764\/revisions"}],"predecessor-version":[{"id":6026,"href":"https:\/\/talkingtochatbots.com\/es\/wp-json\/wp\/v2\/pages\/5764\/revisions\/6026"}],"up":[{"embeddable":true,"href":"https:\/\/talkingtochatbots.com\/es\/wp-json\/wp\/v2\/pages\/5675"}],"wp:attachment":[{"href":"https:\/\/talkingtochatbots.com\/es\/wp-json\/wp\/v2\/media?parent=5764"}],"curies":[{"name":"gracias","href":"https:\/\/api.w.org\/{rel}","templated":true}]}}