{"id":5755,"date":"2024-12-27T20:13:02","date_gmt":"2024-12-27T18:13:02","guid":{"rendered":"https:\/\/talkingtochatbots.com\/bing\/science-and-general-knowledge\/social-media-reach-definition-and-alternative-suggestions-for\/"},"modified":"2024-12-30T12:20:04","modified_gmt":"2024-12-30T10:20:04","slug":"social-media-reach-definition-and-alternative-suggestions-for","status":"publish","type":"page","link":"https:\/\/talkingtochatbots.com\/es\/bing\/science-and-general-knowledge\/social-media-reach-definition-and-alternative-suggestions-for\/","title":{"rendered":"Definici\u00f3n de alcance en redes sociales y sugerencias alternativas para\u2026"},"content":{"rendered":"\r\n<div id=\"output\" style=\"margin-top:20px; padding:10px; border:1px solid #ccc; background:#e4e4e4;\">\r\n    Loading data from <a href=\"https:\/\/huggingface.co\/datasets\/reddgr\/talking-to-chatbots-chats\" target=\"_blank\" rel=\"noopener\" title=\"\">reddgr\/talking-to-chatbots-chats<\/a> &#8230;\r\n<\/div>\r\n\r\n<script>\r\n    document.addEventListener(\"DOMContentLoaded\", () => {\r\n        const args = {\r\n            dataset: \"reddgr\/talking-to-chatbots-chats\",\r\n            config: \"default\",\r\n            split: \"train\",\r\n            conversation_id: \"e0510dd1-3d71-4de2-b34e-876c43d15ea0\",\r\n            offset: 0,\r\n            length: 1\r\n        };\r\n        window.apiCallArgs = args;\r\n    });\r\n<\/script>\r\n\r\n<script src=\"\/wp-content\/uploads\/js\/chat_header_v04.js\"><\/script>\r\n\r\n\r\n\r\n<hr class=\"wp-block-separator has-alpha-channel-opacity\"\/>\r\n\r\n\ud83d\ude0e What is social media reach?\r\n<blockquote>\ud83e\udd16 Social media reach is a media analytics metric that refers to the number of users who have come across a particular content on a social platform such as Facebook, Instagram or Twitter <a href=\"https:\/\/en.wikipedia.org\" target=\"_blank\" rel=\"nofollow noopener\"><a href=\"https:\/\/en.wikipedia.org\" target=\"_blank\" rel=\"nofollow noopener\">[en.wikipedia.org]<\/a><\/a>  It&#8217;s one of the awareness metrics that indicate how many people know about your company or brand <a href=\"https:\/\/awario.com\" target=\"_blank\" rel=\"nofollow noopener\"><a href=\"https:\/\/awario.com\" target=\"_blank\" rel=\"nofollow noopener\">[awario.com]<\/a><\/a>  Reach is different from impressions, which is the total number of times your content was viewed, including by the same users <a href=\"https:\/\/influencermarketinghub.com\" target=\"_blank\" rel=\"nofollow noopener\">[influencermarketinghub.com]<\/a>  Reach shows the number of unique viewers who see your content in the feed <a href=\"https:\/\/www.indeed.com\" target=\"_blank\" rel=\"nofollow noopener\">[www.indeed.com]<\/a>  Social media reach can help you measure your brand awareness, audience growth, and content performance on different platforms <a href=\"https:\/\/keyhole.co\" target=\"_blank\" rel=\"nofollow noopener\">[keyhole.co]<\/a>  <a href=\"https:\/\/en.wikipedia.org\" target=\"_blank\" rel=\"nofollow noopener\"><a href=\"https:\/\/en.wikipedia.org\" target=\"_blank\" rel=\"nofollow noopener\">[en.wikipedia.org]<\/a><\/a>  <a href=\"https:\/\/awario.com\" target=\"_blank\" rel=\"nofollow noopener\"><a href=\"https:\/\/awario.com\" target=\"_blank\" rel=\"nofollow noopener\">[awario.com]<\/a><\/a><\/blockquote>\r\n\ud83d\ude0e Can you give me some alternatives to this social media message? \u201cLet\u2019s face it and be honest for once. We all come from r\/linkedinlunatics and we all envy people who have the reach to be featured there. \u201c\r\n<blockquote>\ud83e\udd16 Here are some possible alternatives to your social media message:<br><br>\u2022  Time to admit the truth. We&#8217;re all from r\/linkedinlunatics and we all wish we had the reach to get on there.<br><br>\u2022  No point in lying. We all belong to r\/linkedinlunatics and we all dream of having the reach to make it there.<br><br>\u2022  Let&#8217;s be real. We&#8217;re all part of r\/linkedinlunatics and we all aspire to have the reach to land there.<\/blockquote>\r\n\ud83d\ude0e Would you fix something on this one? \u201cTime to admit the truth. We all come from r\/linkedinlunatics and we all envy people who have the reach to make it there\u201d\r\n<blockquote>\ud83e\udd16 Here is a possible improvement:<br><br>\u2022  Time to admit the truth. We&#8217;re all from r\/linkedinlunatics and we all envy those who have the reach to make it there.<\/blockquote>\r\n\r\n<hr class=\"wp-block-separator has-alpha-channel-opacity\"\/>\r\n\r\n\r\n\r\n<h2 class=\"wp-block-heading\">Hugging Face Dataset Metrics<\/h2>\r\n\r\n\r\n\r\n<p>All the conversation prompts, responses, and metrics are available to download and explore on Hugging Face dataset <a href=\"https:\/\/huggingface.co\/datasets\/reddgr\/talking-to-chatbots-chats\" target=\"_blank\" rel=\"noopener\" title=\"\">reddgr\/talking-to-chatbots-chats<\/a>:<\/p>\r\n\r\n\r\n\r\n<iframe\r\n  src=\"https:\/\/huggingface.co\/datasets\/reddgr\/talking-to-chatbots-chats\/embed\/viewer\/default\/train?f[conversation_id][value]=%27e0510dd1-3d71-4de2-b34e-876c43d15ea0%27\"\r\n  frameborder=\"0\"\r\n  width=\"100%\"\r\n  height=\"390px\"\r\n><\/iframe>\r\n\r\n\r\n\r\n<iframe\r\n  src=\"https:\/\/huggingface.co\/datasets\/reddgr\/talking-to-chatbots-unwrapped-chats\/embed\/viewer\/default\/train?f[conversation_id][value]=%27e0510dd1-3d71-4de2-b34e-876c43d15ea0%27&#038;sort[column]=turn&#038;sort[direction]=asc\"\r\n  frameborder=\"0\"\r\n  width=\"100%\"\r\n  height=\"460px\"\r\n><\/iframe>\r\n","protected":false},"excerpt":{"rendered":"<p>Cargando datos de reddgr\/talking-to-chatbots-chats\u2026 \ud83d\ude0e \u00bfQu\u00e9 es el alcance en redes sociales? \ud83e\udd16 El alcance en redes sociales es una m\u00e9trica de an\u00e1lisis de medios que se refiere a la cantidad de usuarios que han encontrado un contenido espec\u00edfico en una plataforma social, como\u2026<\/p>\n<p class=\"read-more\"> <a class=\"more-link\" href=\"https:\/\/talkingtochatbots.com\/es\/bing\/science-and-general-knowledge\/social-media-reach-definition-and-alternative-suggestions-for\/\"> <span class=\"screen-reader-text\">Definici\u00f3n de alcance en redes sociales y sugerencias alternativas para\u2026<\/span> Leer m\u00e1s \u00bb<\/a><\/p>","protected":false},"author":0,"featured_media":0,"parent":5675,"menu_order":0,"comment_status":"closed","ping_status":"closed","template":"","meta":{"_monsterinsights_skip_tracking":false,"_monsterinsights_sitenote_active":false,"_monsterinsights_sitenote_note":"","_monsterinsights_sitenote_category":0,"footnotes":""},"class_list":["post-5755","page","type-page","status-publish","hentry"],"aioseo_notices":[],"_links":{"self":[{"href":"https:\/\/talkingtochatbots.com\/es\/wp-json\/wp\/v2\/pages\/5755","targetHints":{"allow":["GET"]}}],"collection":[{"href":"https:\/\/talkingtochatbots.com\/es\/wp-json\/wp\/v2\/pages"}],"about":[{"href":"https:\/\/talkingtochatbots.com\/es\/wp-json\/wp\/v2\/types\/page"}],"replies":[{"embeddable":true,"href":"https:\/\/talkingtochatbots.com\/es\/wp-json\/wp\/v2\/comments?post=5755"}],"version-history":[{"count":3,"href":"https:\/\/talkingtochatbots.com\/es\/wp-json\/wp\/v2\/pages\/5755\/revisions"}],"predecessor-version":[{"id":6224,"href":"https:\/\/talkingtochatbots.com\/es\/wp-json\/wp\/v2\/pages\/5755\/revisions\/6224"}],"up":[{"embeddable":true,"href":"https:\/\/talkingtochatbots.com\/es\/wp-json\/wp\/v2\/pages\/5675"}],"wp:attachment":[{"href":"https:\/\/talkingtochatbots.com\/es\/wp-json\/wp\/v2\/media?parent=5755"}],"curies":[{"name":"gracias","href":"https:\/\/api.w.org\/{rel}","templated":true}]}}