{"id":5752,"date":"2024-12-27T20:12:59","date_gmt":"2024-12-27T18:12:59","guid":{"rendered":"https:\/\/talkingtochatbots.com\/bing\/science-and-general-knowledge\/request-to-read-a-web-page-inquire-about-a-linkedin-profile-and\/"},"modified":"2024-12-30T12:20:08","modified_gmt":"2024-12-30T10:20:08","slug":"request-to-read-a-web-page-inquire-about-a-linkedin-profile-and","status":"publish","type":"page","link":"https:\/\/talkingtochatbots.com\/es\/bing\/science-and-general-knowledge\/request-to-read-a-web-page-inquire-about-a-linkedin-profile-and\/","title":{"rendered":"Solicitud de lectura de una p\u00e1gina web Solicitar informaci\u00f3n sobre un perfil de Linkedin y\u2026"},"content":{"rendered":"\r\n<div id=\"output\" style=\"margin-top:20px; padding:10px; border:1px solid #ccc; background:#e4e4e4;\">\r\n    Loading data from <a href=\"https:\/\/huggingface.co\/datasets\/reddgr\/talking-to-chatbots-chats\" target=\"_blank\" rel=\"noopener\" title=\"\">reddgr\/talking-to-chatbots-chats<\/a> &#8230;\r\n<\/div>\r\n\r\n<script>\r\n    document.addEventListener(\"DOMContentLoaded\", () => {\r\n        const args = {\r\n            dataset: \"reddgr\/talking-to-chatbots-chats\",\r\n            config: \"default\",\r\n            split: \"train\",\r\n            conversation_id: \"40eabb3e-5695-4608-944c-0d387239d941\",\r\n            offset: 0,\r\n            length: 1\r\n        };\r\n        window.apiCallArgs = args;\r\n    });\r\n<\/script>\r\n\r\n<script src=\"\/wp-content\/uploads\/js\/chat_header_v04.js\"><\/script>\r\n\r\n\r\n\r\n<hr class=\"wp-block-separator has-alpha-channel-opacity\"\/>\r\n\r\n\ud83d\ude0e Can you read the content of a public web page if I give you the link?\r\n<blockquote>\ud83e\udd16 Yes, I can read the content of a public web page if you give me the link. Please provide the link and I will try to access it and summarize the main points for you.<\/blockquote>\r\n\ud83d\ude0e What can you infer about the person with this profile?  <a href=\"https:\/\/in.linkedin.com\" target=\"_blank\" rel=\"nofollow noopener\">[in.linkedin.com]<\/a>\r\n<blockquote>\ud83e\udd16 Based on the profile link and the web search results, I can infer that the person with this profile is:<br><br>\u2022  The current prime minister of India and a senior leader of the Bharatiya Janata Party (BJP), a pro-Hindu nationalist party <a href=\"https:\/\/en.wikipedia.org\" target=\"_blank\" rel=\"nofollow noopener\"><a href=\"https:\/\/en.wikipedia.org\" target=\"_blank\" rel=\"nofollow noopener\"><a href=\"https:\/\/en.wikipedia.org\" target=\"_blank\" rel=\"nofollow noopener\"><a href=\"https:\/\/en.wikipedia.org\" target=\"_blank\" rel=\"nofollow noopener\"><a href=\"https:\/\/en.wikipedia.org\" target=\"_blank\" rel=\"nofollow noopener\"><a href=\"https:\/\/en.wikipedia.org\" target=\"_blank\" rel=\"nofollow noopener\">[en.wikipedia.org]<\/a><\/a><\/a><\/a><\/a><\/a>  <a href=\"https:\/\/www.britannica.com\" target=\"_blank\" rel=\"nofollow noopener\"><a href=\"https:\/\/www.britannica.com\" target=\"_blank\" rel=\"nofollow noopener\"><a href=\"https:\/\/www.britannica.com\" target=\"_blank\" rel=\"nofollow noopener\"><a href=\"https:\/\/www.britannica.com\" target=\"_blank\" rel=\"nofollow noopener\">[www.britannica.com]<\/a><\/a><\/a><\/a> <br><br>\u2022  A former chief minister of Gujarat, a state in western India, where he was accused of being complicit in the 2002 communal riots that killed more than 1,000 people, mostly Muslims <a href=\"https:\/\/en.wikipedia.org\" target=\"_blank\" rel=\"nofollow noopener\"><a href=\"https:\/\/en.wikipedia.org\" target=\"_blank\" rel=\"nofollow noopener\"><a href=\"https:\/\/en.wikipedia.org\" target=\"_blank\" rel=\"nofollow noopener\"><a href=\"https:\/\/en.wikipedia.org\" target=\"_blank\" rel=\"nofollow noopener\"><a href=\"https:\/\/en.wikipedia.org\" target=\"_blank\" rel=\"nofollow noopener\"><a href=\"https:\/\/en.wikipedia.org\" target=\"_blank\" rel=\"nofollow noopener\">[en.wikipedia.org]<\/a><\/a><\/a><\/a><\/a><\/a>  <a href=\"https:\/\/www.britannica.com\" target=\"_blank\" rel=\"nofollow noopener\"><a href=\"https:\/\/www.britannica.com\" target=\"_blank\" rel=\"nofollow noopener\"><a href=\"https:\/\/www.britannica.com\" target=\"_blank\" rel=\"nofollow noopener\"><a href=\"https:\/\/www.britannica.com\" target=\"_blank\" rel=\"nofollow noopener\">[www.britannica.com]<\/a><\/a><\/a><\/a> <br><br>\u2022  A graduate of Gujarat University with a master&#8217;s degree in political science <a href=\"https:\/\/en.wikipedia.org\" target=\"_blank\" rel=\"nofollow noopener\"><a href=\"https:\/\/en.wikipedia.org\" target=\"_blank\" rel=\"nofollow noopener\"><a href=\"https:\/\/en.wikipedia.org\" target=\"_blank\" rel=\"nofollow noopener\"><a href=\"https:\/\/en.wikipedia.org\" target=\"_blank\" rel=\"nofollow noopener\"><a href=\"https:\/\/en.wikipedia.org\" target=\"_blank\" rel=\"nofollow noopener\"><a href=\"https:\/\/en.wikipedia.org\" target=\"_blank\" rel=\"nofollow noopener\">[en.wikipedia.org]<\/a><\/a><\/a><\/a><\/a><\/a> <br><br>\u2022  A member of the Rashtriya Swayamsevak Sangh (RSS), a right-wing Hindu nationalist paramilitary volunteer organization <a href=\"https:\/\/en.wikipedia.org\" target=\"_blank\" rel=\"nofollow noopener\"><a href=\"https:\/\/en.wikipedia.org\" target=\"_blank\" rel=\"nofollow noopener\"><a href=\"https:\/\/en.wikipedia.org\" target=\"_blank\" rel=\"nofollow noopener\"><a href=\"https:\/\/en.wikipedia.org\" target=\"_blank\" rel=\"nofollow noopener\"><a href=\"https:\/\/en.wikipedia.org\" target=\"_blank\" rel=\"nofollow noopener\"><a href=\"https:\/\/en.wikipedia.org\" target=\"_blank\" rel=\"nofollow noopener\">[en.wikipedia.org]<\/a><\/a><\/a><\/a><\/a><\/a> <br><br>\u2022  A popular and controversial figure in Indian politics, known for his economic reforms, development agenda, and hardline stance on national security and foreign policy <a href=\"https:\/\/en.wikipedia.org\" target=\"_blank\" rel=\"nofollow noopener\"><a href=\"https:\/\/en.wikipedia.org\" target=\"_blank\" rel=\"nofollow noopener\"><a href=\"https:\/\/en.wikipedia.org\" target=\"_blank\" rel=\"nofollow noopener\"><a href=\"https:\/\/en.wikipedia.org\" target=\"_blank\" rel=\"nofollow noopener\"><a href=\"https:\/\/en.wikipedia.org\" target=\"_blank\" rel=\"nofollow noopener\"><a href=\"https:\/\/en.wikipedia.org\" target=\"_blank\" rel=\"nofollow noopener\">[en.wikipedia.org]<\/a><\/a><\/a><\/a><\/a><\/a>  <a href=\"https:\/\/www.britannica.com\" target=\"_blank\" rel=\"nofollow noopener\"><a href=\"https:\/\/www.britannica.com\" target=\"_blank\" rel=\"nofollow noopener\"><a href=\"https:\/\/www.britannica.com\" target=\"_blank\" rel=\"nofollow noopener\"><a href=\"https:\/\/www.britannica.com\" target=\"_blank\" rel=\"nofollow noopener\">[www.britannica.com]<\/a><\/a><\/a><\/a>  <a href=\"https:\/\/en.wikipedia.org\" target=\"_blank\" rel=\"nofollow noopener\"><a href=\"https:\/\/en.wikipedia.org\" target=\"_blank\" rel=\"nofollow noopener\"><a href=\"https:\/\/en.wikipedia.org\" target=\"_blank\" rel=\"nofollow noopener\"><a href=\"https:\/\/en.wikipedia.org\" target=\"_blank\" rel=\"nofollow noopener\"><a href=\"https:\/\/en.wikipedia.org\" target=\"_blank\" rel=\"nofollow noopener\"><a href=\"https:\/\/en.wikipedia.org\" target=\"_blank\" rel=\"nofollow noopener\">[en.wikipedia.org]<\/a><\/a><\/a><\/a><\/a><\/a>  <a href=\"https:\/\/www.britannica.com\" target=\"_blank\" rel=\"nofollow noopener\"><a href=\"https:\/\/www.britannica.com\" target=\"_blank\" rel=\"nofollow noopener\"><a href=\"https:\/\/www.britannica.com\" target=\"_blank\" rel=\"nofollow noopener\"><a href=\"https:\/\/www.britannica.com\" target=\"_blank\" rel=\"nofollow noopener\">[www.britannica.com]<\/a><\/a><\/a><\/a><\/blockquote>\r\n\ud83d\ude0e If I had a job interview with that person, what kind of questions should I prepare?\r\n<blockquote>[Message flagged as <mark>bad_response<\/mark>]<br>\ud83e\udd16 If you had a job interview with that person, you should prepare for questions that test your knowledge, skills, and attitude related to the position you are applying for. Some possible questions are:<br><br>\u2022  Why do you want to work for this organization?<br><br>\u2022  What are some of the current issues or challenges facing this organization or sector?<br><br>\u2022  How do you approach problem-solving and decision-making in your work?<br><br>\u2022  How do you handle stress, conflict, and criticism in your work environment?<br><br>\u2022  How do you communicate and collaborate with others in a team?<br><br>\u2022  What are some of the projects or achievements that you are most proud of in your previous or current work?<br><br>\u2022  How do you balance innovation and tradition in your work?<br><br>\u2022  How do you align your personal values and goals with the vision and mission of this organization?<br><br>\u2022  How do you cope with change and uncertainty in your work?<br><br>\u2022  How do you demonstrate leadership and initiative in your work?<\/blockquote>\r\n\r\n<hr class=\"wp-block-separator has-alpha-channel-opacity\"\/>\r\n\r\n\r\n\r\n<h2 class=\"wp-block-heading\">Hugging Face Dataset Metrics<\/h2>\r\n\r\n\r\n\r\n<p>All the conversation prompts, responses, and metrics are available to download and explore on Hugging Face dataset <a href=\"https:\/\/huggingface.co\/datasets\/reddgr\/talking-to-chatbots-chats\" target=\"_blank\" rel=\"noopener\" title=\"\">reddgr\/talking-to-chatbots-chats<\/a>:<\/p>\r\n\r\n\r\n\r\n<iframe\r\n  src=\"https:\/\/huggingface.co\/datasets\/reddgr\/talking-to-chatbots-chats\/embed\/viewer\/default\/train?f[conversation_id][value]=%2740eabb3e-5695-4608-944c-0d387239d941%27\"\r\n  frameborder=\"0\"\r\n  width=\"100%\"\r\n  height=\"390px\"\r\n><\/iframe>\r\n\r\n\r\n\r\n<iframe\r\n  src=\"https:\/\/huggingface.co\/datasets\/reddgr\/talking-to-chatbots-unwrapped-chats\/embed\/viewer\/default\/train?f[conversation_id][value]=%2740eabb3e-5695-4608-944c-0d387239d941%27&#038;sort[column]=turn&#038;sort[direction]=asc\"\r\n  frameborder=\"0\"\r\n  width=\"100%\"\r\n  height=\"460px\"\r\n><\/iframe>\r\n","protected":false},"excerpt":{"rendered":"<p>Cargando datos de reddgr\/talking-to-chatbots-chats\u2026 \ud83d\ude0e \u00bfPuedes leer el contenido de una p\u00e1gina web p\u00fablica si te doy el enlace? \ud83e\udd16 S\u00ed, puedo leer el contenido de una p\u00e1gina web p\u00fablica si me das el enlace. \u2026<\/p>\n<p class=\"read-more\"> <a class=\"more-link\" href=\"https:\/\/talkingtochatbots.com\/es\/bing\/science-and-general-knowledge\/request-to-read-a-web-page-inquire-about-a-linkedin-profile-and\/\"> <span class=\"screen-reader-text\">Solicitud de lectura de una p\u00e1gina web Solicitar informaci\u00f3n sobre un perfil de Linkedin y\u2026<\/span> Leer m\u00e1s \u00bb<\/a><\/p>","protected":false},"author":0,"featured_media":0,"parent":5675,"menu_order":0,"comment_status":"closed","ping_status":"closed","template":"","meta":{"_monsterinsights_skip_tracking":false,"_monsterinsights_sitenote_active":false,"_monsterinsights_sitenote_note":"","_monsterinsights_sitenote_category":0,"footnotes":""},"class_list":["post-5752","page","type-page","status-publish","hentry"],"aioseo_notices":[],"_links":{"self":[{"href":"https:\/\/talkingtochatbots.com\/es\/wp-json\/wp\/v2\/pages\/5752","targetHints":{"allow":["GET"]}}],"collection":[{"href":"https:\/\/talkingtochatbots.com\/es\/wp-json\/wp\/v2\/pages"}],"about":[{"href":"https:\/\/talkingtochatbots.com\/es\/wp-json\/wp\/v2\/types\/page"}],"replies":[{"embeddable":true,"href":"https:\/\/talkingtochatbots.com\/es\/wp-json\/wp\/v2\/comments?post=5752"}],"version-history":[{"count":4,"href":"https:\/\/talkingtochatbots.com\/es\/wp-json\/wp\/v2\/pages\/5752\/revisions"}],"predecessor-version":[{"id":6225,"href":"https:\/\/talkingtochatbots.com\/es\/wp-json\/wp\/v2\/pages\/5752\/revisions\/6225"}],"up":[{"embeddable":true,"href":"https:\/\/talkingtochatbots.com\/es\/wp-json\/wp\/v2\/pages\/5675"}],"wp:attachment":[{"href":"https:\/\/talkingtochatbots.com\/es\/wp-json\/wp\/v2\/media?parent=5752"}],"curies":[{"name":"gracias","href":"https:\/\/api.w.org\/{rel}","templated":true}]}}