{"id":5750,"date":"2024-12-27T20:12:58","date_gmt":"2024-12-27T18:12:58","guid":{"rendered":"https:\/\/talkingtochatbots.com\/bing\/science-and-general-knowledge\/metals-in-the-list-lithium-nickel-sodium-cobalt-manganese-inquire\/"},"modified":"2024-12-30T11:55:13","modified_gmt":"2024-12-30T09:55:13","slug":"metals-in-the-list-lithium-nickel-sodium-cobalt-manganese-inquire","status":"publish","type":"page","link":"https:\/\/talkingtochatbots.com\/es\/bing\/science-and-general-knowledge\/metals-in-the-list-lithium-nickel-sodium-cobalt-manganese-inquire\/","title":{"rendered":"Metales en la lista Litio N\u00edquel Sodio Cobalto Manganeso Consultar"},"content":{"rendered":"\r\n<div id=\"output\" style=\"margin-top:20px; padding:10px; border:1px solid #ccc; background:#e4e4e4;\">\r\n    Loading data from <a href=\"https:\/\/huggingface.co\/datasets\/reddgr\/talking-to-chatbots-chats\" target=\"_blank\" rel=\"noopener\" title=\"\">reddgr\/talking-to-chatbots-chats<\/a> &#8230;\r\n<\/div>\r\n\r\n<script>\r\n    document.addEventListener(\"DOMContentLoaded\", () => {\r\n        const args = {\r\n            dataset: \"reddgr\/talking-to-chatbots-chats\",\r\n            config: \"default\",\r\n            split: \"train\",\r\n            conversation_id: \"2eec52f1-27da-4d07-852a-04ebbd15379d\",\r\n            offset: 0,\r\n            length: 1\r\n        };\r\n        window.apiCallArgs = args;\r\n    });\r\n<\/script>\r\n\r\n<script src=\"\/wp-content\/uploads\/js\/chat_header_v04.js\"><\/script>\r\n\r\n\r\n\r\n<hr class=\"wp-block-separator has-alpha-channel-opacity\"\/>\r\n\r\n\ud83d\ude0e Are all of the items in this list metals? #lithium #nickel #sodium #cobalt #manganese\r\n<blockquote>\ud83e\udd16 Yes, all of the items in this list are metals. They are commonly used in lithium-ion batteries for mobile devices and electric vehicles, acting as the positively charged cathode <a href=\"https:\/\/en.wikipedia.org\" target=\"_blank\" rel=\"nofollow noopener\"><a href=\"https:\/\/en.wikipedia.org\" target=\"_blank\" rel=\"nofollow noopener\"><a href=\"https:\/\/en.wikipedia.org\" target=\"_blank\" rel=\"nofollow noopener\"><a href=\"https:\/\/en.wikipedia.org\" target=\"_blank\" rel=\"nofollow noopener\">[en.wikipedia.org]<\/a><\/a><\/a><\/a>  Lithium, nickel, manganese and cobalt can form different combinations of mixed metal oxides with the general formula LiNi x Mn y Co 1-x-y O 2 <a href=\"https:\/\/en.wikipedia.org\" target=\"_blank\" rel=\"nofollow noopener\"><a href=\"https:\/\/en.wikipedia.org\" target=\"_blank\" rel=\"nofollow noopener\"><a href=\"https:\/\/en.wikipedia.org\" target=\"_blank\" rel=\"nofollow noopener\"><a href=\"https:\/\/en.wikipedia.org\" target=\"_blank\" rel=\"nofollow noopener\">[en.wikipedia.org]<\/a><\/a><\/a><\/a>  <a href=\"https:\/\/www.batterydesign.net\" target=\"_blank\" rel=\"nofollow noopener\"><a href=\"https:\/\/www.batterydesign.net\" target=\"_blank\" rel=\"nofollow noopener\">[www.batterydesign.net]<\/a><\/a>  Sodium is a highly reactive metal that can be used in sodium-ion batteries, which are similar to lithium-ion batteries but use sodium ions instead of lithium ions.<br><br>:  <a href=\"https:\/\/en.wikipedia.org\" target=\"_blank\" rel=\"nofollow noopener\"><a href=\"https:\/\/en.wikipedia.org\" target=\"_blank\" rel=\"nofollow noopener\"><a href=\"https:\/\/en.wikipedia.org\" target=\"_blank\" rel=\"nofollow noopener\"><a href=\"https:\/\/en.wikipedia.org\" target=\"_blank\" rel=\"nofollow noopener\">[en.wikipedia.org]<\/a><\/a><\/a><\/a>  <a href=\"https:\/\/en.wikipedia.org\" target=\"_blank\" rel=\"nofollow noopener\"><a href=\"https:\/\/en.wikipedia.org\" target=\"_blank\" rel=\"nofollow noopener\"><a href=\"https:\/\/en.wikipedia.org\" target=\"_blank\" rel=\"nofollow noopener\"><a href=\"https:\/\/en.wikipedia.org\" target=\"_blank\" rel=\"nofollow noopener\">[en.wikipedia.org]<\/a><\/a><\/a><\/a>  <a href=\"https:\/\/www.batterydesign.net\" target=\"_blank\" rel=\"nofollow noopener\"><a href=\"https:\/\/www.batterydesign.net\" target=\"_blank\" rel=\"nofollow noopener\">[www.batterydesign.net]<\/a><\/a><\/blockquote>\r\n\ud83d\ude0e Are there any other metals commonly used in batteries?\r\n<blockquote>\ud83e\udd16 Yes, there are other metals commonly used in batteries. Some of them are:<br><br>\u2022  Zinc, which is used in zinc-carbon and zinc-air primary batteries <a href=\"https:\/\/www.upsbatterycenter.com\" target=\"_blank\" rel=\"nofollow noopener\"><a href=\"https:\/\/www.upsbatterycenter.com\" target=\"_blank\" rel=\"nofollow noopener\"><a href=\"https:\/\/www.upsbatterycenter.com\" target=\"_blank\" rel=\"nofollow noopener\"><a href=\"https:\/\/www.upsbatterycenter.com\" target=\"_blank\" rel=\"nofollow noopener\"><a href=\"https:\/\/www.upsbatterycenter.com\" target=\"_blank\" rel=\"nofollow noopener\"><a href=\"https:\/\/www.upsbatterycenter.com\" target=\"_blank\" rel=\"nofollow noopener\">[www.upsbatterycenter.com]<\/a><\/a><\/a><\/a><\/a><\/a> <br><br>\u2022  Carbon, which is used in zinc-carbon and lithium-ion batteries as the cathode material <a href=\"https:\/\/www.upsbatterycenter.com\" target=\"_blank\" rel=\"nofollow noopener\"><a href=\"https:\/\/www.upsbatterycenter.com\" target=\"_blank\" rel=\"nofollow noopener\"><a href=\"https:\/\/www.upsbatterycenter.com\" target=\"_blank\" rel=\"nofollow noopener\"><a href=\"https:\/\/www.upsbatterycenter.com\" target=\"_blank\" rel=\"nofollow noopener\"><a href=\"https:\/\/www.upsbatterycenter.com\" target=\"_blank\" rel=\"nofollow noopener\"><a href=\"https:\/\/www.upsbatterycenter.com\" target=\"_blank\" rel=\"nofollow noopener\">[www.upsbatterycenter.com]<\/a><\/a><\/a><\/a><\/a><\/a>  <a href=\"https:\/\/www.mogroup.com\" target=\"_blank\" rel=\"nofollow noopener\"><a href=\"https:\/\/www.mogroup.com\" target=\"_blank\" rel=\"nofollow noopener\">[www.mogroup.com]<\/a><\/a> <br><br>\u2022  Iron, which is used in iron-air and nickel-iron batteries <a href=\"https:\/\/www.upsbatterycenter.com\" target=\"_blank\" rel=\"nofollow noopener\"><a href=\"https:\/\/www.upsbatterycenter.com\" target=\"_blank\" rel=\"nofollow noopener\"><a href=\"https:\/\/www.upsbatterycenter.com\" target=\"_blank\" rel=\"nofollow noopener\"><a href=\"https:\/\/www.upsbatterycenter.com\" target=\"_blank\" rel=\"nofollow noopener\"><a href=\"https:\/\/www.upsbatterycenter.com\" target=\"_blank\" rel=\"nofollow noopener\"><a href=\"https:\/\/www.upsbatterycenter.com\" target=\"_blank\" rel=\"nofollow noopener\">[www.upsbatterycenter.com]<\/a><\/a><\/a><\/a><\/a><\/a> <br><br>\u2022  Vanadium, which is used in vanadium redox flow batteries for large-scale energy storage <a href=\"https:\/\/www.upsbatterycenter.com\" target=\"_blank\" rel=\"nofollow noopener\"><a href=\"https:\/\/www.upsbatterycenter.com\" target=\"_blank\" rel=\"nofollow noopener\"><a href=\"https:\/\/www.upsbatterycenter.com\" target=\"_blank\" rel=\"nofollow noopener\"><a href=\"https:\/\/www.upsbatterycenter.com\" target=\"_blank\" rel=\"nofollow noopener\"><a href=\"https:\/\/www.upsbatterycenter.com\" target=\"_blank\" rel=\"nofollow noopener\"><a href=\"https:\/\/www.upsbatterycenter.com\" target=\"_blank\" rel=\"nofollow noopener\">[www.upsbatterycenter.com]<\/a><\/a><\/a><\/a><\/a><\/a> <br><br>\u2022  Cadmium, which is used in nickel-cadmium rechargeable batteries <a href=\"https:\/\/www.upsbatterycenter.com\" target=\"_blank\" rel=\"nofollow noopener\"><a href=\"https:\/\/www.upsbatterycenter.com\" target=\"_blank\" rel=\"nofollow noopener\"><a href=\"https:\/\/www.upsbatterycenter.com\" target=\"_blank\" rel=\"nofollow noopener\"><a href=\"https:\/\/www.upsbatterycenter.com\" target=\"_blank\" rel=\"nofollow noopener\"><a href=\"https:\/\/www.upsbatterycenter.com\" target=\"_blank\" rel=\"nofollow noopener\"><a href=\"https:\/\/www.upsbatterycenter.com\" target=\"_blank\" rel=\"nofollow noopener\">[www.upsbatterycenter.com]<\/a><\/a><\/a><\/a><\/a><\/a> <br><br>\u2022  Platinum group metals (PGMs), which are used in fuel cells for hydrogen vehicles <a href=\"https:\/\/elements.visualcapitalist.com\" target=\"_blank\" rel=\"nofollow noopener\"><a href=\"https:\/\/elements.visualcapitalist.com\" target=\"_blank\" rel=\"nofollow noopener\">[elements.visualcapitalist.com]<\/a><\/a>  <a href=\"https:\/\/www.upsbatterycenter.com\" target=\"_blank\" rel=\"nofollow noopener\"><a href=\"https:\/\/www.upsbatterycenter.com\" target=\"_blank\" rel=\"nofollow noopener\"><a href=\"https:\/\/www.upsbatterycenter.com\" target=\"_blank\" rel=\"nofollow noopener\"><a href=\"https:\/\/www.upsbatterycenter.com\" target=\"_blank\" rel=\"nofollow noopener\"><a href=\"https:\/\/www.upsbatterycenter.com\" target=\"_blank\" rel=\"nofollow noopener\"><a href=\"https:\/\/www.upsbatterycenter.com\" target=\"_blank\" rel=\"nofollow noopener\">[www.upsbatterycenter.com]<\/a><\/a><\/a><\/a><\/a><\/a>  <a href=\"https:\/\/www.mogroup.com\" target=\"_blank\" rel=\"nofollow noopener\"><a href=\"https:\/\/www.mogroup.com\" target=\"_blank\" rel=\"nofollow noopener\">[www.mogroup.com]<\/a><\/a>  <a href=\"https:\/\/elements.visualcapitalist.com\" target=\"_blank\" rel=\"nofollow noopener\"><a href=\"https:\/\/elements.visualcapitalist.com\" target=\"_blank\" rel=\"nofollow noopener\">[elements.visualcapitalist.com]<\/a><\/a><\/blockquote>\r\n\r\n<hr class=\"wp-block-separator has-alpha-channel-opacity\"\/>\r\n\r\n\r\n\r\n<h2 class=\"wp-block-heading\">Hugging Face Dataset Metrics<\/h2>\r\n\r\n\r\n\r\n<p>All the conversation prompts, responses, and metrics are available to download and explore on Hugging Face dataset <a href=\"https:\/\/huggingface.co\/datasets\/reddgr\/talking-to-chatbots-chats\" target=\"_blank\" rel=\"noopener\" title=\"\">reddgr\/talking-to-chatbots-chats<\/a>:<\/p>\r\n\r\n\r\n\r\n<iframe\r\n  src=\"https:\/\/huggingface.co\/datasets\/reddgr\/talking-to-chatbots-chats\/embed\/viewer\/default\/train?f[conversation_id][value]=%272eec52f1-27da-4d07-852a-04ebbd15379d%27\"\r\n  frameborder=\"0\"\r\n  width=\"100%\"\r\n  height=\"390px\"\r\n><\/iframe>\r\n\r\n\r\n\r\n<iframe\r\n  src=\"https:\/\/huggingface.co\/datasets\/reddgr\/talking-to-chatbots-unwrapped-chats\/embed\/viewer\/default\/train?f[conversation_id][value]=%272eec52f1-27da-4d07-852a-04ebbd15379d%27&#038;sort[column]=turn&#038;sort[direction]=asc\"\r\n  frameborder=\"0\"\r\n  width=\"100%\"\r\n  height=\"460px\"\r\n><\/iframe>\r\n","protected":false},"excerpt":{"rendered":"<p>Cargando datos de reddgr\/talking-to-chatbots-chats\u2026 \ud83d\ude0e \u00bfSon todos los elementos de esta lista metales? #litio #n\u00edquel #sodio #cobalto #manganeso \ud83e\udd16 S\u00ed, todos los elementos de esta lista son metales. Se usan com\u00fanmente en bater\u00edas de iones de litio para m\u00f3viles\u2026<\/p>\n<p class=\"read-more\"> <a class=\"more-link\" href=\"https:\/\/talkingtochatbots.com\/es\/bing\/science-and-general-knowledge\/metals-in-the-list-lithium-nickel-sodium-cobalt-manganese-inquire\/\"> <span class=\"screen-reader-text\">Metales en la lista Litio N\u00edquel Sodio Cobalto Manganeso Consultar<\/span> Leer m\u00e1s \u00bb<\/a><\/p>","protected":false},"author":0,"featured_media":0,"parent":5675,"menu_order":0,"comment_status":"closed","ping_status":"closed","template":"","meta":{"_monsterinsights_skip_tracking":false,"_monsterinsights_sitenote_active":false,"_monsterinsights_sitenote_note":"","_monsterinsights_sitenote_category":0,"footnotes":""},"class_list":["post-5750","page","type-page","status-publish","hentry"],"aioseo_notices":[],"_links":{"self":[{"href":"https:\/\/talkingtochatbots.com\/es\/wp-json\/wp\/v2\/pages\/5750","targetHints":{"allow":["GET"]}}],"collection":[{"href":"https:\/\/talkingtochatbots.com\/es\/wp-json\/wp\/v2\/pages"}],"about":[{"href":"https:\/\/talkingtochatbots.com\/es\/wp-json\/wp\/v2\/types\/page"}],"replies":[{"embeddable":true,"href":"https:\/\/talkingtochatbots.com\/es\/wp-json\/wp\/v2\/comments?post=5750"}],"version-history":[{"count":2,"href":"https:\/\/talkingtochatbots.com\/es\/wp-json\/wp\/v2\/pages\/5750\/revisions"}],"predecessor-version":[{"id":6038,"href":"https:\/\/talkingtochatbots.com\/es\/wp-json\/wp\/v2\/pages\/5750\/revisions\/6038"}],"up":[{"embeddable":true,"href":"https:\/\/talkingtochatbots.com\/es\/wp-json\/wp\/v2\/pages\/5675"}],"wp:attachment":[{"href":"https:\/\/talkingtochatbots.com\/es\/wp-json\/wp\/v2\/media?parent=5750"}],"curies":[{"name":"gracias","href":"https:\/\/api.w.org\/{rel}","templated":true}]}}