{"id":5749,"date":"2024-12-27T20:12:57","date_gmt":"2024-12-27T18:12:57","guid":{"rendered":"https:\/\/talkingtochatbots.com\/bing\/science-and-general-knowledge\/is-there-a-stadium-with-credit-in-its-name\/"},"modified":"2024-12-30T12:10:23","modified_gmt":"2024-12-30T10:10:23","slug":"is-there-a-stadium-with-credit-in-its-name","status":"publish","type":"page","link":"https:\/\/talkingtochatbots.com\/es\/bing\/science-and-general-knowledge\/is-there-a-stadium-with-credit-in-its-name\/","title":{"rendered":"\u00bfExiste un estadio con cr\u00e9dito en su nombre?"},"content":{"rendered":"\r\n<div id=\"output\" style=\"margin-top:20px; padding:10px; border:1px solid #ccc; background:#e4e4e4;\">\r\n    Loading data from <a href=\"https:\/\/huggingface.co\/datasets\/reddgr\/talking-to-chatbots-chats\" target=\"_blank\" rel=\"noopener\" title=\"\">reddgr\/talking-to-chatbots-chats<\/a> &#8230;\r\n<\/div>\r\n\r\n<script>\r\n    document.addEventListener(\"DOMContentLoaded\", () => {\r\n        const args = {\r\n            dataset: \"reddgr\/talking-to-chatbots-chats\",\r\n            config: \"default\",\r\n            split: \"train\",\r\n            conversation_id: \"1ec98abb-523a-4338-a31f-52996917df05\",\r\n            offset: 0,\r\n            length: 1\r\n        };\r\n        window.apiCallArgs = args;\r\n    });\r\n<\/script>\r\n\r\n<script src=\"\/wp-content\/uploads\/js\/chat_header_v04.js\"><\/script>\r\n\r\n\r\n\r\n<hr class=\"wp-block-separator has-alpha-channel-opacity\"\/>\r\n\r\n\ud83d\ude0e Is there any stadium which includes the word \u201ccredit\u201d in it\u2019s name?\r\n<blockquote>\ud83e\udd16 Yes, there are some stadiums that include the word &#8220;credit&#8221; in their name. Here are a few examples:<br><br>\u2022  Credit Union 1 Arena: Home of the University of Illinois at Chicago Flames basketball team <a href=\"https:\/\/www.businessinsider.com\" target=\"_blank\" rel=\"nofollow noopener\"><a href=\"https:\/\/www.businessinsider.com\" target=\"_blank\" rel=\"nofollow noopener\"><a href=\"https:\/\/www.businessinsider.com\" target=\"_blank\" rel=\"nofollow noopener\">[www.businessinsider.com]<\/a><\/a><\/a> <br><br>\u2022  Credit Union Place: A multi-purpose facility in Summerside, Prince Edward Island, Canada <a href=\"https:\/\/www.fantasynamegenerators.com\" target=\"_blank\" rel=\"nofollow noopener\"><a href=\"https:\/\/www.fantasynamegenerators.com\" target=\"_blank\" rel=\"nofollow noopener\"><a href=\"https:\/\/www.fantasynamegenerators.com\" target=\"_blank\" rel=\"nofollow noopener\">[www.fantasynamegenerators.com]<\/a><\/a><\/a> <br><br>\u2022  Credit Union iPlex: An indoor arena in Swift Current, Saskatchewan, Canada <a href=\"https:\/\/www.bankrate.com\" target=\"_blank\" rel=\"nofollow noopener\"><a href=\"https:\/\/www.bankrate.com\" target=\"_blank\" rel=\"nofollow noopener\"><a href=\"https:\/\/www.bankrate.com\" target=\"_blank\" rel=\"nofollow noopener\">[www.bankrate.com]<\/a><\/a><\/a>  <a href=\"https:\/\/www.businessinsider.com\" target=\"_blank\" rel=\"nofollow noopener\"><a href=\"https:\/\/www.businessinsider.com\" target=\"_blank\" rel=\"nofollow noopener\"><a href=\"https:\/\/www.businessinsider.com\" target=\"_blank\" rel=\"nofollow noopener\">[www.businessinsider.com]<\/a><\/a><\/a>   <a href=\"https:\/\/en.wikipedia.org\" target=\"_blank\" rel=\"nofollow noopener\"><a href=\"https:\/\/en.wikipedia.org\" target=\"_blank\" rel=\"nofollow noopener\"><a href=\"https:\/\/en.wikipedia.org\" target=\"_blank\" rel=\"nofollow noopener\">[en.wikipedia.org]<\/a><\/a><\/a>  <a href=\"https:\/\/www.fantasynamegenerators.com\" target=\"_blank\" rel=\"nofollow noopener\"><a href=\"https:\/\/www.fantasynamegenerators.com\" target=\"_blank\" rel=\"nofollow noopener\"><a href=\"https:\/\/www.fantasynamegenerators.com\" target=\"_blank\" rel=\"nofollow noopener\">[www.fantasynamegenerators.com]<\/a><\/a><\/a>   <a href=\"https:\/\/en.wikipedia.org\" target=\"_blank\" rel=\"nofollow noopener\"><a href=\"https:\/\/en.wikipedia.org\" target=\"_blank\" rel=\"nofollow noopener\"><a href=\"https:\/\/en.wikipedia.org\" target=\"_blank\" rel=\"nofollow noopener\">[en.wikipedia.org]<\/a><\/a><\/a>  <a href=\"https:\/\/www.bankrate.com\" target=\"_blank\" rel=\"nofollow noopener\"><a href=\"https:\/\/www.bankrate.com\" target=\"_blank\" rel=\"nofollow noopener\"><a href=\"https:\/\/www.bankrate.com\" target=\"_blank\" rel=\"nofollow noopener\">[www.bankrate.com]<\/a><\/a><\/a>   <a href=\"https:\/\/en.wikipedia.org\" target=\"_blank\" rel=\"nofollow noopener\"><a href=\"https:\/\/en.wikipedia.org\" target=\"_blank\" rel=\"nofollow noopener\"><a href=\"https:\/\/en.wikipedia.org\" target=\"_blank\" rel=\"nofollow noopener\">[en.wikipedia.org]<\/a><\/a><\/a>  <a href=\"https:\/\/www.businessinsider.com\" target=\"_blank\" rel=\"nofollow noopener\"><a href=\"https:\/\/www.businessinsider.com\" target=\"_blank\" rel=\"nofollow noopener\"><a href=\"https:\/\/www.businessinsider.com\" target=\"_blank\" rel=\"nofollow noopener\">[www.businessinsider.com]<\/a><\/a><\/a>  <a href=\"https:\/\/www.fantasynamegenerators.com\" target=\"_blank\" rel=\"nofollow noopener\"><a href=\"https:\/\/www.fantasynamegenerators.com\" target=\"_blank\" rel=\"nofollow noopener\"><a href=\"https:\/\/www.fantasynamegenerators.com\" target=\"_blank\" rel=\"nofollow noopener\">[www.fantasynamegenerators.com]<\/a><\/a><\/a>  <a href=\"https:\/\/www.bankrate.com\" target=\"_blank\" rel=\"nofollow noopener\"><a href=\"https:\/\/www.bankrate.com\" target=\"_blank\" rel=\"nofollow noopener\"><a href=\"https:\/\/www.bankrate.com\" target=\"_blank\" rel=\"nofollow noopener\">[www.bankrate.com]<\/a><\/a><\/a><\/blockquote>\r\n\r\n<hr class=\"wp-block-separator has-alpha-channel-opacity\"\/>\r\n\r\n\r\n\r\n<h2 class=\"wp-block-heading\">Hugging Face Dataset Metrics<\/h2>\r\n\r\n\r\n\r\n<p>All the conversation prompts, responses, and metrics are available to download and explore on Hugging Face dataset <a href=\"https:\/\/huggingface.co\/datasets\/reddgr\/talking-to-chatbots-chats\" target=\"_blank\" rel=\"noopener\" title=\"\">reddgr\/talking-to-chatbots-chats<\/a>:<\/p>\r\n\r\n\r\n\r\n<iframe\r\n  src=\"https:\/\/huggingface.co\/datasets\/reddgr\/talking-to-chatbots-chats\/embed\/viewer\/default\/train?f[conversation_id][value]=%271ec98abb-523a-4338-a31f-52996917df05%27\"\r\n  frameborder=\"0\"\r\n  width=\"100%\"\r\n  height=\"390px\"\r\n><\/iframe>\r\n\r\n\r\n\r\n<iframe\r\n  src=\"https:\/\/huggingface.co\/datasets\/reddgr\/talking-to-chatbots-unwrapped-chats\/embed\/viewer\/default\/train?f[conversation_id][value]=%271ec98abb-523a-4338-a31f-52996917df05%27&#038;sort[column]=turn&#038;sort[direction]=asc\"\r\n  frameborder=\"0\"\r\n  width=\"100%\"\r\n  height=\"460px\"\r\n><\/iframe>\r\n","protected":false},"excerpt":{"rendered":"<p>Cargando datos de reddgr\/talking-to-chatbots-chats\u2026 \ud83d\ude0e \u00bfHay alg\u00fan estadio que incluya la palabra &quot;cr\u00e9dito&quot; en su nombre? \ud83e\udd16 S\u00ed, hay algunos estadios que incluyen la palabra &quot;cr\u00e9dito&quot; en su nombre. Aqu\u00ed hay algunos ejemplos: \u2022 Cooperativa de Cr\u00e9dito\u2026<\/p>\n<p class=\"read-more\"> <a class=\"more-link\" href=\"https:\/\/talkingtochatbots.com\/es\/bing\/science-and-general-knowledge\/is-there-a-stadium-with-credit-in-its-name\/\"> <span class=\"screen-reader-text\">\u00bfExiste un estadio con cr\u00e9dito en su nombre?<\/span> Leer m\u00e1s \u00bb<\/a><\/p>","protected":false},"author":0,"featured_media":0,"parent":5675,"menu_order":0,"comment_status":"closed","ping_status":"closed","template":"","meta":{"_monsterinsights_skip_tracking":false,"_monsterinsights_sitenote_active":false,"_monsterinsights_sitenote_note":"","_monsterinsights_sitenote_category":0,"footnotes":""},"class_list":["post-5749","page","type-page","status-publish","hentry"],"aioseo_notices":[],"_links":{"self":[{"href":"https:\/\/talkingtochatbots.com\/es\/wp-json\/wp\/v2\/pages\/5749","targetHints":{"allow":["GET"]}}],"collection":[{"href":"https:\/\/talkingtochatbots.com\/es\/wp-json\/wp\/v2\/pages"}],"about":[{"href":"https:\/\/talkingtochatbots.com\/es\/wp-json\/wp\/v2\/types\/page"}],"replies":[{"embeddable":true,"href":"https:\/\/talkingtochatbots.com\/es\/wp-json\/wp\/v2\/comments?post=5749"}],"version-history":[{"count":4,"href":"https:\/\/talkingtochatbots.com\/es\/wp-json\/wp\/v2\/pages\/5749\/revisions"}],"predecessor-version":[{"id":6195,"href":"https:\/\/talkingtochatbots.com\/es\/wp-json\/wp\/v2\/pages\/5749\/revisions\/6195"}],"up":[{"embeddable":true,"href":"https:\/\/talkingtochatbots.com\/es\/wp-json\/wp\/v2\/pages\/5675"}],"wp:attachment":[{"href":"https:\/\/talkingtochatbots.com\/es\/wp-json\/wp\/v2\/media?parent=5749"}],"curies":[{"name":"gracias","href":"https:\/\/api.w.org\/{rel}","templated":true}]}}