{"id":5747,"date":"2024-12-27T20:12:55","date_gmt":"2024-12-27T18:12:55","guid":{"rendered":"https:\/\/talkingtochatbots.com\/bing\/science-and-general-knowledge\/how-often-are-uk-general-elections-held\/"},"modified":"2024-12-27T20:25:26","modified_gmt":"2024-12-27T18:25:26","slug":"how-often-are-uk-general-elections-held","status":"publish","type":"page","link":"https:\/\/talkingtochatbots.com\/es\/bing\/science-and-general-knowledge\/how-often-are-uk-general-elections-held\/","title":{"rendered":"\u00bfCon qu\u00e9 frecuencia se celebran elecciones generales en el Reino Unido?"},"content":{"rendered":"\r\n<div id=\"output\" style=\"margin-top:20px; padding:10px; border:1px solid #ccc; background:#e4e4e4;\">\r\n    Loading data from <a href=\"https:\/\/huggingface.co\/datasets\/reddgr\/talking-to-chatbots-chats\" target=\"_blank\" rel=\"noopener\" title=\"\">reddgr\/talking-to-chatbots-chats<\/a> &#8230;\r\n<\/div>\r\n\r\n<script>\r\n    document.addEventListener(\"DOMContentLoaded\", () => {\r\n        const args = {\r\n            dataset: \"reddgr\/talking-to-chatbots-chats\",\r\n            config: \"default\",\r\n            split: \"train\",\r\n            conversation_id: \"68ed0c6a-60c5-4da7-abea-f4eeccb83cff\",\r\n            offset: 0,\r\n            length: 1\r\n        };\r\n        window.apiCallArgs = args;\r\n    });\r\n<\/script>\r\n\r\n<script src=\"\/wp-content\/uploads\/js\/chat_header_v04.js\"><\/script>\r\n\r\n\r\n\r\n<hr class=\"wp-block-separator has-alpha-channel-opacity\"\/>\r\n\r\n\ud83d\ude0e How often are UK general elections held?\r\n<blockquote>\ud83e\udd16 According to the web search results, UK general elections usually take place every five years, but they can be held sooner or later depending on the decision of the government of the day. The date of the next general election has not yet been announced, but the latest it could be held is Tuesday 17 December 2024, unless Parliament is dissolved sooner by the King. The date of the last general election was 12 December 2019. You can find more information about UK general elections from these sources:<br><br>\u2022  How often are UK General Elections held? &#8211; Britpolitics <a href=\"https:\/\/www.britpolitics.co.uk\" target=\"_blank\" rel=\"nofollow noopener\"><a href=\"https:\/\/www.britpolitics.co.uk\" target=\"_blank\" rel=\"nofollow noopener\">[www.britpolitics.co.uk]<\/a><\/a> <br>\u2022  General elections &#8211; UK Parliament <a href=\"https:\/\/www.parliament.uk\" target=\"_blank\" rel=\"nofollow noopener\"><a href=\"https:\/\/www.parliament.uk\" target=\"_blank\" rel=\"nofollow noopener\">[www.parliament.uk]<\/a><\/a> <br>\u2022  Types of election, referendums, and who can vote: General election &#8211; GOV.UK <a href=\"https:\/\/www.gov.uk\" target=\"_blank\" rel=\"nofollow noopener\">[www.gov.uk]<\/a> <br>\u2022  United Kingdom general election records &#8211; Wikipedia <a href=\"https:\/\/en.wikipedia.org\" target=\"_blank\" rel=\"nofollow noopener\">[en.wikipedia.org]<\/a>  <a href=\"https:\/\/www.britpolitics.co.uk\" target=\"_blank\" rel=\"nofollow noopener\"><a href=\"https:\/\/www.britpolitics.co.uk\" target=\"_blank\" rel=\"nofollow noopener\">[www.britpolitics.co.uk]<\/a><\/a>  <a href=\"https:\/\/www.parliament.uk\" target=\"_blank\" rel=\"nofollow noopener\"><a href=\"https:\/\/www.parliament.uk\" target=\"_blank\" rel=\"nofollow noopener\">[www.parliament.uk]<\/a><\/a><\/blockquote>\r\n\r\n<hr class=\"wp-block-separator has-alpha-channel-opacity\"\/>\r\n\r\n\r\n\r\n<h2 class=\"wp-block-heading\">Hugging Face Dataset Metrics<\/h2>\r\n\r\n\r\n\r\n<p>All the conversation prompts, responses, and metrics are available to download and explore on Hugging Face dataset <a href=\"https:\/\/huggingface.co\/datasets\/reddgr\/talking-to-chatbots-chats\" target=\"_blank\" rel=\"noopener\" title=\"\">reddgr\/talking-to-chatbots-chats<\/a>:<\/p>\r\n\r\n\r\n\r\n<iframe\r\n  src=\"https:\/\/huggingface.co\/datasets\/reddgr\/talking-to-chatbots-chats\/embed\/viewer\/default\/train?f[conversation_id][value]=%2768ed0c6a-60c5-4da7-abea-f4eeccb83cff%27\"\r\n  frameborder=\"0\"\r\n  width=\"100%\"\r\n  height=\"390px\"\r\n><\/iframe>\r\n\r\n\r\n\r\n<iframe\r\n  src=\"https:\/\/huggingface.co\/datasets\/reddgr\/talking-to-chatbots-unwrapped-chats\/embed\/viewer\/default\/train?f[conversation_id][value]=%2768ed0c6a-60c5-4da7-abea-f4eeccb83cff%27&#038;sort[column]=turn&#038;sort[direction]=asc\"\r\n  frameborder=\"0\"\r\n  width=\"100%\"\r\n  height=\"460px\"\r\n><\/iframe>\r\n","protected":false},"excerpt":{"rendered":"<p>Cargando datos de reddgr\/talking-to-chatbots-chats\u2026 \ud83d\ude0e \u00bfCon qu\u00e9 frecuencia se celebran las elecciones generales en el Reino Unido? \ud83e\udd16 Seg\u00fan los resultados de b\u00fasqueda web, las elecciones generales en el Reino Unido suelen celebrarse cada cinco a\u00f1os, pero pueden celebrarse antes o despu\u00e9s, dependiendo de\u2026<\/p>\n<p class=\"read-more\"> <a class=\"more-link\" href=\"https:\/\/talkingtochatbots.com\/es\/bing\/science-and-general-knowledge\/how-often-are-uk-general-elections-held\/\"> <span class=\"screen-reader-text\">\u00bfCon qu\u00e9 frecuencia se celebran elecciones generales en el Reino Unido?<\/span> Leer m\u00e1s \u00bb<\/a><\/p>","protected":false},"author":0,"featured_media":0,"parent":5675,"menu_order":0,"comment_status":"closed","ping_status":"closed","template":"","meta":{"_monsterinsights_skip_tracking":false,"_monsterinsights_sitenote_active":false,"_monsterinsights_sitenote_note":"","_monsterinsights_sitenote_category":0,"footnotes":""},"class_list":["post-5747","page","type-page","status-publish","hentry"],"aioseo_notices":[],"_links":{"self":[{"href":"https:\/\/talkingtochatbots.com\/es\/wp-json\/wp\/v2\/pages\/5747","targetHints":{"allow":["GET"]}}],"collection":[{"href":"https:\/\/talkingtochatbots.com\/es\/wp-json\/wp\/v2\/pages"}],"about":[{"href":"https:\/\/talkingtochatbots.com\/es\/wp-json\/wp\/v2\/types\/page"}],"replies":[{"embeddable":true,"href":"https:\/\/talkingtochatbots.com\/es\/wp-json\/wp\/v2\/comments?post=5747"}],"version-history":[{"count":1,"href":"https:\/\/talkingtochatbots.com\/es\/wp-json\/wp\/v2\/pages\/5747\/revisions"}],"predecessor-version":[{"id":5890,"href":"https:\/\/talkingtochatbots.com\/es\/wp-json\/wp\/v2\/pages\/5747\/revisions\/5890"}],"up":[{"embeddable":true,"href":"https:\/\/talkingtochatbots.com\/es\/wp-json\/wp\/v2\/pages\/5675"}],"wp:attachment":[{"href":"https:\/\/talkingtochatbots.com\/es\/wp-json\/wp\/v2\/media?parent=5747"}],"curies":[{"name":"gracias","href":"https:\/\/api.w.org\/{rel}","templated":true}]}}