{"id":5740,"date":"2024-12-27T20:12:49","date_gmt":"2024-12-27T18:12:49","guid":{"rendered":"https:\/\/talkingtochatbots.com\/bing\/science-and-general-knowledge\/do-you-know-a-philosopher-famous-for-his-frugal-lifestyle\/"},"modified":"2024-12-30T12:10:31","modified_gmt":"2024-12-30T10:10:31","slug":"do-you-know-a-philosopher-famous-for-his-frugal-lifestyle","status":"publish","type":"page","link":"https:\/\/talkingtochatbots.com\/es\/bing\/science-and-general-knowledge\/do-you-know-a-philosopher-famous-for-his-frugal-lifestyle\/","title":{"rendered":"\u00bfConoces a un fil\u00f3sofo famoso por su estilo de vida frugal?"},"content":{"rendered":"\r\n<div id=\"output\" style=\"margin-top:20px; padding:10px; border:1px solid #ccc; background:#e4e4e4;\">\r\n    Loading data from <a href=\"https:\/\/huggingface.co\/datasets\/reddgr\/talking-to-chatbots-chats\" target=\"_blank\" rel=\"noopener\" title=\"\">reddgr\/talking-to-chatbots-chats<\/a> &#8230;\r\n<\/div>\r\n\r\n<script>\r\n    document.addEventListener(\"DOMContentLoaded\", () => {\r\n        const args = {\r\n            dataset: \"reddgr\/talking-to-chatbots-chats\",\r\n            config: \"default\",\r\n            split: \"train\",\r\n            conversation_id: \"3d7eb293-cd20-4710-80d8-aaa915c3b27f\",\r\n            offset: 0,\r\n            length: 1\r\n        };\r\n        window.apiCallArgs = args;\r\n    });\r\n<\/script>\r\n\r\n<script src=\"\/wp-content\/uploads\/js\/chat_header_v04.js\"><\/script>\r\n\r\n\r\n\r\n<hr class=\"wp-block-separator has-alpha-channel-opacity\"\/>\r\n\r\n\ud83d\ude0e do you know a philosopher who was famous for his frugal lifestyle?\r\n<blockquote>\ud83e\udd16 Yes, I know a philosopher who was famous for his frugal lifestyle. His name was Diogenes of Sinope, a Greek philosopher who lived in the 4th century BCE. He was one of the founders of the Cynic school of philosophy, which advocated living in harmony with nature and rejecting conventional values and social norms. Diogenes practiced extreme asceticism, living in a large clay jar, owning nothing but a cloak, a staff and a beggar&#8217;s bowl. He was known for his witty and provocative remarks, challenging the authority and wisdom of famous figures such as Plato, Alexander the Great and the Oracle of Delphi. He is often considered as an example of a philosopher who lived according to his principles.<br><br>Do you want to know more about Diogenes or other philosophers who lived simply?<\/blockquote>\r\n\r\n<hr class=\"wp-block-separator has-alpha-channel-opacity\"\/>\r\n\r\n\r\n\r\n<h2 class=\"wp-block-heading\">Hugging Face Dataset Metrics<\/h2>\r\n\r\n\r\n\r\n<p>All the conversation prompts, responses, and metrics are available to download and explore on Hugging Face dataset <a href=\"https:\/\/huggingface.co\/datasets\/reddgr\/talking-to-chatbots-chats\" target=\"_blank\" rel=\"noopener\" title=\"\">reddgr\/talking-to-chatbots-chats<\/a>:<\/p>\r\n\r\n\r\n\r\n<iframe\r\n  src=\"https:\/\/huggingface.co\/datasets\/reddgr\/talking-to-chatbots-chats\/embed\/viewer\/default\/train?f[conversation_id][value]=%273d7eb293-cd20-4710-80d8-aaa915c3b27f%27\"\r\n  frameborder=\"0\"\r\n  width=\"100%\"\r\n  height=\"390px\"\r\n><\/iframe>\r\n\r\n\r\n\r\n<iframe\r\n  src=\"https:\/\/huggingface.co\/datasets\/reddgr\/talking-to-chatbots-unwrapped-chats\/embed\/viewer\/default\/train?f[conversation_id][value]=%273d7eb293-cd20-4710-80d8-aaa915c3b27f%27&#038;sort[column]=turn&#038;sort[direction]=asc\"\r\n  frameborder=\"0\"\r\n  width=\"100%\"\r\n  height=\"460px\"\r\n><\/iframe>\r\n","protected":false},"excerpt":{"rendered":"<p>Cargando datos de reddgr\/talking-to-chatbots-chats\u2026 \ud83d\ude0e \u00bfConoces a alg\u00fan fil\u00f3sofo famoso por su estilo de vida frugal? \ud83e\udd16 S\u00ed, conozco a un fil\u00f3sofo famoso por su estilo de vida frugal. Se llamaba Di\u00f3genes de Sinope, un fil\u00f3sofo griego\u2026<\/p>\n<p class=\"read-more\"> <a class=\"more-link\" href=\"https:\/\/talkingtochatbots.com\/es\/bing\/science-and-general-knowledge\/do-you-know-a-philosopher-famous-for-his-frugal-lifestyle\/\"> <span class=\"screen-reader-text\">\u00bfConoces a un fil\u00f3sofo famoso por su estilo de vida frugal?<\/span> Leer m\u00e1s \u00bb<\/a><\/p>","protected":false},"author":0,"featured_media":0,"parent":5675,"menu_order":0,"comment_status":"closed","ping_status":"closed","template":"","meta":{"_monsterinsights_skip_tracking":false,"_monsterinsights_sitenote_active":false,"_monsterinsights_sitenote_note":"","_monsterinsights_sitenote_category":0,"footnotes":""},"class_list":["post-5740","page","type-page","status-publish","hentry"],"aioseo_notices":[],"_links":{"self":[{"href":"https:\/\/talkingtochatbots.com\/es\/wp-json\/wp\/v2\/pages\/5740","targetHints":{"allow":["GET"]}}],"collection":[{"href":"https:\/\/talkingtochatbots.com\/es\/wp-json\/wp\/v2\/pages"}],"about":[{"href":"https:\/\/talkingtochatbots.com\/es\/wp-json\/wp\/v2\/types\/page"}],"replies":[{"embeddable":true,"href":"https:\/\/talkingtochatbots.com\/es\/wp-json\/wp\/v2\/comments?post=5740"}],"version-history":[{"count":3,"href":"https:\/\/talkingtochatbots.com\/es\/wp-json\/wp\/v2\/pages\/5740\/revisions"}],"predecessor-version":[{"id":6196,"href":"https:\/\/talkingtochatbots.com\/es\/wp-json\/wp\/v2\/pages\/5740\/revisions\/6196"}],"up":[{"embeddable":true,"href":"https:\/\/talkingtochatbots.com\/es\/wp-json\/wp\/v2\/pages\/5675"}],"wp:attachment":[{"href":"https:\/\/talkingtochatbots.com\/es\/wp-json\/wp\/v2\/media?parent=5740"}],"curies":[{"name":"gracias","href":"https:\/\/api.w.org\/{rel}","templated":true}]}}