{"id":5737,"date":"2024-12-27T20:12:47","date_gmt":"2024-12-27T18:12:47","guid":{"rendered":"https:\/\/talkingtochatbots.com\/bing\/language-and-writing\/what-s-the-most-appropriate-verb-to-complete-the-sentence-about-actor\/"},"modified":"2024-12-30T12:05:53","modified_gmt":"2024-12-30T10:05:53","slug":"what-s-the-most-appropriate-verb-to-complete-the-sentence-about-actor","status":"publish","type":"page","link":"https:\/\/talkingtochatbots.com\/es\/bing\/language-and-writing\/what-s-the-most-appropriate-verb-to-complete-the-sentence-about-actor\/","title":{"rendered":"\u00bfCu\u00e1l es el verbo m\u00e1s apropiado para completar la oraci\u00f3n sobre actor?"},"content":{"rendered":"\r\n<div id=\"output\" style=\"margin-top:20px; padding:10px; border:1px solid #ccc; background:#e4e4e4;\">\r\n    Loading data from <a href=\"https:\/\/huggingface.co\/datasets\/reddgr\/talking-to-chatbots-chats\" target=\"_blank\" rel=\"noopener\" title=\"\">reddgr\/talking-to-chatbots-chats<\/a> &#8230;\r\n<\/div>\r\n\r\n<script>\r\n    document.addEventListener(\"DOMContentLoaded\", () => {\r\n        const args = {\r\n            dataset: \"reddgr\/talking-to-chatbots-chats\",\r\n            config: \"default\",\r\n            split: \"train\",\r\n            conversation_id: \"b4708948-b356-4c90-a98d-57a8b32cd5c3\",\r\n            offset: 0,\r\n            length: 1\r\n        };\r\n        window.apiCallArgs = args;\r\n    });\r\n<\/script>\r\n\r\n<script src=\"\/wp-content\/uploads\/js\/chat_header_v04.js\"><\/script>\r\n\r\n\r\n\r\n<hr class=\"wp-block-separator has-alpha-channel-opacity\"\/>\r\n\r\n\ud83d\ude0e What\u2019s the most appropriate verb to complete this sentence? \u201cAlmost any movie character * by actor John Doe\u201d\r\n<blockquote>\ud83e\udd16 There are many possible verbs that can complete the sentence, depending on the meaning you want to convey. However, some general guidelines are:<br><br>\u2022  The verb should agree with the singular subject &#8220;Almost any movie character&#8221;.<br><br>\u2022  The verb should be in the passive voice, since the character is acted by someone else.<br><br>\u2022  The verb should be in the past tense, since the sentence implies that John Doe has acted many characters before.<br><br>Some examples of verbs that could work are:<br><br>\u2022  portrayed by actor John Doe<br><br>\u2022  played by actor John Doe<br><br>\u2022  voiced by actor John Doe<br><br>\u2022  brought to life by actor John Doe<br><br>You can find more information about how to write complete sentences here <a href=\"https:\/\/www.grammarly.com\" target=\"_blank\" rel=\"nofollow noopener\"><a href=\"https:\/\/www.grammarly.com\" target=\"_blank\" rel=\"nofollow noopener\">[www.grammarly.com]<\/a><\/a>  <a href=\"https:\/\/www.csuohio.edu\" target=\"_blank\" rel=\"nofollow noopener\"><a href=\"https:\/\/www.csuohio.edu\" target=\"_blank\" rel=\"nofollow noopener\">[www.csuohio.edu]<\/a><\/a>  I hope this helps! \ud83d\ude0a <a href=\"https:\/\/www.grammarly.com\" target=\"_blank\" rel=\"nofollow noopener\"><a href=\"https:\/\/www.grammarly.com\" target=\"_blank\" rel=\"nofollow noopener\">[www.grammarly.com]<\/a><\/a>  <a href=\"https:\/\/www.csuohio.edu\" target=\"_blank\" rel=\"nofollow noopener\"><a href=\"https:\/\/www.csuohio.edu\" target=\"_blank\" rel=\"nofollow noopener\">[www.csuohio.edu]<\/a><\/a><\/blockquote>\r\n\r\n<hr class=\"wp-block-separator has-alpha-channel-opacity\"\/>\r\n\r\n\r\n\r\n<h2 class=\"wp-block-heading\">Hugging Face Dataset Metrics<\/h2>\r\n\r\n\r\n\r\n<p>All the conversation prompts, responses, and metrics are available to download and explore on Hugging Face dataset <a href=\"https:\/\/huggingface.co\/datasets\/reddgr\/talking-to-chatbots-chats\" target=\"_blank\" rel=\"noopener\" title=\"\">reddgr\/talking-to-chatbots-chats<\/a>:<\/p>\r\n\r\n\r\n\r\n<iframe\r\n  src=\"https:\/\/huggingface.co\/datasets\/reddgr\/talking-to-chatbots-chats\/embed\/viewer\/default\/train?f[conversation_id][value]=%27b4708948-b356-4c90-a98d-57a8b32cd5c3%27\"\r\n  frameborder=\"0\"\r\n  width=\"100%\"\r\n  height=\"390px\"\r\n><\/iframe>\r\n\r\n\r\n\r\n<iframe\r\n  src=\"https:\/\/huggingface.co\/datasets\/reddgr\/talking-to-chatbots-unwrapped-chats\/embed\/viewer\/default\/train?f[conversation_id][value]=%27b4708948-b356-4c90-a98d-57a8b32cd5c3%27&#038;sort[column]=turn&#038;sort[direction]=asc\"\r\n  frameborder=\"0\"\r\n  width=\"100%\"\r\n  height=\"460px\"\r\n><\/iframe>\r\n","protected":false},"excerpt":{"rendered":"<p>Cargando datos de reddgr\/talking-to-chatbots-chats\u2026 \ud83d\ude0e \u00bfCu\u00e1l es el verbo m\u00e1s apropiado para completar esta oraci\u00f3n? \u00abCasi cualquier personaje de pel\u00edcula * del actor John Doe\u00bb \ud83e\udd16 Hay muchos verbos posibles que pueden completar la oraci\u00f3n, dependiendo del significado que le des\u2026<\/p>\n<p class=\"read-more\"> <a class=\"more-link\" href=\"https:\/\/talkingtochatbots.com\/es\/bing\/language-and-writing\/what-s-the-most-appropriate-verb-to-complete-the-sentence-about-actor\/\"> <span class=\"screen-reader-text\">\u00bfCu\u00e1l es el verbo m\u00e1s apropiado para completar la oraci\u00f3n sobre actor?<\/span> Leer m\u00e1s \u00bb<\/a><\/p>","protected":false},"author":0,"featured_media":0,"parent":5673,"menu_order":0,"comment_status":"closed","ping_status":"closed","template":"","meta":{"_monsterinsights_skip_tracking":false,"_monsterinsights_sitenote_active":false,"_monsterinsights_sitenote_note":"","_monsterinsights_sitenote_category":0,"footnotes":""},"class_list":["post-5737","page","type-page","status-publish","hentry"],"aioseo_notices":[],"_links":{"self":[{"href":"https:\/\/talkingtochatbots.com\/es\/wp-json\/wp\/v2\/pages\/5737","targetHints":{"allow":["GET"]}}],"collection":[{"href":"https:\/\/talkingtochatbots.com\/es\/wp-json\/wp\/v2\/pages"}],"about":[{"href":"https:\/\/talkingtochatbots.com\/es\/wp-json\/wp\/v2\/types\/page"}],"replies":[{"embeddable":true,"href":"https:\/\/talkingtochatbots.com\/es\/wp-json\/wp\/v2\/comments?post=5737"}],"version-history":[{"count":3,"href":"https:\/\/talkingtochatbots.com\/es\/wp-json\/wp\/v2\/pages\/5737\/revisions"}],"predecessor-version":[{"id":6109,"href":"https:\/\/talkingtochatbots.com\/es\/wp-json\/wp\/v2\/pages\/5737\/revisions\/6109"}],"up":[{"embeddable":true,"href":"https:\/\/talkingtochatbots.com\/es\/wp-json\/wp\/v2\/pages\/5673"}],"wp:attachment":[{"href":"https:\/\/talkingtochatbots.com\/es\/wp-json\/wp\/v2\/media?parent=5737"}],"curies":[{"name":"gracias","href":"https:\/\/api.w.org\/{rel}","templated":true}]}}