{"id":5734,"date":"2024-12-27T20:12:44","date_gmt":"2024-12-27T18:12:44","guid":{"rendered":"https:\/\/talkingtochatbots.com\/bing\/language-and-writing\/suggest-names-and-explanations-for-a-stock-market-index-featuring\/"},"modified":"2024-12-30T12:05:57","modified_gmt":"2024-12-30T10:05:57","slug":"suggest-names-and-explanations-for-a-stock-market-index-featuring","status":"publish","type":"page","link":"https:\/\/talkingtochatbots.com\/es\/bing\/language-and-writing\/suggest-names-and-explanations-for-a-stock-market-index-featuring\/","title":{"rendered":"Sugerir nombres y explicaciones para un \u00edndice burs\u00e1til que incluya"},"content":{"rendered":"\r\n<div id=\"output\" style=\"margin-top:20px; padding:10px; border:1px solid #ccc; background:#e4e4e4;\">\r\n    Loading data from <a href=\"https:\/\/huggingface.co\/datasets\/reddgr\/talking-to-chatbots-chats\" target=\"_blank\" rel=\"noopener\" title=\"\">reddgr\/talking-to-chatbots-chats<\/a> &#8230;\r\n<\/div>\r\n\r\n<script>\r\n    document.addEventListener(\"DOMContentLoaded\", () => {\r\n        const args = {\r\n            dataset: \"reddgr\/talking-to-chatbots-chats\",\r\n            config: \"default\",\r\n            split: \"train\",\r\n            conversation_id: \"fbf8e073-28ca-407e-8533-50a82d86b99b\",\r\n            offset: 0,\r\n            length: 1\r\n        };\r\n        window.apiCallArgs = args;\r\n    });\r\n<\/script>\r\n\r\n<script src=\"\/wp-content\/uploads\/js\/chat_header_v04.js\"><\/script>\r\n\r\n\r\n\r\n<hr class=\"wp-block-separator has-alpha-channel-opacity\"\/>\r\n\r\n\ud83d\ude0e I&#8217;m going to build a stock market index with the following 8 companies. The theme of the index will be based on the previous prompt: &#8220;Are recognized as lead innovators and have recently been expanding into new markets at a notable rate&#8221;. Suggest a few names for the index and, for each of the companies write a short text that may explain why they are included in the category:<br>Amazon (AMZN)<br>Moderna (MRNA)<br>Spotify (SPOT)<br>Samsung Electronics (005930.KS)<br>ASML Holding (ASML.AS)<br>Reliance Industries (RELIANCE.NS)<br>Alibaba<br>Meta Platforms (META)\r\n<blockquote>\ud83e\udd16 Some possible names for the index are:<br><br>\u2022  The Global Innovators Index: This name reflects the geographic diversity and the innovative nature of the companies in the index.<br><br>\u2022  The New Markets Leaders Index: This name emphasizes the expansion and growth potential of the companies in the index in emerging and existing markets.<br><br>\u2022  The Future-Ready Index: This name suggests that the companies in the index are well-positioned to adapt and thrive in the changing world.<br><br>For each of the companies, a short text that may explain why they are included in the category is:<br><br>\u2022  Amazon (AMZN): Amazon is a global leader in e-commerce, cloud computing, digital streaming and artificial intelligence. It has been expanding into new markets such as healthcare, grocery, gaming and space, offering innovative products and services that create value for customers and shareholders.<br><br>\u2022  Moderna (MRNA): Moderna is a biotechnology company that develops messenger RNA (mRNA) therapeutics and vaccines. It has been at the forefront of the fight against&#8230;<\/blockquote>\r\n\r\n<hr class=\"wp-block-separator has-alpha-channel-opacity\"\/>\r\n\r\n\r\n\r\n<h2 class=\"wp-block-heading\">Hugging Face Dataset Metrics<\/h2>\r\n\r\n\r\n\r\n<p>All the conversation prompts, responses, and metrics are available to download and explore on Hugging Face dataset <a href=\"https:\/\/huggingface.co\/datasets\/reddgr\/talking-to-chatbots-chats\" target=\"_blank\" rel=\"noopener\" title=\"\">reddgr\/talking-to-chatbots-chats<\/a>:<\/p>\r\n\r\n\r\n\r\n<iframe\r\n  src=\"https:\/\/huggingface.co\/datasets\/reddgr\/talking-to-chatbots-chats\/embed\/viewer\/default\/train?f[conversation_id][value]=%27fbf8e073-28ca-407e-8533-50a82d86b99b%27\"\r\n  frameborder=\"0\"\r\n  width=\"100%\"\r\n  height=\"390px\"\r\n><\/iframe>\r\n\r\n\r\n\r\n<iframe\r\n  src=\"https:\/\/huggingface.co\/datasets\/reddgr\/talking-to-chatbots-unwrapped-chats\/embed\/viewer\/default\/train?f[conversation_id][value]=%27fbf8e073-28ca-407e-8533-50a82d86b99b%27&#038;sort[column]=turn&#038;sort[direction]=asc\"\r\n  frameborder=\"0\"\r\n  width=\"100%\"\r\n  height=\"460px\"\r\n><\/iframe>\r\n","protected":false},"excerpt":{"rendered":"<p>Cargando datos de reddgr\/talking-to-chatbots-chats\u2026 \ud83d\ude0e Voy a crear un \u00edndice burs\u00e1til con las siguientes 8 empresas. El tema del \u00edndice se basar\u00e1 en la pregunta anterior: \u00abSon reconocidas como l\u00edderes en innovaci\u00f3n y han sido recientemente\u2026\u00bb.<\/p>\n<p class=\"read-more\"> <a class=\"more-link\" href=\"https:\/\/talkingtochatbots.com\/es\/bing\/language-and-writing\/suggest-names-and-explanations-for-a-stock-market-index-featuring\/\"> <span class=\"screen-reader-text\">Sugerir nombres y explicaciones para un \u00edndice burs\u00e1til que incluya<\/span> Leer m\u00e1s \u00bb<\/a><\/p>","protected":false},"author":0,"featured_media":0,"parent":5673,"menu_order":0,"comment_status":"closed","ping_status":"closed","template":"","meta":{"_monsterinsights_skip_tracking":false,"_monsterinsights_sitenote_active":false,"_monsterinsights_sitenote_note":"","_monsterinsights_sitenote_category":0,"footnotes":""},"class_list":["post-5734","page","type-page","status-publish","hentry"],"aioseo_notices":[],"_links":{"self":[{"href":"https:\/\/talkingtochatbots.com\/es\/wp-json\/wp\/v2\/pages\/5734","targetHints":{"allow":["GET"]}}],"collection":[{"href":"https:\/\/talkingtochatbots.com\/es\/wp-json\/wp\/v2\/pages"}],"about":[{"href":"https:\/\/talkingtochatbots.com\/es\/wp-json\/wp\/v2\/types\/page"}],"replies":[{"embeddable":true,"href":"https:\/\/talkingtochatbots.com\/es\/wp-json\/wp\/v2\/comments?post=5734"}],"version-history":[{"count":3,"href":"https:\/\/talkingtochatbots.com\/es\/wp-json\/wp\/v2\/pages\/5734\/revisions"}],"predecessor-version":[{"id":6111,"href":"https:\/\/talkingtochatbots.com\/es\/wp-json\/wp\/v2\/pages\/5734\/revisions\/6111"}],"up":[{"embeddable":true,"href":"https:\/\/talkingtochatbots.com\/es\/wp-json\/wp\/v2\/pages\/5673"}],"wp:attachment":[{"href":"https:\/\/talkingtochatbots.com\/es\/wp-json\/wp\/v2\/media?parent=5734"}],"curies":[{"name":"gracias","href":"https:\/\/api.w.org\/{rel}","templated":true}]}}