{"id":5726,"date":"2024-12-27T20:12:37","date_gmt":"2024-12-27T18:12:37","guid":{"rendered":"https:\/\/talkingtochatbots.com\/bing\/language-and-writing\/introduce-bear-in-a-message-about-twitter-and-uefa-champions-league\/"},"modified":"2024-12-30T12:06:10","modified_gmt":"2024-12-30T10:06:10","slug":"introduce-bear-in-a-message-about-twitter-and-uefa-champions-league","status":"publish","type":"page","link":"https:\/\/talkingtochatbots.com\/es\/bing\/language-and-writing\/introduce-bear-in-a-message-about-twitter-and-uefa-champions-league\/","title":{"rendered":"Presentamos a Bear en un mensaje sobre Twitter y la UEFA Champions League"},"content":{"rendered":"\r\n<div id=\"output\" style=\"margin-top:20px; padding:10px; border:1px solid #ccc; background:#e4e4e4;\">\r\n    Loading data from <a href=\"https:\/\/huggingface.co\/datasets\/reddgr\/talking-to-chatbots-chats\" target=\"_blank\" rel=\"noopener\" title=\"\">reddgr\/talking-to-chatbots-chats<\/a> &#8230;\r\n<\/div>\r\n\r\n<script>\r\n    document.addEventListener(\"DOMContentLoaded\", () => {\r\n        const args = {\r\n            dataset: \"reddgr\/talking-to-chatbots-chats\",\r\n            config: \"default\",\r\n            split: \"train\",\r\n            conversation_id: \"6e35f6fc-6e94-42a7-a7ff-3ad79f16bf10\",\r\n            offset: 0,\r\n            length: 1\r\n        };\r\n        window.apiCallArgs = args;\r\n    });\r\n<\/script>\r\n\r\n<script src=\"\/wp-content\/uploads\/js\/chat_header_v04.js\"><\/script>\r\n\r\n\r\n\r\n<hr class=\"wp-block-separator has-alpha-channel-opacity\"\/>\r\n\r\n\ud83d\ude0e Can you introduce the word \u201cbear\u201d or a word that contains \u201cbear\u201d in the following message without significantly altering the meaning and without making it longer? \u201cI understand you\u2019re tired of this Bulls\ud83d\udca5. Few places are more filled with bs than Twitter and we all get tired some times. But you hit the Bullseye in your own message. I don\u2019t believe markets are about being right or wrong. Your true audience values you for FACTS and analysis.\u201d\r\n<blockquote>\ud83e\udd16 Sure, I can help you with that. Here are some possible ways to introduce the word &#8220;bear&#8221; or a word that contains &#8220;bear&#8221; in the message without significantly altering the meaning and without making it longer:<br><br>\u2022  I understand you\u2019re tired of this bear market. Few places are more filled with bs than Twitter and we all get tired some times. But you hit the Bullseye in your own message. I don\u2019t believe markets are about being right or wrong. Your true audience values you for FACTS and analysis.<br><br>\u2022  I understand you\u2019re tired of this Bulls\ud83d\udca5. Few places are more filled with bs than Twitter and we all get tired some times. But you hit the bearing in your own message. I don\u2019t believe markets are about being right or wrong. Your true audience values you for FACTS and analysis.<br><br>\u2022  I understand you\u2019re tired of this Bulls\ud83d\udca5. Few places are more filled with bs than Twitter and we all get tired some times. But you hit the Bullseye in your own message. I don\u2019t believe markets are about being right or wrong. Your true audience values you for FACTS and bearings.<br><br>\u2022  I understand you\u2019re tired of this Bulls\ud83d\udca5. Few places are more filled with bs than Twitter and we all get tired some times. But you hit the Bullseye in your own message. I don\u2019t believe markets are about being right or wrong. Your true audience values you for FACTS and analysis bearing.<br><br>I hope this helps! \ud83d\ude0a<\/blockquote>\r\n\ud83d\ude0e Cu\u00e1nto dinero cobran los \u00e1rbitros de la final de la UEFA Champions League?\r\n<blockquote>\ud83e\udd16 Hola, este es Bing. Seg\u00fan los resultados de b\u00fasqueda, un \u00e1rbitro de la Champions League gana 7.000 euros por partido <a href=\"https:\/\/www.larazon.es\" target=\"_blank\" rel=\"nofollow noopener\"><a href=\"https:\/\/www.larazon.es\" target=\"_blank\" rel=\"nofollow noopener\"><a href=\"https:\/\/www.larazon.es\" target=\"_blank\" rel=\"nofollow noopener\"><a href=\"https:\/\/www.larazon.es\" target=\"_blank\" rel=\"nofollow noopener\"><a href=\"https:\/\/www.larazon.es\" target=\"_blank\" rel=\"nofollow noopener\">[www.larazon.es]<\/a><\/a><\/a><\/a><\/a>  <a href=\"https:\/\/www.larazon.es\" target=\"_blank\" rel=\"nofollow noopener\"><a href=\"https:\/\/www.larazon.es\" target=\"_blank\" rel=\"nofollow noopener\"><a href=\"https:\/\/www.larazon.es\" target=\"_blank\" rel=\"nofollow noopener\"><a href=\"https:\/\/www.larazon.es\" target=\"_blank\" rel=\"nofollow noopener\"><a href=\"https:\/\/www.larazon.es\" target=\"_blank\" rel=\"nofollow noopener\">[www.larazon.es]<\/a><\/a><\/a><\/a><\/a>  La UEFA paga esta tarifa a todos los colegiados que arbitran la m\u00e1xima competici\u00f3n de clubes de Europa <a href=\"https:\/\/www.larazon.es\" target=\"_blank\" rel=\"nofollow noopener\"><a href=\"https:\/\/www.larazon.es\" target=\"_blank\" rel=\"nofollow noopener\"><a href=\"https:\/\/www.larazon.es\" target=\"_blank\" rel=\"nofollow noopener\"><a href=\"https:\/\/www.larazon.es\" target=\"_blank\" rel=\"nofollow noopener\"><a href=\"https:\/\/www.larazon.es\" target=\"_blank\" rel=\"nofollow noopener\">[www.larazon.es]<\/a><\/a><\/a><\/a><\/a>  No he encontrado informaci\u00f3n espec\u00edfica sobre la final de la UEFA Champions League, pero supongo que el salario ser\u00e1 el mismo o similar. <a href=\"https:\/\/www.larazon.es\" target=\"_blank\" rel=\"nofollow noopener\"><a href=\"https:\/\/www.larazon.es\" target=\"_blank\" rel=\"nofollow noopener\"><a href=\"https:\/\/www.larazon.es\" target=\"_blank\" rel=\"nofollow noopener\"><a href=\"https:\/\/www.larazon.es\" target=\"_blank\" rel=\"nofollow noopener\"><a href=\"https:\/\/www.larazon.es\" target=\"_blank\" rel=\"nofollow noopener\">[www.larazon.es]<\/a><\/a><\/a><\/a><\/a>  <a href=\"https:\/\/www.larazon.es\" target=\"_blank\" rel=\"nofollow noopener\"><a href=\"https:\/\/www.larazon.es\" target=\"_blank\" rel=\"nofollow noopener\"><a href=\"https:\/\/www.larazon.es\" target=\"_blank\" rel=\"nofollow noopener\"><a href=\"https:\/\/www.larazon.es\" target=\"_blank\" rel=\"nofollow noopener\"><a href=\"https:\/\/www.larazon.es\" target=\"_blank\" rel=\"nofollow noopener\">[www.larazon.es]<\/a><\/a><\/a><\/a><\/a><\/blockquote>\r\n\r\n<hr class=\"wp-block-separator has-alpha-channel-opacity\"\/>\r\n\r\n\r\n\r\n<h2 class=\"wp-block-heading\">Hugging Face Dataset Metrics<\/h2>\r\n\r\n\r\n\r\n<p>All the conversation prompts, responses, and metrics are available to download and explore on Hugging Face dataset <a href=\"https:\/\/huggingface.co\/datasets\/reddgr\/talking-to-chatbots-chats\" target=\"_blank\" rel=\"noopener\" title=\"\">reddgr\/talking-to-chatbots-chats<\/a>:<\/p>\r\n\r\n\r\n\r\n<iframe\r\n  src=\"https:\/\/huggingface.co\/datasets\/reddgr\/talking-to-chatbots-chats\/embed\/viewer\/default\/train?f[conversation_id][value]=%276e35f6fc-6e94-42a7-a7ff-3ad79f16bf10%27\"\r\n  frameborder=\"0\"\r\n  width=\"100%\"\r\n  height=\"390px\"\r\n><\/iframe>\r\n\r\n\r\n\r\n<iframe\r\n  src=\"https:\/\/huggingface.co\/datasets\/reddgr\/talking-to-chatbots-unwrapped-chats\/embed\/viewer\/default\/train?f[conversation_id][value]=%276e35f6fc-6e94-42a7-a7ff-3ad79f16bf10%27&#038;sort[column]=turn&#038;sort[direction]=asc\"\r\n  frameborder=\"0\"\r\n  width=\"100%\"\r\n  height=\"460px\"\r\n><\/iframe>\r\n","protected":false},"excerpt":{"rendered":"<p>Cargando datos de reddgr\/talking-to-chatbots-chats\u2026 \ud83d\ude0e \u00bfPodr\u00edas incluir la palabra &quot;oso&quot; o una palabra que contenga &quot;oso&quot; en el siguiente mensaje sin alterar significativamente el significado ni alargarlo? &quot;Entiendo que est\u00e9s cansado de esto, Bulls\ud83d\udca5. Pocos\u2026<\/p>\n<p class=\"read-more\"> <a class=\"more-link\" href=\"https:\/\/talkingtochatbots.com\/es\/bing\/language-and-writing\/introduce-bear-in-a-message-about-twitter-and-uefa-champions-league\/\"> <span class=\"screen-reader-text\">Presentamos a Bear en un mensaje sobre Twitter y la UEFA Champions League<\/span> Leer m\u00e1s \u00bb<\/a><\/p>","protected":false},"author":0,"featured_media":0,"parent":5673,"menu_order":0,"comment_status":"closed","ping_status":"closed","template":"","meta":{"_monsterinsights_skip_tracking":false,"_monsterinsights_sitenote_active":false,"_monsterinsights_sitenote_note":"","_monsterinsights_sitenote_category":0,"footnotes":""},"class_list":["post-5726","page","type-page","status-publish","hentry"],"aioseo_notices":[],"_links":{"self":[{"href":"https:\/\/talkingtochatbots.com\/es\/wp-json\/wp\/v2\/pages\/5726","targetHints":{"allow":["GET"]}}],"collection":[{"href":"https:\/\/talkingtochatbots.com\/es\/wp-json\/wp\/v2\/pages"}],"about":[{"href":"https:\/\/talkingtochatbots.com\/es\/wp-json\/wp\/v2\/types\/page"}],"replies":[{"embeddable":true,"href":"https:\/\/talkingtochatbots.com\/es\/wp-json\/wp\/v2\/comments?post=5726"}],"version-history":[{"count":3,"href":"https:\/\/talkingtochatbots.com\/es\/wp-json\/wp\/v2\/pages\/5726\/revisions"}],"predecessor-version":[{"id":6118,"href":"https:\/\/talkingtochatbots.com\/es\/wp-json\/wp\/v2\/pages\/5726\/revisions\/6118"}],"up":[{"embeddable":true,"href":"https:\/\/talkingtochatbots.com\/es\/wp-json\/wp\/v2\/pages\/5673"}],"wp:attachment":[{"href":"https:\/\/talkingtochatbots.com\/es\/wp-json\/wp\/v2\/media?parent=5726"}],"curies":[{"name":"gracias","href":"https:\/\/api.w.org\/{rel}","templated":true}]}}