{"id":5725,"date":"2024-12-27T20:12:36","date_gmt":"2024-12-27T18:12:36","guid":{"rendered":"https:\/\/talkingtochatbots.com\/bing\/language-and-writing\/improve-writing-on-coinbase-s-regulatory-challenges-and-sec-lawsuit\/"},"modified":"2024-12-30T12:06:11","modified_gmt":"2024-12-30T10:06:11","slug":"improve-writing-on-coinbase-s-regulatory-challenges-and-sec-lawsuit","status":"publish","type":"page","link":"https:\/\/talkingtochatbots.com\/es\/bing\/language-and-writing\/improve-writing-on-coinbase-s-regulatory-challenges-and-sec-lawsuit\/","title":{"rendered":"Mejorar la redacci\u00f3n sobre los desaf\u00edos regulatorios de Coinbase y la demanda de la SEC"},"content":{"rendered":"\r\n<div id=\"output\" style=\"margin-top:20px; padding:10px; border:1px solid #ccc; background:#e4e4e4;\">\r\n    Loading data from <a href=\"https:\/\/huggingface.co\/datasets\/reddgr\/talking-to-chatbots-chats\" target=\"_blank\" rel=\"noopener\" title=\"\">reddgr\/talking-to-chatbots-chats<\/a> &#8230;\r\n<\/div>\r\n\r\n<script>\r\n    document.addEventListener(\"DOMContentLoaded\", () => {\r\n        const args = {\r\n            dataset: \"reddgr\/talking-to-chatbots-chats\",\r\n            config: \"default\",\r\n            split: \"train\",\r\n            conversation_id: \"97bea1aa-31a1-40c0-b2bf-613b4c2a46ec\",\r\n            offset: 0,\r\n            length: 1\r\n        };\r\n        window.apiCallArgs = args;\r\n    });\r\n<\/script>\r\n\r\n<script src=\"\/wp-content\/uploads\/js\/chat_header_v04.js\"><\/script>\r\n\r\n\r\n\r\n<hr class=\"wp-block-separator has-alpha-channel-opacity\"\/>\r\n\r\n\ud83d\ude0e Can you improve the writing of this text? Regulatory risk is the biggest challenge for the Blockchain industry. The super-lucrative crypto asset trading was one of the first major applications of blockchain to go mainstream  when Coinbase went public in 2001. Since IPO, Coinbase has lost over 80% of its market value. SEC accused Coinbase of breaking US security trading rules, claiming some of the tokens traded on Coinbase are securities and not commodities. In this short video, CEO Brian Armstrong explains his position on crypto assets traded on Coinbase.\r\n<blockquote>\ud83e\udd16 Here is a possible way to rewrite the text to make it more clear, concise and engaging:<br><br>Blockchain faces a huge challenge from regulatory risk. Crypto asset trading, one of the first and most profitable applications of blockchain, became mainstream when Coinbase went public in 2001. But since then, Coinbase has lost more than 80% of its market value. The SEC accused Coinbase of violating US security trading rules by offering tokens that are securities, not commodities. Watch this short video to hear CEO Brian Armstrong defend his position on crypto assets on Coinbase.<\/blockquote>\r\n\ud83d\ude0e Can you try again?\r\n<blockquote>\ud83e\udd16 Sure, here is another possible way to rewrite the text:<br><br>Regulatory risk threatens the blockchain industry. One of the first and most lucrative uses of blockchain was crypto asset trading, which gained popularity when Coinbase went public in 2001. However, Coinbase has seen its market value drop by over 80% since then. The SEC claimed that Coinbase broke US security trading rules by allowing tokens that are securities, not commodities, to be traded on its platform. In this short video, CEO Brian Armstrong explains why he thinks crypto assets on Coinbase are not securities.<\/blockquote>\r\n\ud83d\ude0e What\u2019s full name for the SEC\r\n<blockquote>\ud83e\udd16 The full name for the SEC is the Securities and Exchange Commission <a href=\"https:\/\/www.history.com\" target=\"_blank\" rel=\"nofollow noopener\"><a href=\"https:\/\/www.history.com\" target=\"_blank\" rel=\"nofollow noopener\"><a href=\"https:\/\/www.history.com\" target=\"_blank\" rel=\"nofollow noopener\"><a href=\"https:\/\/www.history.com\" target=\"_blank\" rel=\"nofollow noopener\">[www.history.com]<\/a><\/a><\/a><\/a>  It is an independent federal agency that regulates the securities markets and protects investors in the United States <a href=\"https:\/\/www.history.com\" target=\"_blank\" rel=\"nofollow noopener\"><a href=\"https:\/\/www.history.com\" target=\"_blank\" rel=\"nofollow noopener\"><a href=\"https:\/\/www.history.com\" target=\"_blank\" rel=\"nofollow noopener\"><a href=\"https:\/\/www.history.com\" target=\"_blank\" rel=\"nofollow noopener\">[www.history.com]<\/a><\/a><\/a><\/a>  It was established in 1934 by Congress after the stock market crash of 1929 and the Great Depression <a href=\"https:\/\/www.history.com\" target=\"_blank\" rel=\"nofollow noopener\"><a href=\"https:\/\/www.history.com\" target=\"_blank\" rel=\"nofollow noopener\"><a href=\"https:\/\/www.history.com\" target=\"_blank\" rel=\"nofollow noopener\"><a href=\"https:\/\/www.history.com\" target=\"_blank\" rel=\"nofollow noopener\">[www.history.com]<\/a><\/a><\/a><\/a>  <a href=\"https:\/\/www.history.com\" target=\"_blank\" rel=\"nofollow noopener\"><a href=\"https:\/\/www.history.com\" target=\"_blank\" rel=\"nofollow noopener\"><a href=\"https:\/\/www.history.com\" target=\"_blank\" rel=\"nofollow noopener\"><a href=\"https:\/\/www.history.com\" target=\"_blank\" rel=\"nofollow noopener\">[www.history.com]<\/a><\/a><\/a><\/a><\/blockquote>\r\n\ud83d\ude0e Can you improve this text? The US Securities and Exchanges commission recently sued Coinbase, alleging they broke US securities laws by failing to register with the agency before operating in this US. Coinbase claimed no wrongdoing because all the crypto assets in their platform are commodities, not securities. In this short video, CEO Brian Armstrong explains Coinbase\u2019s point of view on crypto assets.\r\n<blockquote>\ud83e\udd16 Here is a possible way to rewrite the text to make it more clear, concise and engaging:<br><br>Coinbase faces a lawsuit from the US Securities and Exchanges Commission (SEC) for allegedly violating US securities laws. The SEC claims that Coinbase should have registered with the agency before operating in the US, because some of the crypto assets on its platform are securities, not commodities. Coinbase denies any wrongdoing and argues that all of its crypto assets are commodities. Watch this short video to hear CEO Brian Armstrong defend Coinbase\u2019s position on crypto assets.<\/blockquote>\r\n\r\n<hr class=\"wp-block-separator has-alpha-channel-opacity\"\/>\r\n\r\n\r\n\r\n<h2 class=\"wp-block-heading\">Hugging Face Dataset Metrics<\/h2>\r\n\r\n\r\n\r\n<p>All the conversation prompts, responses, and metrics are available to download and explore on Hugging Face dataset <a href=\"https:\/\/huggingface.co\/datasets\/reddgr\/talking-to-chatbots-chats\" target=\"_blank\" rel=\"noopener\" title=\"\">reddgr\/talking-to-chatbots-chats<\/a>:<\/p>\r\n\r\n\r\n\r\n<iframe\r\n  src=\"https:\/\/huggingface.co\/datasets\/reddgr\/talking-to-chatbots-chats\/embed\/viewer\/default\/train?f[conversation_id][value]=%2797bea1aa-31a1-40c0-b2bf-613b4c2a46ec%27\"\r\n  frameborder=\"0\"\r\n  width=\"100%\"\r\n  height=\"390px\"\r\n><\/iframe>\r\n\r\n\r\n\r\n<iframe\r\n  src=\"https:\/\/huggingface.co\/datasets\/reddgr\/talking-to-chatbots-unwrapped-chats\/embed\/viewer\/default\/train?f[conversation_id][value]=%2797bea1aa-31a1-40c0-b2bf-613b4c2a46ec%27&#038;sort[column]=turn&#038;sort[direction]=asc\"\r\n  frameborder=\"0\"\r\n  width=\"100%\"\r\n  height=\"460px\"\r\n><\/iframe>\r\n","protected":false},"excerpt":{"rendered":"<p>Cargando datos de reddgr\/talking-to-chatbots-chats\u2026 \ud83d\ude0e \u00bfPodr\u00edas mejorar la redacci\u00f3n de este texto? El riesgo regulatorio es el mayor desaf\u00edo para la industria blockchain. El lucrativo comercio de criptoactivos fue una de las primeras aplicaciones importantes de blockchain en\u2026<\/p>\n<p class=\"read-more\"> <a class=\"more-link\" href=\"https:\/\/talkingtochatbots.com\/es\/bing\/language-and-writing\/improve-writing-on-coinbase-s-regulatory-challenges-and-sec-lawsuit\/\"> <span class=\"screen-reader-text\">Mejorar la redacci\u00f3n sobre los desaf\u00edos regulatorios de Coinbase y la demanda de la SEC<\/span> Leer m\u00e1s \u00bb<\/a><\/p>","protected":false},"author":0,"featured_media":0,"parent":5673,"menu_order":0,"comment_status":"closed","ping_status":"closed","template":"","meta":{"_monsterinsights_skip_tracking":false,"_monsterinsights_sitenote_active":false,"_monsterinsights_sitenote_note":"","_monsterinsights_sitenote_category":0,"footnotes":""},"class_list":["post-5725","page","type-page","status-publish","hentry"],"aioseo_notices":[],"_links":{"self":[{"href":"https:\/\/talkingtochatbots.com\/es\/wp-json\/wp\/v2\/pages\/5725","targetHints":{"allow":["GET"]}}],"collection":[{"href":"https:\/\/talkingtochatbots.com\/es\/wp-json\/wp\/v2\/pages"}],"about":[{"href":"https:\/\/talkingtochatbots.com\/es\/wp-json\/wp\/v2\/types\/page"}],"replies":[{"embeddable":true,"href":"https:\/\/talkingtochatbots.com\/es\/wp-json\/wp\/v2\/comments?post=5725"}],"version-history":[{"count":3,"href":"https:\/\/talkingtochatbots.com\/es\/wp-json\/wp\/v2\/pages\/5725\/revisions"}],"predecessor-version":[{"id":6119,"href":"https:\/\/talkingtochatbots.com\/es\/wp-json\/wp\/v2\/pages\/5725\/revisions\/6119"}],"up":[{"embeddable":true,"href":"https:\/\/talkingtochatbots.com\/es\/wp-json\/wp\/v2\/pages\/5673"}],"wp:attachment":[{"href":"https:\/\/talkingtochatbots.com\/es\/wp-json\/wp\/v2\/media?parent=5725"}],"curies":[{"name":"gracias","href":"https:\/\/api.w.org\/{rel}","templated":true}]}}