{"id":5723,"date":"2024-12-27T20:12:35","date_gmt":"2024-12-27T18:12:35","guid":{"rendered":"https:\/\/talkingtochatbots.com\/bing\/language-and-writing\/how-do-you-name-individual-pieces-of-dog-food-in-english-similar-to\/"},"modified":"2024-12-30T12:19:40","modified_gmt":"2024-12-30T10:19:40","slug":"how-do-you-name-individual-pieces-of-dog-food-in-english-similar-to","status":"publish","type":"page","link":"https:\/\/talkingtochatbots.com\/es\/bing\/language-and-writing\/how-do-you-name-individual-pieces-of-dog-food-in-english-similar-to\/","title":{"rendered":"\u00bfC\u00f3mo se nombran las porciones individuales de comida para perros en ingl\u00e9s de manera similar a\u2026"},"content":{"rendered":"\r\n<div id=\"output\" style=\"margin-top:20px; padding:10px; border:1px solid #ccc; background:#e4e4e4;\">\r\n    Loading data from <a href=\"https:\/\/huggingface.co\/datasets\/reddgr\/talking-to-chatbots-chats\" target=\"_blank\" rel=\"noopener\" title=\"\">reddgr\/talking-to-chatbots-chats<\/a> &#8230;\r\n<\/div>\r\n\r\n<script>\r\n    document.addEventListener(\"DOMContentLoaded\", () => {\r\n        const args = {\r\n            dataset: \"reddgr\/talking-to-chatbots-chats\",\r\n            config: \"default\",\r\n            split: \"train\",\r\n            conversation_id: \"fd4ce481-dd59-4601-ba8f-02a50ada1de2\",\r\n            offset: 0,\r\n            length: 1\r\n        };\r\n        window.apiCallArgs = args;\r\n    });\r\n<\/script>\r\n\r\n<script src=\"\/wp-content\/uploads\/js\/chat_header_v04.js\"><\/script>\r\n\r\n\r\n\r\n<hr class=\"wp-block-separator has-alpha-channel-opacity\"\/>\r\n\r\n\ud83d\ude0e How do you name in English each individual piece of food in dog food? In Spanish, some people call it \u201ccroqueta\u201d\r\n<blockquote>\ud83e\udd16 According to the search results, there is no official or standard name for each individual piece of food in dog food. However, some possible names that people use are kibble, pellet, nugget, or bit. These names may vary depending on the shape, size, and texture of the dog food pieces. Some people may also use the brand name of the dog food to refer to the pieces, such as Purina or Pedigree.<br><br>If you want to learn more about what dog food is made of and how to choose the best one for your dog, you can check out these links:<br><br>\u2022  Ingredients in Dog Food and Cat Food: Complete Guide | PetMD<br><br>\u2022  What&#8217;s in Your Dog Food? &#8211; WebMD<\/blockquote>\r\n\r\n<hr class=\"wp-block-separator has-alpha-channel-opacity\"\/>\r\n\r\n\r\n\r\n<h2 class=\"wp-block-heading\">Hugging Face Dataset Metrics<\/h2>\r\n\r\n\r\n\r\n<p>All the conversation prompts, responses, and metrics are available to download and explore on Hugging Face dataset <a href=\"https:\/\/huggingface.co\/datasets\/reddgr\/talking-to-chatbots-chats\" target=\"_blank\" rel=\"noopener\" title=\"\">reddgr\/talking-to-chatbots-chats<\/a>:<\/p>\r\n\r\n\r\n\r\n<iframe\r\n  src=\"https:\/\/huggingface.co\/datasets\/reddgr\/talking-to-chatbots-chats\/embed\/viewer\/default\/train?f[conversation_id][value]=%27fd4ce481-dd59-4601-ba8f-02a50ada1de2%27\"\r\n  frameborder=\"0\"\r\n  width=\"100%\"\r\n  height=\"390px\"\r\n><\/iframe>\r\n\r\n\r\n\r\n<iframe\r\n  src=\"https:\/\/huggingface.co\/datasets\/reddgr\/talking-to-chatbots-unwrapped-chats\/embed\/viewer\/default\/train?f[conversation_id][value]=%27fd4ce481-dd59-4601-ba8f-02a50ada1de2%27&#038;sort[column]=turn&#038;sort[direction]=asc\"\r\n  frameborder=\"0\"\r\n  width=\"100%\"\r\n  height=\"460px\"\r\n><\/iframe>\r\n","protected":false},"excerpt":{"rendered":"<p>Cargando datos de reddgr\/talking-to-chatbots-chats\u2026 \ud83d\ude0e \u00bfC\u00f3mo se nombra en ingl\u00e9s cada pieza de comida para perros? En espa\u00f1ol, algunos la llaman &quot;croqueta&quot;. \ud83e\udd16 Seg\u00fan los resultados de la b\u00fasqueda, no hay un nombre oficial ni est\u00e1ndar\u2026<\/p>\n<p class=\"read-more\"> <a class=\"more-link\" href=\"https:\/\/talkingtochatbots.com\/es\/bing\/language-and-writing\/how-do-you-name-individual-pieces-of-dog-food-in-english-similar-to\/\"> <span class=\"screen-reader-text\">\u00bfC\u00f3mo se nombran las porciones individuales de comida para perros en ingl\u00e9s de manera similar a\u2026<\/span> Leer m\u00e1s \u00bb<\/a><\/p>","protected":false},"author":0,"featured_media":0,"parent":5673,"menu_order":0,"comment_status":"closed","ping_status":"closed","template":"","meta":{"_monsterinsights_skip_tracking":false,"_monsterinsights_sitenote_active":false,"_monsterinsights_sitenote_note":"","_monsterinsights_sitenote_category":0,"footnotes":""},"class_list":["post-5723","page","type-page","status-publish","hentry"],"aioseo_notices":[],"_links":{"self":[{"href":"https:\/\/talkingtochatbots.com\/es\/wp-json\/wp\/v2\/pages\/5723","targetHints":{"allow":["GET"]}}],"collection":[{"href":"https:\/\/talkingtochatbots.com\/es\/wp-json\/wp\/v2\/pages"}],"about":[{"href":"https:\/\/talkingtochatbots.com\/es\/wp-json\/wp\/v2\/types\/page"}],"replies":[{"embeddable":true,"href":"https:\/\/talkingtochatbots.com\/es\/wp-json\/wp\/v2\/comments?post=5723"}],"version-history":[{"count":3,"href":"https:\/\/talkingtochatbots.com\/es\/wp-json\/wp\/v2\/pages\/5723\/revisions"}],"predecessor-version":[{"id":6221,"href":"https:\/\/talkingtochatbots.com\/es\/wp-json\/wp\/v2\/pages\/5723\/revisions\/6221"}],"up":[{"embeddable":true,"href":"https:\/\/talkingtochatbots.com\/es\/wp-json\/wp\/v2\/pages\/5673"}],"wp:attachment":[{"href":"https:\/\/talkingtochatbots.com\/es\/wp-json\/wp\/v2\/media?parent=5723"}],"curies":[{"name":"gracias","href":"https:\/\/api.w.org\/{rel}","templated":true}]}}