{"id":5713,"date":"2024-12-27T20:12:26","date_gmt":"2024-12-27T18:12:26","guid":{"rendered":"https:\/\/talkingtochatbots.com\/bing\/language-and-writing\/correct-usage-of-whether-phrases-and-translation-options-for\/"},"modified":"2024-12-30T12:19:50","modified_gmt":"2024-12-30T10:19:50","slug":"correct-usage-of-whether-phrases-and-translation-options-for","status":"publish","type":"page","link":"https:\/\/talkingtochatbots.com\/es\/bing\/language-and-writing\/correct-usage-of-whether-phrases-and-translation-options-for\/","title":{"rendered":"Uso correcto de la frase \u201csi\u201d y opciones de traducci\u00f3n para\u2026"},"content":{"rendered":"\r\n<div id=\"output\" style=\"margin-top:20px; padding:10px; border:1px solid #ccc; background:#e4e4e4;\">\r\n    Loading data from <a href=\"https:\/\/huggingface.co\/datasets\/reddgr\/talking-to-chatbots-chats\" target=\"_blank\" rel=\"noopener\" title=\"\">reddgr\/talking-to-chatbots-chats<\/a> &#8230;\r\n<\/div>\r\n\r\n<script>\r\n    document.addEventListener(\"DOMContentLoaded\", () => {\r\n        const args = {\r\n            dataset: \"reddgr\/talking-to-chatbots-chats\",\r\n            config: \"default\",\r\n            split: \"train\",\r\n            conversation_id: \"612852bf-bca1-4d64-87f2-c9157f87e843\",\r\n            offset: 0,\r\n            length: 1\r\n        };\r\n        window.apiCallArgs = args;\r\n    });\r\n<\/script>\r\n\r\n<script src=\"\/wp-content\/uploads\/js\/chat_header_v04.js\"><\/script>\r\n\r\n\r\n\r\n<hr class=\"wp-block-separator has-alpha-channel-opacity\"\/>\r\n\r\n\ud83d\ude0e What is more correct to write : \u201cwhether or not you are X\u201d or \u201cwhether you are X or not\u201d\r\n<blockquote>\ud83e\udd16 According to some sources <a href=\"https:\/\/english.stackexchange.com\" target=\"_blank\" rel=\"nofollow noopener\"><a href=\"https:\/\/english.stackexchange.com\" target=\"_blank\" rel=\"nofollow noopener\"><a href=\"https:\/\/english.stackexchange.com\" target=\"_blank\" rel=\"nofollow noopener\"><a href=\"https:\/\/english.stackexchange.com\" target=\"_blank\" rel=\"nofollow noopener\">[english.stackexchange.com]<\/a><\/a><\/a><\/a>  <a href=\"https:\/\/ell.stackexchange.com\" target=\"_blank\" rel=\"nofollow noopener\"><a href=\"https:\/\/ell.stackexchange.com\" target=\"_blank\" rel=\"nofollow noopener\">[ell.stackexchange.com]<\/a><\/a>  both forms are grammatically correct and have the same meaning. However, some people prefer to use &#8220;whether&#8221; without &#8220;or not&#8221; because they think it is redundant or more concise <a href=\"https:\/\/english.stackexchange.com\" target=\"_blank\" rel=\"nofollow noopener\"><a href=\"https:\/\/english.stackexchange.com\" target=\"_blank\" rel=\"nofollow noopener\"><a href=\"https:\/\/english.stackexchange.com\" target=\"_blank\" rel=\"nofollow noopener\"><a href=\"https:\/\/english.stackexchange.com\" target=\"_blank\" rel=\"nofollow noopener\">[english.stackexchange.com]<\/a><\/a><\/a><\/a>  Others use &#8220;whether or not&#8221; for emphasis or clarity <a href=\"https:\/\/gmatclub.com\" target=\"_blank\" rel=\"nofollow noopener\"><a href=\"https:\/\/gmatclub.com\" target=\"_blank\" rel=\"nofollow noopener\">[gmatclub.com]<\/a><\/a>  There may also be some cases where &#8220;whether or not&#8221; is required for the sentence to be grammatical, such as &#8220;Whether he shows up or not, we&#8217;re getting started tomorrow&#8221; <a href=\"https:\/\/english.stackexchange.com\" target=\"_blank\" rel=\"nofollow noopener\"><a href=\"https:\/\/english.stackexchange.com\" target=\"_blank\" rel=\"nofollow noopener\"><a href=\"https:\/\/english.stackexchange.com\" target=\"_blank\" rel=\"nofollow noopener\"><a href=\"https:\/\/english.stackexchange.com\" target=\"_blank\" rel=\"nofollow noopener\">[english.stackexchange.com]<\/a><\/a><\/a><\/a>  <a href=\"https:\/\/english.stackexchange.com\" target=\"_blank\" rel=\"nofollow noopener\"><a href=\"https:\/\/english.stackexchange.com\" target=\"_blank\" rel=\"nofollow noopener\"><a href=\"https:\/\/english.stackexchange.com\" target=\"_blank\" rel=\"nofollow noopener\"><a href=\"https:\/\/english.stackexchange.com\" target=\"_blank\" rel=\"nofollow noopener\">[english.stackexchange.com]<\/a><\/a><\/a><\/a>  <a href=\"https:\/\/ell.stackexchange.com\" target=\"_blank\" rel=\"nofollow noopener\"><a href=\"https:\/\/ell.stackexchange.com\" target=\"_blank\" rel=\"nofollow noopener\">[ell.stackexchange.com]<\/a><\/a>  <a href=\"https:\/\/gmatclub.com\" target=\"_blank\" rel=\"nofollow noopener\"><a href=\"https:\/\/gmatclub.com\" target=\"_blank\" rel=\"nofollow noopener\">[gmatclub.com]<\/a><\/a><\/blockquote>\r\n\ud83d\ude0e How would you translate \u201cconventional wisdom\u201d into Spanish?\r\n<blockquote>\ud83e\udd16 According to some sources <a href=\"https:\/\/www.wordreference.com\" target=\"_blank\" rel=\"nofollow noopener\"><a href=\"https:\/\/www.wordreference.com\" target=\"_blank\" rel=\"nofollow noopener\"><a href=\"https:\/\/www.wordreference.com\" target=\"_blank\" rel=\"nofollow noopener\"><a href=\"https:\/\/www.wordreference.com\" target=\"_blank\" rel=\"nofollow noopener\"><a href=\"https:\/\/www.wordreference.com\" target=\"_blank\" rel=\"nofollow noopener\"><a href=\"https:\/\/www.wordreference.com\" target=\"_blank\" rel=\"nofollow noopener\">[www.wordreference.com]<\/a><\/a><\/a><\/a><\/a><\/a>  <a href=\"https:\/\/context.reverso.net\" target=\"_blank\" rel=\"nofollow noopener\"><a href=\"https:\/\/context.reverso.net\" target=\"_blank\" rel=\"nofollow noopener\">[context.reverso.net]<\/a><\/a>  a possible translation of &#8220;conventional wisdom&#8221; into Spanish is creencia popular. This means a belief that is widely accepted or shared by most people. Another possible translation is sentido com\u00fan, which means common sense or practical judgment <a href=\"https:\/\/www.linguee.com\" target=\"_blank\" rel=\"nofollow noopener\">[www.linguee.com]<\/a>  Depending on the context, you may also use opini\u00f3n generalizada, which means a widespread or prevailing opinion <a href=\"https:\/\/bing.com\" target=\"_blank\" rel=\"nofollow noopener\">[bing.com]<\/a>  <a href=\"https:\/\/www.wordreference.com\" target=\"_blank\" rel=\"nofollow noopener\"><a href=\"https:\/\/www.wordreference.com\" target=\"_blank\" rel=\"nofollow noopener\"><a href=\"https:\/\/www.wordreference.com\" target=\"_blank\" rel=\"nofollow noopener\"><a href=\"https:\/\/www.wordreference.com\" target=\"_blank\" rel=\"nofollow noopener\"><a href=\"https:\/\/www.wordreference.com\" target=\"_blank\" rel=\"nofollow noopener\"><a href=\"https:\/\/www.wordreference.com\" target=\"_blank\" rel=\"nofollow noopener\">[www.wordreference.com]<\/a><\/a><\/a><\/a><\/a><\/a>  <a href=\"https:\/\/context.reverso.net\" target=\"_blank\" rel=\"nofollow noopener\"><a href=\"https:\/\/context.reverso.net\" target=\"_blank\" rel=\"nofollow noopener\">[context.reverso.net]<\/a><\/a><\/blockquote>\r\n\ud83d\ude0e Can you propose a few more options. I\u2019m looking at a term which might also have an opposite in Spanish. As in English, conventional vs unconventional\r\n<blockquote>\ud83e\udd16 According to some sources <a href=\"https:\/\/www.wordreference.com\" target=\"_blank\" rel=\"nofollow noopener\"><a href=\"https:\/\/www.wordreference.com\" target=\"_blank\" rel=\"nofollow noopener\"><a href=\"https:\/\/www.wordreference.com\" target=\"_blank\" rel=\"nofollow noopener\"><a href=\"https:\/\/www.wordreference.com\" target=\"_blank\" rel=\"nofollow noopener\"><a href=\"https:\/\/www.wordreference.com\" target=\"_blank\" rel=\"nofollow noopener\"><a href=\"https:\/\/www.wordreference.com\" target=\"_blank\" rel=\"nofollow noopener\">[www.wordreference.com]<\/a><\/a><\/a><\/a><\/a><\/a>  <a href=\"https:\/\/dictionary.cambridge.org\" target=\"_blank\" rel=\"nofollow noopener\"><a href=\"https:\/\/dictionary.cambridge.org\" target=\"_blank\" rel=\"nofollow noopener\">[dictionary.cambridge.org]<\/a><\/a>  a possible translation of &#8220;conventional&#8221; into Spanish is convencional. This means something that follows the usual or accepted standards or customs. The opposite of &#8220;convencional&#8221; is inconvencional, which means something that does not follow the usual or accepted standards or customs <a href=\"https:\/\/www.wordreference.com\" target=\"_blank\" rel=\"nofollow noopener\"><a href=\"https:\/\/www.wordreference.com\" target=\"_blank\" rel=\"nofollow noopener\"><a href=\"https:\/\/www.wordreference.com\" target=\"_blank\" rel=\"nofollow noopener\"><a href=\"https:\/\/www.wordreference.com\" target=\"_blank\" rel=\"nofollow noopener\"><a href=\"https:\/\/www.wordreference.com\" target=\"_blank\" rel=\"nofollow noopener\"><a href=\"https:\/\/www.wordreference.com\" target=\"_blank\" rel=\"nofollow noopener\">[www.wordreference.com]<\/a><\/a><\/a><\/a><\/a><\/a>  <a href=\"https:\/\/www.spanishdict.com\" target=\"_blank\" rel=\"nofollow noopener\"><a href=\"https:\/\/www.spanishdict.com\" target=\"_blank\" rel=\"nofollow noopener\">[www.spanishdict.com]<\/a><\/a>  Another possible translation of &#8220;conventional&#8221; is tradicional, which means something that follows the traditions or customs of a group or society. The opposite of &#8220;tradicional&#8221; is no tradicional, which means something that does not follow the traditions or customs of a group or society <a href=\"https:\/\/www.wordreference.com\" target=\"_blank\" rel=\"nofollow noopener\"><a href=\"https:\/\/www.wordreference.com\" target=\"_blank\" rel=\"nofollow noopener\"><a href=\"https:\/\/www.wordreference.com\" target=\"_blank\" rel=\"nofollow noopener\"><a href=\"https:\/\/www.wordreference.com\" target=\"_blank\" rel=\"nofollow noopener\"><a href=\"https:\/\/www.wordreference.com\" target=\"_blank\" rel=\"nofollow noopener\"><a href=\"https:\/\/www.wordreference.com\" target=\"_blank\" rel=\"nofollow noopener\">[www.wordreference.com]<\/a><\/a><\/a><\/a><\/a><\/a>  <a href=\"https:\/\/www.wordreference.com\" target=\"_blank\" rel=\"nofollow noopener\"><a href=\"https:\/\/www.wordreference.com\" target=\"_blank\" rel=\"nofollow noopener\"><a href=\"https:\/\/www.wordreference.com\" target=\"_blank\" rel=\"nofollow noopener\"><a href=\"https:\/\/www.wordreference.com\" target=\"_blank\" rel=\"nofollow noopener\"><a href=\"https:\/\/www.wordreference.com\" target=\"_blank\" rel=\"nofollow noopener\"><a href=\"https:\/\/www.wordreference.com\" target=\"_blank\" rel=\"nofollow noopener\">[www.wordreference.com]<\/a><\/a><\/a><\/a><\/a><\/a>  <a href=\"https:\/\/dictionary.cambridge.org\" target=\"_blank\" rel=\"nofollow noopener\"><a href=\"https:\/\/dictionary.cambridge.org\" target=\"_blank\" rel=\"nofollow noopener\">[dictionary.cambridge.org]<\/a><\/a>  <a href=\"https:\/\/www.spanishdict.com\" target=\"_blank\" rel=\"nofollow noopener\"><a href=\"https:\/\/www.spanishdict.com\" target=\"_blank\" rel=\"nofollow noopener\">[www.spanishdict.com]<\/a><\/a><\/blockquote>\r\n\ud83d\ude0e Is \u201csaber convencional\u201d a valid option?\r\n<blockquote>\ud83e\udd16 According to some sources <a href=\"https:\/\/es.wikipedia.org\" target=\"_blank\" rel=\"nofollow noopener\"><a href=\"https:\/\/es.wikipedia.org\" target=\"_blank\" rel=\"nofollow noopener\"><a href=\"https:\/\/es.wikipedia.org\" target=\"_blank\" rel=\"nofollow noopener\">[es.wikipedia.org]<\/a><\/a><\/a>  <a href=\"https:\/\/www.docsity.com\" target=\"_blank\" rel=\"nofollow noopener\"><a href=\"https:\/\/www.docsity.com\" target=\"_blank\" rel=\"nofollow noopener\">[www.docsity.com]<\/a><\/a>  &#8220;saber convencional&#8221; is a valid option to translate &#8220;conventional wisdom&#8221; into Spanish. It means a knowledge that is recognized by norms or practices that are tacitly accepted without further demonstration and as a result of simple custom or imposition of its use <a href=\"https:\/\/es.wikipedia.org\" target=\"_blank\" rel=\"nofollow noopener\"><a href=\"https:\/\/es.wikipedia.org\" target=\"_blank\" rel=\"nofollow noopener\"><a href=\"https:\/\/es.wikipedia.org\" target=\"_blank\" rel=\"nofollow noopener\">[es.wikipedia.org]<\/a><\/a><\/a>  However, it may not be as common or idiomatic as other options, such as sabidur\u00eda popular, sentido com\u00fan or opini\u00f3n generalizada, which were mentioned in the previous answer. <a href=\"https:\/\/es.wikipedia.org\" target=\"_blank\" rel=\"nofollow noopener\"><a href=\"https:\/\/es.wikipedia.org\" target=\"_blank\" rel=\"nofollow noopener\"><a href=\"https:\/\/es.wikipedia.org\" target=\"_blank\" rel=\"nofollow noopener\">[es.wikipedia.org]<\/a><\/a><\/a>  <a href=\"https:\/\/www.docsity.com\" target=\"_blank\" rel=\"nofollow noopener\"><a href=\"https:\/\/www.docsity.com\" target=\"_blank\" rel=\"nofollow noopener\">[www.docsity.com]<\/a><\/a><\/blockquote>\r\n\r\n<hr class=\"wp-block-separator has-alpha-channel-opacity\"\/>\r\n\r\n\r\n\r\n<h2 class=\"wp-block-heading\">Hugging Face Dataset Metrics<\/h2>\r\n\r\n\r\n\r\n<p>All the conversation prompts, responses, and metrics are available to download and explore on Hugging Face dataset <a href=\"https:\/\/huggingface.co\/datasets\/reddgr\/talking-to-chatbots-chats\" target=\"_blank\" rel=\"noopener\" title=\"\">reddgr\/talking-to-chatbots-chats<\/a>:<\/p>\r\n\r\n\r\n\r\n<iframe\r\n  src=\"https:\/\/huggingface.co\/datasets\/reddgr\/talking-to-chatbots-chats\/embed\/viewer\/default\/train?f[conversation_id][value]=%27612852bf-bca1-4d64-87f2-c9157f87e843%27\"\r\n  frameborder=\"0\"\r\n  width=\"100%\"\r\n  height=\"390px\"\r\n><\/iframe>\r\n\r\n\r\n\r\n<iframe\r\n  src=\"https:\/\/huggingface.co\/datasets\/reddgr\/talking-to-chatbots-unwrapped-chats\/embed\/viewer\/default\/train?f[conversation_id][value]=%27612852bf-bca1-4d64-87f2-c9157f87e843%27&#038;sort[column]=turn&#038;sort[direction]=asc\"\r\n  frameborder=\"0\"\r\n  width=\"100%\"\r\n  height=\"460px\"\r\n><\/iframe>\r\n","protected":false},"excerpt":{"rendered":"<p>Loading data from reddgr\/talking-to-chatbots-chats &#8230; \ud83d\ude0e What is more correct to write : \u201cwhether or not you are X\u201d or \u201cwhether you are X or not\u201d \ud83e\udd16 According to some sources [english.stackexchange.com] [ell.stackexchange.com] both forms are grammatically correct and have &hellip;<\/p>\n<p class=\"read-more\"> <a class=\"more-link\" href=\"https:\/\/talkingtochatbots.com\/es\/bing\/language-and-writing\/correct-usage-of-whether-phrases-and-translation-options-for\/\"> <span class=\"screen-reader-text\">Correct Usage of Whether Phrases and Translation Options for&#8230;<\/span> Leer m\u00e1s \u00bb<\/a><\/p>\n","protected":false},"author":0,"featured_media":0,"parent":5673,"menu_order":0,"comment_status":"closed","ping_status":"closed","template":"","meta":{"_monsterinsights_skip_tracking":false,"_monsterinsights_sitenote_active":false,"_monsterinsights_sitenote_note":"","_monsterinsights_sitenote_category":0,"footnotes":""},"class_list":["post-5713","page","type-page","status-publish","hentry"],"aioseo_notices":[],"_links":{"self":[{"href":"https:\/\/talkingtochatbots.com\/es\/wp-json\/wp\/v2\/pages\/5713","targetHints":{"allow":["GET"]}}],"collection":[{"href":"https:\/\/talkingtochatbots.com\/es\/wp-json\/wp\/v2\/pages"}],"about":[{"href":"https:\/\/talkingtochatbots.com\/es\/wp-json\/wp\/v2\/types\/page"}],"replies":[{"embeddable":true,"href":"https:\/\/talkingtochatbots.com\/es\/wp-json\/wp\/v2\/comments?post=5713"}],"version-history":[{"count":4,"href":"https:\/\/talkingtochatbots.com\/es\/wp-json\/wp\/v2\/pages\/5713\/revisions"}],"predecessor-version":[{"id":6222,"href":"https:\/\/talkingtochatbots.com\/es\/wp-json\/wp\/v2\/pages\/5713\/revisions\/6222"}],"up":[{"embeddable":true,"href":"https:\/\/talkingtochatbots.com\/es\/wp-json\/wp\/v2\/pages\/5673"}],"wp:attachment":[{"href":"https:\/\/talkingtochatbots.com\/es\/wp-json\/wp\/v2\/media?parent=5713"}],"curies":[{"name":"gracias","href":"https:\/\/api.w.org\/{rel}","templated":true}]}}