{"id":5710,"date":"2024-12-27T20:12:24","date_gmt":"2024-12-27T18:12:24","guid":{"rendered":"https:\/\/talkingtochatbots.com\/bing\/language-and-writing\/clarify-misconceptions-about-large-language-models-text-generation\/"},"modified":"2024-12-30T12:06:32","modified_gmt":"2024-12-30T10:06:32","slug":"clarify-misconceptions-about-large-language-models-text-generation","status":"publish","type":"page","link":"https:\/\/talkingtochatbots.com\/es\/bing\/language-and-writing\/clarify-misconceptions-about-large-language-models-text-generation\/","title":{"rendered":"Aclarar conceptos err\u00f3neos sobre la generaci\u00f3n de textos con modelos de lenguaje de gran tama\u00f1o"},"content":{"rendered":"\r\n<div id=\"output\" style=\"margin-top:20px; padding:10px; border:1px solid #ccc; background:#e4e4e4;\">\r\n    Loading data from <a href=\"https:\/\/huggingface.co\/datasets\/reddgr\/talking-to-chatbots-chats\" target=\"_blank\" rel=\"noopener\" title=\"\">reddgr\/talking-to-chatbots-chats<\/a> &#8230;\r\n<\/div>\r\n\r\n<script>\r\n    document.addEventListener(\"DOMContentLoaded\", () => {\r\n        const args = {\r\n            dataset: \"reddgr\/talking-to-chatbots-chats\",\r\n            config: \"default\",\r\n            split: \"train\",\r\n            conversation_id: \"d124f9eb-b4a4-472f-bcff-987627d24087\",\r\n            offset: 0,\r\n            length: 1\r\n        };\r\n        window.apiCallArgs = args;\r\n    });\r\n<\/script>\r\n\r\n<script src=\"\/wp-content\/uploads\/js\/chat_header_v04.js\"><\/script>\r\n\r\n\r\n\r\n<hr class=\"wp-block-separator has-alpha-channel-opacity\"\/>\r\n\r\n\ud83d\ude0e help me better explain this, in similar words, fixing any major misconceptions or inaccuracies about LLM&#8217;s in my text: &#8220;In very simplistic terms, what Large Language Models do well is \u201cputting words together\u201d by massively analyzing strings of text and predicting which words come better next to each other to produce meaningful and valuable text.&#8221;\r\n<blockquote>\ud83e\udd16 Here are some possible options:<br><br>\u2022  To put it simply, Large Language Models are good at \u201ccreating sentences\u201d by analyzing huge amounts of text and predicting which words go well together to produce meaningful and valuable text <a href=\"https:\/\/speakai.co\" target=\"_blank\" rel=\"nofollow noopener\"><a href=\"https:\/\/speakai.co\" target=\"_blank\" rel=\"nofollow noopener\">[speakai.co]<\/a><\/a> <br><br>\u2022  In simple terms, Large Language Models excel at \u201cwriting text\u201d by learning from massive amounts of text and predicting which words fit well together to produce meaningful and valuable text <a href=\"https:\/\/en.wikipedia.org\" target=\"_blank\" rel=\"nofollow noopener\"><a href=\"https:\/\/en.wikipedia.org\" target=\"_blank\" rel=\"nofollow noopener\">[en.wikipedia.org]<\/a><\/a> <br><br>\u2022  Simply put, Large Language Models are skilled at \u201cgenerating text\u201d by studying enormous amounts of text and predicting which words match well together to produce meaningful and valuable text <a href=\"https:\/\/www.nytimes.com\" target=\"_blank\" rel=\"nofollow noopener\"><a href=\"https:\/\/www.nytimes.com\" target=\"_blank\" rel=\"nofollow noopener\">[www.nytimes.com]<\/a><\/a>  <a href=\"https:\/\/speakai.co\" target=\"_blank\" rel=\"nofollow noopener\"><a href=\"https:\/\/speakai.co\" target=\"_blank\" rel=\"nofollow noopener\">[speakai.co]<\/a><\/a>  <a href=\"https:\/\/en.wikipedia.org\" target=\"_blank\" rel=\"nofollow noopener\"><a href=\"https:\/\/en.wikipedia.org\" target=\"_blank\" rel=\"nofollow noopener\">[en.wikipedia.org]<\/a><\/a>  <a href=\"https:\/\/www.nytimes.com\" target=\"_blank\" rel=\"nofollow noopener\"><a href=\"https:\/\/www.nytimes.com\" target=\"_blank\" rel=\"nofollow noopener\">[www.nytimes.com]<\/a><\/a><\/blockquote>\r\n\r\n<hr class=\"wp-block-separator has-alpha-channel-opacity\"\/>\r\n\r\n\r\n\r\n<h2 class=\"wp-block-heading\">Hugging Face Dataset Metrics<\/h2>\r\n\r\n\r\n\r\n<p>All the conversation prompts, responses, and metrics are available to download and explore on Hugging Face dataset <a href=\"https:\/\/huggingface.co\/datasets\/reddgr\/talking-to-chatbots-chats\" target=\"_blank\" rel=\"noopener\" title=\"\">reddgr\/talking-to-chatbots-chats<\/a>:<\/p>\r\n\r\n\r\n\r\n<iframe\r\n  src=\"https:\/\/huggingface.co\/datasets\/reddgr\/talking-to-chatbots-chats\/embed\/viewer\/default\/train?f[conversation_id][value]=%27d124f9eb-b4a4-472f-bcff-987627d24087%27\"\r\n  frameborder=\"0\"\r\n  width=\"100%\"\r\n  height=\"390px\"\r\n><\/iframe>\r\n\r\n\r\n\r\n<iframe\r\n  src=\"https:\/\/huggingface.co\/datasets\/reddgr\/talking-to-chatbots-unwrapped-chats\/embed\/viewer\/default\/train?f[conversation_id][value]=%27d124f9eb-b4a4-472f-bcff-987627d24087%27&#038;sort[column]=turn&#038;sort[direction]=asc\"\r\n  frameborder=\"0\"\r\n  width=\"100%\"\r\n  height=\"460px\"\r\n><\/iframe>\r\n","protected":false},"excerpt":{"rendered":"<p>Cargando datos de reddgr\/talking-to-chatbots-chats \u2026 \ud83d\ude0e ay\u00fadame a explicar esto mejor, con palabras similares, corrigiendo cualquier concepto err\u00f3neo o inexactitud importante sobre los LLM en mi texto: &quot;En t\u00e9rminos muy simplistas, lo que los modelos de lenguaje grande hacen bien es &quot;juntar palabras&quot; al ...<\/p>\n<p class=\"read-more\"> <a class=\"more-link\" href=\"https:\/\/talkingtochatbots.com\/es\/bing\/language-and-writing\/clarify-misconceptions-about-large-language-models-text-generation\/\"> <span class=\"screen-reader-text\">Aclarar conceptos err\u00f3neos sobre la generaci\u00f3n de textos con modelos de lenguaje de gran tama\u00f1o<\/span> Leer m\u00e1s \u00bb<\/a><\/p>","protected":false},"author":0,"featured_media":0,"parent":5673,"menu_order":0,"comment_status":"closed","ping_status":"closed","template":"","meta":{"_monsterinsights_skip_tracking":false,"_monsterinsights_sitenote_active":false,"_monsterinsights_sitenote_note":"","_monsterinsights_sitenote_category":0,"footnotes":""},"class_list":["post-5710","page","type-page","status-publish","hentry"],"aioseo_notices":[],"_links":{"self":[{"href":"https:\/\/talkingtochatbots.com\/es\/wp-json\/wp\/v2\/pages\/5710","targetHints":{"allow":["GET"]}}],"collection":[{"href":"https:\/\/talkingtochatbots.com\/es\/wp-json\/wp\/v2\/pages"}],"about":[{"href":"https:\/\/talkingtochatbots.com\/es\/wp-json\/wp\/v2\/types\/page"}],"replies":[{"embeddable":true,"href":"https:\/\/talkingtochatbots.com\/es\/wp-json\/wp\/v2\/comments?post=5710"}],"version-history":[{"count":2,"href":"https:\/\/talkingtochatbots.com\/es\/wp-json\/wp\/v2\/pages\/5710\/revisions"}],"predecessor-version":[{"id":6129,"href":"https:\/\/talkingtochatbots.com\/es\/wp-json\/wp\/v2\/pages\/5710\/revisions\/6129"}],"up":[{"embeddable":true,"href":"https:\/\/talkingtochatbots.com\/es\/wp-json\/wp\/v2\/pages\/5673"}],"wp:attachment":[{"href":"https:\/\/talkingtochatbots.com\/es\/wp-json\/wp\/v2\/media?parent=5710"}],"curies":[{"name":"gracias","href":"https:\/\/api.w.org\/{rel}","templated":true}]}}