{"id":5699,"date":"2024-12-27T20:12:14","date_gmt":"2024-12-27T18:12:14","guid":{"rendered":"https:\/\/talkingtochatbots.com\/bing\/culture-and-entertainment\/create-an-informal-caption-for-mc-lars-outdated-song-download-this\/"},"modified":"2025-01-16T22:49:36","modified_gmt":"2025-01-16T20:49:36","slug":"create-an-informal-caption-for-mc-lars-outdated-song-download-this","status":"publish","type":"page","link":"https:\/\/talkingtochatbots.com\/es\/bing\/culture-and-entertainment\/create-an-informal-caption-for-mc-lars-outdated-song-download-this\/","title":{"rendered":"Crea un t\u00edtulo informal para &#039;Descargar esta canci\u00f3n&#039; de MC Lars"},"content":{"rendered":"\n<div id=\"output\" style=\"margin-top:20px; padding:10px; border:1px solid #ccc; background:#e4e4e4;\">\n    Loading data from <a href=\"https:\/\/huggingface.co\/datasets\/reddgr\/talking-to-chatbots-chats\" target=\"_blank\" rel=\"noopener\" title=\"\">reddgr\/talking-to-chatbots-chats<\/a> &#8230;\n<\/div>\n\n<script>\n    document.addEventListener(\"DOMContentLoaded\", () => {\n        const args = {\n            dataset: \"reddgr\/talking-to-chatbots-chats\",\n            config: \"default\",\n            split: \"train\",\n            conversation_id: \"2b4ba021-9dac-4e3d-99fa-6aa623cb3b61\",\n            offset: 0,\n            length: 1\n        };\n        window.apiCallArgs = args;\n    });\n<\/script>\n\n<script src=\"\/wp-content\/uploads\/js\/chat_header_v04.js\"><\/script>\n\n\n\n<hr class=\"wp-block-separator has-alpha-channel-opacity\"\/>\n\n\n<p>\ud83d\ude0e Give me a quick caption for posting the video \u201cDownload this song\u201d by \u201cMC Lars\u201d on social media. Consider the theme of the song is now outdated, as it talked about downloading songs before music streaming was widespread. Try to make it informal, widespread and fun<\/p>\n<blockquote>\n<p>[Message flagged as <mark>bad_response<\/mark>]<br \/>\ud83e\udd16 How about this caption for your video?<\/p>\n<p>Remember the good old days when we used to download songs from the internet instead of streaming them? Well, MC Lars does, and he made a hilarious song about it. Check out his video &#8220;Download this song&#8221; and see if you can relate to his lyrics. Warning: this song may cause nostalgia and laughter. cwl<\/p>\n<p>[Download this song by MC Lars]<\/p>\n<\/blockquote>\n<p>\ud83d\ude0e Make it more objective, without using terms such as hilarious. Fun, but not forced<\/p>\n<blockquote>\n<p>[Message flagged as <mark>bad_response<\/mark>]<br \/>\ud83e\udd16 Okay, how about this one?<\/p>\n<p>Downloading songs from the internet may seem like a thing of the past, but MC Lars made a song about it that still resonates today. His video &#8220;Download this song&#8221; is a clever and catchy critique of the music industry and its legal battles. Watch his video and see if you agree with his message. You might also enjoy his witty references and rhymes. \ud83d\ude0a<\/p>\n<p>[Download this song by MC Lars]<\/p>\n<\/blockquote>\n\n\n<hr class=\"wp-block-separator has-alpha-channel-opacity\"\/>\n\n\n\n<h2 class=\"wp-block-heading\">Hugging Face Dataset Metrics<\/h2>\n\n\n\n<p>All the conversation prompts, responses, and metrics are available to download and explore on Hugging Face dataset <a href=\"https:\/\/huggingface.co\/datasets\/reddgr\/talking-to-chatbots-chats\" target=\"_blank\" rel=\"noopener\" title=\"\">reddgr\/talking-to-chatbots-chats<\/a>:<\/p>\n\n\n\n<iframe\n  src=\"https:\/\/huggingface.co\/datasets\/reddgr\/talking-to-chatbots-chats\/embed\/viewer\/default\/train?f[conversation_id][value]=%272b4ba021-9dac-4e3d-99fa-6aa623cb3b61%27\"\n  frameborder=\"0\"\n  width=\"100%\"\n  height=\"390px\"\n><\/iframe>\n\n\n\n<iframe\n  src=\"https:\/\/huggingface.co\/datasets\/reddgr\/talking-to-chatbots-unwrapped-chats\/embed\/viewer\/default\/train?f[conversation_id][value]=%272b4ba021-9dac-4e3d-99fa-6aa623cb3b61%27&#038;sort[column]=turn&#038;sort[direction]=asc\"\n  frameborder=\"0\"\n  width=\"100%\"\n  height=\"460px\"\n><\/iframe>\n","protected":false},"excerpt":{"rendered":"<p>Cargando datos de reddgr\/talking-to-chatbots-chats\u2026 \ud83d\ude0e Dame un breve pie de foto para publicar el video &quot;Descarga esta canci\u00f3n&quot; de &quot;MC Lars&quot; en redes sociales. Ten en cuenta que el tema de la canci\u00f3n ya no est\u00e1 actualizado, ya que antes hablaba de descargar canciones\u2026<\/p>\n<p class=\"read-more\"> <a class=\"more-link\" href=\"https:\/\/talkingtochatbots.com\/es\/bing\/culture-and-entertainment\/create-an-informal-caption-for-mc-lars-outdated-song-download-this\/\"> <span class=\"screen-reader-text\">Crea un t\u00edtulo informal para &#039;Descargar esta canci\u00f3n&#039; de MC Lars<\/span> Leer m\u00e1s \u00bb<\/a><\/p>","protected":false},"author":2,"featured_media":0,"parent":5671,"menu_order":0,"comment_status":"closed","ping_status":"closed","template":"","meta":{"_monsterinsights_skip_tracking":false,"_monsterinsights_sitenote_active":false,"_monsterinsights_sitenote_note":"","_monsterinsights_sitenote_category":0,"footnotes":""},"class_list":["post-5699","page","type-page","status-publish","hentry"],"aioseo_notices":[],"_links":{"self":[{"href":"https:\/\/talkingtochatbots.com\/es\/wp-json\/wp\/v2\/pages\/5699","targetHints":{"allow":["GET"]}}],"collection":[{"href":"https:\/\/talkingtochatbots.com\/es\/wp-json\/wp\/v2\/pages"}],"about":[{"href":"https:\/\/talkingtochatbots.com\/es\/wp-json\/wp\/v2\/types\/page"}],"author":[{"embeddable":true,"href":"https:\/\/talkingtochatbots.com\/es\/wp-json\/wp\/v2\/users\/2"}],"replies":[{"embeddable":true,"href":"https:\/\/talkingtochatbots.com\/es\/wp-json\/wp\/v2\/comments?post=5699"}],"version-history":[{"count":5,"href":"https:\/\/talkingtochatbots.com\/es\/wp-json\/wp\/v2\/pages\/5699\/revisions"}],"predecessor-version":[{"id":10611,"href":"https:\/\/talkingtochatbots.com\/es\/wp-json\/wp\/v2\/pages\/5699\/revisions\/10611"}],"up":[{"embeddable":true,"href":"https:\/\/talkingtochatbots.com\/es\/wp-json\/wp\/v2\/pages\/5671"}],"wp:attachment":[{"href":"https:\/\/talkingtochatbots.com\/es\/wp-json\/wp\/v2\/media?parent=5699"}],"curies":[{"name":"gracias","href":"https:\/\/api.w.org\/{rel}","templated":true}]}}