{"id":5694,"date":"2024-12-27T20:12:10","date_gmt":"2024-12-27T18:12:10","guid":{"rendered":"https:\/\/talkingtochatbots.com\/bing\/business-and-finance\/what-are-the-most-popular-stock-market-information-sites\/"},"modified":"2024-12-30T11:53:27","modified_gmt":"2024-12-30T09:53:27","slug":"what-are-the-most-popular-stock-market-information-sites","status":"publish","type":"page","link":"https:\/\/talkingtochatbots.com\/es\/bing\/business-and-finance\/what-are-the-most-popular-stock-market-information-sites\/","title":{"rendered":"\u00bfCu\u00e1les son los sitios de informaci\u00f3n burs\u00e1til m\u00e1s populares?"},"content":{"rendered":"\r\n<div id=\"output\" style=\"margin-top:20px; padding:10px; border:1px solid #ccc; background:#e4e4e4;\">\r\n    Loading data from <a href=\"https:\/\/huggingface.co\/datasets\/reddgr\/talking-to-chatbots-chats\" target=\"_blank\" rel=\"noopener\" title=\"\">reddgr\/talking-to-chatbots-chats<\/a> &#8230;\r\n<\/div>\r\n\r\n<script>\r\n    document.addEventListener(\"DOMContentLoaded\", () => {\r\n        const args = {\r\n            dataset: \"reddgr\/talking-to-chatbots-chats\",\r\n            config: \"default\",\r\n            split: \"train\",\r\n            conversation_id: \"6a5b2037-947e-458a-8e56-1a680b445c8f\",\r\n            offset: 0,\r\n            length: 1\r\n        };\r\n        window.apiCallArgs = args;\r\n    });\r\n<\/script>\r\n\r\n<script src=\"\/wp-content\/uploads\/js\/chat_header_v04.js\"><\/script>\r\n\r\n\r\n\r\n<hr class=\"wp-block-separator has-alpha-channel-opacity\"\/>\r\n\r\n\ud83d\ude0e Which are the most popular stock market information sites?\r\n<blockquote>\ud83e\udd16 There are many stock market information sites on the internet, but some of the most popular ones are:<br><br>\u2022  TradingView: This site is the best for charting, screening, backtesting, and community. It has over 10 million active daily users who share ideas and post comments. It also offers trading, news, watchlists, and a variety of indicators and charts <a href=\"https:\/\/www.liberatedstocktrader.com\" target=\"_blank\" rel=\"nofollow noopener\"><a href=\"https:\/\/www.liberatedstocktrader.com\" target=\"_blank\" rel=\"nofollow noopener\">[www.liberatedstocktrader.com]<\/a><\/a> <br><br>\u2022  The Motley Fool: This site is the best for stock research, advice, and premium services. It has been providing investment advisory products and services since 1993. It also features CAPS, an online investing community that allows members to track stocks, interact with others, and build portfolios <a href=\"https:\/\/rapidapi.com\" target=\"_blank\" rel=\"nofollow noopener\"><a href=\"https:\/\/rapidapi.com\" target=\"_blank\" rel=\"nofollow noopener\"><a href=\"https:\/\/rapidapi.com\" target=\"_blank\" rel=\"nofollow noopener\">[rapidapi.com]<\/a><\/a><\/a> <br><br>\u2022  Yahoo! Finance: This site is the best for financial news, research reports, and user-generated content. It provides accurate and up-to-date information on stocks, markets, currencies, commodities, and more. It also has a premium package that offers portfolio watchlists, daily trading ideas, leading indicators, and direct trading <a href=\"https:\/\/rapidapi.com\" target=\"_blank\" rel=\"nofollow noopener\"><a href=\"https:\/\/rapidapi.com\" target=\"_blank\" rel=\"nofollow noopener\"><a href=\"https:\/\/rapidapi.com\" target=\"_blank\" rel=\"nofollow noopener\">[rapidapi.com]<\/a><\/a><\/a> <br><br>These are just some of the most popular stock market information sites that you can use to check your investments and learn more about the financial world. I hope you find them useful and interesting \ud83d\ude0a <a href=\"https:\/\/www.liberatedstocktrader.com\" target=\"_blank\" rel=\"nofollow noopener\"><a href=\"https:\/\/www.liberatedstocktrader.com\" target=\"_blank\" rel=\"nofollow noopener\">[www.liberatedstocktrader.com]<\/a><\/a>  <a href=\"https:\/\/rapidapi.com\" target=\"_blank\" rel=\"nofollow noopener\"><a href=\"https:\/\/rapidapi.com\" target=\"_blank\" rel=\"nofollow noopener\"><a href=\"https:\/\/rapidapi.com\" target=\"_blank\" rel=\"nofollow noopener\">[rapidapi.com]<\/a><\/a><\/a><\/blockquote>\r\n\r\n<hr class=\"wp-block-separator has-alpha-channel-opacity\"\/>\r\n\r\n\r\n\r\n<h2 class=\"wp-block-heading\">Hugging Face Dataset Metrics<\/h2>\r\n\r\n\r\n\r\n<p>All the conversation prompts, responses, and metrics are available to download and explore on Hugging Face dataset <a href=\"https:\/\/huggingface.co\/datasets\/reddgr\/talking-to-chatbots-chats\" target=\"_blank\" rel=\"noopener\" title=\"\">reddgr\/talking-to-chatbots-chats<\/a>:<\/p>\r\n\r\n\r\n\r\n<iframe\r\n  src=\"https:\/\/huggingface.co\/datasets\/reddgr\/talking-to-chatbots-chats\/embed\/viewer\/default\/train?f[conversation_id][value]=%276a5b2037-947e-458a-8e56-1a680b445c8f%27\"\r\n  frameborder=\"0\"\r\n  width=\"100%\"\r\n  height=\"390px\"\r\n><\/iframe>\r\n\r\n\r\n\r\n<iframe\r\n  src=\"https:\/\/huggingface.co\/datasets\/reddgr\/talking-to-chatbots-unwrapped-chats\/embed\/viewer\/default\/train?f[conversation_id][value]=%276a5b2037-947e-458a-8e56-1a680b445c8f%27&#038;sort[column]=turn&#038;sort[direction]=asc\"\r\n  frameborder=\"0\"\r\n  width=\"100%\"\r\n  height=\"460px\"\r\n><\/iframe>\r\n","protected":false},"excerpt":{"rendered":"<p>Cargando datos de reddgr\/talking-to-chatbots-chats\u2026 \ud83d\ude0e \u00bfCu\u00e1les son los sitios de informaci\u00f3n burs\u00e1til m\u00e1s populares? \ud83e\udd16 Hay muchos sitios de informaci\u00f3n burs\u00e1til en internet, pero algunos de los m\u00e1s populares son: \u2022 TradingView: Este sitio es\u2026<\/p>\n<p class=\"read-more\"> <a class=\"more-link\" href=\"https:\/\/talkingtochatbots.com\/es\/bing\/business-and-finance\/what-are-the-most-popular-stock-market-information-sites\/\"> <span class=\"screen-reader-text\">\u00bfCu\u00e1les son los sitios de informaci\u00f3n burs\u00e1til m\u00e1s populares?<\/span> Leer m\u00e1s \u00bb<\/a><\/p>","protected":false},"author":0,"featured_media":0,"parent":5669,"menu_order":0,"comment_status":"closed","ping_status":"closed","template":"","meta":{"_monsterinsights_skip_tracking":false,"_monsterinsights_sitenote_active":false,"_monsterinsights_sitenote_note":"","_monsterinsights_sitenote_category":0,"footnotes":""},"class_list":["post-5694","page","type-page","status-publish","hentry"],"aioseo_notices":[],"_links":{"self":[{"href":"https:\/\/talkingtochatbots.com\/es\/wp-json\/wp\/v2\/pages\/5694","targetHints":{"allow":["GET"]}}],"collection":[{"href":"https:\/\/talkingtochatbots.com\/es\/wp-json\/wp\/v2\/pages"}],"about":[{"href":"https:\/\/talkingtochatbots.com\/es\/wp-json\/wp\/v2\/types\/page"}],"replies":[{"embeddable":true,"href":"https:\/\/talkingtochatbots.com\/es\/wp-json\/wp\/v2\/comments?post=5694"}],"version-history":[{"count":2,"href":"https:\/\/talkingtochatbots.com\/es\/wp-json\/wp\/v2\/pages\/5694\/revisions"}],"predecessor-version":[{"id":5981,"href":"https:\/\/talkingtochatbots.com\/es\/wp-json\/wp\/v2\/pages\/5694\/revisions\/5981"}],"up":[{"embeddable":true,"href":"https:\/\/talkingtochatbots.com\/es\/wp-json\/wp\/v2\/pages\/5669"}],"wp:attachment":[{"href":"https:\/\/talkingtochatbots.com\/es\/wp-json\/wp\/v2\/media?parent=5694"}],"curies":[{"name":"gracias","href":"https:\/\/api.w.org\/{rel}","templated":true}]}}