{"id":5693,"date":"2024-12-27T20:12:10","date_gmt":"2024-12-27T18:12:10","guid":{"rendered":"https:\/\/talkingtochatbots.com\/bing\/business-and-finance\/what-are-the-most-famous-stock-market-indexes-for-technology\/"},"modified":"2024-12-30T11:53:28","modified_gmt":"2024-12-30T09:53:28","slug":"what-are-the-most-famous-stock-market-indexes-for-technology","status":"publish","type":"page","link":"https:\/\/talkingtochatbots.com\/es\/bing\/business-and-finance\/what-are-the-most-famous-stock-market-indexes-for-technology\/","title":{"rendered":"\u00bfCu\u00e1les son los \u00edndices burs\u00e1tiles m\u00e1s famosos en el sector tecnol\u00f3gico?"},"content":{"rendered":"\r\n<div id=\"output\" style=\"margin-top:20px; padding:10px; border:1px solid #ccc; background:#e4e4e4;\">\r\n    Loading data from <a href=\"https:\/\/huggingface.co\/datasets\/reddgr\/talking-to-chatbots-chats\" target=\"_blank\" rel=\"noopener\" title=\"\">reddgr\/talking-to-chatbots-chats<\/a> &#8230;\r\n<\/div>\r\n\r\n<script>\r\n    document.addEventListener(\"DOMContentLoaded\", () => {\r\n        const args = {\r\n            dataset: \"reddgr\/talking-to-chatbots-chats\",\r\n            config: \"default\",\r\n            split: \"train\",\r\n            conversation_id: \"2fa17ab5-f457-4c1b-a46f-8903862aaf19\",\r\n            offset: 0,\r\n            length: 1\r\n        };\r\n        window.apiCallArgs = args;\r\n    });\r\n<\/script>\r\n\r\n<script src=\"\/wp-content\/uploads\/js\/chat_header_v04.js\"><\/script>\r\n\r\n\r\n\r\n<hr class=\"wp-block-separator has-alpha-channel-opacity\"\/>\r\n\r\n\ud83d\ude0e which are the most famous stock market indexes tracking technology companies?\r\n<blockquote>\ud83e\udd16 Some of the most famous stock market indexes tracking technology companies are:<br><br>\u2022  NASDAQ-100 Technology Sector Index (NDXT): This index includes the technology companies that are part of the NASDAQ-100 Index, which consists of the 100 largest non-financial companies listed on the NASDAQ stock market. Some of the top constituents of this index are Apple, Microsoft, Amazon, Tesla, and Nvidia. <a href=\"https:\/\/www.nasdaq.com\" target=\"_blank\" rel=\"nofollow noopener\"><a href=\"https:\/\/www.nasdaq.com\" target=\"_blank\" rel=\"nofollow noopener\"><a href=\"https:\/\/www.nasdaq.com\" target=\"_blank\" rel=\"nofollow noopener\">[www.nasdaq.com]<\/a><\/a><\/a> <br><br>\u2022  S&#038;P 500 Information Technology Sector Index (SP500.45): This index includes the information technology companies that are part of the S&#038;P 500 Index, which consists of 500 large-cap U.S. companies. Some of the top constituents of this index are Apple, Microsoft, Visa, Mastercard, and Adobe. <a href=\"https:\/\/www.marketwatch.com\" target=\"_blank\" rel=\"nofollow noopener\"><a href=\"https:\/\/www.marketwatch.com\" target=\"_blank\" rel=\"nofollow noopener\"><a href=\"https:\/\/www.marketwatch.com\" target=\"_blank\" rel=\"nofollow noopener\"><a href=\"https:\/\/www.marketwatch.com\" target=\"_blank\" rel=\"nofollow noopener\"><a href=\"https:\/\/www.marketwatch.com\" target=\"_blank\" rel=\"nofollow noopener\"><a href=\"https:\/\/www.marketwatch.com\" target=\"_blank\" rel=\"nofollow noopener\"><a href=\"https:\/\/www.marketwatch.com\" target=\"_blank\" rel=\"nofollow noopener\"><a href=\"https:\/\/www.marketwatch.com\" target=\"_blank\" rel=\"nofollow noopener\"><a href=\"https:\/\/www.marketwatch.com\" target=\"_blank\" rel=\"nofollow noopener\">[www.marketwatch.com]<\/a><\/a><\/a><\/a><\/a><\/a><\/a><\/a><\/a> <br><br>\u2022  MSCI World Information Technology Index: This index includes the information technology companies that are part of the MSCI World Index, which consists of over 1,600 large and mid-cap companies from 23 developed markets. Some of the top constituents of this index are Apple, Microsoft, Taiwan Semiconductor Manufacturing, Samsung Electronics, and Nvidia. <a href=\"https:\/\/www.marketwatch.com\" target=\"_blank\" rel=\"nofollow noopener\"><a href=\"https:\/\/www.marketwatch.com\" target=\"_blank\" rel=\"nofollow noopener\"><a href=\"https:\/\/www.marketwatch.com\" target=\"_blank\" rel=\"nofollow noopener\"><a href=\"https:\/\/www.marketwatch.com\" target=\"_blank\" rel=\"nofollow noopener\"><a href=\"https:\/\/www.marketwatch.com\" target=\"_blank\" rel=\"nofollow noopener\"><a href=\"https:\/\/www.marketwatch.com\" target=\"_blank\" rel=\"nofollow noopener\"><a href=\"https:\/\/www.marketwatch.com\" target=\"_blank\" rel=\"nofollow noopener\"><a href=\"https:\/\/www.marketwatch.com\" target=\"_blank\" rel=\"nofollow noopener\"><a href=\"https:\/\/www.marketwatch.com\" target=\"_blank\" rel=\"nofollow noopener\">[www.marketwatch.com]<\/a><\/a><\/a><\/a><\/a><\/a><\/a><\/a><\/a>  <a href=\"https:\/\/www.nasdaq.com\" target=\"_blank\" rel=\"nofollow noopener\"><a href=\"https:\/\/www.nasdaq.com\" target=\"_blank\" rel=\"nofollow noopener\"><a href=\"https:\/\/www.nasdaq.com\" target=\"_blank\" rel=\"nofollow noopener\">[www.nasdaq.com]<\/a><\/a><\/a>  NASDAQ-100 Technology Sector Index (NDXT) Latest Quotes, Charts, Data &#038; News | Nasdaq <a href=\"https:\/\/www.marketwatch.com\" target=\"_blank\" rel=\"nofollow noopener\"><a href=\"https:\/\/www.marketwatch.com\" target=\"_blank\" rel=\"nofollow noopener\"><a href=\"https:\/\/www.marketwatch.com\" target=\"_blank\" rel=\"nofollow noopener\"><a href=\"https:\/\/www.marketwatch.com\" target=\"_blank\" rel=\"nofollow noopener\"><a href=\"https:\/\/www.marketwatch.com\" target=\"_blank\" rel=\"nofollow noopener\"><a href=\"https:\/\/www.marketwatch.com\" target=\"_blank\" rel=\"nofollow noopener\"><a href=\"https:\/\/www.marketwatch.com\" target=\"_blank\" rel=\"nofollow noopener\"><a href=\"https:\/\/www.marketwatch.com\" target=\"_blank\" rel=\"nofollow noopener\"><a href=\"https:\/\/www.marketwatch.com\" target=\"_blank\" rel=\"nofollow noopener\">[www.marketwatch.com]<\/a><\/a><\/a><\/a><\/a><\/a><\/a><\/a><\/a>  S&#038;P 500 Information Technology Sector Index &#8211; MarketWatch <a href=\"https:\/\/www.marketwatch.com\" target=\"_blank\" rel=\"nofollow noopener\"><a href=\"https:\/\/www.marketwatch.com\" target=\"_blank\" rel=\"nofollow noopener\"><a href=\"https:\/\/www.marketwatch.com\" target=\"_blank\" rel=\"nofollow noopener\"><a href=\"https:\/\/www.marketwatch.com\" target=\"_blank\" rel=\"nofollow noopener\"><a href=\"https:\/\/www.marketwatch.com\" target=\"_blank\" rel=\"nofollow noopener\"><a href=\"https:\/\/www.marketwatch.com\" target=\"_blank\" rel=\"nofollow noopener\"><a href=\"https:\/\/www.marketwatch.com\" target=\"_blank\" rel=\"nofollow noopener\"><a href=\"https:\/\/www.marketwatch.com\" target=\"_blank\" rel=\"nofollow noopener\"><a href=\"https:\/\/www.marketwatch.com\" target=\"_blank\" rel=\"nofollow noopener\">[www.marketwatch.com]<\/a><\/a><\/a><\/a><\/a><\/a><\/a><\/a><\/a>  MSCI World Information Technology Index &#8211; MSCI <a href=\"https:\/\/www.nasdaq.com\" target=\"_blank\" rel=\"nofollow noopener\"><a href=\"https:\/\/www.nasdaq.com\" target=\"_blank\" rel=\"nofollow noopener\"><a href=\"https:\/\/www.nasdaq.com\" target=\"_blank\" rel=\"nofollow noopener\">[www.nasdaq.com]<\/a><\/a><\/a>  <a href=\"https:\/\/www.marketwatch.com\" target=\"_blank\" rel=\"nofollow noopener\"><a href=\"https:\/\/www.marketwatch.com\" target=\"_blank\" rel=\"nofollow noopener\"><a href=\"https:\/\/www.marketwatch.com\" target=\"_blank\" rel=\"nofollow noopener\"><a href=\"https:\/\/www.marketwatch.com\" target=\"_blank\" rel=\"nofollow noopener\"><a href=\"https:\/\/www.marketwatch.com\" target=\"_blank\" rel=\"nofollow noopener\"><a href=\"https:\/\/www.marketwatch.com\" target=\"_blank\" rel=\"nofollow noopener\"><a href=\"https:\/\/www.marketwatch.com\" target=\"_blank\" rel=\"nofollow noopener\"><a href=\"https:\/\/www.marketwatch.com\" target=\"_blank\" rel=\"nofollow noopener\"><a href=\"https:\/\/www.marketwatch.com\" target=\"_blank\" rel=\"nofollow noopener\">[www.marketwatch.com]<\/a><\/a><\/a><\/a><\/a><\/a><\/a><\/a><\/a>  <a href=\"https:\/\/www.marketwatch.com\" target=\"_blank\" rel=\"nofollow noopener\"><a href=\"https:\/\/www.marketwatch.com\" target=\"_blank\" rel=\"nofollow noopener\"><a href=\"https:\/\/www.marketwatch.com\" target=\"_blank\" rel=\"nofollow noopener\"><a href=\"https:\/\/www.marketwatch.com\" target=\"_blank\" rel=\"nofollow noopener\"><a href=\"https:\/\/www.marketwatch.com\" target=\"_blank\" rel=\"nofollow noopener\"><a href=\"https:\/\/www.marketwatch.com\" target=\"_blank\" rel=\"nofollow noopener\"><a href=\"https:\/\/www.marketwatch.com\" target=\"_blank\" rel=\"nofollow noopener\"><a href=\"https:\/\/www.marketwatch.com\" target=\"_blank\" rel=\"nofollow noopener\"><a href=\"https:\/\/www.marketwatch.com\" target=\"_blank\" rel=\"nofollow noopener\">[www.marketwatch.com]<\/a><\/a><\/a><\/a><\/a><\/a><\/a><\/a><\/a><\/blockquote>\r\n\ud83d\ude0e how many companies are included in each of those 3 indexes?\r\n<blockquote>\ud83e\udd16 According to the latest available information, the number of companies included in each of those 3 indexes are:<br><br>\u2022  NASDAQ-100 Technology Sector Index (NDXT): This index includes 34 technology companies as of June 30, 2023. <a href=\"https:\/\/www.msci.com\" target=\"_blank\" rel=\"nofollow noopener\"><a href=\"https:\/\/www.msci.com\" target=\"_blank\" rel=\"nofollow noopener\"><a href=\"https:\/\/www.msci.com\" target=\"_blank\" rel=\"nofollow noopener\">[www.msci.com]<\/a><\/a><\/a> <br>\u2022  S&#038;P 500 Information Technology Sector Index (SP500.45): This index includes 74 information technology companies as of June 30, 2023. <a href=\"https:\/\/www.wsj.com\" target=\"_blank\" rel=\"nofollow noopener\"><a href=\"https:\/\/www.wsj.com\" target=\"_blank\" rel=\"nofollow noopener\"><a href=\"https:\/\/www.wsj.com\" target=\"_blank\" rel=\"nofollow noopener\">[www.wsj.com]<\/a><\/a><\/a> <br>\u2022  MSCI World Information Technology Index: This index includes 165 information technology companies as of May 31, 2023. <a href=\"https:\/\/www.marketwatch.com\" target=\"_blank\" rel=\"nofollow noopener\"><a href=\"https:\/\/www.marketwatch.com\" target=\"_blank\" rel=\"nofollow noopener\"><a href=\"https:\/\/www.marketwatch.com\" target=\"_blank\" rel=\"nofollow noopener\"><a href=\"https:\/\/www.marketwatch.com\" target=\"_blank\" rel=\"nofollow noopener\"><a href=\"https:\/\/www.marketwatch.com\" target=\"_blank\" rel=\"nofollow noopener\"><a href=\"https:\/\/www.marketwatch.com\" target=\"_blank\" rel=\"nofollow noopener\"><a href=\"https:\/\/www.marketwatch.com\" target=\"_blank\" rel=\"nofollow noopener\"><a href=\"https:\/\/www.marketwatch.com\" target=\"_blank\" rel=\"nofollow noopener\"><a href=\"https:\/\/www.marketwatch.com\" target=\"_blank\" rel=\"nofollow noopener\">[www.marketwatch.com]<\/a><\/a><\/a><\/a><\/a><\/a><\/a><\/a><\/a>  <a href=\"https:\/\/www.msci.com\" target=\"_blank\" rel=\"nofollow noopener\"><a href=\"https:\/\/www.msci.com\" target=\"_blank\" rel=\"nofollow noopener\"><a href=\"https:\/\/www.msci.com\" target=\"_blank\" rel=\"nofollow noopener\">[www.msci.com]<\/a><\/a><\/a>  NASDAQ-100 Technology Sector Index (NDXT) Latest Quotes, Charts, Data &#038; News | Nasdaq <a href=\"https:\/\/www.wsj.com\" target=\"_blank\" rel=\"nofollow noopener\"><a href=\"https:\/\/www.wsj.com\" target=\"_blank\" rel=\"nofollow noopener\"><a href=\"https:\/\/www.wsj.com\" target=\"_blank\" rel=\"nofollow noopener\">[www.wsj.com]<\/a><\/a><\/a>  S&#038;P 500 Information Technology Sector Index &#8211; MarketWatch <a href=\"https:\/\/www.marketwatch.com\" target=\"_blank\" rel=\"nofollow noopener\"><a href=\"https:\/\/www.marketwatch.com\" target=\"_blank\" rel=\"nofollow noopener\"><a href=\"https:\/\/www.marketwatch.com\" target=\"_blank\" rel=\"nofollow noopener\"><a href=\"https:\/\/www.marketwatch.com\" target=\"_blank\" rel=\"nofollow noopener\"><a href=\"https:\/\/www.marketwatch.com\" target=\"_blank\" rel=\"nofollow noopener\"><a href=\"https:\/\/www.marketwatch.com\" target=\"_blank\" rel=\"nofollow noopener\"><a href=\"https:\/\/www.marketwatch.com\" target=\"_blank\" rel=\"nofollow noopener\"><a href=\"https:\/\/www.marketwatch.com\" target=\"_blank\" rel=\"nofollow noopener\"><a href=\"https:\/\/www.marketwatch.com\" target=\"_blank\" rel=\"nofollow noopener\">[www.marketwatch.com]<\/a><\/a><\/a><\/a><\/a><\/a><\/a><\/a><\/a>  MSCI World Information Technology Index &#8211; MSCI <a href=\"https:\/\/www.msci.com\" target=\"_blank\" rel=\"nofollow noopener\"><a href=\"https:\/\/www.msci.com\" target=\"_blank\" rel=\"nofollow noopener\"><a href=\"https:\/\/www.msci.com\" target=\"_blank\" rel=\"nofollow noopener\">[www.msci.com]<\/a><\/a><\/a>  <a href=\"https:\/\/www.wsj.com\" target=\"_blank\" rel=\"nofollow noopener\"><a href=\"https:\/\/www.wsj.com\" target=\"_blank\" rel=\"nofollow noopener\"><a href=\"https:\/\/www.wsj.com\" target=\"_blank\" rel=\"nofollow noopener\">[www.wsj.com]<\/a><\/a><\/a>  <a href=\"https:\/\/www.marketwatch.com\" target=\"_blank\" rel=\"nofollow noopener\"><a href=\"https:\/\/www.marketwatch.com\" target=\"_blank\" rel=\"nofollow noopener\"><a href=\"https:\/\/www.marketwatch.com\" target=\"_blank\" rel=\"nofollow noopener\"><a href=\"https:\/\/www.marketwatch.com\" target=\"_blank\" rel=\"nofollow noopener\"><a href=\"https:\/\/www.marketwatch.com\" target=\"_blank\" rel=\"nofollow noopener\"><a href=\"https:\/\/www.marketwatch.com\" target=\"_blank\" rel=\"nofollow noopener\"><a href=\"https:\/\/www.marketwatch.com\" target=\"_blank\" rel=\"nofollow noopener\"><a href=\"https:\/\/www.marketwatch.com\" target=\"_blank\" rel=\"nofollow noopener\"><a href=\"https:\/\/www.marketwatch.com\" target=\"_blank\" rel=\"nofollow noopener\">[www.marketwatch.com]<\/a><\/a><\/a><\/a><\/a><\/a><\/a><\/a><\/a><\/blockquote>\r\n\r\n<hr class=\"wp-block-separator has-alpha-channel-opacity\"\/>\r\n\r\n\r\n\r\n<h2 class=\"wp-block-heading\">Hugging Face Dataset Metrics<\/h2>\r\n\r\n\r\n\r\n<p>All the conversation prompts, responses, and metrics are available to download and explore on Hugging Face dataset <a href=\"https:\/\/huggingface.co\/datasets\/reddgr\/talking-to-chatbots-chats\" target=\"_blank\" rel=\"noopener\" title=\"\">reddgr\/talking-to-chatbots-chats<\/a>:<\/p>\r\n\r\n\r\n\r\n<iframe\r\n  src=\"https:\/\/huggingface.co\/datasets\/reddgr\/talking-to-chatbots-chats\/embed\/viewer\/default\/train?f[conversation_id][value]=%272fa17ab5-f457-4c1b-a46f-8903862aaf19%27\"\r\n  frameborder=\"0\"\r\n  width=\"100%\"\r\n  height=\"390px\"\r\n><\/iframe>\r\n\r\n\r\n\r\n<iframe\r\n  src=\"https:\/\/huggingface.co\/datasets\/reddgr\/talking-to-chatbots-unwrapped-chats\/embed\/viewer\/default\/train?f[conversation_id][value]=%272fa17ab5-f457-4c1b-a46f-8903862aaf19%27&#038;sort[column]=turn&#038;sort[direction]=asc\"\r\n  frameborder=\"0\"\r\n  width=\"100%\"\r\n  height=\"460px\"\r\n><\/iframe>\r\n","protected":false},"excerpt":{"rendered":"<p>Cargando datos de reddgr\/talking-to-chatbots-chats\u2026 \ud83d\ude0e \u00bfCu\u00e1les son los \u00edndices burs\u00e1tiles m\u00e1s famosos que rastrean a las empresas tecnol\u00f3gicas? \ud83e\udd16 Algunos de los \u00edndices burs\u00e1tiles m\u00e1s famosos que rastrean a las empresas tecnol\u00f3gicas son: \u2022 \u00cdndice del Sector Tecnol\u00f3gico NASDAQ-100 (NDXT): Este \u00edndice incluye\u2026<\/p>\n<p class=\"read-more\"> <a class=\"more-link\" href=\"https:\/\/talkingtochatbots.com\/es\/bing\/business-and-finance\/what-are-the-most-famous-stock-market-indexes-for-technology\/\"> <span class=\"screen-reader-text\">\u00bfCu\u00e1les son los \u00edndices burs\u00e1tiles m\u00e1s famosos en el sector tecnol\u00f3gico?<\/span> Leer m\u00e1s \u00bb<\/a><\/p>","protected":false},"author":0,"featured_media":0,"parent":5669,"menu_order":0,"comment_status":"closed","ping_status":"closed","template":"","meta":{"_monsterinsights_skip_tracking":false,"_monsterinsights_sitenote_active":false,"_monsterinsights_sitenote_note":"","_monsterinsights_sitenote_category":0,"footnotes":""},"class_list":["post-5693","page","type-page","status-publish","hentry"],"aioseo_notices":[],"_links":{"self":[{"href":"https:\/\/talkingtochatbots.com\/es\/wp-json\/wp\/v2\/pages\/5693","targetHints":{"allow":["GET"]}}],"collection":[{"href":"https:\/\/talkingtochatbots.com\/es\/wp-json\/wp\/v2\/pages"}],"about":[{"href":"https:\/\/talkingtochatbots.com\/es\/wp-json\/wp\/v2\/types\/page"}],"replies":[{"embeddable":true,"href":"https:\/\/talkingtochatbots.com\/es\/wp-json\/wp\/v2\/comments?post=5693"}],"version-history":[{"count":2,"href":"https:\/\/talkingtochatbots.com\/es\/wp-json\/wp\/v2\/pages\/5693\/revisions"}],"predecessor-version":[{"id":5982,"href":"https:\/\/talkingtochatbots.com\/es\/wp-json\/wp\/v2\/pages\/5693\/revisions\/5982"}],"up":[{"embeddable":true,"href":"https:\/\/talkingtochatbots.com\/es\/wp-json\/wp\/v2\/pages\/5669"}],"wp:attachment":[{"href":"https:\/\/talkingtochatbots.com\/es\/wp-json\/wp\/v2\/media?parent=5693"}],"curies":[{"name":"gracias","href":"https:\/\/api.w.org\/{rel}","templated":true}]}}