{"id":5686,"date":"2024-12-27T20:12:04","date_gmt":"2024-12-27T18:12:04","guid":{"rendered":"https:\/\/talkingtochatbots.com\/bing\/business-and-finance\/is-there-an-award-for-finance-investigative-journalism-or-notable\/"},"modified":"2025-01-27T13:26:54","modified_gmt":"2025-01-27T11:26:54","slug":"is-there-an-award-for-finance-investigative-journalism-or-notable","status":"publish","type":"page","link":"https:\/\/talkingtochatbots.com\/es\/bing\/business-and-finance\/is-there-an-award-for-finance-investigative-journalism-or-notable\/","title":{"rendered":"\u00bfExiste un premio al periodismo de investigaci\u00f3n financiera o un premio\u2026"},"content":{"rendered":"\r\n<div id=\"output\" style=\"margin-top:20px; padding:10px; border:1px solid #ccc; background:#e4e4e4;\">\r\n    Loading data from <a href=\"https:\/\/huggingface.co\/datasets\/reddgr\/talking-to-chatbots-chats\" target=\"_blank\" rel=\"noopener\" title=\"\">reddgr\/talking-to-chatbots-chats<\/a> &#8230;\r\n<\/div>\r\n\r\n<script>\r\n    document.addEventListener(\"DOMContentLoaded\", () => {\r\n        const args = {\r\n            dataset: \"reddgr\/talking-to-chatbots-chats\",\r\n            config: \"default\",\r\n            split: \"train\",\r\n            conversation_id: \"058b8fcf-8ac4-4ee0-a4cb-35ed57576a5f\",\r\n            offset: 0,\r\n            length: 1\r\n        };\r\n        window.apiCallArgs = args;\r\n    });\r\n<\/script>\r\n\r\n<script src=\"\/wp-content\/uploads\/js\/chat_header_v04.js\"><\/script>\r\n\r\n\r\n\r\n<hr class=\"wp-block-separator has-alpha-channel-opacity\"\/>\r\n\r\n\ud83d\ude0e Is there an award for finance investigation journalism? Or a journalist who was notable for that kind of research, such as the Panama papers?\r\n<blockquote>\ud83e\udd16 Yes, there are several awards for finance investigation journalism or journalists who have done notable work in that field. Here are some examples:<br><br>\u2022  The Barlett &#038; Steele Awards for Investigative Business Journalism celebrate the best in print and online investigative business journalism every year. Named in honour of renowned investigative business journalists Donald L. Barlett and James B. Steele, the award is open to journalists worldwide <a href=\"https:\/\/gijn.org\" target=\"_blank\" rel=\"nofollow noopener\"><a href=\"https:\/\/gijn.org\" target=\"_blank\" rel=\"nofollow noopener\">[gijn.org]<\/a><\/a> <br><br>\u2022  The TRACE Prize for Investigative Reporting recognizes journalism that uncovers business-related bribery and financial crime with the goal of increasing commercial transparency and good governance <a href=\"https:\/\/www.traceinternational.org\" target=\"_blank\" rel=\"nofollow noopener\"><a href=\"https:\/\/www.traceinternational.org\" target=\"_blank\" rel=\"nofollow noopener\">[www.traceinternational.org]<\/a><\/a> <br><br>\u2022  The ICIJ&#8217;s Awards are given by the International Consortium of Investigative Journalists to honor their unique collaborations on various topics, including finance, such as the Pandora Papers, the FinCEN Files, the Luanda Leaks, and the Bribery Division <a href=\"https:\/\/www.icij.org\" target=\"_blank\" rel=\"nofollow noopener\"><a href=\"https:\/\/www.icij.org\" target=\"_blank\" rel=\"nofollow noopener\"><a href=\"https:\/\/www.icij.org\" target=\"_blank\" rel=\"nofollow noopener\">[www.icij.org]<\/a><\/a><\/a> <br><br>As for the Panama Papers, they were a collaborative investigation by ICIJ and more than 100 media partners that exposed how offshore companies were used to hide wealth, evade taxes, and launder money by some of the world&#8217;s most powerful people. The Panama Papers won several awards, including:<br><br>\u2022  The Pulitzer Prize for Explanatory Reporting in 2017<br><br>\u2022  The George Polk Award for Financial Reporting in 2017<br><br>\u2022  The Investigative Reporters and Editors Award for Multiplatform in 2016<br><br>\u2022  The Global Shining Light Award by the Global Investigative Journalism Network in 2017<br><br>You can find more information about the Panama Papers and their impact here:  <a href=\"https:\/\/www.icij.org\" target=\"_blank\" rel=\"nofollow noopener\"><a href=\"https:\/\/www.icij.org\" target=\"_blank\" rel=\"nofollow noopener\"><a href=\"https:\/\/www.icij.org\" target=\"_blank\" rel=\"nofollow noopener\">[www.icij.org]<\/a><\/a><\/a>  <a href=\"https:\/\/gijn.org\" target=\"_blank\" rel=\"nofollow noopener\"><a href=\"https:\/\/gijn.org\" target=\"_blank\" rel=\"nofollow noopener\">[gijn.org]<\/a><\/a>  <a href=\"https:\/\/www.traceinternational.org\" target=\"_blank\" rel=\"nofollow noopener\"><a href=\"https:\/\/www.traceinternational.org\" target=\"_blank\" rel=\"nofollow noopener\">[www.traceinternational.org]<\/a><\/a>  <a href=\"https:\/\/www.icij.org\" target=\"_blank\" rel=\"nofollow noopener\"><a href=\"https:\/\/www.icij.org\" target=\"_blank\" rel=\"nofollow noopener\"><a href=\"https:\/\/www.icij.org\" target=\"_blank\" rel=\"nofollow noopener\">[www.icij.org]<\/a><\/a><\/a><\/blockquote>\r\n\r\n<hr class=\"wp-block-separator has-alpha-channel-opacity\"\/>\r\n\r\n\r\n\r\n<h2 class=\"wp-block-heading\">Hugging Face Dataset Metrics<\/h2>\r\n\r\n\r\n\r\n<p>All the conversation prompts, responses, and metrics are available to download and explore on Hugging Face dataset <a href=\"https:\/\/huggingface.co\/datasets\/reddgr\/talking-to-chatbots-chats\" target=\"_blank\" rel=\"noopener\" title=\"\">reddgr\/talking-to-chatbots-chats<\/a>:<\/p>\r\n\r\n\r\n\r\n<iframe\r\n  src=\"https:\/\/huggingface.co\/datasets\/reddgr\/talking-to-chatbots-chats\/embed\/viewer\/default\/train?f[conversation_id][value]=%27058b8fcf-8ac4-4ee0-a4cb-35ed57576a5f%27\"\r\n  frameborder=\"0\"\r\n  width=\"100%\"\r\n  height=\"390px\"\r\n><\/iframe>\r\n\r\n\r\n\r\n<iframe\r\n  src=\"https:\/\/huggingface.co\/datasets\/reddgr\/talking-to-chatbots-unwrapped-chats\/embed\/viewer\/default\/train?f[conversation_id][value]=%27058b8fcf-8ac4-4ee0-a4cb-35ed57576a5f%27&#038;sort[column]=turn&#038;sort[direction]=asc\"\r\n  frameborder=\"0\"\r\n  width=\"100%\"\r\n  height=\"460px\"\r\n><\/iframe>\r\n","protected":false},"excerpt":{"rendered":"<p>Cargando datos de reddgr\/talking-to-chatbots-chats\u2026 \ud83d\ude0e \u00bfHay alg\u00fan premio para el periodismo de investigaci\u00f3n financiera? \u00bfO alg\u00fan periodista que haya destacado por ese tipo de investigaci\u00f3n, como la de los Papeles de Panam\u00e1? \ud83e\udd16 S\u00ed, hay varios premios para el periodismo de investigaci\u00f3n financiera\u2026<\/p>\n<p class=\"read-more\"> <a class=\"more-link\" href=\"https:\/\/talkingtochatbots.com\/es\/bing\/business-and-finance\/is-there-an-award-for-finance-investigative-journalism-or-notable\/\"> <span class=\"screen-reader-text\">\u00bfExiste un premio al periodismo de investigaci\u00f3n financiera o un premio\u2026<\/span> Leer m\u00e1s \u00bb<\/a><\/p>","protected":false},"author":2,"featured_media":0,"parent":5669,"menu_order":0,"comment_status":"closed","ping_status":"closed","template":"","meta":{"_monsterinsights_skip_tracking":false,"_monsterinsights_sitenote_active":false,"_monsterinsights_sitenote_note":"","_monsterinsights_sitenote_category":0,"footnotes":""},"class_list":["post-5686","page","type-page","status-publish","hentry"],"aioseo_notices":[],"_links":{"self":[{"href":"https:\/\/talkingtochatbots.com\/es\/wp-json\/wp\/v2\/pages\/5686","targetHints":{"allow":["GET"]}}],"collection":[{"href":"https:\/\/talkingtochatbots.com\/es\/wp-json\/wp\/v2\/pages"}],"about":[{"href":"https:\/\/talkingtochatbots.com\/es\/wp-json\/wp\/v2\/types\/page"}],"author":[{"embeddable":true,"href":"https:\/\/talkingtochatbots.com\/es\/wp-json\/wp\/v2\/users\/2"}],"replies":[{"embeddable":true,"href":"https:\/\/talkingtochatbots.com\/es\/wp-json\/wp\/v2\/comments?post=5686"}],"version-history":[{"count":5,"href":"https:\/\/talkingtochatbots.com\/es\/wp-json\/wp\/v2\/pages\/5686\/revisions"}],"predecessor-version":[{"id":6336,"href":"https:\/\/talkingtochatbots.com\/es\/wp-json\/wp\/v2\/pages\/5686\/revisions\/6336"}],"up":[{"embeddable":true,"href":"https:\/\/talkingtochatbots.com\/es\/wp-json\/wp\/v2\/pages\/5669"}],"wp:attachment":[{"href":"https:\/\/talkingtochatbots.com\/es\/wp-json\/wp\/v2\/media?parent=5686"}],"curies":[{"name":"gracias","href":"https:\/\/api.w.org\/{rel}","templated":true}]}}