{"id":5683,"date":"2024-12-27T20:12:01","date_gmt":"2024-12-27T18:12:01","guid":{"rendered":"https:\/\/talkingtochatbots.com\/bing\/business-and-finance\/create-a-table-template-for-basic-financial-metrics-of-publicly\/"},"modified":"2025-01-21T17:28:05","modified_gmt":"2025-01-21T15:28:05","slug":"create-a-table-template-for-basic-financial-metrics-of-publicly","status":"publish","type":"page","link":"https:\/\/talkingtochatbots.com\/es\/bing\/business-and-finance\/create-a-table-template-for-basic-financial-metrics-of-publicly\/","title":{"rendered":"Crear una plantilla de tabla para las m\u00e9tricas financieras b\u00e1sicas de las empresas p\u00fablicas"},"content":{"rendered":"\r\n<div id=\"output\" style=\"margin-top:20px; padding:10px; border:1px solid #ccc; background:#e4e4e4;\">\r\n    Loading data from <a href=\"https:\/\/huggingface.co\/datasets\/reddgr\/talking-to-chatbots-chats\" target=\"_blank\" rel=\"noopener\" title=\"\">reddgr\/talking-to-chatbots-chats<\/a> &#8230;\r\n<\/div>\r\n\r\n<script>\r\n    document.addEventListener(\"DOMContentLoaded\", () => {\r\n        const args = {\r\n            dataset: \"reddgr\/talking-to-chatbots-chats\",\r\n            config: \"default\",\r\n            split: \"train\",\r\n            conversation_id: \"bdf9e3cc-8423-4240-bd77-94775a6e4006\",\r\n            offset: 0,\r\n            length: 1\r\n        };\r\n        window.apiCallArgs = args;\r\n    });\r\n<\/script>\r\n\r\n<script src=\"\/wp-content\/uploads\/js\/chat_header_v04.js\"><\/script>\r\n\r\n\r\n\r\n<hr class=\"wp-block-separator has-alpha-channel-opacity\"\/>\r\n\r\n\ud83d\ude0e Create a table format template for basic financial metrics of companies traded in stock markets. Metrics include name of company, ticket, market cap, PE ratio\u2026\r\n<blockquote>\ud83e\udd16 Here is a possible HTML code for the table:<br><br><br><br>Name of Company<br>Ticker<br>Market Cap<br>PE Ratio<br>EPS<br>Dividend Yield<br><br><br>Apple Inc.<br>AAPL<br>$2.5T<br>28.6<br>6.3<br>0.6%<br><br><br>Microsoft Corp.<br>MSFT<br>$2.3T<br>37.1<br>8.1<br>0.8%<br><br><br>Amazon.com Inc.<br>AMZN<br>$1.7T<br>59.9<br>52.6<br>N\/A<br><br><br>Tesla Inc.<br>TSLA<br>$1T<br>390.4<br>2.0<br>N\/A<br><br><br>Facebook Inc.<br>FB<br>$940B<br>24.4<br>14.8<br>N\/A<\/blockquote>\r\n\r\n<hr class=\"wp-block-separator has-alpha-channel-opacity\"\/>\r\n\r\n\r\n\r\n<h2 class=\"wp-block-heading\">Hugging Face Dataset Metrics<\/h2>\r\n\r\n\r\n\r\n<p>All the conversation prompts, responses, and metrics are available to download and explore on Hugging Face dataset <a href=\"https:\/\/huggingface.co\/datasets\/reddgr\/talking-to-chatbots-chats\" target=\"_blank\" rel=\"noopener\" title=\"\">reddgr\/talking-to-chatbots-chats<\/a>:<\/p>\r\n\r\n\r\n\r\n<iframe loading=\"lazy\"\r\n  src=\"https:\/\/huggingface.co\/datasets\/reddgr\/talking-to-chatbots-chats\/embed\/viewer\/default\/train?f[conversation_id][value]=%27bdf9e3cc-8423-4240-bd77-94775a6e4006%27\"\r\n  frameborder=\"0\"\r\n  width=\"100%\"\r\n  height=\"390px\"\r\n><\/iframe>\r\n\r\n\r\n\r\n<iframe loading=\"lazy\"\r\n  src=\"https:\/\/huggingface.co\/datasets\/reddgr\/talking-to-chatbots-unwrapped-chats\/embed\/viewer\/default\/train?f[conversation_id][value]=%27bdf9e3cc-8423-4240-bd77-94775a6e4006%27&#038;sort[column]=turn&#038;sort[direction]=asc\"\r\n  frameborder=\"0\"\r\n  width=\"100%\"\r\n  height=\"460px\"\r\n><\/iframe>\r\n","protected":false},"excerpt":{"rendered":"<p>Cargando datos de reddgr\/talking-to-chatbots-chats\u2026 \ud83d\ude0e Crea una plantilla con formato de tabla para m\u00e9tricas financieras b\u00e1sicas de empresas que cotizan en bolsa. Las m\u00e9tricas incluyen el nombre de la empresa, el precio, la capitalizaci\u00f3n burs\u00e1til y el PER\u2026 \ud83e\udd16 Aqu\u00ed tienes un posible c\u00f3digo HTML para\u2026<\/p>\n<p class=\"read-more\"> <a class=\"more-link\" href=\"https:\/\/talkingtochatbots.com\/es\/bing\/business-and-finance\/create-a-table-template-for-basic-financial-metrics-of-publicly\/\"> <span class=\"screen-reader-text\">Crear una plantilla de tabla para las m\u00e9tricas financieras b\u00e1sicas de las empresas p\u00fablicas<\/span> Leer m\u00e1s \u00bb<\/a><\/p>","protected":false},"author":2,"featured_media":0,"parent":5669,"menu_order":0,"comment_status":"closed","ping_status":"closed","template":"","meta":{"_monsterinsights_skip_tracking":false,"_monsterinsights_sitenote_active":false,"_monsterinsights_sitenote_note":"","_monsterinsights_sitenote_category":0,"footnotes":""},"class_list":["post-5683","page","type-page","status-publish","hentry"],"aioseo_notices":[],"_links":{"self":[{"href":"https:\/\/talkingtochatbots.com\/es\/wp-json\/wp\/v2\/pages\/5683","targetHints":{"allow":["GET"]}}],"collection":[{"href":"https:\/\/talkingtochatbots.com\/es\/wp-json\/wp\/v2\/pages"}],"about":[{"href":"https:\/\/talkingtochatbots.com\/es\/wp-json\/wp\/v2\/types\/page"}],"author":[{"embeddable":true,"href":"https:\/\/talkingtochatbots.com\/es\/wp-json\/wp\/v2\/users\/2"}],"replies":[{"embeddable":true,"href":"https:\/\/talkingtochatbots.com\/es\/wp-json\/wp\/v2\/comments?post=5683"}],"version-history":[{"count":3,"href":"https:\/\/talkingtochatbots.com\/es\/wp-json\/wp\/v2\/pages\/5683\/revisions"}],"predecessor-version":[{"id":6302,"href":"https:\/\/talkingtochatbots.com\/es\/wp-json\/wp\/v2\/pages\/5683\/revisions\/6302"}],"up":[{"embeddable":true,"href":"https:\/\/talkingtochatbots.com\/es\/wp-json\/wp\/v2\/pages\/5669"}],"wp:attachment":[{"href":"https:\/\/talkingtochatbots.com\/es\/wp-json\/wp\/v2\/media?parent=5683"}],"curies":[{"name":"gracias","href":"https:\/\/api.w.org\/{rel}","templated":true}]}}