{"id":5678,"date":"2024-12-27T19:55:27","date_gmt":"2024-12-27T17:55:27","guid":{"rendered":"https:\/\/talkingtochatbots.com\/?page_id=5678"},"modified":"2024-12-27T20:33:14","modified_gmt":"2024-12-27T18:33:14","slug":"technology-and-ai","status":"publish","type":"page","link":"https:\/\/talkingtochatbots.com\/es\/bing\/technology-and-ai\/","title":{"rendered":"Tecnolog\u00eda e IA"},"content":{"rendered":"<ul><li><a href=\"https:\/\/talkingtochatbots.com\/es\/bing\/technology-and-ai\/ai-ethics-challenges-society-s-future-explore-definitions-of-art-ai\/\">Los desaf\u00edos \u00e9ticos de la IA para el futuro de la sociedad Explora las definiciones de arte\u2026<\/a><\/li><li><a href=\"https:\/\/talkingtochatbots.com\/es\/bing\/technology-and-ai\/alternatives-to-rephrase-sentences-about-aaa-bbb-quantum-computing\/\">Alternativas para reformular oraciones sobre Aaa Bbb Computaci\u00f3n cu\u00e1ntica<\/a><\/li><li><a href=\"https:\/\/talkingtochatbots.com\/es\/bing\/technology-and-ai\/are-microsoft-and-google-using-nvidia-chips-for-ai-and-who-has-a\/\">\u00bfMicrosoft y Google est\u00e1n usando chips Nvidia para IA y qui\u00e9n tiene uno?<\/a><\/li><li><a href=\"https:\/\/talkingtochatbots.com\/es\/bing\/technology-and-ai\/blogs-featuring-embedded-spotify-playlists-specifically-music-related\/\">Blogs que incluyen listas de reproducci\u00f3n de Spotify integradas espec\u00edficamente relacionadas con la m\u00fasica<\/a><\/li><li><a href=\"https:\/\/talkingtochatbots.com\/es\/bing\/technology-and-ai\/cboe-volatility-index-description-us-treasury-bonds-2s-10s-yield\/\">Descripci\u00f3n del \u00edndice de volatilidad CBOE Bonos del Tesoro de EE. UU. a 2 a\u00f1os y 10 a\u00f1os Rendimiento<\/a><\/li><li><a href=\"https:\/\/talkingtochatbots.com\/es\/bing\/technology-and-ai\/compare-preferences-between-two-versions-of-a-statement-about-crh\/\">Comparar preferencias entre dos versiones de una declaraci\u00f3n sobre Crh<\/a><\/li><li><a href=\"https:\/\/talkingtochatbots.com\/es\/bing\/technology-and-ai\/creative-fail-message-for-google-recaptcha-and-favorite-options\/\">Mensaje de error creativo para Google Recaptcha y opciones favoritas<\/a><\/li><li><a href=\"https:\/\/talkingtochatbots.com\/es\/bing\/technology-and-ai\/discuss-ibm-s-quote-nobody-gets-fired-for-buying-ibm-its-historical\/\">Discuta la cita de IBM Nadie es despedido por comprar IBM, su historia<\/a><\/li><li><a href=\"https:\/\/talkingtochatbots.com\/es\/bing\/technology-and-ai\/discussing-conventional-wisdom-by-built-to-spill-lyrics-and-social\/\">Discutiendo la sabidur\u00eda convencional de Built to Spill Lyrics y Social<\/a><\/li><li><a href=\"https:\/\/talkingtochatbots.com\/es\/bing\/technology-and-ai\/equivalent-terms-for-websites-with-high-search-engine-authority\/\">T\u00e9rminos equivalentes para sitios web con alta autoridad en los motores de b\u00fasqueda<\/a><\/li><li><a href=\"https:\/\/talkingtochatbots.com\/es\/bing\/technology-and-ai\/examples-of-image-to-image-ai-models-and-websites-for-depixelating\/\">Ejemplos de modelos de IA de imagen a imagen y sitios web para despixelar<\/a><\/li><li><a href=\"https:\/\/talkingtochatbots.com\/es\/bing\/technology-and-ai\/examples-of-text-based-generative-ai-models-including-llms\/\">Ejemplos de modelos de IA generativos basados en texto, incluidos LLM<\/a><\/li><li><a href=\"https:\/\/talkingtochatbots.com\/es\/bing\/technology-and-ai\/explaining-stereotypes-in-movies-and-misconceptions-about-generative\/\">Explicando los estereotipos en las pel\u00edculas y los conceptos err\u00f3neos sobre la\u2026<\/a><\/li><li><a href=\"https:\/\/talkingtochatbots.com\/es\/bing\/technology-and-ai\/exploring-terms-related-to-compulsive-scrolling-and-rewriting\/\">Exploraci\u00f3n de t\u00e9rminos relacionados con el desplazamiento y la reescritura compulsivos<\/a><\/li><li><a href=\"https:\/\/talkingtochatbots.com\/es\/bing\/technology-and-ai\/how-does-the-geforce-rtx-2050-4gb-gpu-compare-to-other-graphics-cards\/\">\u00bfEn qu\u00e9 se diferencia la GPU Geforce Rtx 2050 de 4 GB de otras tarjetas gr\u00e1ficas?<\/a><\/li><li><a href=\"https:\/\/talkingtochatbots.com\/es\/bing\/technology-and-ai\/htri-software-s-consideration-of-outer-diameter-correction-in-tube\/\">Consideraci\u00f3n del software HTRI sobre la correcci\u00f3n del di\u00e1metro exterior en tubos...<\/a><\/li><li><a href=\"https:\/\/talkingtochatbots.com\/es\/bing\/technology-and-ai\/ideas-for-creating-a-custom-chatbot-and-advantages-over-bing-s\/\">Ideas para crear un chatbot personalizado y ventajas frente al de Bing\u2026<\/a><\/li><li><a href=\"https:\/\/talkingtochatbots.com\/es\/bing\/technology-and-ai\/identifying-terms-for-information-overload-and-improving-a-comment\/\">C\u00f3mo identificar t\u00e9rminos de sobrecarga de informaci\u00f3n y mejorar un comentario<\/a><\/li><li><a href=\"https:\/\/talkingtochatbots.com\/es\/bing\/technology-and-ai\/improve-the-style-of-texts-about-warehouse-automation-company-xyz-and\/\">Mejorar el estilo de los textos sobre la empresa de automatizaci\u00f3n de almacenes Xyz y\u2026<\/a><\/li><li><a href=\"https:\/\/talkingtochatbots.com\/es\/bing\/technology-and-ai\/improve-various-texts-and-clarify-ai-assistance-for-social-media\/\">Mejora varios textos y clarifica la asistencia de IA para redes sociales<\/a><\/li><li><a href=\"https:\/\/talkingtochatbots.com\/es\/bing\/technology-and-ai\/improve-writing-about-chatbot-technology-recommending-prompt\/\">Mejorar la redacci\u00f3n sobre la tecnolog\u00eda de chatbots: recomendaci\u00f3n de temas<\/a><\/li><li><a href=\"https:\/\/talkingtochatbots.com\/es\/bing\/technology-and-ai\/is-runway-ml-free-to-use\/\">\u00bfEs gratuito el uso de Runway ML?<\/a><\/li><li><a href=\"https:\/\/talkingtochatbots.com\/es\/bing\/technology-and-ai\/is-the-paid-version-of-chatgpt-able-to-browse-the-internet-like-bing\/\">\u00bfLa versi\u00f3n paga de Chatgpt permite navegar por Internet como Bing?<\/a><\/li><li><a href=\"https:\/\/talkingtochatbots.com\/es\/bing\/technology-and-ai\/is-there-a-term-for-posting-the-same-text-on-multiple-social-media\/\">\u00bfExiste un t\u00e9rmino para publicar el mismo texto en varias redes sociales?<\/a><\/li><li><a href=\"https:\/\/talkingtochatbots.com\/es\/bing\/technology-and-ai\/is-wordpress-a-fediverse-platform-and-how-does-pterotype-connect-to-it\/\">\u00bfEs WordPress una plataforma Fediverse y c\u00f3mo se conecta Pterotype a ella?<\/a><\/li><li><a href=\"https:\/\/talkingtochatbots.com\/es\/bing\/technology-and-ai\/keywords-for-analyzing-search-terms-related-to-get-rich-quick-schemes\/\">Palabras clave para analizar t\u00e9rminos de b\u00fasqueda relacionados con esquemas de enriquecimiento r\u00e1pido<\/a><\/li><li><a href=\"https:\/\/talkingtochatbots.com\/es\/bing\/technology-and-ai\/list-of-ai-chatbots-including-free-options-and-hugging-face-s\/\">Lista de chatbots de IA que incluyen opciones gratuitas y caras que abrazan...<\/a><\/li><li><a href=\"https:\/\/talkingtochatbots.com\/es\/bing\/technology-and-ai\/michael-a-gayed-s-articles-on-marketwatch-com-and-his-recent-views-on\/\">Art\u00edculos de Michael a Gayed en Marketwatch.com y sus opiniones recientes sobre\u2026<\/a><\/li><li><a href=\"https:\/\/talkingtochatbots.com\/es\/bing\/technology-and-ai\/popular-ai-applications-search-terms-brands-and-websites-related-to\/\">T\u00e9rminos de b\u00fasqueda de aplicaciones de IA populares Marcas y sitios web relacionados con\u2026<\/a><\/li><li><a href=\"https:\/\/talkingtochatbots.com\/es\/bing\/technology-and-ai\/popular-social-media-keywords-from-2009-2011-that-are-rarely-used\/\">Palabras clave populares en las redes sociales de 2009 a 2011 que rara vez se usan<\/a><\/li><li><a href=\"https:\/\/talkingtochatbots.com\/es\/bing\/technology-and-ai\/recent-news-on-scammers-caught-using-caller-id-spoofing-in-the-last\/\">Noticias recientes sobre estafadores descubiertos usando suplantaci\u00f3n de identidad de llamadas en los \u00faltimos\u2026<\/a><\/li><li><a href=\"https:\/\/talkingtochatbots.com\/es\/bing\/technology-and-ai\/recommend-references-on-blockchain-and-crypto-assets-classifying-them\/\">Recomendar referencias sobre blockchain y criptoactivos Clasific\u00e1ndolos<\/a><\/li><li><a href=\"https:\/\/talkingtochatbots.com\/es\/bing\/technology-and-ai\/request-for-spanish-term-expressing-technology-commoditization\/\">Solicitud de t\u00e9rmino espa\u00f1ol que exprese la mercantilizaci\u00f3n de la tecnolog\u00eda<\/a><\/li><li><a href=\"https:\/\/talkingtochatbots.com\/es\/bing\/technology-and-ai\/reword-and-fix-text-for-an-investment-platform-profile-about\/\">Reformular y corregir el texto de un perfil de plataforma de inversi\u00f3n sobre\u2026<\/a><\/li><li><a href=\"https:\/\/talkingtochatbots.com\/es\/bing\/technology-and-ai\/sales-pitch-for-a-cognitive-solution-assessing-customer-sentiment-in\/\">Discurso de venta para una soluci\u00f3n cognitiva que eval\u00faa el sentimiento del cliente<\/a><\/li><li><a href=\"https:\/\/talkingtochatbots.com\/es\/bing\/technology-and-ai\/should-i-change-my-comment-on-schumpeter-s-quote-about-technology-and\/\">\u00bfDebo cambiar mi comentario sobre la cita de Schumpeter sobre la tecnolog\u00eda y\u2026<\/a><\/li><li><a href=\"https:\/\/talkingtochatbots.com\/es\/bing\/technology-and-ai\/suggestions-for-a-cover-picture-to-enhance-engagement-on-an-ai\/\">Sugerencias para una imagen de portada que mejore la participaci\u00f3n en una IA\u2026<\/a><\/li><li><a href=\"https:\/\/talkingtochatbots.com\/es\/bing\/technology-and-ai\/suggestions-to-improve-text-quality-for-ai-powered-content-engagement\/\">Sugerencias para mejorar la calidad del texto para la interacci\u00f3n con contenido impulsado por IA<\/a><\/li><li><a href=\"https:\/\/talkingtochatbots.com\/es\/bing\/technology-and-ai\/what-are-negative-and-positive-opinions-about-ai-art\/\">\u00bfCu\u00e1les son las opiniones negativas y positivas sobre el arte con IA?<\/a><\/li><li><a href=\"https:\/\/talkingtochatbots.com\/es\/bing\/technology-and-ai\/what-are-online-communities-for-sharing-ai-chatbot-conversations\/\">\u00bfQu\u00e9 son las comunidades en l\u00ednea para compartir conversaciones con chatbots de IA?<\/a><\/li><li><a href=\"https:\/\/talkingtochatbots.com\/es\/bing\/technology-and-ai\/what-are-popular-company-profiles-on-mastodon-and-how-to-identify-my\/\">\u00bfCu\u00e1les son los perfiles de empresas m\u00e1s populares en Mastodon y c\u00f3mo identificarlos?<\/a><\/li><li><a href=\"https:\/\/talkingtochatbots.com\/es\/bing\/technology-and-ai\/what-are-the-countries-where-starlik-internet-service-is-currently\/\">\u00bfCu\u00e1les son los pa\u00edses donde est\u00e1 disponible el servicio de Internet Starlink?<\/a><\/li><li><a href=\"https:\/\/talkingtochatbots.com\/es\/bing\/technology-and-ai\/what-are-the-differences-similarities-and-syndication-benefits-of\/\">\u00bfCu\u00e1les son las diferencias, similitudes y beneficios de la sindicaci\u00f3n de\u2026<\/a><\/li><li><a href=\"https:\/\/talkingtochatbots.com\/es\/bing\/technology-and-ai\/what-are-the-most-popular-npc-hashtags-on-tiktok\/\">\u00bfCu\u00e1les son los hashtags de NPC m\u00e1s populares en TikTok?<\/a><\/li><li><a href=\"https:\/\/talkingtochatbots.com\/es\/bing\/technology-and-ai\/what-are-the-typical-facebook-users-and-differences-between-facebook\/\">\u00bfCu\u00e1les son los usuarios t\u00edpicos de Facebook y las diferencias entre Facebook?<\/a><\/li><li><a href=\"https:\/\/talkingtochatbots.com\/es\/bing\/technology-and-ai\/what-consumer-applications-currently-use-llms-and-is-amazon-alexa\/\">\u00bfQu\u00e9 aplicaciones de consumo utilizan actualmente LLM? \u00bfAmazon Alexa\u2026<\/a><\/li><li><a href=\"https:\/\/talkingtochatbots.com\/es\/bing\/technology-and-ai\/what-emojis-are-suitable-for-tagging-haute-cuisine-food\/\">\u00bfQu\u00e9 emojis son adecuados para etiquetar alimentos de alta cocina?<\/a><\/li><li><a href=\"https:\/\/talkingtochatbots.com\/es\/bing\/technology-and-ai\/what-is-cuda\/\">\u00bfQu\u00e9 es CUDA?<\/a><\/li><li><a href=\"https:\/\/talkingtochatbots.com\/es\/bing\/technology-and-ai\/what-is-known-about-david-gonz-lez-romero-ict-engineer-and-business\/\">Lo que se sabe de David Gonz\u00e1lez Romero Ingeniero TIC y Empresarial<\/a><\/li><li><a href=\"https:\/\/talkingtochatbots.com\/es\/bing\/technology-and-ai\/what-is-ssl\/\">\u00bfQu\u00e9 es SSL?<\/a><\/li><li><a href=\"https:\/\/talkingtochatbots.com\/es\/bing\/technology-and-ai\/what-is-the-difference-between-an-ai-model-and-an-ai-algorithm\/\">\u00bfCu\u00e1l es la diferencia entre un modelo de IA y un algoritmo de IA?<\/a><\/li><li><a href=\"https:\/\/talkingtochatbots.com\/es\/bing\/technology-and-ai\/what-is-the-most-popular-rss-reader\/\">\u00bfCu\u00e1l es el lector RSS m\u00e1s popular?<\/a><\/li><li><a href=\"https:\/\/talkingtochatbots.com\/es\/bing\/technology-and-ai\/what-is-the-working-mechanism-of-the-iter-tokamak\/\">\u00bfCu\u00e1l es el mecanismo de funcionamiento del Iter Tokamak?<\/a><\/li><li><a href=\"https:\/\/talkingtochatbots.com\/es\/bing\/technology-and-ai\/what-mobile-communication-technology-replaced-gsm\/\">\u00bfQu\u00e9 tecnolog\u00eda de comunicaci\u00f3n m\u00f3vil reemplaz\u00f3 a GSM?<\/a><\/li><li><a href=\"https:\/\/talkingtochatbots.com\/es\/bing\/technology-and-ai\/what-were-the-most-popular-websites-and-internet-applications-in-the\/\">\u00bfCu\u00e1les fueron los sitios web y aplicaciones de Internet m\u00e1s populares en\u2026<\/a><\/li><li><a href=\"https:\/\/talkingtochatbots.com\/es\/bing\/technology-and-ai\/which-companies-are-the-leaders-in-cloud-storage\/\">\u00bfCu\u00e1les empresas son l\u00edderes en almacenamiento en la nube?<\/a><\/li><li><a href=\"https:\/\/talkingtochatbots.com\/es\/bing\/technology-and-ai\/who-are-the-current-most-followed-accounts-on-x-formerly-twitter\/\">\u00bfCu\u00e1les son las cuentas m\u00e1s seguidas actualmente en X (antes Twitter)?<\/a><\/li><\/ul>","protected":false},"excerpt":{"rendered":"","protected":false},"author":2,"featured_media":0,"parent":5667,"menu_order":0,"comment_status":"closed","ping_status":"closed","template":"","meta":{"_monsterinsights_skip_tracking":false,"_monsterinsights_sitenote_active":false,"_monsterinsights_sitenote_note":"","_monsterinsights_sitenote_category":0,"footnotes":""},"class_list":["post-5678","page","type-page","status-publish","hentry"],"aioseo_notices":[],"_links":{"self":[{"href":"https:\/\/talkingtochatbots.com\/es\/wp-json\/wp\/v2\/pages\/5678","targetHints":{"allow":["GET"]}}],"collection":[{"href":"https:\/\/talkingtochatbots.com\/es\/wp-json\/wp\/v2\/pages"}],"about":[{"href":"https:\/\/talkingtochatbots.com\/es\/wp-json\/wp\/v2\/types\/page"}],"author":[{"embeddable":true,"href":"https:\/\/talkingtochatbots.com\/es\/wp-json\/wp\/v2\/users\/2"}],"replies":[{"embeddable":true,"href":"https:\/\/talkingtochatbots.com\/es\/wp-json\/wp\/v2\/comments?post=5678"}],"version-history":[{"count":2,"href":"https:\/\/talkingtochatbots.com\/es\/wp-json\/wp\/v2\/pages\/5678\/revisions"}],"predecessor-version":[{"id":5971,"href":"https:\/\/talkingtochatbots.com\/es\/wp-json\/wp\/v2\/pages\/5678\/revisions\/5971"}],"up":[{"embeddable":true,"href":"https:\/\/talkingtochatbots.com\/es\/wp-json\/wp\/v2\/pages\/5667"}],"wp:attachment":[{"href":"https:\/\/talkingtochatbots.com\/es\/wp-json\/wp\/v2\/media?parent=5678"}],"curies":[{"name":"gracias","href":"https:\/\/api.w.org\/{rel}","templated":true}]}}