{"id":5675,"date":"2024-12-27T19:54:53","date_gmt":"2024-12-27T17:54:53","guid":{"rendered":"https:\/\/talkingtochatbots.com\/?page_id=5675"},"modified":"2024-12-27T20:32:45","modified_gmt":"2024-12-27T18:32:45","slug":"science-and-general-knowledge","status":"publish","type":"page","link":"https:\/\/talkingtochatbots.com\/es\/bing\/science-and-general-knowledge\/","title":{"rendered":"Ciencia y conocimientos generales"},"content":{"rendered":"<ul><li><a href=\"https:\/\/talkingtochatbots.com\/es\/bing\/science-and-general-knowledge\/analyze-the-question-are-we-all-f-ed-from-the-perspectives-of-five\/\">Analizar la pregunta \u00bfEstamos todos jodidos desde la perspectiva de cinco<\/a><\/li><li><a href=\"https:\/\/talkingtochatbots.com\/es\/bing\/science-and-general-knowledge\/complete-the-sentence-about-ai-and-emerging-technologies-role-in\/\">Complete la oraci\u00f3n sobre el papel de la IA y las tecnolog\u00edas emergentes en<\/a><\/li><li><a href=\"https:\/\/talkingtochatbots.com\/es\/bing\/science-and-general-knowledge\/do-you-know-a-philosopher-famous-for-his-frugal-lifestyle\/\">\u00bfConoces a un fil\u00f3sofo famoso por su estilo de vida frugal?<\/a><\/li><li><a href=\"https:\/\/talkingtochatbots.com\/es\/bing\/science-and-general-knowledge\/find-cultural-references-or-quotes-for-a-social-media-message-about\/\">Encuentre referencias culturales o citas para un mensaje en las redes sociales sobre\u2026<\/a><\/li><li><a href=\"https:\/\/talkingtochatbots.com\/es\/bing\/science-and-general-knowledge\/find-indie-rock-songs-with-sunset-in-the-lyrics-but-not-in-the-title\/\">Encuentra canciones de indie rock con la palabra sunset en la letra pero no en el t\u00edtulo<\/a><\/li><li><a href=\"https:\/\/talkingtochatbots.com\/es\/bing\/science-and-general-knowledge\/find-quotes-song-lyrics-and-social-media-posts-about-sundays-and\/\">Encuentre citas, letras de canciones y publicaciones en redes sociales sobre los domingos y\u2026<\/a><\/li><li><a href=\"https:\/\/talkingtochatbots.com\/es\/bing\/science-and-general-knowledge\/find-upbeat-song-lyrics-referencing-drinking-from-fountains\/\">Encuentra letras de canciones alegres que hagan referencia a beber de fuentes<\/a><\/li><li><a href=\"https:\/\/talkingtochatbots.com\/es\/bing\/science-and-general-knowledge\/find-upbeat-songs-with-appropriate-tempo-and-humorous-lyrics-for-a\/\">Encuentra canciones alegres con un ritmo apropiado y letras divertidas para\u2026<\/a><\/li><li><a href=\"https:\/\/talkingtochatbots.com\/es\/bing\/science-and-general-knowledge\/how-does-mastodon-social-compare-to-other-mastodon-servers\/\">\u00bfEn qu\u00e9 se diferencia Mastodon Social de otros servidores de Mastodon?<\/a><\/li><li><a href=\"https:\/\/talkingtochatbots.com\/es\/bing\/science-and-general-knowledge\/how-often-are-uk-general-elections-held\/\">\u00bfCon qu\u00e9 frecuencia se celebran elecciones generales en el Reino Unido?<\/a><\/li><li><a href=\"https:\/\/talkingtochatbots.com\/es\/bing\/science-and-general-knowledge\/identify-complex-scientific-topics-with-divided-theories-for-satire\/\">Identificar temas cient\u00edficos complejos con teor\u00edas divididas para la s\u00e1tira<\/a><\/li><li><a href=\"https:\/\/talkingtochatbots.com\/es\/bing\/science-and-general-knowledge\/is-there-a-stadium-with-credit-in-its-name\/\">\u00bfExiste un estadio con cr\u00e9dito en su nombre?<\/a><\/li><li><a href=\"https:\/\/talkingtochatbots.com\/es\/bing\/science-and-general-knowledge\/metals-in-the-list-lithium-nickel-sodium-cobalt-manganese-inquire\/\">Metales en la lista Litio N\u00edquel Sodio Cobalto Manganeso Consultar<\/a><\/li><li><a href=\"https:\/\/talkingtochatbots.com\/es\/bing\/science-and-general-knowledge\/popular-twitter-hashtags-for-retweeting-old-tweets-humorously\/\">Hashtags populares de Twitter para retuitear tweets antiguos con humor<\/a><\/li><li><a href=\"https:\/\/talkingtochatbots.com\/es\/bing\/science-and-general-knowledge\/request-to-read-a-web-page-inquire-about-a-linkedin-profile-and\/\">Solicitud de lectura de una p\u00e1gina web Solicitar informaci\u00f3n sobre un perfil de Linkedin y\u2026<\/a><\/li><li><a href=\"https:\/\/talkingtochatbots.com\/es\/bing\/science-and-general-knowledge\/shortlist-of-5-greatest-erudites-post-20th-century\/\">Lista de los 5 mayores eruditos posteriores al siglo XX<\/a><\/li><li><a href=\"https:\/\/talkingtochatbots.com\/es\/bing\/science-and-general-knowledge\/should-i-use-theoretic-content-or-theoretical-content\/\">\u00bfDebo utilizar contenido te\u00f3rico o contenido te\u00f3rico?<\/a><\/li><li><a href=\"https:\/\/talkingtochatbots.com\/es\/bing\/science-and-general-knowledge\/social-media-reach-definition-and-alternative-suggestions-for\/\">Definici\u00f3n de alcance en redes sociales y sugerencias alternativas para\u2026<\/a><\/li><li><a href=\"https:\/\/talkingtochatbots.com\/es\/bing\/science-and-general-knowledge\/what-are-the-functionalities-and-workings-of-quora-spaces\/\">\u00bfCu\u00e1les son las funciones y el funcionamiento de Quora Spaces?<\/a><\/li><li><a href=\"https:\/\/talkingtochatbots.com\/es\/bing\/science-and-general-knowledge\/what-can-savas-refer-to-in-the-israel-palestine-conflict-context\/\">\u00bfA qu\u00e9 se puede referir Savas en el contexto del conflicto entre Israel y Palestina?<\/a><\/li><li><a href=\"https:\/\/talkingtochatbots.com\/es\/bing\/science-and-general-knowledge\/what-do-you-know-about-phil-sledge-on-twitter\/\">\u00bfQu\u00e9 sabes sobre Phil Sledge en Twitter?<\/a><\/li><li><a href=\"https:\/\/talkingtochatbots.com\/es\/bing\/science-and-general-knowledge\/what-does-squiggle-mean-according-to-michael-a-gayed-cfa-and-who-are\/\">\u00bfQu\u00e9 significa Squiggle seg\u00fan Michael a Gayed Cfa y qui\u00e9nes son?<\/a><\/li><li><a href=\"https:\/\/talkingtochatbots.com\/es\/bing\/science-and-general-knowledge\/what-is-an-equivalent-term-for-day-to-day-conversations\/\">\u00bfCu\u00e1l es el t\u00e9rmino equivalente para las conversaciones cotidianas?<\/a><\/li><li><a href=\"https:\/\/talkingtochatbots.com\/es\/bing\/science-and-general-knowledge\/what-is-the-difference-between-using-the-same-seed-and-a-start-image\/\">\u00bfCu\u00e1l es la diferencia entre utilizar la misma semilla y una imagen de inicio?<\/a><\/li><li><a href=\"https:\/\/talkingtochatbots.com\/es\/bing\/science-and-general-knowledge\/what-is-the-opposite-of-close-up-in-photography\/\">\u00bfCu\u00e1l es el opuesto del primer plano en fotograf\u00eda?<\/a><\/li><li><a href=\"https:\/\/talkingtochatbots.com\/es\/bing\/science-and-general-knowledge\/what-scientific-theories-including-lamarck-s-consider-human-limb\/\">\u00bfQu\u00e9 teor\u00edas cient\u00edficas, incluida la de Lamarck, consideran las extremidades humanas?<\/a><\/li><li><a href=\"https:\/\/talkingtochatbots.com\/es\/bing\/science-and-general-knowledge\/which-book-by-stanislaw-lem-should-i-read-next-after-solaris\/\">\u00bfQu\u00e9 libro de Stanislaw Lem deber\u00eda leer despu\u00e9s de Solaris?<\/a><\/li><li><a href=\"https:\/\/talkingtochatbots.com\/es\/bing\/science-and-general-knowledge\/who-is-david-gonz-lez-romero-and-what-are-his-skills-compared-to\/\">\u00bfQui\u00e9n es David Gonz\u00e1lez Romero y cu\u00e1les son sus habilidades en comparaci\u00f3n con\u2026<\/a><\/li><\/ul>","protected":false},"excerpt":{"rendered":"","protected":false},"author":2,"featured_media":0,"parent":5667,"menu_order":0,"comment_status":"closed","ping_status":"closed","template":"","meta":{"_monsterinsights_skip_tracking":false,"_monsterinsights_sitenote_active":false,"_monsterinsights_sitenote_note":"","_monsterinsights_sitenote_category":0,"footnotes":""},"class_list":["post-5675","page","type-page","status-publish","hentry"],"aioseo_notices":[],"_links":{"self":[{"href":"https:\/\/talkingtochatbots.com\/es\/wp-json\/wp\/v2\/pages\/5675","targetHints":{"allow":["GET"]}}],"collection":[{"href":"https:\/\/talkingtochatbots.com\/es\/wp-json\/wp\/v2\/pages"}],"about":[{"href":"https:\/\/talkingtochatbots.com\/es\/wp-json\/wp\/v2\/types\/page"}],"author":[{"embeddable":true,"href":"https:\/\/talkingtochatbots.com\/es\/wp-json\/wp\/v2\/users\/2"}],"replies":[{"embeddable":true,"href":"https:\/\/talkingtochatbots.com\/es\/wp-json\/wp\/v2\/comments?post=5675"}],"version-history":[{"count":2,"href":"https:\/\/talkingtochatbots.com\/es\/wp-json\/wp\/v2\/pages\/5675\/revisions"}],"predecessor-version":[{"id":5970,"href":"https:\/\/talkingtochatbots.com\/es\/wp-json\/wp\/v2\/pages\/5675\/revisions\/5970"}],"up":[{"embeddable":true,"href":"https:\/\/talkingtochatbots.com\/es\/wp-json\/wp\/v2\/pages\/5667"}],"wp:attachment":[{"href":"https:\/\/talkingtochatbots.com\/es\/wp-json\/wp\/v2\/media?parent=5675"}],"curies":[{"name":"gracias","href":"https:\/\/api.w.org\/{rel}","templated":true}]}}