{"id":5673,"date":"2024-12-27T19:53:52","date_gmt":"2024-12-27T17:53:52","guid":{"rendered":"https:\/\/talkingtochatbots.com\/?page_id=5673"},"modified":"2025-01-28T15:35:24","modified_gmt":"2025-01-28T13:35:24","slug":"language-and-writing","status":"publish","type":"page","link":"https:\/\/talkingtochatbots.com\/es\/bing\/language-and-writing\/","title":{"rendered":"Lengua y escritura"},"content":{"rendered":"<ul><li><a href=\"https:\/\/talkingtochatbots.com\/es\/bing\/language-and-writing\/clarify-misconceptions-about-large-language-models-text-generation\/\">Aclarar conceptos err\u00f3neos sobre la generaci\u00f3n de textos con modelos de lenguaje de gran tama\u00f1o<\/a><\/li><li><a href=\"https:\/\/talkingtochatbots.com\/es\/bing\/language-and-writing\/comparative-review-of-grammarly-and-quillbot-including-differences\/\">An\u00e1lisis comparativo de Grammarly y Quillbot, incluidas las diferencias<\/a><\/li><li><a href=\"https:\/\/talkingtochatbots.com\/es\/bing\/language-and-writing\/complete-the-phrase-from-roland-garros-court-la-victoire-appartient\/\">Completa la frase de Roland Garros Court La Victoire Appartient<\/a><\/li><li><a href=\"https:\/\/talkingtochatbots.com\/es\/bing\/language-and-writing\/correct-usage-of-whether-phrases-and-translation-options-for\/\">Uso correcto de la frase \u201csi\u201d y opciones de traducci\u00f3n para\u2026<\/a><\/li><li><a href=\"https:\/\/talkingtochatbots.com\/es\/bing\/language-and-writing\/create-sentences-using-specific-words-fine-however-unfortunately-not\/\">Crea oraciones usando palabras espec\u00edficas. Est\u00e1 bien, pero lamentablemente no.<\/a><\/li><li><a href=\"https:\/\/talkingtochatbots.com\/es\/bing\/language-and-writing\/creating-a-chatbot-prompt-for-humor-inspired-by-peter-sellers\/\">Creaci\u00f3n de un chatbot con mensaje humor\u00edstico inspirado en Peter Sellers<\/a><\/li><li><a href=\"https:\/\/talkingtochatbots.com\/es\/bing\/language-and-writing\/derogatory-terms-for-people-who-excessively-enjoy-flattery-and-their\/\">T\u00e9rminos despectivos para personas que disfrutan excesivamente de los halagos y sus<\/a><\/li><li><a href=\"https:\/\/talkingtochatbots.com\/es\/bing\/language-and-writing\/discussing-the-song-shout-by-tears-for-fears-and-potential-blog\/\">Discutiendo la canci\u00f3n Shout de Tears for Fears y el blog Potential<\/a><\/li><li><a href=\"https:\/\/talkingtochatbots.com\/es\/bing\/language-and-writing\/events-and-news-in-the-eu-and-spain-related-to-tweets-from-october-13\/\">Eventos y noticias en la UE y Espa\u00f1a relacionados con los tweets del 13 de octubre<\/a><\/li><li><a href=\"https:\/\/talkingtochatbots.com\/es\/bing\/language-and-writing\/find-a-quote-about-people-who-frequently-cite-quotes\/\">Encuentra una cita sobre personas que citan citas con frecuencia<\/a><\/li><li><a href=\"https:\/\/talkingtochatbots.com\/es\/bing\/language-and-writing\/find-funny-song-lyrics-verses-containing-the-word-professional\/\">Encuentra divertidas letras de canciones que contengan la palabra profesional<\/a><\/li><li><a href=\"https:\/\/talkingtochatbots.com\/es\/bing\/language-and-writing\/find-rock-or-pop-songs-with-pancake-in-lyrics-excluding-it-from-titles\/\">Encuentre canciones de rock o pop con la palabra &quot;Pancake&quot; en la letra y excluya la palabra de los t\u00edtulos<\/a><\/li><li><a href=\"https:\/\/talkingtochatbots.com\/es\/bing\/language-and-writing\/fix-critical-writing-issues-in-the-text-and-recommend-songs-for-a-dog\/\">Corrija los problemas cr\u00edticos de escritura en el texto y recomiende canciones para un perro<\/a><\/li><li><a href=\"https:\/\/talkingtochatbots.com\/es\/bing\/language-and-writing\/how-do-you-name-individual-pieces-of-dog-food-in-english-similar-to\/\">\u00bfC\u00f3mo se nombran las porciones individuales de comida para perros en ingl\u00e9s de manera similar a\u2026<\/a><\/li><li><a href=\"https:\/\/talkingtochatbots.com\/es\/bing\/language-and-writing\/improve-social-media-post-and-comments-about-us-consumer-lending\/\">Mejore las publicaciones y los comentarios en las redes sociales sobre pr\u00e9stamos al consumidor<\/a><\/li><li><a href=\"https:\/\/talkingtochatbots.com\/es\/bing\/language-and-writing\/improve-writing-on-coinbase-s-regulatory-challenges-and-sec-lawsuit\/\">Mejorar la redacci\u00f3n sobre los desaf\u00edos regulatorios de Coinbase y la demanda de la SEC<\/a><\/li><li><a href=\"https:\/\/talkingtochatbots.com\/es\/bing\/language-and-writing\/introduce-bear-in-a-message-about-twitter-and-uefa-champions-league\/\">Presentamos a Bear en un mensaje sobre Twitter y la UEFA Champions League<\/a><\/li><li><a href=\"https:\/\/talkingtochatbots.com\/es\/bing\/language-and-writing\/list-all-titles-of-queen-isabel-i-of-castile-separated-by-commas\/\">Lista de todos los t\u00edtulos de la reina Isabel I de Castilla separados por comas<\/a><\/li><li><a href=\"https:\/\/talkingtochatbots.com\/es\/bing\/language-and-writing\/promote-nvidia-s-story-using-humorous-sentences-about-gpus-gold-and\/\">Promociona la historia de Nvidia usando frases humor\u00edsticas sobre GPUs Gold y\u2026<\/a><\/li><li><a href=\"https:\/\/talkingtochatbots.com\/es\/bing\/language-and-writing\/provide-better-phrase-alternatives-for-a-sentence-about-zwift-rollers\/\">Proporcionar mejores alternativas de frases para una oraci\u00f3n sobre los rodillos Zwift<\/a><\/li><li><a href=\"https:\/\/talkingtochatbots.com\/es\/bing\/language-and-writing\/quotes-and-sayings-about-delivering-content-based-on-audience-demand\/\">Citas y refranes sobre la entrega de contenido seg\u00fan la demanda de la audiencia<\/a><\/li><li><a href=\"https:\/\/talkingtochatbots.com\/es\/bing\/language-and-writing\/rephrase-taglines-create-humorous-polls-and-suggest-catchy-phrases\/\">Reformular esl\u00f3ganes, crear encuestas divertidas y sugerir frases pegadizas<\/a><\/li><li><a href=\"https:\/\/talkingtochatbots.com\/es\/bing\/language-and-writing\/request-for-jokes-about-ceos-and-additional-information\/\">Solicitud de chistes sobre directores ejecutivos e informaci\u00f3n adicional<\/a><\/li><li><a href=\"https:\/\/talkingtochatbots.com\/es\/bing\/language-and-writing\/request-to-identify-a-term-for-shorter-words-created-from-letters-of\/\">Solicitud para identificar un t\u00e9rmino para palabras m\u00e1s cortas creadas a partir de letras de\u2026<\/a><\/li><li><a href=\"https:\/\/talkingtochatbots.com\/es\/bing\/language-and-writing\/suggest-names-and-explanations-for-a-stock-market-index-featuring\/\">Sugerir nombres y explicaciones para un \u00edndice burs\u00e1til que incluya<\/a><\/li><li><a href=\"https:\/\/talkingtochatbots.com\/es\/bing\/language-and-writing\/terms-for-errors-in-text-to-image-creations-like-poorly-drawn-hands\/\">T\u00e9rminos para errores en creaciones de texto a imagen como manos mal dibujadas<\/a><\/li><li><a href=\"https:\/\/talkingtochatbots.com\/es\/bing\/language-and-writing\/what-is-the-meaning-of-the-word-berlanguiano\/\">\u00bfCu\u00e1l es el significado de la palabra berlanguiano?<\/a><\/li><li><a href=\"https:\/\/talkingtochatbots.com\/es\/bing\/language-and-writing\/what-s-the-most-appropriate-verb-to-complete-the-sentence-about-actor\/\">\u00bfCu\u00e1l es el verbo m\u00e1s apropiado para completar la oraci\u00f3n sobre actor?<\/a><\/li><\/ul>","protected":false},"excerpt":{"rendered":"","protected":false},"author":2,"featured_media":0,"parent":5667,"menu_order":0,"comment_status":"closed","ping_status":"closed","template":"","meta":{"_monsterinsights_skip_tracking":false,"_monsterinsights_sitenote_active":false,"_monsterinsights_sitenote_note":"","_monsterinsights_sitenote_category":0,"footnotes":""},"class_list":["post-5673","page","type-page","status-publish","hentry"],"aioseo_notices":[],"_links":{"self":[{"href":"https:\/\/talkingtochatbots.com\/es\/wp-json\/wp\/v2\/pages\/5673","targetHints":{"allow":["GET"]}}],"collection":[{"href":"https:\/\/talkingtochatbots.com\/es\/wp-json\/wp\/v2\/pages"}],"about":[{"href":"https:\/\/talkingtochatbots.com\/es\/wp-json\/wp\/v2\/types\/page"}],"author":[{"embeddable":true,"href":"https:\/\/talkingtochatbots.com\/es\/wp-json\/wp\/v2\/users\/2"}],"replies":[{"embeddable":true,"href":"https:\/\/talkingtochatbots.com\/es\/wp-json\/wp\/v2\/comments?post=5673"}],"version-history":[{"count":2,"href":"https:\/\/talkingtochatbots.com\/es\/wp-json\/wp\/v2\/pages\/5673\/revisions"}],"predecessor-version":[{"id":5969,"href":"https:\/\/talkingtochatbots.com\/es\/wp-json\/wp\/v2\/pages\/5673\/revisions\/5969"}],"up":[{"embeddable":true,"href":"https:\/\/talkingtochatbots.com\/es\/wp-json\/wp\/v2\/pages\/5667"}],"wp:attachment":[{"href":"https:\/\/talkingtochatbots.com\/es\/wp-json\/wp\/v2\/media?parent=5673"}],"curies":[{"name":"gracias","href":"https:\/\/api.w.org\/{rel}","templated":true}]}}