{"id":5669,"date":"2024-12-27T19:51:12","date_gmt":"2024-12-27T17:51:12","guid":{"rendered":"https:\/\/talkingtochatbots.com\/?page_id=5669"},"modified":"2025-01-28T15:34:52","modified_gmt":"2025-01-28T13:34:52","slug":"business-and-finance","status":"publish","type":"page","link":"https:\/\/talkingtochatbots.com\/es\/bing\/business-and-finance\/","title":{"rendered":"Negocios y finanzas"},"content":{"rendered":"<ul><li><a href=\"https:\/\/talkingtochatbots.com\/es\/bing\/business-and-finance\/are-crypto-assets-classified-as-commodities-or-a-different-asset-class\/\">\u00bfLos criptoactivos se clasifican como materias primas o como una clase de activo diferente?<\/a><\/li><li><a href=\"https:\/\/talkingtochatbots.com\/es\/bing\/business-and-finance\/are-internally-developed-software-included-in-capex\/\">\u00bfEl software desarrollado internamente est\u00e1 incluido en el gasto de capital?<\/a><\/li><li><a href=\"https:\/\/talkingtochatbots.com\/es\/bing\/business-and-finance\/bernard-baruch-s-quote-meaning-his-1929-stock-positions-notable\/\">Significado de la cita de Bernard Baruch sobre sus notables posiciones burs\u00e1tiles en 1929<\/a><\/li><li><a href=\"https:\/\/talkingtochatbots.com\/es\/bing\/business-and-finance\/comparison-of-stock-growth-for-emc-ntap-orcl-against-nasdaq-since\/\">Comparaci\u00f3n del crecimiento de las acciones de Emc Ntap Orcl frente al Nasdaq desde<\/a><\/li><li><a href=\"https:\/\/talkingtochatbots.com\/es\/bing\/business-and-finance\/create-a-table-template-for-basic-financial-metrics-of-publicly\/\">Crear una plantilla de tabla para las m\u00e9tricas financieras b\u00e1sicas de las empresas p\u00fablicas<\/a><\/li><li><a href=\"https:\/\/talkingtochatbots.com\/es\/bing\/business-and-finance\/examples-of-companies-changing-dividend-policies-to-favor-stock\/\">Ejemplos de empresas que cambian sus pol\u00edticas de dividendos para favorecer a las acciones<\/a><\/li><li><a href=\"https:\/\/talkingtochatbots.com\/es\/bing\/business-and-finance\/is-there-an-award-for-finance-investigative-journalism-or-notable\/\">\u00bfExiste un premio al periodismo de investigaci\u00f3n financiera o un premio\u2026<\/a><\/li><li><a href=\"https:\/\/talkingtochatbots.com\/es\/bing\/business-and-finance\/news-articles-about-recent-nft-mania-and-large-dollar-amounts-paid\/\">Art\u00edculos de noticias sobre la reciente man\u00eda de los NFT y las grandes cantidades de d\u00f3lares pagadas<\/a><\/li><li><a href=\"https:\/\/talkingtochatbots.com\/es\/bing\/business-and-finance\/recent-market-cap-price-metrics-and-yoy-growth-calculations-for\/\">M\u00e9tricas de precio de capitalizaci\u00f3n de mercado recientes y c\u00e1lculos de crecimiento interanual para\u2026<\/a><\/li><li><a href=\"https:\/\/talkingtochatbots.com\/es\/bing\/business-and-finance\/suggest-options-for-a-humorous-social-media-post-about-being-a\/\">Sugiera opciones para una publicaci\u00f3n humor\u00edstica en las redes sociales sobre ser un\u2026<\/a><\/li><li><a href=\"https:\/\/talkingtochatbots.com\/es\/bing\/business-and-finance\/summarize-margin-call-and-find-a-related-insightful-stock-market-quote\/\">Resuma la llamada de margen y encuentre una cotizaci\u00f3n burs\u00e1til relacionada que le resulte reveladora<\/a><\/li><li><a href=\"https:\/\/talkingtochatbots.com\/es\/bing\/business-and-finance\/summarize-the-plot-of-startup-com-and-provide-financial-metrics-for\/\">Resuma la trama de Startup.com y proporcione m\u00e9tricas financieras para\u2026<\/a><\/li><li><a href=\"https:\/\/talkingtochatbots.com\/es\/bing\/business-and-finance\/discuss-trading-outlook-and-create-graphic-art-of-the-tesla-logo\/\">H\u00e1blame como si fueras un trader ultra profesional: \u00bfestamos todos jodidos?<\/a><\/li><li><a href=\"https:\/\/talkingtochatbots.com\/es\/bing\/business-and-finance\/what-are-some-terms-to-indicate-people-who-have-debt\/\">\u00bfCu\u00e1les son algunos t\u00e9rminos para indicar que las personas tienen deudas?<\/a><\/li><li><a href=\"https:\/\/talkingtochatbots.com\/es\/bing\/business-and-finance\/what-are-the-most-famous-stock-market-indexes-for-technology\/\">\u00bfCu\u00e1les son los \u00edndices burs\u00e1tiles m\u00e1s famosos en el sector tecnol\u00f3gico?<\/a><\/li><li><a href=\"https:\/\/talkingtochatbots.com\/es\/bing\/business-and-finance\/what-are-the-most-popular-stock-market-information-sites\/\">\u00bfCu\u00e1les son los sitios de informaci\u00f3n burs\u00e1til m\u00e1s populares?<\/a><\/li><li><a href=\"https:\/\/talkingtochatbots.com\/es\/bing\/business-and-finance\/what-is-the-60-40-portfolio-strategy\/\">\u00bfQu\u00e9 es la estrategia de cartera 60 40?<\/a><\/li><li><a href=\"https:\/\/talkingtochatbots.com\/es\/bing\/business-and-finance\/what-is-the-yen-carry-trade\/\">\u00bfQu\u00e9 es el carry trade del yen?<\/a><\/li><li><a href=\"https:\/\/talkingtochatbots.com\/es\/bing\/business-and-finance\/what-percentage-of-adult-people-are-debt-free-in-the-united-states\/\">\u00bfQu\u00e9 porcentaje de adultos en Estados Unidos est\u00e1n libres de deudas?<\/a><\/li><\/ul>","protected":false},"excerpt":{"rendered":"","protected":false},"author":2,"featured_media":0,"parent":5667,"menu_order":0,"comment_status":"closed","ping_status":"closed","template":"","meta":{"_monsterinsights_skip_tracking":false,"_monsterinsights_sitenote_active":false,"_monsterinsights_sitenote_note":"","_monsterinsights_sitenote_category":0,"footnotes":""},"class_list":["post-5669","page","type-page","status-publish","hentry"],"aioseo_notices":[],"_links":{"self":[{"href":"https:\/\/talkingtochatbots.com\/es\/wp-json\/wp\/v2\/pages\/5669","targetHints":{"allow":["GET"]}}],"collection":[{"href":"https:\/\/talkingtochatbots.com\/es\/wp-json\/wp\/v2\/pages"}],"about":[{"href":"https:\/\/talkingtochatbots.com\/es\/wp-json\/wp\/v2\/types\/page"}],"author":[{"embeddable":true,"href":"https:\/\/talkingtochatbots.com\/es\/wp-json\/wp\/v2\/users\/2"}],"replies":[{"embeddable":true,"href":"https:\/\/talkingtochatbots.com\/es\/wp-json\/wp\/v2\/comments?post=5669"}],"version-history":[{"count":2,"href":"https:\/\/talkingtochatbots.com\/es\/wp-json\/wp\/v2\/pages\/5669\/revisions"}],"predecessor-version":[{"id":5967,"href":"https:\/\/talkingtochatbots.com\/es\/wp-json\/wp\/v2\/pages\/5669\/revisions\/5967"}],"up":[{"embeddable":true,"href":"https:\/\/talkingtochatbots.com\/es\/wp-json\/wp\/v2\/pages\/5667"}],"wp:attachment":[{"href":"https:\/\/talkingtochatbots.com\/es\/wp-json\/wp\/v2\/media?parent=5669"}],"curies":[{"name":"gracias","href":"https:\/\/api.w.org\/{rel}","templated":true}]}}