{"id":4236,"date":"2024-03-29T23:02:20","date_gmt":"2024-03-29T22:02:20","guid":{"rendered":"https:\/\/talkingtochatbots.com\/?page_id=4236"},"modified":"2024-03-29T23:09:49","modified_gmt":"2024-03-29T22:09:49","slug":"bands-and-artists-ive-seen-live-sorted-by-spotify-popularity","status":"publish","type":"page","link":"https:\/\/talkingtochatbots.com\/es\/resources\/playlists\/bands-and-artists-ive-seen-live-sorted-by-spotify-popularity\/","title":{"rendered":"Grupos y artistas que he visto en directo, ordenados por popularidad en Spotify"},"content":{"rendered":"<p>Durante m\u00e1s de 20 a\u00f1os, he ido registrando los conciertos a los que he ido en una hoja de c\u00e1lculo. Ahora me divierto jugando con las estad\u00edsticas. Esta lista de reproducci\u00f3n incluye una canci\u00f3n de cada artista, ordenada por popularidad del artista y n\u00famero de seguidores. A medida que te desplazas hacia abajo en la lista, ser\u00e1 cada vez m\u00e1s improbable que alguna vez hayas escuchado la canci\u00f3n, as\u00ed que quiz\u00e1 te guste explorar la lista, tanto como a m\u00ed me gust\u00f3 crearla y programar la funci\u00f3n que ordena las canciones. <\/p>\n\n\n\n<p>A fecha de marzo de 2024, hay 461 canciones en la playlist. La m\u00e9trica de <a href=\"https:\/\/developer.spotify.com\/documentation\/web-api\/reference\/get-an-artist\" target=\"_blank\" rel=\"noopener\" title=\"\">popularidad del artista<\/a> se obtiene de la <a href=\"https:\/\/developer.spotify.com\/documentation\/web-api\/reference\/get-an-artist\" title=\"\">API de Spotify<\/a>. Ordenar las 461 canciones requiri\u00f3 escribir un sencillo programa de Python, f\u00e1cil y r\u00e1pido gracias a la librer\u00eda <a href=\"https:\/\/spotipy.readthedocs.io\/en\/2.22.1\/\" target=\"_blank\" rel=\"noopener\" title=\"\">Spotipy<\/a> y a <a href=\"https:\/\/chat.openai.com\/g\/g-M4uZyYsUj-python-code-streamliner\" target=\"_blank\" rel=\"noopener\" title=\"\">Python Code Streamliner<\/a>, el GPT que he creado especializado en programar en Python, con s\u00f3lo algunos prompts y paciencia. He compartido el c\u00f3digo para ordenar playlists, junto con otros ejemplos, en <a href=\"https:\/\/github.com\/reddgr\/spotipy_use_cases\" target=\"_blank\" rel=\"noopener\" title=\"\">este repositorio de GitHub<\/a>.<\/p>\n\n\n\n<iframe style=\"border-radius:12px\" src=\"https:\/\/open.spotify.com\/embed\/playlist\/5ZAVOxwjVynsdh4FXypiI7?utm_source=generator\" width=\"100%\" height=\"1000\" frameborder=\"0\" allowfullscreen=\"\" allow=\"autoplay; clipboard-write; encrypted-media; fullscreen; picture-in-picture\" loading=\"lazy\"><\/iframe>","protected":false},"excerpt":{"rendered":"<p>Durante m\u00e1s de 20 a\u00f1os, he registrado en una hoja de c\u00e1lculo las bandas que he visto en vivo. Ahora me divierto jugando con las estad\u00edsticas. Esta lista de reproducci\u00f3n incluye una canci\u00f3n de cada artista, ordenada por popularidad del artista y n\u00famero de seguidores. Como tu \u2026<\/p>\n<p class=\"read-more\"> <a class=\"more-link\" href=\"https:\/\/talkingtochatbots.com\/es\/resources\/playlists\/bands-and-artists-ive-seen-live-sorted-by-spotify-popularity\/\"> <span class=\"screen-reader-text\">Grupos y artistas que he visto en directo, ordenados por popularidad en Spotify<\/span> Leer m\u00e1s \u00bb<\/a><\/p>","protected":false},"author":1,"featured_media":4238,"parent":566,"menu_order":0,"comment_status":"open","ping_status":"closed","template":"","meta":{"_monsterinsights_skip_tracking":false,"_monsterinsights_sitenote_active":false,"_monsterinsights_sitenote_note":"","_monsterinsights_sitenote_category":0,"footnotes":""},"class_list":["post-4236","page","type-page","status-publish","has-post-thumbnail","hentry"],"aioseo_notices":[],"_links":{"self":[{"href":"https:\/\/talkingtochatbots.com\/es\/wp-json\/wp\/v2\/pages\/4236","targetHints":{"allow":["GET"]}}],"collection":[{"href":"https:\/\/talkingtochatbots.com\/es\/wp-json\/wp\/v2\/pages"}],"about":[{"href":"https:\/\/talkingtochatbots.com\/es\/wp-json\/wp\/v2\/types\/page"}],"author":[{"embeddable":true,"href":"https:\/\/talkingtochatbots.com\/es\/wp-json\/wp\/v2\/users\/1"}],"replies":[{"embeddable":true,"href":"https:\/\/talkingtochatbots.com\/es\/wp-json\/wp\/v2\/comments?post=4236"}],"version-history":[{"count":2,"href":"https:\/\/talkingtochatbots.com\/es\/wp-json\/wp\/v2\/pages\/4236\/revisions"}],"predecessor-version":[{"id":4241,"href":"https:\/\/talkingtochatbots.com\/es\/wp-json\/wp\/v2\/pages\/4236\/revisions\/4241"}],"up":[{"embeddable":true,"href":"https:\/\/talkingtochatbots.com\/es\/wp-json\/wp\/v2\/pages\/566"}],"wp:featuredmedia":[{"embeddable":true,"href":"https:\/\/talkingtochatbots.com\/es\/wp-json\/wp\/v2\/media\/4238"}],"wp:attachment":[{"href":"https:\/\/talkingtochatbots.com\/es\/wp-json\/wp\/v2\/media?parent=4236"}],"curies":[{"name":"gracias","href":"https:\/\/api.w.org\/{rel}","templated":true}]}}