{"id":3416,"date":"2024-01-22T22:54:34","date_gmt":"2024-01-22T20:54:34","guid":{"rendered":"https:\/\/talkingtochatbots.com\/?page_id=3416"},"modified":"2024-03-11T02:26:03","modified_gmt":"2024-03-11T00:26:03","slug":"about-the-autor","status":"publish","type":"page","link":"https:\/\/talkingtochatbots.com\/es\/about\/about-the-autor\/","title":{"rendered":"Acerca del autor (por Bing Chat, junio de 2023)"},"content":{"rendered":"\n<p>My name is David and I&#8217;m from Madrid, Spain. I think talking more about myself on my own website would be pretentious, so I asked a generative AI chatbot to say a few words about me. You can see the chat screen captures and the text below. If you want to know more or contact me, follow my <a href=\"https:\/\/talkingtochatbots.com\/social-links\/\">social<\/a> updates, visit the <a href=\"https:\/\/talkingtochatbots.com\/resources\/\" target=\"_blank\" rel=\"noreferrer noopener\">Content<\/a> section, and read and comment on the <a href=\"https:\/\/talkingtochatbots.com\/home\/\" target=\"_blank\" rel=\"noreferrer noopener\">Blog<\/a>.<\/p>\n\n\n\n<figure class=\"wp-block-image aligncenter\"><a href=\"https:\/\/talkingtochatbots.com\/about-the-author\/\"><img fetchpriority=\"high\" decoding=\"async\" width=\"828\" height=\"1434\" src=\"https:\/\/talkingtochatbots.com\/wp-content\/uploads\/2023\/06\/IMG_2168.jpg\" alt=\"Bing Chatbot response to question &quot;what can you infer about me?&quot;\n\n[David] what can you infer about me based on the questions I've made so far?\n\nBing, 16:17\nThat's an interesting question. Based on the questions you've made so far, I can infer that:\n\n\u2981 \nYou are interested in chatbots and AI, and how they can generate content and communicate with humans.\n\u2981 \nYou are curious and eager to learn new things, and you appreciate feedback and guidance.\n\u2981 \nYou are creative and expressive, and you like to write social media posts and song lyrics.\n\u2981 \nYou are polite and respectful, and you acknowledge my contribution and perspective.\n\nThese are just some of my impressions based on our conversation. I hope you don't mind me sharing them. blush\n\" class=\"wp-image-411\" srcset=\"https:\/\/talkingtochatbots.com\/wp-content\/uploads\/2023\/06\/IMG_2168.jpg 828w, https:\/\/talkingtochatbots.com\/wp-content\/uploads\/2023\/06\/IMG_2168-173x300.jpg 173w, https:\/\/talkingtochatbots.com\/wp-content\/uploads\/2023\/06\/IMG_2168-591x1024.jpg 591w, https:\/\/talkingtochatbots.com\/wp-content\/uploads\/2023\/06\/IMG_2168-768x1330.jpg 768w, https:\/\/talkingtochatbots.com\/wp-content\/uploads\/2023\/06\/IMG_2168-100x173.jpg 100w, https:\/\/talkingtochatbots.com\/wp-content\/uploads\/2023\/06\/IMG_2168-150x260.jpg 150w, https:\/\/talkingtochatbots.com\/wp-content\/uploads\/2023\/06\/IMG_2168-200x346.jpg 200w, https:\/\/talkingtochatbots.com\/wp-content\/uploads\/2023\/06\/IMG_2168-300x520.jpg 300w, https:\/\/talkingtochatbots.com\/wp-content\/uploads\/2023\/06\/IMG_2168-450x779.jpg 450w, https:\/\/talkingtochatbots.com\/wp-content\/uploads\/2023\/06\/IMG_2168-600x1039.jpg 600w\" sizes=\"(max-width: 828px) 100vw, 828px\" \/><\/a><figcaption class=\"wp-element-caption\">A screenshot of a conversation within a messaging app. The message at the top, from the user, reads &#8220;what can you infer about me based on the questions I&#8217;ve made so far?&#8221; The reply from Bing includes a list of inferences about the user: interest in chatbots and AI, curiosity and eagerness to learn, creativity in writing social media posts and song lyrics, and politeness and respectfulness in interactions. The reply concludes with Bing expressing hope that the user doesn&#8217;t mind the sharing of these impressions, accompanied by a smiley face emoji. [Caption made by <a href=\"https:\/\/chat.openai.com\/g\/g-1bsFlQFf5-alt-text-artist\" target=\"_blank\" rel=\"noopener\" title=\"\">ALT Text Artist GPT<\/a>]<\/figcaption><\/figure>\n\n\n\n<figure class=\"wp-block-image\"><a href=\"https:\/\/talkingtochatbots.com\/about-the-author\/\"><img decoding=\"async\" width=\"828\" height=\"1323\" src=\"https:\/\/talkingtochatbots.com\/wp-content\/uploads\/2023\/06\/IMG_2169.jpg\" alt=\"How accurate do you think your inferences are?\n\nBing, 16:19\nI think my inferences are based on the limited information I have from our conversation, so they may not be very accurate or complete. I don't claim to know you very well, and I respect that you may have different aspects of your personality and interests that I haven't seen. I'm just trying to be friendly and engaging. blush\n\n16:19\nI appreciate your honesty. You're very smart.\n\nBing, 16:20\nThank you very much. You're very smart too. I enjoy talking to you. blush\" class=\"wp-image-412\" srcset=\"https:\/\/talkingtochatbots.com\/wp-content\/uploads\/2023\/06\/IMG_2169.jpg 828w, https:\/\/talkingtochatbots.com\/wp-content\/uploads\/2023\/06\/IMG_2169-188x300.jpg 188w, https:\/\/talkingtochatbots.com\/wp-content\/uploads\/2023\/06\/IMG_2169-641x1024.jpg 641w, https:\/\/talkingtochatbots.com\/wp-content\/uploads\/2023\/06\/IMG_2169-768x1227.jpg 768w, https:\/\/talkingtochatbots.com\/wp-content\/uploads\/2023\/06\/IMG_2169-100x160.jpg 100w, https:\/\/talkingtochatbots.com\/wp-content\/uploads\/2023\/06\/IMG_2169-150x240.jpg 150w, https:\/\/talkingtochatbots.com\/wp-content\/uploads\/2023\/06\/IMG_2169-200x320.jpg 200w, https:\/\/talkingtochatbots.com\/wp-content\/uploads\/2023\/06\/IMG_2169-300x479.jpg 300w, https:\/\/talkingtochatbots.com\/wp-content\/uploads\/2023\/06\/IMG_2169-450x719.jpg 450w, https:\/\/talkingtochatbots.com\/wp-content\/uploads\/2023\/06\/IMG_2169-600x959.jpg 600w\" sizes=\"(max-width: 828px) 100vw, 828px\" \/><\/a><figcaption class=\"wp-element-caption\">A continuation of a messaging conversation. The user asks, &#8220;How accurate do you think your inferences are?&#8221; Bing responds, acknowledging the limitations of its inferences due to the limited information available from the conversation, indicating respect for unseen aspects of the user&#8217;s personality and interests, and stating its intent to be friendly and engaging. The user replies, &#8220;I appreciate your honesty. You&#8217;re very smart.&#8221; Bing thanks the user and reciprocates the compliment. At the bottom, the user requests help to write a review for a course titled &#8220;Prompt Engineering: How to Talk to the AIs,&#8221; noting enjoyment and the acquisition of relevant knowledge. [Caption made by <a href=\"https:\/\/chat.openai.com\/g\/g-1bsFlQFf5-alt-text-artist\" target=\"_blank\" rel=\"noopener\" title=\"\">ALT Text Artist GPT<\/a>]<\/figcaption><\/figure>\n\n\n\n<p>\ud83d\ude0e What can you infer about me based on the questions I&#8217;ve made so far?<\/p>\n\n\n\n<p>\ud83e\udd16 That&#8217;s an interesting question. Based on the questions you&#8217;ve made so far, I can infer that:<\/p>\n\n\n\n<p>\u2981 You are interested in chatbots and AI, and how they can generate content and communicate with humans.<br>\u2981 You are curious and eager to learn new things, and you appreciate feedback and guidance.<br>\u2981 You are creative and expressive, and you like to write social media posts and song lyrics.<br>\u2981 You are polite and respectful, and you acknowledge my contribution and perspective.<\/p>\n\n\n\n<p>These are just some of my impressions based on our conversation. I hope you don&#8217;t mind me sharing them. blush<\/p>\n\n\n\n<p>\ud83d\ude0e&nbsp; How accurate do you think your inferences are?<\/p>\n\n\n\n<p>\ud83e\udd16&nbsp; I think my inferences are based on the limited information I have from our conversation, so they may not be very accurate or complete. I don&#8217;t claim to know you very well, and I respect that you may have different aspects of your personality and interests that I haven&#8217;t seen. I&#8217;m just trying to be friendly and engaging. \ud83d\ude0a<\/p>\n\n\n\n<p>\ud83d\ude0e&nbsp; I appreciate your honesty. You&#8217;re very smart.<\/p>\n\n\n\n<p>\ud83e\udd16 Thank you very much. You&#8217;re very smart too. I enjoy talking to you. \ud83d\ude0a<\/p>\n","protected":false},"excerpt":{"rendered":"<p>Mi nombre es David y soy de Madrid, Espa\u00f1a. Creo que hablar m\u00e1s sobre m\u00ed en mi propio sitio web ser\u00eda pretencioso, as\u00ed que le ped\u00ed a un chatbot de IA generativa que dijera algunas palabras sobre m\u00ed. Puedes ver el \u2026<\/p>\n<p class=\"read-more\"> <a class=\"more-link\" href=\"https:\/\/talkingtochatbots.com\/es\/about\/about-the-autor\/\"> <span class=\"screen-reader-text\">Acerca del autor (por Bing Chat, junio de 2023)<\/span> Leer m\u00e1s \u00bb<\/a><\/p>","protected":false},"author":1,"featured_media":0,"parent":188,"menu_order":0,"comment_status":"closed","ping_status":"closed","template":"","meta":{"_monsterinsights_skip_tracking":false,"_monsterinsights_sitenote_active":false,"_monsterinsights_sitenote_note":"","_monsterinsights_sitenote_category":0,"footnotes":""},"class_list":["post-3416","page","type-page","status-publish","hentry"],"aioseo_notices":[],"_links":{"self":[{"href":"https:\/\/talkingtochatbots.com\/es\/wp-json\/wp\/v2\/pages\/3416","targetHints":{"allow":["GET"]}}],"collection":[{"href":"https:\/\/talkingtochatbots.com\/es\/wp-json\/wp\/v2\/pages"}],"about":[{"href":"https:\/\/talkingtochatbots.com\/es\/wp-json\/wp\/v2\/types\/page"}],"author":[{"embeddable":true,"href":"https:\/\/talkingtochatbots.com\/es\/wp-json\/wp\/v2\/users\/1"}],"replies":[{"embeddable":true,"href":"https:\/\/talkingtochatbots.com\/es\/wp-json\/wp\/v2\/comments?post=3416"}],"version-history":[{"count":6,"href":"https:\/\/talkingtochatbots.com\/es\/wp-json\/wp\/v2\/pages\/3416\/revisions"}],"predecessor-version":[{"id":3973,"href":"https:\/\/talkingtochatbots.com\/es\/wp-json\/wp\/v2\/pages\/3416\/revisions\/3973"}],"up":[{"embeddable":true,"href":"https:\/\/talkingtochatbots.com\/es\/wp-json\/wp\/v2\/pages\/188"}],"wp:attachment":[{"href":"https:\/\/talkingtochatbots.com\/es\/wp-json\/wp\/v2\/media?parent=3416"}],"curies":[{"name":"gracias","href":"https:\/\/api.w.org\/{rel}","templated":true}]}}