{"id":3322,"date":"2023-12-27T01:26:34","date_gmt":"2023-12-26T23:26:34","guid":{"rendered":"https:\/\/talkingtochatbots.com\/?page_id=3322"},"modified":"2024-01-02T01:15:35","modified_gmt":"2024-01-01T23:15:35","slug":"my-favorite-songs-of-2023-50-tracks-3-playlists","status":"publish","type":"page","link":"https:\/\/talkingtochatbots.com\/es\/resources\/playlists\/my-favorite-songs-of-2023-50-tracks-3-playlists\/","title":{"rendered":"Mis canciones favoritas de 2023: 50 canciones, 3 playlists"},"content":{"rendered":"<p>En la colecci\u00f3n de este a\u00f1o he seleccionado 50 canciones divididas en 3 playlists, manteniendo la esencia de la duraci\u00f3n de un CD. Espero que estos temas te gusten tanto como a m\u00ed publicar mis recopilaciones anuales en Spotify <a href=\"https:\/\/open.spotify.com\/playlist\/5iBmxKUnNKzEZoYXxHYC2r?si=417144d07bb34f21\" target=\"_blank\" rel=\"noopener\" title=\"\">desde 2010<\/a>. Puedes escuchar las compilaciones de a\u00f1os anteriores en <a href=\"https:\/\/open.spotify.com\/user\/duhbeed\" target=\"_blank\" rel=\"noopener\" title=\"\">mi perfil de spotify<\/a>.<\/p>\n\n\n\n<h2 class=\"wp-block-heading\">Lo mejor de 2023 (1\/3)<\/h2>\n\n\n\n<figure class=\"wp-block-image size-full\"><a href=\"https:\/\/open.spotify.com\/playlist\/34wg9M1ElBgos2l6QGExCd?si=d1fe25615fb845bb\" target=\"_blank\" rel=\"noreferrer noopener\"><img fetchpriority=\"high\" decoding=\"async\" width=\"606\" height=\"612\" src=\"https:\/\/talkingtochatbots.com\/wp-content\/uploads\/2023\/12\/Best-of-2023-1-1-logo.png\" alt=\"A promotional graphic for a music playlist, &quot;Best of 2023 (1\/3)&quot;, depicting a figure reminiscent of John Lennon playing a guitar, set against a background with silhouettes of castle-like structures, possibly alluding to ghost houses. The design features the year &quot;2023&quot; prominently in the center with the web address &quot;reddgr.com\/playlists&quot; below. The style conveys a vintage feel, using sepia tones and a vignette effect, evoking a sense of nostalgia and reverence for musical heritage, coinciding with the release of a new song by The Beatles in the playlist's curation.\" class=\"wp-image-3323\" srcset=\"https:\/\/talkingtochatbots.com\/wp-content\/uploads\/2023\/12\/Best-of-2023-1-1-logo.png 606w, https:\/\/talkingtochatbots.com\/wp-content\/uploads\/2023\/12\/Best-of-2023-1-1-logo-297x300.png 297w, https:\/\/talkingtochatbots.com\/wp-content\/uploads\/2023\/12\/Best-of-2023-1-1-logo-495x500.png 495w, https:\/\/talkingtochatbots.com\/wp-content\/uploads\/2023\/12\/Best-of-2023-1-1-logo-12x12.png 12w, https:\/\/talkingtochatbots.com\/wp-content\/uploads\/2023\/12\/Best-of-2023-1-1-logo-100x101.png 100w, https:\/\/talkingtochatbots.com\/wp-content\/uploads\/2023\/12\/Best-of-2023-1-1-logo-150x151.png 150w, https:\/\/talkingtochatbots.com\/wp-content\/uploads\/2023\/12\/Best-of-2023-1-1-logo-200x202.png 200w, https:\/\/talkingtochatbots.com\/wp-content\/uploads\/2023\/12\/Best-of-2023-1-1-logo-300x303.png 300w, https:\/\/talkingtochatbots.com\/wp-content\/uploads\/2023\/12\/Best-of-2023-1-1-logo-450x454.png 450w, https:\/\/talkingtochatbots.com\/wp-content\/uploads\/2023\/12\/Best-of-2023-1-1-logo-600x606.png 600w\" sizes=\"(max-width: 606px) 100vw, 606px\" \/><\/a><figcaption class=\"wp-element-caption\">Un gr\u00e1fico promocional para una lista de reproducci\u00f3n musical, \u201cLo mejor de 2023 (1\/3)\u201d, que muestra una figura que recuerda a John Lennon tocando una guitarra, sobre un fondo con siluetas de estructuras que parecen castillos, posiblemente en alusi\u00f3n a casas fantasma. El dise\u00f1o presenta el a\u00f1o \u201c2023\u201d de manera destacada en el centro con la direcci\u00f3n web. <a href=\"https:\/\/talkingtochatbots.com\/es\/resources\/playlists\/\" title=\"Playlists de Spotify y YouTube\">reddgr.com\/playlists<\/a> abajo. El estilo transmite una sensaci\u00f3n vintage, utilizando tonos sepia y un efecto de vi\u00f1eta, evocando una sensaci\u00f3n de nostalgia y reverencia por la herencia musical, coincidiendo con el lanzamiento de una nueva canci\u00f3n de The Beatles y la lista de reproducci\u00f3n. Subt\u00edtulo creado con <a href=\"https:\/\/theresanaiforthat.com\/gpt\/alt-text-artist\/\" target=\"_blank\" rel=\"noopener\" title=\"\">ALT Text Artist GPT<\/a><\/figcaption><\/figure>\n\n\n\n<iframe style=\"border-radius:12px\" src=\"https:\/\/open.spotify.com\/embed\/playlist\/34wg9M1ElBgos2l6QGExCd?utm_source=generator&#038;theme=0\" width=\"100%\" height=\"1150\" frameborder=\"0\" allowfullscreen=\"\" allow=\"autoplay; clipboard-write; encrypted-media; fullscreen; picture-in-picture\" loading=\"lazy\"><\/iframe>\n\n\n\n<p><a href=\"https:\/\/open.spotify.com\/playlist\/34wg9M1ElBgos2l6QGExCd?si=6ef7e7b1885b4bde\" target=\"_blank\" rel=\"noopener\" title=\"\">Lo mejor de 2023 (1\/3) en Spotify<\/a><\/p>\n\n\n\n<h2 class=\"wp-block-heading\">Lo mejor de 2023 (2\/3)<\/h2>\n\n\n\n<figure class=\"wp-block-image aligncenter size-full\"><a href=\"https:\/\/open.spotify.com\/playlist\/4XOMosM5oObvrcQVFCamFj?si=771b3cdb79a243ff\" target=\"_blank\" rel=\"noreferrer noopener\"><img decoding=\"async\" width=\"512\" height=\"512\" src=\"https:\/\/talkingtochatbots.com\/wp-content\/uploads\/2023\/12\/00022-241951324.png\" alt=\"A conceptual still life composition displaying the number &quot;2023&quot; in bold red digits, surrounded by a variety of objects. To the left, a large paintbrush dipped in red paint, and to the right, a bottle of ketchup, a hamburger patty, and a block of butter rest on a wooden surface. A jar of white pills and a string of pearls lie in front. Above, several balloons in shades of red, teal, and other colors hang as if in mid-air. The arrangement is set against a subdued background, creating a festive yet unconventional atmosphere.\" class=\"wp-image-3331\" srcset=\"https:\/\/talkingtochatbots.com\/wp-content\/uploads\/2023\/12\/00022-241951324.png 512w, https:\/\/talkingtochatbots.com\/wp-content\/uploads\/2023\/12\/00022-241951324-300x300.png 300w, https:\/\/talkingtochatbots.com\/wp-content\/uploads\/2023\/12\/00022-241951324-500x500.png 500w, https:\/\/talkingtochatbots.com\/wp-content\/uploads\/2023\/12\/00022-241951324-12x12.png 12w, https:\/\/talkingtochatbots.com\/wp-content\/uploads\/2023\/12\/00022-241951324-100x100.png 100w, https:\/\/talkingtochatbots.com\/wp-content\/uploads\/2023\/12\/00022-241951324-150x150.png 150w, https:\/\/talkingtochatbots.com\/wp-content\/uploads\/2023\/12\/00022-241951324-200x200.png 200w, https:\/\/talkingtochatbots.com\/wp-content\/uploads\/2023\/12\/00022-241951324-450x450.png 450w\" sizes=\"(max-width: 512px) 100vw, 512px\" \/><\/a><figcaption class=\"wp-element-caption\">Una composici\u00f3n conceptual de naturaleza muerta que muestra el n\u00famero \u201c2023\u201d en d\u00edgitos rojos en negrita, rodeado por una variedad de objetos. A la izquierda, un pincel grande mojado en pintura roja, y a la derecha, una botella de ketchup, una hamburguesa y un bloque de mantequilla descansan sobre una superficie de madera. Delante hay un frasco de pastillas blancas y un collar de perlas. Arriba, varios globos en tonos de rojo, verde azulado y otros colores cuelgan como en el aire. El arreglo se desarrolla sobre un fondo tenue, creando una atm\u00f3sfera festiva pero poco convencional. Subt\u00edtulo creado con <a href=\"https:\/\/theresanaiforthat.com\/gpt\/alt-text-artist\/\" target=\"_blank\" rel=\"noopener\" title=\"\">ALT Text Artist GPT<\/a><\/figcaption><\/figure>\n\n\n\n<iframe style=\"border-radius:12px\" src=\"https:\/\/open.spotify.com\/embed\/playlist\/4XOMosM5oObvrcQVFCamFj?utm_source=generator\" width=\"100%\" height=\"1150\" frameborder=\"0\" allowfullscreen=\"\" allow=\"autoplay; clipboard-write; encrypted-media; fullscreen; picture-in-picture\" loading=\"lazy\"><\/iframe>\n\n\n\n<p><a href=\"https:\/\/open.spotify.com\/playlist\/4XOMosM5oObvrcQVFCamFj?si=f5766dab9d8f4812\" target=\"_blank\" rel=\"noopener\" title=\"\">Lo mejor de 2023 (2\/3) en Spotify<\/a><\/p>\n\n\n\n<h2 class=\"wp-block-heading\">Lo mejor de 2023 (3\/3)<\/h2>\n\n\n\n<figure class=\"wp-block-image aligncenter size-full\"><a href=\"https:\/\/open.spotify.com\/playlist\/725PwoBvrDLGWCGmeEugxQ?si=adb8b1df6ffa4e1a\" target=\"_blank\" rel=\"noreferrer noopener\"><img decoding=\"async\" width=\"612\" height=\"612\" src=\"https:\/\/talkingtochatbots.com\/wp-content\/uploads\/2023\/12\/best2023-3-3.png\" alt=\"An intricate digital illustration captures a serene nocturnal scene on a street that mirrors the architectural charm of Spain. The street is flanked by multi-storied buildings with ornate balconies and glowing lanterns, creating a golden path of light on the cobblestones. In the center of the composition, a wolf, with its fur detailed in realistic shades of gray, stands attentively while a small, poised cat confronts it. Above them, dominating the night sky, is a luminous body that blurs the line between a star and the moon, casting a mystical light over the entire scene.\" class=\"wp-image-3337\" srcset=\"https:\/\/talkingtochatbots.com\/wp-content\/uploads\/2023\/12\/best2023-3-3.png 612w, https:\/\/talkingtochatbots.com\/wp-content\/uploads\/2023\/12\/best2023-3-3-300x300.png 300w, https:\/\/talkingtochatbots.com\/wp-content\/uploads\/2023\/12\/best2023-3-3-500x500.png 500w, https:\/\/talkingtochatbots.com\/wp-content\/uploads\/2023\/12\/best2023-3-3-12x12.png 12w, https:\/\/talkingtochatbots.com\/wp-content\/uploads\/2023\/12\/best2023-3-3-100x100.png 100w, https:\/\/talkingtochatbots.com\/wp-content\/uploads\/2023\/12\/best2023-3-3-150x150.png 150w, https:\/\/talkingtochatbots.com\/wp-content\/uploads\/2023\/12\/best2023-3-3-200x200.png 200w, https:\/\/talkingtochatbots.com\/wp-content\/uploads\/2023\/12\/best2023-3-3-450x450.png 450w, https:\/\/talkingtochatbots.com\/wp-content\/uploads\/2023\/12\/best2023-3-3-600x600.png 600w\" sizes=\"(max-width: 612px) 100vw, 612px\" \/><\/a><figcaption class=\"wp-element-caption\">Una intrincada ilustraci\u00f3n digital captura una serena escena nocturna en una calle que refleja el encanto arquitect\u00f3nico de Espa\u00f1a. La calle est\u00e1 flanqueada por edificios de varios pisos con balcones ornamentados y linternas brillantes, creando un camino de luz dorada sobre los adoquines. En el centro de la composici\u00f3n, un lobo, con su pelaje detallado en tonos grises realistas, permanece atento mientras un gato peque\u00f1o y sereno lo enfrenta. Sobre ellos, dominando el cielo nocturno, hay un cuerpo luminoso que difumina la l\u00ednea entre una estrella y la luna, proyectando una luz m\u00edstica sobre toda la escena. Subt\u00edtulo creado con <a href=\"https:\/\/theresanaiforthat.com\/gpt\/alt-text-artist\/\" target=\"_blank\" rel=\"noopener\" title=\"\">ALT Text Artist GPT<\/a><\/figcaption><\/figure>\n\n\n\n<iframe style=\"border-radius:12px\" src=\"https:\/\/open.spotify.com\/embed\/playlist\/725PwoBvrDLGWCGmeEugxQ?utm_source=generator&#038;theme=0\" width=\"100%\" height=\"930\" frameborder=\"0\" allowfullscreen=\"\" allow=\"autoplay; clipboard-write; encrypted-media; fullscreen; picture-in-picture\" loading=\"lazy\"><\/iframe>\n\n\n\n<p><a href=\"https:\/\/open.spotify.com\/playlist\/725PwoBvrDLGWCGmeEugxQ?si=97bcd2cafeb44e93\" target=\"_blank\" rel=\"noopener\" title=\"\">Lo mejor de 2023 (3\/3) en Spotify<\/a><\/p>\n\n\n\n<h2 class=\"wp-block-heading\">Lo mejor de 2023 (pistas extra)<\/h2>\n\n\n\n<p>Una selecci\u00f3n extra de canciones para mi colecci\u00f3n anual de m\u00fasica favorita. Esta playlist incluye \u00fanicamente artistas independientes con poca difusi\u00f3n o g\u00e9neros que no encajan en las tres listas de reproducci\u00f3n principales.<\/p>\n\n\n\n<figure class=\"wp-block-image aligncenter size-full\"><a href=\"https:\/\/open.spotify.com\/playlist\/0Egkk5fqTP8UIEySxYz6vb?si=9531b9548852486e\" target=\"_blank\" rel=\"noreferrer noopener\"><img loading=\"lazy\" decoding=\"async\" width=\"614\" height=\"612\" src=\"https:\/\/talkingtochatbots.com\/wp-content\/uploads\/2024\/01\/bonus-tracks.png\" alt=\"\" class=\"wp-image-3341\" srcset=\"https:\/\/talkingtochatbots.com\/wp-content\/uploads\/2024\/01\/bonus-tracks.png 614w, https:\/\/talkingtochatbots.com\/wp-content\/uploads\/2024\/01\/bonus-tracks-300x299.png 300w, https:\/\/talkingtochatbots.com\/wp-content\/uploads\/2024\/01\/bonus-tracks-500x498.png 500w, https:\/\/talkingtochatbots.com\/wp-content\/uploads\/2024\/01\/bonus-tracks-12x12.png 12w, https:\/\/talkingtochatbots.com\/wp-content\/uploads\/2024\/01\/bonus-tracks-100x100.png 100w, https:\/\/talkingtochatbots.com\/wp-content\/uploads\/2024\/01\/bonus-tracks-150x150.png 150w, https:\/\/talkingtochatbots.com\/wp-content\/uploads\/2024\/01\/bonus-tracks-200x199.png 200w, https:\/\/talkingtochatbots.com\/wp-content\/uploads\/2024\/01\/bonus-tracks-450x449.png 450w, https:\/\/talkingtochatbots.com\/wp-content\/uploads\/2024\/01\/bonus-tracks-600x598.png 600w\" sizes=\"(max-width: 614px) 100vw, 614px\" \/><\/a><figcaption class=\"wp-element-caption\">Una composici\u00f3n digital que presenta una imponente pir\u00e1mide hecha de coloridos discos de vinilo bajo un cielo azul claro. Los discos tienen varias etiquetas, algunas con el texto \u201cBONUS 2023\u201d. En lo alto de la pir\u00e1mide hay un cartel amarillo con el texto \u201cBONUS 2023\u201d. En primer plano, el n\u00famero \u201c2023\u201d se muestra de manera destacada en una fuente amarilla en negrita, superpuesta a la pir\u00e1mide. En la base de la pir\u00e1mide de la izquierda se pueden ver dos peque\u00f1as siluetas de personas. Texto creado con <a href=\"https:\/\/theresanaiforthat.com\/gpt\/alt-text-artist\/\" target=\"_blank\" rel=\"noopener\" title=\"\">ALT Text Artist GPT<\/a><\/figcaption><\/figure>\n\n\n\n<iframe style=\"border-radius:12px\" src=\"https:\/\/open.spotify.com\/embed\/playlist\/0Egkk5fqTP8UIEySxYz6vb?utm_source=generator\" width=\"100%\" height=\"983\" frameborder=\"0\" allowfullscreen=\"\" allow=\"autoplay; clipboard-write; encrypted-media; fullscreen; picture-in-picture\" loading=\"lazy\"><\/iframe>\n\n\n\n<p><a href=\"https:\/\/open.spotify.com\/playlist\/0Egkk5fqTP8UIEySxYz6vb?si=340f4d7fe193457b\" target=\"_blank\" rel=\"noopener\" title=\"\">Lo mejor de 2023 (Bonus Tracks) en Spotify<\/a><\/p>","protected":false},"excerpt":{"rendered":"<p>En la colecci\u00f3n de este a\u00f1o he seleccionado 50 canciones divididas en 3 listas de reproducci\u00f3n, manteniendo la esencia de la duraci\u00f3n de un CD. Que estos temas te brinden tanto placer como yo experiment\u00e9 al seleccionarlos. He estado publicando mi recopilaci\u00f3n anual\u2026<\/p>\n<p class=\"read-more\"> <a class=\"more-link\" href=\"https:\/\/talkingtochatbots.com\/es\/resources\/playlists\/my-favorite-songs-of-2023-50-tracks-3-playlists\/\"> <span class=\"screen-reader-text\">Mis canciones favoritas de 2023: 50 canciones, 3 playlists<\/span> Leer m\u00e1s \u00bb<\/a><\/p>","protected":false},"author":1,"featured_media":0,"parent":566,"menu_order":0,"comment_status":"open","ping_status":"closed","template":"","meta":{"_monsterinsights_skip_tracking":false,"_monsterinsights_sitenote_active":false,"_monsterinsights_sitenote_note":"","_monsterinsights_sitenote_category":0,"footnotes":""},"class_list":["post-3322","page","type-page","status-publish","hentry"],"aioseo_notices":[],"_links":{"self":[{"href":"https:\/\/talkingtochatbots.com\/es\/wp-json\/wp\/v2\/pages\/3322","targetHints":{"allow":["GET"]}}],"collection":[{"href":"https:\/\/talkingtochatbots.com\/es\/wp-json\/wp\/v2\/pages"}],"about":[{"href":"https:\/\/talkingtochatbots.com\/es\/wp-json\/wp\/v2\/types\/page"}],"author":[{"embeddable":true,"href":"https:\/\/talkingtochatbots.com\/es\/wp-json\/wp\/v2\/users\/1"}],"replies":[{"embeddable":true,"href":"https:\/\/talkingtochatbots.com\/es\/wp-json\/wp\/v2\/comments?post=3322"}],"version-history":[{"count":6,"href":"https:\/\/talkingtochatbots.com\/es\/wp-json\/wp\/v2\/pages\/3322\/revisions"}],"predecessor-version":[{"id":3342,"href":"https:\/\/talkingtochatbots.com\/es\/wp-json\/wp\/v2\/pages\/3322\/revisions\/3342"}],"up":[{"embeddable":true,"href":"https:\/\/talkingtochatbots.com\/es\/wp-json\/wp\/v2\/pages\/566"}],"wp:attachment":[{"href":"https:\/\/talkingtochatbots.com\/es\/wp-json\/wp\/v2\/media?parent=3322"}],"curies":[{"name":"gracias","href":"https:\/\/api.w.org\/{rel}","templated":true}]}}