{"id":10763,"date":"2025-03-25T18:25:51","date_gmt":"2025-03-25T16:25:51","guid":{"rendered":"https:\/\/talkingtochatbots.com\/?page_id=10763"},"modified":"2025-03-25T19:04:50","modified_gmt":"2025-03-25T17:04:50","slug":"chatbot-arena-dataset-wrapper","status":"publish","type":"page","link":"https:\/\/talkingtochatbots.com\/es\/chatbot-arena-dataset-wrapper\/","title":{"rendered":"\"Chatbot Arena Wrapper\": explora un mill\u00f3n de chats con LLMs"},"content":{"rendered":"<p>Esta aplicaci\u00f3n, alojada en <a href=\"https:\/\/huggingface.co\/spaces\/reddgr\/chatbot-arena-dataset-wrapper\" target=\"_blank\" rel=\"noopener\" title=\"\">Abrazando espacios faciales<\/a> y hecho con Streamlit y <a href=\"https:\/\/github.com\/PablocFonseca\/streamlit-aggrid\" target=\"_blank\" rel=\"noopener nofollow\" title=\"\">Red agr\u00edcola iluminada por flujo continuo<\/a>, le permite navegar y explorar m\u00e1s de un mill\u00f3n de conversaciones de chatbot desde <a href=\"https:\/\/lmarena.ai\/\" target=\"_blank\" rel=\"noopener nofollow\" title=\"\">Conjunto de datos de Chatbot Arena<\/a>Filtra por texto literal, UUID o simplemente explora chats aleatorios. Vota a favor o en contra de los chats y contribuye a la colaboraci\u00f3n colectiva para crear un conjunto de datos con las mejores propuestas de LLM.<\/p>\n\n\n\n<iframe\n\tsrc=\"https:\/\/reddgr-chatbot-arena-dataset-wrapper.hf.space\"\n\tframeborder=\"0\"\n\twidth=\"1600\"\n\theight=\"2000\"\n><\/iframe>\n\n\n\n<p><\/p>","protected":false},"excerpt":{"rendered":"<p>Esta aplicaci\u00f3n, alojada en Hugging Face Spaces y desarrollada con Streamlit y Streamlit Ag-Grid, te permite explorar m\u00e1s de un mill\u00f3n de conversaciones de chatbots del conjunto de datos Chatbot Arena. Filtra por texto literal, UUID o simplemente explora chats aleatorios.<\/p>\n<p class=\"read-more\"> <a class=\"more-link\" href=\"https:\/\/talkingtochatbots.com\/es\/chatbot-arena-dataset-wrapper\/\"> <span class=\"screen-reader-text\">\"Chatbot Arena Wrapper\": explora un mill\u00f3n de chats con LLMs<\/span> Leer m\u00e1s \u00bb<\/a><\/p>","protected":false},"author":2,"featured_media":0,"parent":0,"menu_order":0,"comment_status":"closed","ping_status":"closed","template":"","meta":{"_monsterinsights_skip_tracking":false,"_monsterinsights_sitenote_active":false,"_monsterinsights_sitenote_note":"","_monsterinsights_sitenote_category":0,"footnotes":""},"class_list":["post-10763","page","type-page","status-publish","hentry"],"aioseo_notices":[],"_links":{"self":[{"href":"https:\/\/talkingtochatbots.com\/es\/wp-json\/wp\/v2\/pages\/10763","targetHints":{"allow":["GET"]}}],"collection":[{"href":"https:\/\/talkingtochatbots.com\/es\/wp-json\/wp\/v2\/pages"}],"about":[{"href":"https:\/\/talkingtochatbots.com\/es\/wp-json\/wp\/v2\/types\/page"}],"author":[{"embeddable":true,"href":"https:\/\/talkingtochatbots.com\/es\/wp-json\/wp\/v2\/users\/2"}],"replies":[{"embeddable":true,"href":"https:\/\/talkingtochatbots.com\/es\/wp-json\/wp\/v2\/comments?post=10763"}],"version-history":[{"count":7,"href":"https:\/\/talkingtochatbots.com\/es\/wp-json\/wp\/v2\/pages\/10763\/revisions"}],"predecessor-version":[{"id":10776,"href":"https:\/\/talkingtochatbots.com\/es\/wp-json\/wp\/v2\/pages\/10763\/revisions\/10776"}],"wp:attachment":[{"href":"https:\/\/talkingtochatbots.com\/es\/wp-json\/wp\/v2\/media?parent=10763"}],"curies":[{"name":"gracias","href":"https:\/\/api.w.org\/{rel}","templated":true}]}}