{"id":1004,"date":"2023-07-13T14:55:50","date_gmt":"2023-07-13T12:55:50","guid":{"rendered":"https:\/\/talkingtochatbots.com\/?page_id=1004"},"modified":"2023-10-10T19:39:26","modified_gmt":"2023-10-10T17:39:26","slug":"tiendabeerpong","status":"publish","type":"page","link":"https:\/\/talkingtochatbots.com\/es\/tiendabeerpong\/","title":{"rendered":"Tienda Online de Beer Pong"},"content":{"rendered":"<!DOCTYPE html>\n<html lang=\"en\">\n<head>\n    <meta charset=\"UTF-8\">\n    <meta name=\"viewport\" content=\"width=device-width, initial-scale=1.0\">\n    <title>Beer Pong Online Store<\/title>\n    <style>\n        \/* CSS for grid layout *\/\n        #products {\n            display: grid;\n            grid-template-columns: repeat(auto-fit, minmax(140px, 1fr));\n            gap: 20px;\n            justify-items: center;\n        }\n\n        \/* Additional CSS styles *\/\n        .product {\n            border: 1px solid #ccc;\n            padding: 10px;\n            display: flex;\n            flex-direction: column;\n            align-items: center;\n            text-align: center;\n        }\n\n        .product img {\n            width: 100%;\n            max-height: 200px;\n            object-fit: cover;\n        }\n        \/* CSS for spacing *\/\n        #video {\n            margin-top: 40px;\n        }\n    <\/style>\n<\/head>\n<body>\n    <header>\n        <h1>\u00a1Bienvenido a la tienda del Beer Pong!<\/h1>\n    <\/header>\n\n    <main>\n\n<section id=\"intro\">\n    <p><br>\u00a1Bienvenido a nuestra tienda online de Beer Pong! Estamos encantados de traerte los mejores productos para mejorar tu experiencia de beer pong. Con nuestra pericia y experiencia adquirida jugando al beer pong desde 2009, seleccionamos cuidadosamente los mejores art\u00edculos esenciales del mercado de beer pong. Desde mesas resistentes y bolas dise\u00f1adas con precisi\u00f3n hasta vasos y accesorios confiables. Nuestra selecci\u00f3n cuidadosamente seleccionada combina durabilidad, funcionalidad y estilo. Ya sea que seas un entusiasta casual o un profesional experimentado, conf\u00eda en nosotros para proporcionarte equipos de primer nivel que elevan tus reuniones de beer pong, creando momentos memorables con amigos. Perm\u00edtenos ser tu fuente confiable para todas tus necesidades de beer pong. \u00a1Salud y beer pong!<br><\/p>\n<\/section>\n\n\n        <section id=\"products\">\n            <div class=\"product\">\n                <iframe sandbox=\"allow-popups allow-scripts allow-modals allow-forms allow-same-origin\" style=\"width:120px;height:240px;\" marginwidth=\"0\" marginheight=\"0\" scrolling=\"no\" frameborder=\"0\" src=\"\/\/rcm-eu.amazon-adsystem.com\/e\/cm?lt1=_blank&#038;bc1=000000&#038;IS2=1&#038;bg1=FFFFFF&#038;fc1=000000&#038;lc1=0000FF&#038;t=reddgr-21&#038;language=es_ES&#038;o=30&#038;p=8&#038;l=as4&#038;m=amazon&#038;f=ifr&#038;ref=as_ss_li_til&#038;asins=B0C1SP9FFC&#038;linkId=52bff9dfae303780a822d7bcad3e0ed1\"><\/iframe>\n            <\/div>\n\n            <div class=\"product\">\n                <iframe sandbox=\"allow-popups allow-scripts allow-modals allow-forms allow-same-origin\" style=\"width:120px;height:240px;\" marginwidth=\"0\" marginheight=\"0\" scrolling=\"no\" frameborder=\"0\" src=\"\/\/rcm-eu.amazon-adsystem.com\/e\/cm?lt1=_blank&#038;bc1=000000&#038;IS2=1&#038;bg1=FFFFFF&#038;fc1=000000&#038;lc1=0000FF&#038;t=reddgr-21&#038;language=es_ES&#038;o=30&#038;p=8&#038;l=as4&#038;m=amazon&#038;f=ifr&#038;ref=as_ss_li_til&#038;asins=B088YS8M3G&#038;linkId=e7ec328cd1ee131ca34a4ce5f98306f6\"><\/iframe>\n            <\/div>\n\n            <div class=\"product\">\n                <iframe sandbox=\"allow-popups allow-scripts allow-modals allow-forms allow-same-origin\" style=\"width:120px;height:240px;\" marginwidth=\"0\" marginheight=\"0\" scrolling=\"no\" frameborder=\"0\" src=\"\/\/rcm-eu.amazon-adsystem.com\/e\/cm?lt1=_blank&#038;bc1=000000&#038;IS2=1&#038;bg1=FFFFFF&#038;fc1=000000&#038;lc1=0000FF&#038;t=reddgr-21&#038;language=es_ES&#038;o=30&#038;p=8&#038;l=as4&#038;m=amazon&#038;f=ifr&#038;ref=as_ss_li_til&#038;asins=B0B7KCPTD2&#038;linkId=dc18d84330e216d731f3b3b031b7f72b\"><\/iframe>\n            <\/div>\n\n            <div class=\"product\">\n                <iframe sandbox=\"allow-popups allow-scripts allow-modals allow-forms allow-same-origin\" style=\"width:120px;height:240px;\" marginwidth=\"0\" marginheight=\"0\" scrolling=\"no\" frameborder=\"0\" src=\"\/\/rcm-eu.amazon-adsystem.com\/e\/cm?lt1=_blank&#038;bc1=000000&#038;IS2=1&#038;bg1=FFFFFF&#038;fc1=000000&#038;lc1=0000FF&#038;t=reddgr-21&#038;language=es_ES&#038;o=30&#038;p=8&#038;l=as4&#038;m=amazon&#038;f=ifr&#038;ref=as_ss_li_til&#038;asins=B08BCRY1DV&#038;linkId=243e58ceab34b537b8126b00da86094e\"><\/iframe>\n            <\/div>\n\n            <div class=\"product\">\n               <iframe sandbox=\"allow-popups allow-scripts allow-modals allow-forms allow-same-origin\" style=\"width:120px;height:240px;\" marginwidth=\"0\" marginheight=\"0\" scrolling=\"no\" frameborder=\"0\" src=\"\/\/rcm-eu.amazon-adsystem.com\/e\/cm?lt1=_blank&#038;bc1=000000&#038;IS2=1&#038;bg1=FFFFFF&#038;fc1=000000&#038;lc1=0000FF&#038;t=reddgr-21&#038;language=es_ES&#038;o=30&#038;p=8&#038;l=as4&#038;m=amazon&#038;f=ifr&#038;ref=as_ss_li_til&#038;asins=B08LCLKCCN&#038;linkId=fe1c41e71857f6128b6ed42e5f8bc256\"><\/iframe>\n            <\/div>\n            \n            <div class=\"product\">\n               <iframe sandbox=\"allow-popups allow-scripts allow-modals allow-forms allow-same-origin\" style=\"width:120px;height:240px;\" marginwidth=\"0\" marginheight=\"0\" scrolling=\"no\" frameborder=\"0\" src=\"\/\/rcm-eu.amazon-adsystem.com\/e\/cm?lt1=_blank&#038;bc1=000000&#038;IS2=1&#038;bg1=FFFFFF&#038;fc1=000000&#038;lc1=0000FF&#038;t=reddgr-21&#038;language=es_ES&#038;o=30&#038;p=8&#038;l=as4&#038;m=amazon&#038;f=ifr&#038;ref=as_ss_li_til&#038;asins=B01NCW8HED&#038;linkId=8f948d57ce668013943d43f469da3784\"><\/iframe>\n            <\/div>\n            \n            <div class=\"product\">\n                <iframe sandbox=\"allow-popups allow-scripts allow-modals allow-forms allow-same-origin\" style=\"width:120px;height:240px;\" marginwidth=\"0\" marginheight=\"0\" scrolling=\"no\" frameborder=\"0\" src=\"\/\/rcm-eu.amazon-adsystem.com\/e\/cm?lt1=_blank&#038;bc1=000000&#038;IS2=1&#038;bg1=FFFFFF&#038;fc1=000000&#038;lc1=0000FF&#038;t=reddgr-21&#038;language=es_ES&#038;o=30&#038;p=8&#038;l=as4&#038;m=amazon&#038;f=ifr&#038;ref=as_ss_li_til&#038;asins=B08D37JDQP&#038;linkId=f4f929f9066f7489994305934b362010\"><\/iframe>\n            <\/div>\n            <div class=\"product\">\n                <iframe sandbox=\"allow-popups allow-scripts allow-modals allow-forms allow-same-origin\" style=\"width:120px;height:240px;\" marginwidth=\"0\" marginheight=\"0\" scrolling=\"no\" frameborder=\"0\" src=\"\/\/rcm-eu.amazon-adsystem.com\/e\/cm?lt1=_blank&#038;bc1=000000&#038;IS2=1&#038;bg1=FFFFFF&#038;fc1=000000&#038;lc1=0000FF&#038;t=reddgr-21&#038;language=es_ES&#038;o=30&#038;p=8&#038;l=as4&#038;m=amazon&#038;f=ifr&#038;ref=as_ss_li_til&#038;asins=B08NVRX6LP&#038;linkId=707ecf32519c256b99a1e67603836ff4\"><\/iframe>\n            <\/div>\n <div class=\"product\">\n               <iframe sandbox=\"allow-popups allow-scripts allow-modals allow-forms allow-same-origin\" style=\"width:120px;height:240px;\" marginwidth=\"0\" marginheight=\"0\" scrolling=\"no\" frameborder=\"0\" src=\"\/\/rcm-eu.amazon-adsystem.com\/e\/cm?lt1=_blank&#038;bc1=000000&#038;IS2=1&#038;bg1=FFFFFF&#038;fc1=000000&#038;lc1=0000FF&#038;t=reddgr-21&#038;language=es_ES&#038;o=30&#038;p=8&#038;l=as4&#038;m=amazon&#038;f=ifr&#038;ref=as_ss_li_til&#038;asins=B01KSRGES6&#038;linkId=466b4442ceb8daff99a0abadbd072732\"><\/iframe>\n            <\/div>\n <div class=\"product\">\n<iframe sandbox=\"allow-popups allow-scripts allow-modals allow-forms allow-same-origin\" style=\"width:120px;height:240px;\" marginwidth=\"0\" marginheight=\"0\" scrolling=\"no\" frameborder=\"0\" src=\"\/\/rcm-eu.amazon-adsystem.com\/e\/cm?lt1=_blank&#038;bc1=000000&#038;IS2=1&#038;bg1=FFFFFF&#038;fc1=000000&#038;lc1=0000FF&#038;t=reddgr-21&#038;language=es_ES&#038;o=30&#038;p=8&#038;l=as4&#038;m=amazon&#038;f=ifr&#038;ref=as_ss_li_til&#038;asins=B00PI0I5E0&#038;linkId=510e6264fcd9b592d95d91b26c8bb300\"><\/iframe>\n            <\/div>\n <div class=\"product\">\n<iframe sandbox=\"allow-popups allow-scripts allow-modals allow-forms allow-same-origin\" style=\"width:120px;height:240px;\" marginwidth=\"0\" marginheight=\"0\" scrolling=\"no\" frameborder=\"0\" src=\"\/\/rcm-eu.amazon-adsystem.com\/e\/cm?lt1=_blank&#038;bc1=000000&#038;IS2=1&#038;bg1=FFFFFF&#038;fc1=000000&#038;lc1=0000FF&#038;t=reddgr-21&#038;language=es_ES&#038;o=30&#038;p=8&#038;l=as4&#038;m=amazon&#038;f=ifr&#038;ref=as_ss_li_til&#038;asins=B08F749R3M&#038;linkId=76b839c322fe2c44e1db763219326199\"><\/iframe>\n            <\/div>\n <div class=\"product\">\n<iframe sandbox=\"allow-popups allow-scripts allow-modals allow-forms allow-same-origin\" style=\"width:120px;height:240px;\" marginwidth=\"0\" marginheight=\"0\" scrolling=\"no\" frameborder=\"0\" src=\"\/\/rcm-eu.amazon-adsystem.com\/e\/cm?lt1=_blank&#038;bc1=000000&#038;IS2=1&#038;bg1=FFFFFF&#038;fc1=000000&#038;lc1=0000FF&#038;t=reddgr-21&#038;language=es_ES&#038;o=30&#038;p=8&#038;l=as4&#038;m=amazon&#038;f=ifr&#038;ref=as_ss_li_til&#038;asins=1441489851&#038;linkId=f65e072a4524033af0718792ef21d09c\"><\/iframe>\n            <\/div>\n        <\/section>\n\n\n\n        <section id=\"video\">\n       \n            <h2>V\u00eddeo de demostraci\u00f3n del producto<\/h2>\n<section id=\"text\">\n            <p>\u00bfEst\u00e1s listo para llevar tu juego de fiesta al siguiente nivel? Presentamos Beer Bong, el \u00faltimo juego de beber de alta energ\u00eda que garantiza diversi\u00f3n y euforia sin fin. A diferencia del beer pong tradicional, Beer Bong a\u00f1ade un giro adicional, desafiando a los jugadores a probar su velocidad, precisi\u00f3n y esp\u00edritu competitivo. \u00bfTienes curiosidad por ver c\u00f3mo se juega? Mira nuestro video de demostraci\u00f3n a continuaci\u00f3n y s\u00e9 testigo de la emoci\u00f3n de primera mano. Prep\u00e1rate para sumergirte en el mundo de Beer Bong y descubre un nuevo nivel de entretenimiento. \u00a1Subamos el list\u00f3n y hagamos que cada reuni\u00f3n sea inolvidable!<\/p>\n        <\/section>\n<iframe width=\"560\" height=\"315\" src=\"https:\/\/www.youtube.com\/embed\/GsWUoRqfXUo\" title=\"reproductor de videos de youtube\" frameborder=\"0\" allow=\"accelerometer; autoplay; clipboard-write; encrypted-media; gyroscope; picture-in-picture; web-share\" allowfullscreen><\/iframe>\n        <\/section>\n    <\/main>\n\n    <footer>\n        <p>\u00a9 2023 Beer Pong Tienda Online. Reservados todos los derechos.<\/p>\n    <\/footer>\n<\/body>\n<\/html>","protected":false},"excerpt":{"rendered":"<p>Tienda Online de Beer Pong \u00a1Bienvenido a la Tienda Online de Beer Pong! \u00a1Bienvenido a nuestra tienda online de Beer Pong! Nos apasiona ofrecerle los mejores productos para mejorar su experiencia de beer pong. Con nuestra experiencia y conocimientos adquiridos de...<\/p>\n<p class=\"read-more\"> <a class=\"more-link\" href=\"https:\/\/talkingtochatbots.com\/es\/tiendabeerpong\/\"> <span class=\"screen-reader-text\">Tienda Online de Beer Pong<\/span> Leer m\u00e1s \u00bb<\/a><\/p>","protected":false},"author":1,"featured_media":1026,"parent":0,"menu_order":0,"comment_status":"open","ping_status":"closed","template":"full-width-page.php","meta":{"_monsterinsights_skip_tracking":false,"_monsterinsights_sitenote_active":false,"_monsterinsights_sitenote_note":"","_monsterinsights_sitenote_category":0,"footnotes":""},"class_list":["post-1004","page","type-page","status-publish","has-post-thumbnail","hentry"],"aioseo_notices":[],"_links":{"self":[{"href":"https:\/\/talkingtochatbots.com\/es\/wp-json\/wp\/v2\/pages\/1004","targetHints":{"allow":["GET"]}}],"collection":[{"href":"https:\/\/talkingtochatbots.com\/es\/wp-json\/wp\/v2\/pages"}],"about":[{"href":"https:\/\/talkingtochatbots.com\/es\/wp-json\/wp\/v2\/types\/page"}],"author":[{"embeddable":true,"href":"https:\/\/talkingtochatbots.com\/es\/wp-json\/wp\/v2\/users\/1"}],"replies":[{"embeddable":true,"href":"https:\/\/talkingtochatbots.com\/es\/wp-json\/wp\/v2\/comments?post=1004"}],"version-history":[{"count":21,"href":"https:\/\/talkingtochatbots.com\/es\/wp-json\/wp\/v2\/pages\/1004\/revisions"}],"predecessor-version":[{"id":1929,"href":"https:\/\/talkingtochatbots.com\/es\/wp-json\/wp\/v2\/pages\/1004\/revisions\/1929"}],"wp:featuredmedia":[{"embeddable":true,"href":"https:\/\/talkingtochatbots.com\/es\/wp-json\/wp\/v2\/media\/1026"}],"wp:attachment":[{"href":"https:\/\/talkingtochatbots.com\/es\/wp-json\/wp\/v2\/media?parent=1004"}],"curies":[{"name":"gracias","href":"https:\/\/api.w.org\/{rel}","templated":true}]}}